{"id":3600,"date":"2020-11-18T16:34:40","date_gmt":"2020-11-18T14:34:40","guid":{"rendered":"https:\/\/tyoelamaan.fi\/?page_id=3600"},"modified":"2024-12-17T06:19:09","modified_gmt":"2024-12-17T04:19:09","slug":"member-in-a-union","status":"publish","type":"page","link":"https:\/\/tyoelamaan.fi\/en\/trade-unions\/member-in-a-union\/","title":{"rendered":"Member in a union?"},"content":{"rendered":"\n<div class=\"wp-block-columns is-layout-flex wp-container-core-columns-is-layout-28f84493 wp-block-columns-is-layout-flex\">\n<div class=\"wp-block-column is-layout-flow wp-block-column-is-layout-flow\">\n<p>It is good for everybody to know the rules of working life, but you still don&#8217;t have to cope alone. Help and support are provided by the shop steward in your workplace as well as your trade union. <strong>Employees&#8217; strength lies in cooperation<\/strong>. The more employees there are in trade unions, the better the opportunities to strive for pay rises and improve the conditions of employment through negotiations with the employer.&nbsp;&nbsp;<\/p>\n<\/div>\n<\/div>\n\n\n\n<p>It is the task of trade unions to make sure that our established benefits, such as annual leave and overtime pay, are maintained in future, too. The unions provide their members with a community of professionals in the same field, the shop stewards\u2019 competence as well as legal services.&nbsp;&nbsp;&nbsp;<\/p>\n\n\n\n<p>Trade unions negotiate on collective labour agreements that the members can have an effect on. Collective labour agreements have a positive impact on pay, and by joining a union you get to influence on the objectives your union has in the negotiations. In most sectors minimum pay levels, pay rises and working conditions have been agreed in the collective labour agreements which also guarantee a minimum pay level for the employees.&nbsp;<\/p>\n\n\n\n<p><strong>Members get supported by their union in various situations during their careers<\/strong>, such as job-hunting, unemployment, lay-offs, family leaves or when considering getting retrained into a new sector. A trade union is the shoulder of working life to lean on e.g. when you need help in checking the content of your new work contract or defining your pay request. An expert\u2019s help is only a chat, phone call or email away.&nbsp;&nbsp;<\/p>\n\n\n\n<p>The role of the trade union is emphasized when members face problems in working life. Members can then ask the shop steward at their workplace or the members&#8217; service in the trade union for help. Trade unions provide legal aid, too, when necessary.&nbsp;<\/p>\n\n\n\n<h2 class=\"wp-block-heading\">Employee representative&#8217;s duties and election&nbsp;<\/h2>\n\n\n\n<p>The employee representative at your workplace will make sure that the employees are treated fair and equally. They advise and support members in working life and during its changes. The employee representative\u2019s job is to monitor compliance with the collective labour agreement and labour laws at the workplace and to intervene in problem situations. The employee representative is generally called a shop steward.&nbsp;<\/p>\n\n\n\n<p>If there is no employee representative at the workplace, you can contact the union experts to find out how a shop steward is elected. If it is not possible to elect a shop steward at the workplace, the employees can elect a delegate from among themselves. The delegate\u2019s duties and powers are defined by the Contracts of Employment Act and other labour legislation. They are not as extensive as those of a shop steward.&nbsp;<\/p>\n\n\n\n<h2 class=\"wp-block-heading\">Local agreements<\/h2>\n\n\n\n<p>Local agreements usually refer to the right within the collective agreement for state civil servants and employees under contract <strong>to agree on some issues on the company level<\/strong>. The question may be for example of the opportunity to agree on flexible working hours arrangement at the workplace within the framework defined in the collective labour agreement. Unless locally agreed otherwise, the collective labour agreement provisions will apply.&nbsp;&nbsp;<\/p>\n\n\n\n<p>Collective agreement for state civil servants and employees under contract provide more and more opportunities for local agreements. Local agreements can be made for example on salary systems, assessment of the job difficulty and on performance-related pay. Similarly, part of the pay rises agreed in the collective labour agreement may have been left to be decided on the company level. Also labour legislation, such as the Working Hours Act and Annual Holidays Act, provide extensive opportunities for local agreements.&nbsp;&nbsp;<\/p>\n\n\n\n<p>For the agreeing to succeed, the company must have a confidential relationship between the employer, the employee representative and the personnel. Local agreements on the company level require negotiating skills and as equal a position of the parties as possible. Local agreements require knowledge of both collective agreement for state civil servants and employees under contract and labour legislation that shop stewards and other employee representatives who were trained by the unions have.&nbsp;&nbsp;<\/p>\n\n\n\n<div class=\"wp-block-group has-secondary-background-color has-background has-global-padding is-layout-constrained wp-container-core-group-is-layout-10bc4538 wp-block-group-is-layout-constrained\" style=\"padding-top:var(--wp--preset--spacing--80);padding-right:var(--wp--preset--spacing--80);padding-bottom:var(--wp--preset--spacing--80);padding-left:var(--wp--preset--spacing--80)\">\n<h2 class=\"wp-block-heading has-h-3-font-size\">Local agreements require:<\/h2>\n\n\n\n<div class=\"wp-block-columns is-layout-flex wp-container-core-columns-is-layout-28f84493 wp-block-columns-is-layout-flex\">\n<div class=\"wp-block-column is-layout-flow wp-block-column-is-layout-flow\" style=\"flex-basis:66.66%\">\n<ul class=\"wp-block-list\">\n<li>Confidence and equal positions&nbsp;<\/li>\n\n\n\n<li>Negotiating skills&nbsp;<\/li>\n\n\n\n<li>Knowledge of collective agreement for state civil servants and employees under contract&nbsp;<\/li>\n\n\n\n<li>Knowledge of labour legislation&nbsp;<\/li>\n<\/ul>\n<\/div>\n\n\n\n<div class=\"wp-block-column is-layout-flow wp-block-column-is-layout-flow\" style=\"flex-basis:33.33%\"><\/div>\n<\/div>\n<\/div>\n","protected":false},"excerpt":{"rendered":"<p>It is good for everybody to know the rules of working life, but you still don&#8217;t have to cope alone. Help and support are provided by the shop steward in your workplace as well as your trade union. Employees&#8217; strength lies in cooperation. The more employees there are in trade unions, the better the opportunities [&hellip;]<\/p>\n","protected":false},"author":3,"featured_media":0,"parent":10702,"menu_order":0,"comment_status":"closed","ping_status":"closed","template":"","meta":{"_acf_changed":false,"footnotes":""},"asiasana":[],"omistaja":[],"class_list":["post-3600","page","type-page","status-publish","hentry"],"acf":[],"yoast_head":"<!-- This site is optimized with the Yoast SEO plugin v27.3 - https:\/\/yoast.com\/product\/yoast-seo-wordpress\/ -->\n<title>Member in a union? - Ty\u00f6el\u00e4m\u00e4\u00e4n.fi<\/title>\n<meta name=\"description\" content=\"Member of a trade union gets advise, support and legal service and more. Why not enjoy all these things?\" \/>\n<meta name=\"robots\" content=\"index, follow, max-snippet:-1, max-image-preview:large, max-video-preview:-1\" \/>\n<link rel=\"canonical\" href=\"https:\/\/tyoelamaan.fi\/ammattiliitot\/miksiliittoon\/\" \/>\n<meta property=\"og:locale\" content=\"en_US\" \/>\n<meta property=\"og:type\" content=\"article\" \/>\n<meta property=\"og:title\" content=\"Member in a union? - Ty\u00f6el\u00e4m\u00e4\u00e4n.fi\" \/>\n<meta property=\"og:description\" content=\"Member of a trade union gets advise, support and legal service and more. Why not enjoy all these things?\" \/>\n<meta property=\"og:url\" content=\"https:\/\/tyoelamaan.fi\/ammattiliitot\/miksiliittoon\/\" \/>\n<meta property=\"og:site_name\" content=\"Ty\u00f6el\u00e4m\u00e4\u00e4n.fi\" \/>\n<meta property=\"article:modified_time\" content=\"2024-12-17T04:19:09+00:00\" \/>\n<meta name=\"twitter:card\" content=\"summary_large_image\" \/>\n<meta name=\"twitter:label1\" content=\"Est. reading time\" \/>\n\t<meta name=\"twitter:data1\" content=\"5 minutes\" \/>\n<script type=\"application\/ld+json\" class=\"yoast-schema-graph\">{\"@context\":\"https:\\\/\\\/schema.org\",\"@graph\":[{\"@type\":\"WebPage\",\"@id\":\"https:\\\/\\\/tyoelamaan.fi\\\/ammattiliitot\\\/miksiliittoon\\\/\",\"url\":\"https:\\\/\\\/tyoelamaan.fi\\\/ammattiliitot\\\/miksiliittoon\\\/\",\"name\":\"Member in a union? - Ty\u00f6el\u00e4m\u00e4\u00e4n.fi\",\"isPartOf\":{\"@id\":\"https:\\\/\\\/tyoelamaan.fi\\\/#website\"},\"datePublished\":\"2020-11-18T14:34:40+00:00\",\"dateModified\":\"2024-12-17T04:19:09+00:00\",\"description\":\"Member of a trade union gets advise, support and legal service and more. Why not enjoy all these things?\",\"breadcrumb\":{\"@id\":\"https:\\\/\\\/tyoelamaan.fi\\\/ammattiliitot\\\/miksiliittoon\\\/#breadcrumb\"},\"inLanguage\":\"en-US\",\"potentialAction\":[{\"@type\":\"ReadAction\",\"target\":[\"https:\\\/\\\/tyoelamaan.fi\\\/ammattiliitot\\\/miksiliittoon\\\/\"]}]},{\"@type\":\"BreadcrumbList\",\"@id\":\"https:\\\/\\\/tyoelamaan.fi\\\/ammattiliitot\\\/miksiliittoon\\\/#breadcrumb\",\"itemListElement\":[{\"@type\":\"ListItem\",\"position\":1,\"name\":\"Home\",\"item\":\"https:\\\/\\\/tyoelamaan.fi\\\/en\\\/\"},{\"@type\":\"ListItem\",\"position\":2,\"name\":\"Trade unions\",\"item\":\"https:\\\/\\\/tyoelamaan.fi\\\/ammattiliitot\\\/\"},{\"@type\":\"ListItem\",\"position\":3,\"name\":\"Member in a union?\"}]},{\"@type\":\"WebSite\",\"@id\":\"https:\\\/\\\/tyoelamaan.fi\\\/#website\",\"url\":\"https:\\\/\\\/tyoelamaan.fi\\\/\",\"name\":\"Ty\u00f6el\u00e4m\u00e4\u00e4n.fi\",\"description\":\"\",\"publisher\":{\"@id\":\"https:\\\/\\\/tyoelamaan.fi\\\/#organization\"},\"potentialAction\":[{\"@type\":\"SearchAction\",\"target\":{\"@type\":\"EntryPoint\",\"urlTemplate\":\"https:\\\/\\\/tyoelamaan.fi\\\/?s={search_term_string}\"},\"query-input\":{\"@type\":\"PropertyValueSpecification\",\"valueRequired\":true,\"valueName\":\"search_term_string\"}}],\"inLanguage\":\"en-US\"},{\"@type\":\"Organization\",\"@id\":\"https:\\\/\\\/tyoelamaan.fi\\\/#organization\",\"name\":\"Ty\u00f6el\u00e4m\u00e4\u00e4n.fi\",\"url\":\"https:\\\/\\\/tyoelamaan.fi\\\/\",\"logo\":{\"@type\":\"ImageObject\",\"inLanguage\":\"en-US\",\"@id\":\"https:\\\/\\\/tyoelamaan.fi\\\/#\\\/schema\\\/logo\\\/image\\\/\",\"url\":\"https:\\\/\\\/tyoelamaan.fi\\\/wp-content\\\/uploads\\\/2024\\\/11\\\/tyoelamaan_logo.svg\",\"contentUrl\":\"https:\\\/\\\/tyoelamaan.fi\\\/wp-content\\\/uploads\\\/2024\\\/11\\\/tyoelamaan_logo.svg\",\"width\":131,\"height\":30,\"caption\":\"Ty\u00f6el\u00e4m\u00e4\u00e4n.fi\"},\"image\":{\"@id\":\"https:\\\/\\\/tyoelamaan.fi\\\/#\\\/schema\\\/logo\\\/image\\\/\"}}]}<\/script>\n<!-- \/ Yoast SEO plugin. -->","yoast_head_json":{"title":"Member in a union? - Ty\u00f6el\u00e4m\u00e4\u00e4n.fi","description":"Member of a trade union gets advise, support and legal service and more. Why not enjoy all these things?","robots":{"index":"index","follow":"follow","max-snippet":"max-snippet:-1","max-image-preview":"max-image-preview:large","max-video-preview":"max-video-preview:-1"},"canonical":"https:\/\/tyoelamaan.fi\/ammattiliitot\/miksiliittoon\/","og_locale":"en_US","og_type":"article","og_title":"Member in a union? - Ty\u00f6el\u00e4m\u00e4\u00e4n.fi","og_description":"Member of a trade union gets advise, support and legal service and more. Why not enjoy all these things?","og_url":"https:\/\/tyoelamaan.fi\/ammattiliitot\/miksiliittoon\/","og_site_name":"Ty\u00f6el\u00e4m\u00e4\u00e4n.fi","article_modified_time":"2024-12-17T04:19:09+00:00","twitter_card":"summary_large_image","twitter_misc":{"Est. reading time":"5 minutes"},"schema":{"@context":"https:\/\/schema.org","@graph":[{"@type":"WebPage","@id":"https:\/\/tyoelamaan.fi\/ammattiliitot\/miksiliittoon\/","url":"https:\/\/tyoelamaan.fi\/ammattiliitot\/miksiliittoon\/","name":"Member in a union? - Ty\u00f6el\u00e4m\u00e4\u00e4n.fi","isPartOf":{"@id":"https:\/\/tyoelamaan.fi\/#website"},"datePublished":"2020-11-18T14:34:40+00:00","dateModified":"2024-12-17T04:19:09+00:00","description":"Member of a trade union gets advise, support and legal service and more. Why not enjoy all these things?","breadcrumb":{"@id":"https:\/\/tyoelamaan.fi\/ammattiliitot\/miksiliittoon\/#breadcrumb"},"inLanguage":"en-US","potentialAction":[{"@type":"ReadAction","target":["https:\/\/tyoelamaan.fi\/ammattiliitot\/miksiliittoon\/"]}]},{"@type":"BreadcrumbList","@id":"https:\/\/tyoelamaan.fi\/ammattiliitot\/miksiliittoon\/#breadcrumb","itemListElement":[{"@type":"ListItem","position":1,"name":"Home","item":"https:\/\/tyoelamaan.fi\/en\/"},{"@type":"ListItem","position":2,"name":"Trade unions","item":"https:\/\/tyoelamaan.fi\/ammattiliitot\/"},{"@type":"ListItem","position":3,"name":"Member in a union?"}]},{"@type":"WebSite","@id":"https:\/\/tyoelamaan.fi\/#website","url":"https:\/\/tyoelamaan.fi\/","name":"Ty\u00f6el\u00e4m\u00e4\u00e4n.fi","description":"","publisher":{"@id":"https:\/\/tyoelamaan.fi\/#organization"},"potentialAction":[{"@type":"SearchAction","target":{"@type":"EntryPoint","urlTemplate":"https:\/\/tyoelamaan.fi\/?s={search_term_string}"},"query-input":{"@type":"PropertyValueSpecification","valueRequired":true,"valueName":"search_term_string"}}],"inLanguage":"en-US"},{"@type":"Organization","@id":"https:\/\/tyoelamaan.fi\/#organization","name":"Ty\u00f6el\u00e4m\u00e4\u00e4n.fi","url":"https:\/\/tyoelamaan.fi\/","logo":{"@type":"ImageObject","inLanguage":"en-US","@id":"https:\/\/tyoelamaan.fi\/#\/schema\/logo\/image\/","url":"https:\/\/tyoelamaan.fi\/wp-content\/uploads\/2024\/11\/tyoelamaan_logo.svg","contentUrl":"https:\/\/tyoelamaan.fi\/wp-content\/uploads\/2024\/11\/tyoelamaan_logo.svg","width":131,"height":30,"caption":"Ty\u00f6el\u00e4m\u00e4\u00e4n.fi"},"image":{"@id":"https:\/\/tyoelamaan.fi\/#\/schema\/logo\/image\/"}}]}},"_links":{"self":[{"href":"https:\/\/tyoelamaan.fi\/en\/wp-json\/wp\/v2\/pages\/3600","targetHints":{"allow":["GET"]}}],"collection":[{"href":"https:\/\/tyoelamaan.fi\/en\/wp-json\/wp\/v2\/pages"}],"about":[{"href":"https:\/\/tyoelamaan.fi\/en\/wp-json\/wp\/v2\/types\/page"}],"author":[{"embeddable":true,"href":"https:\/\/tyoelamaan.fi\/en\/wp-json\/wp\/v2\/users\/3"}],"replies":[{"embeddable":true,"href":"https:\/\/tyoelamaan.fi\/en\/wp-json\/wp\/v2\/comments?post=3600"}],"version-history":[{"count":10,"href":"https:\/\/tyoelamaan.fi\/en\/wp-json\/wp\/v2\/pages\/3600\/revisions"}],"predecessor-version":[{"id":12468,"href":"https:\/\/tyoelamaan.fi\/en\/wp-json\/wp\/v2\/pages\/3600\/revisions\/12468"}],"up":[{"embeddable":true,"href":"https:\/\/tyoelamaan.fi\/en\/wp-json\/wp\/v2\/pages\/10702"}],"wp:attachment":[{"href":"https:\/\/tyoelamaan.fi\/en\/wp-json\/wp\/v2\/media?parent=3600"}],"wp:term":[{"taxonomy":"asiasana","embeddable":true,"href":"https:\/\/tyoelamaan.fi\/en\/wp-json\/wp\/v2\/asiasana?post=3600"},{"taxonomy":"omistaja","embeddable":true,"href":"https:\/\/tyoelamaan.fi\/en\/wp-json\/wp\/v2\/omistaja?post=3600"}],"curies":[{"name":"wp","href":"https:\/\/api.w.org\/{rel}","templated":true}]}}