{"id":3723,"date":"2020-12-29T15:01:50","date_gmt":"2020-12-29T13:01:50","guid":{"rendered":"https:\/\/tyoelamaan.fi\/?page_id=3723"},"modified":"2024-12-17T06:19:16","modified_gmt":"2024-12-17T04:19:16","slug":"minors-employment","status":"publish","type":"page","link":"https:\/\/tyoelamaan.fi\/en\/employment\/minors-employment\/","title":{"rendered":"Minor&#8217;s Employment"},"content":{"rendered":"\n<p>A minor&#8217;s employment refers to the employment of a person under 18 years of age. The Young Workers&#8217; Act is applied to this type of employment. Hence, young people&#8217;s rights and duties in an employment are partly defined differently to those of an adult.<\/p>\n\n\n\n<p>It is allowed to employe a person who has turned 15 and finished compulsory education. Furthermore, a person who has turned 14 or will turn 14 in that calendar year can be employed to leppey. Leppey refers to work that does not harm a young person&#8217;s health or development nor cause harm to their school attendance.<\/p>\n\n\n\n<p>The employment of a minor is possible, if there is work available. The duration of employment can be no more than half of the school&#8217;s holiday season. During schoolwork an under-aged can work temporarily or perform work of otherwise short duration. The employment of a minor is an important introduction into working life.<\/p>\n\n\n\n<h2 class=\"wp-block-heading\">Minor&#8217;s work contract<\/h2>\n\n\n\n<p>Minor&#8217;s employment does require a work contract just as employing an adult. Once employees are fifteen years old they can sign, terminate and cancel their work contract on their own. On behalf of anybody under 15, the guardian or, with the guardian&#8217;s permission, the young person in question can sign the work contract. The guardian has the right to cancel a young person&#8217;s work contract, if the cancellation is necessary for their education, development or health.<\/p>\n\n\n\n<blockquote class=\"wp-block-quote is-layout-flow wp-block-quote-is-layout-flow\">\n<p>Students can join unions already when under 18 years old \u2013 check the conditions for membership at the trade union of your industry.<\/p>\n<\/blockquote>\n\n\n\n<p>For a special reason and with the permission of the Regional State Administrative Agency it is possible to enable temporary work for a person under the age of 14 as a performer or an assistant in art and cultural performances and in other similar events.<\/p>\n\n\n\n<p>The employer must provide a young employee on their or their guardian&#8217;s request with a written clarification of the terms and conditions of the work contract prior to entering into the agreement, unless the contract is made in writing or it is a question of domestic work at the employer&#8217;s home for one day only.<\/p>\n\n\n\n<h2 class=\"wp-block-heading\">Young Workers&#8217; Act<\/h2>\n\n\n\n<p>The Young Workers&#8217; Act contains regulations of young people&#8217;s maximum working time, rest periods and extra work and overtime. In addition, the law regulates on the safety and healthiness, teaching and instruction of work as well as health check-ups.<\/p>\n","protected":false},"excerpt":{"rendered":"<p>A minor&#8217;s employment refers to the employment of a person under 18 years of age. The Young Workers&#8217; Act is applied to this type of employment. Hence, young people&#8217;s rights and duties in an employment are partly defined differently to those of an adult. It is allowed to employe a person who has turned 15 [&hellip;]<\/p>\n","protected":false},"author":3,"featured_media":0,"parent":3721,"menu_order":2,"comment_status":"closed","ping_status":"closed","template":"","meta":{"_acf_changed":false,"footnotes":""},"asiasana":[],"omistaja":[],"class_list":["post-3723","page","type-page","status-publish","hentry"],"acf":[],"yoast_head":"<!-- This site is optimized with the Yoast SEO plugin v27.3 - https:\/\/yoast.com\/product\/yoast-seo-wordpress\/ -->\n<title>Minor&#039;s Employment refers to a person under 18 years old - Ty\u00f6el\u00e4m\u00e4\u00e4n.fi<\/title>\n<meta name=\"description\" content=\"Minor&#039;s employment is little bit different than employing an adult. There&#039;s a few rights and duties that are different.\" \/>\n<meta name=\"robots\" content=\"index, follow, max-snippet:-1, max-image-preview:large, max-video-preview:-1\" \/>\n<link rel=\"canonical\" href=\"https:\/\/tyoelamaan.fi\/tyosuhde\/alaikaisen-tyosuhde\/\" \/>\n<meta property=\"og:locale\" content=\"en_US\" \/>\n<meta property=\"og:type\" content=\"article\" \/>\n<meta property=\"og:title\" content=\"Minor&#039;s Employment refers to a person under 18 years old - Ty\u00f6el\u00e4m\u00e4\u00e4n.fi\" \/>\n<meta property=\"og:description\" content=\"Minor&#039;s employment is little bit different than employing an adult. There&#039;s a few rights and duties that are different.\" \/>\n<meta property=\"og:url\" content=\"https:\/\/tyoelamaan.fi\/tyosuhde\/alaikaisen-tyosuhde\/\" \/>\n<meta property=\"og:site_name\" content=\"Ty\u00f6el\u00e4m\u00e4\u00e4n.fi\" \/>\n<meta property=\"article:modified_time\" content=\"2024-12-17T04:19:16+00:00\" \/>\n<meta name=\"twitter:card\" content=\"summary_large_image\" \/>\n<meta name=\"twitter:label1\" content=\"Est. reading time\" \/>\n\t<meta name=\"twitter:data1\" content=\"3 minutes\" \/>\n<script type=\"application\/ld+json\" class=\"yoast-schema-graph\">{\"@context\":\"https:\\\/\\\/schema.org\",\"@graph\":[{\"@type\":\"WebPage\",\"@id\":\"https:\\\/\\\/tyoelamaan.fi\\\/tyosuhde\\\/alaikaisen-tyosuhde\\\/\",\"url\":\"https:\\\/\\\/tyoelamaan.fi\\\/tyosuhde\\\/alaikaisen-tyosuhde\\\/\",\"name\":\"Minor's Employment refers to a person under 18 years old - Ty\u00f6el\u00e4m\u00e4\u00e4n.fi\",\"isPartOf\":{\"@id\":\"https:\\\/\\\/tyoelamaan.fi\\\/#website\"},\"datePublished\":\"2020-12-29T13:01:50+00:00\",\"dateModified\":\"2024-12-17T04:19:16+00:00\",\"description\":\"Minor's employment is little bit different than employing an adult. There's a few rights and duties that are different.\",\"breadcrumb\":{\"@id\":\"https:\\\/\\\/tyoelamaan.fi\\\/tyosuhde\\\/alaikaisen-tyosuhde\\\/#breadcrumb\"},\"inLanguage\":\"en-US\",\"potentialAction\":[{\"@type\":\"ReadAction\",\"target\":[\"https:\\\/\\\/tyoelamaan.fi\\\/tyosuhde\\\/alaikaisen-tyosuhde\\\/\"]}]},{\"@type\":\"BreadcrumbList\",\"@id\":\"https:\\\/\\\/tyoelamaan.fi\\\/tyosuhde\\\/alaikaisen-tyosuhde\\\/#breadcrumb\",\"itemListElement\":[{\"@type\":\"ListItem\",\"position\":1,\"name\":\"Home\",\"item\":\"https:\\\/\\\/tyoelamaan.fi\\\/en\\\/\"},{\"@type\":\"ListItem\",\"position\":2,\"name\":\"Employment\",\"item\":\"https:\\\/\\\/tyoelamaan.fi\\\/tyosuhde\\\/\"},{\"@type\":\"ListItem\",\"position\":3,\"name\":\"Minor&#8217;s Employment\"}]},{\"@type\":\"WebSite\",\"@id\":\"https:\\\/\\\/tyoelamaan.fi\\\/#website\",\"url\":\"https:\\\/\\\/tyoelamaan.fi\\\/\",\"name\":\"Ty\u00f6el\u00e4m\u00e4\u00e4n.fi\",\"description\":\"\",\"publisher\":{\"@id\":\"https:\\\/\\\/tyoelamaan.fi\\\/#organization\"},\"potentialAction\":[{\"@type\":\"SearchAction\",\"target\":{\"@type\":\"EntryPoint\",\"urlTemplate\":\"https:\\\/\\\/tyoelamaan.fi\\\/?s={search_term_string}\"},\"query-input\":{\"@type\":\"PropertyValueSpecification\",\"valueRequired\":true,\"valueName\":\"search_term_string\"}}],\"inLanguage\":\"en-US\"},{\"@type\":\"Organization\",\"@id\":\"https:\\\/\\\/tyoelamaan.fi\\\/#organization\",\"name\":\"Ty\u00f6el\u00e4m\u00e4\u00e4n.fi\",\"url\":\"https:\\\/\\\/tyoelamaan.fi\\\/\",\"logo\":{\"@type\":\"ImageObject\",\"inLanguage\":\"en-US\",\"@id\":\"https:\\\/\\\/tyoelamaan.fi\\\/#\\\/schema\\\/logo\\\/image\\\/\",\"url\":\"https:\\\/\\\/tyoelamaan.fi\\\/wp-content\\\/uploads\\\/2024\\\/11\\\/tyoelamaan_logo.svg\",\"contentUrl\":\"https:\\\/\\\/tyoelamaan.fi\\\/wp-content\\\/uploads\\\/2024\\\/11\\\/tyoelamaan_logo.svg\",\"width\":131,\"height\":30,\"caption\":\"Ty\u00f6el\u00e4m\u00e4\u00e4n.fi\"},\"image\":{\"@id\":\"https:\\\/\\\/tyoelamaan.fi\\\/#\\\/schema\\\/logo\\\/image\\\/\"}}]}<\/script>\n<!-- \/ Yoast SEO plugin. -->","yoast_head_json":{"title":"Minor's Employment refers to a person under 18 years old - Ty\u00f6el\u00e4m\u00e4\u00e4n.fi","description":"Minor's employment is little bit different than employing an adult. There's a few rights and duties that are different.","robots":{"index":"index","follow":"follow","max-snippet":"max-snippet:-1","max-image-preview":"max-image-preview:large","max-video-preview":"max-video-preview:-1"},"canonical":"https:\/\/tyoelamaan.fi\/tyosuhde\/alaikaisen-tyosuhde\/","og_locale":"en_US","og_type":"article","og_title":"Minor's Employment refers to a person under 18 years old - Ty\u00f6el\u00e4m\u00e4\u00e4n.fi","og_description":"Minor's employment is little bit different than employing an adult. There's a few rights and duties that are different.","og_url":"https:\/\/tyoelamaan.fi\/tyosuhde\/alaikaisen-tyosuhde\/","og_site_name":"Ty\u00f6el\u00e4m\u00e4\u00e4n.fi","article_modified_time":"2024-12-17T04:19:16+00:00","twitter_card":"summary_large_image","twitter_misc":{"Est. reading time":"3 minutes"},"schema":{"@context":"https:\/\/schema.org","@graph":[{"@type":"WebPage","@id":"https:\/\/tyoelamaan.fi\/tyosuhde\/alaikaisen-tyosuhde\/","url":"https:\/\/tyoelamaan.fi\/tyosuhde\/alaikaisen-tyosuhde\/","name":"Minor's Employment refers to a person under 18 years old - Ty\u00f6el\u00e4m\u00e4\u00e4n.fi","isPartOf":{"@id":"https:\/\/tyoelamaan.fi\/#website"},"datePublished":"2020-12-29T13:01:50+00:00","dateModified":"2024-12-17T04:19:16+00:00","description":"Minor's employment is little bit different than employing an adult. There's a few rights and duties that are different.","breadcrumb":{"@id":"https:\/\/tyoelamaan.fi\/tyosuhde\/alaikaisen-tyosuhde\/#breadcrumb"},"inLanguage":"en-US","potentialAction":[{"@type":"ReadAction","target":["https:\/\/tyoelamaan.fi\/tyosuhde\/alaikaisen-tyosuhde\/"]}]},{"@type":"BreadcrumbList","@id":"https:\/\/tyoelamaan.fi\/tyosuhde\/alaikaisen-tyosuhde\/#breadcrumb","itemListElement":[{"@type":"ListItem","position":1,"name":"Home","item":"https:\/\/tyoelamaan.fi\/en\/"},{"@type":"ListItem","position":2,"name":"Employment","item":"https:\/\/tyoelamaan.fi\/tyosuhde\/"},{"@type":"ListItem","position":3,"name":"Minor&#8217;s Employment"}]},{"@type":"WebSite","@id":"https:\/\/tyoelamaan.fi\/#website","url":"https:\/\/tyoelamaan.fi\/","name":"Ty\u00f6el\u00e4m\u00e4\u00e4n.fi","description":"","publisher":{"@id":"https:\/\/tyoelamaan.fi\/#organization"},"potentialAction":[{"@type":"SearchAction","target":{"@type":"EntryPoint","urlTemplate":"https:\/\/tyoelamaan.fi\/?s={search_term_string}"},"query-input":{"@type":"PropertyValueSpecification","valueRequired":true,"valueName":"search_term_string"}}],"inLanguage":"en-US"},{"@type":"Organization","@id":"https:\/\/tyoelamaan.fi\/#organization","name":"Ty\u00f6el\u00e4m\u00e4\u00e4n.fi","url":"https:\/\/tyoelamaan.fi\/","logo":{"@type":"ImageObject","inLanguage":"en-US","@id":"https:\/\/tyoelamaan.fi\/#\/schema\/logo\/image\/","url":"https:\/\/tyoelamaan.fi\/wp-content\/uploads\/2024\/11\/tyoelamaan_logo.svg","contentUrl":"https:\/\/tyoelamaan.fi\/wp-content\/uploads\/2024\/11\/tyoelamaan_logo.svg","width":131,"height":30,"caption":"Ty\u00f6el\u00e4m\u00e4\u00e4n.fi"},"image":{"@id":"https:\/\/tyoelamaan.fi\/#\/schema\/logo\/image\/"}}]}},"_links":{"self":[{"href":"https:\/\/tyoelamaan.fi\/en\/wp-json\/wp\/v2\/pages\/3723","targetHints":{"allow":["GET"]}}],"collection":[{"href":"https:\/\/tyoelamaan.fi\/en\/wp-json\/wp\/v2\/pages"}],"about":[{"href":"https:\/\/tyoelamaan.fi\/en\/wp-json\/wp\/v2\/types\/page"}],"author":[{"embeddable":true,"href":"https:\/\/tyoelamaan.fi\/en\/wp-json\/wp\/v2\/users\/3"}],"replies":[{"embeddable":true,"href":"https:\/\/tyoelamaan.fi\/en\/wp-json\/wp\/v2\/comments?post=3723"}],"version-history":[{"count":3,"href":"https:\/\/tyoelamaan.fi\/en\/wp-json\/wp\/v2\/pages\/3723\/revisions"}],"predecessor-version":[{"id":10829,"href":"https:\/\/tyoelamaan.fi\/en\/wp-json\/wp\/v2\/pages\/3723\/revisions\/10829"}],"up":[{"embeddable":true,"href":"https:\/\/tyoelamaan.fi\/en\/wp-json\/wp\/v2\/pages\/3721"}],"wp:attachment":[{"href":"https:\/\/tyoelamaan.fi\/en\/wp-json\/wp\/v2\/media?parent=3723"}],"wp:term":[{"taxonomy":"asiasana","embeddable":true,"href":"https:\/\/tyoelamaan.fi\/en\/wp-json\/wp\/v2\/asiasana?post=3723"},{"taxonomy":"omistaja","embeddable":true,"href":"https:\/\/tyoelamaan.fi\/en\/wp-json\/wp\/v2\/omistaja?post=3723"}],"curies":[{"name":"wp","href":"https:\/\/api.w.org\/{rel}","templated":true}]}}