{"id":10594,"date":"2023-06-27T09:23:34","date_gmt":"2023-06-27T06:23:34","guid":{"rendered":"https:\/\/tyoelamaan.fi\/?page_id=10594"},"modified":"2024-12-17T06:20:11","modified_gmt":"2024-12-17T04:20:11","slug":"vapaat","status":"publish","type":"page","link":"https:\/\/tyoelamaan.fi\/selko\/tyosuhde\/vapaat\/","title":{"rendered":"Vapaat"},"content":{"rendered":"\n<h2 class=\"wp-block-heading\">Opintovapaa<\/h2>\n\n\n\n<p>Ty\u00f6ntekij\u00e4ll\u00e4 on oikeus saada opintovapaata. Jos olet ollut saman ty\u00f6nantajan palveluksessa vuoden, saat opintovapaata kaksi vuotta. Jos ty\u00f6 on kest\u00e4nyt kolme kuukautta, saat opintovapaata viisi p\u00e4iv\u00e4\u00e4.<\/p>\n\n\n\n<p>Ty\u00f6nantaja saa siirt\u00e4\u00e4 opintovapaan alkua enint\u00e4\u00e4n kuudella kuukaudella, jos se tuottaa tuntuvaa haittaa. Jos opintovapaa on pitempi kuin 50 ty\u00f6p\u00e4iv\u00e4\u00e4, sinulla on oikeus keskeytt\u00e4\u00e4 se ja palata ty\u00f6h\u00f6n.<\/p>\n\n\n\n<p>Opintovapaata saa, kun opiskelu tapahtuu ammatillisessa oppilaitoksessa, ammattikorkeakoulussa tai yliopistossa. Opintovapaan ajaksi voit hakea opintotukea tai aikuiskoulutustukea.<\/p>\n\n\n\n<h3 class=\"wp-block-heading\">Opintotuki<\/h3>\n\n\n\n<p>Opintotuki turvaa toimeentulosi opiskelun aikana. Tuki koostuu opintorahasta, opintolainan valtiontakauksesta ja asumislis\u00e4st\u00e4. Opintotukea saa, jos opiskelee p\u00e4\u00e4toimisesti, edistyy opinnoissa ja tarvitsee taloudellista tukea.<\/p>\n\n\n\n<h3 class=\"wp-block-heading\">Aikuiskoulutustuki<\/h3>\n\n\n\n<p>Aikuiskoulutustuki turvaa toimeentulon niille, jotka l\u00e4htev\u00e4t opiskelemaan pitk\u00e4n ty\u00f6ss\u00e4olon j\u00e4lkeen. Tuen ehtona on kahdeksan vuoden ty\u00f6ss\u00e4olo, josta v\u00e4hint\u00e4\u00e4n vuosi nykyisen ty\u00f6nantajan palveluksessa. Tuen saajan tulee j\u00e4\u00e4d\u00e4 opintovapaalle ty\u00f6st\u00e4\u00e4n.<\/p>\n\n\n\n<p>Tukea voi saada opiskeluun julkisessa oppilaitoksessa. Jos opintojen aikana on ty\u00f6tuloja, voi hakea soviteltua tukea. My\u00f6s yritt\u00e4j\u00e4 voi saada tukea. Aikuiskoulutustukea my\u00f6nt\u00e4\u00e4 Ty\u00f6llisyysrahasto.<\/p>\n\n\n\n<p>Ammattitutkintostipendi voidaan my\u00f6nt\u00e4\u00e4 ammatillisen perustutkinnon, ammattitutkinnon tai erikoisammattitutkinnon suorittaneelle, jolla on viiden vuoden ty\u00f6historia.<\/p>\n\n\n\n<h2 class=\"wp-block-heading\">Perhevapaat<\/h2>\n\n\n\n<p>Suomessa naiset ja miehet osallistuvat ty\u00f6el\u00e4m\u00e4\u00e4n l\u00e4hes yht\u00e4 paljon. Silti naiset k\u00e4ytt\u00e4v\u00e4t valtaosan perhevapaista. Tasaisesti jakautuvista perhevapaista hy\u00f6tyisiv\u00e4t kaikki. Se edist\u00e4isi naisten uraa, parantaisi palkkaa, helpottaisi ty\u00f6n ja perheen yhteensovittamista, vahvistaisi isien ja lasten suhdetta sek\u00e4 lis\u00e4isi perheen hyvinvointia.<\/p>\n\n\n\n<p>Perhe on muutakin kuin pienten lapsien hoitamista. Moni huolehtii i\u00e4kk\u00e4ist\u00e4 vanhemmistaan tai vammaisista l\u00e4heisist\u00e4\u00e4n. Lue perhevapaan taloudellisesta tuesta.<\/p>\n\n\n\n<h3 class=\"wp-block-heading\">Perhevapaan kesto<\/h3>\n\n\n\n<p>Harkitse tarkasti perhevapaan ajankohta tai pituus, koska niit\u00e4 ei voi automaattisesti muuttaa ilmoituksen j\u00e4lkeen.<\/p>\n\n\n\n<p>Perhevapaan p\u00e4\u00e4ttyess\u00e4 ty\u00f6ntekij\u00e4ll\u00e4 on oikeus palata aikaisempaan ty\u00f6h\u00f6ns\u00e4. Jos t\u00e4m\u00e4 ei ole mahdollista, ty\u00f6ntekij\u00e4lle pit\u00e4\u00e4 tarjota vastaavaa ty\u00f6t\u00e4. Jos t\u00e4m\u00e4k\u00e4\u00e4n ei ole mahdollista, h\u00e4nelle pit\u00e4\u00e4 tarjota muuta ty\u00f6sopimuksen mukaista ty\u00f6t\u00e4.<\/p>\n\n\n\n<h3 class=\"wp-block-heading\">Palkka perhevapaalla<\/h3>\n\n\n\n<p>Lain mukaan ty\u00f6nantajan ei tarvitse maksaa palkkaa perhevapaiden ajalta. Kuitenkin useissa ty\u00f6ehtosopimuksissa on sovittu palkan maksamisesta vapaan aikana. Sinun kannattaa my\u00f6s kysy\u00e4 esihenkil\u00f6lt\u00e4, voitko k\u00e4ytt\u00e4\u00e4 vapaaseen vuosilomaasi, jos vapaa on muuten hankala j\u00e4rjest\u00e4\u00e4.<\/p>\n","protected":false},"excerpt":{"rendered":"<p>Opintovapaa Ty\u00f6ntekij\u00e4ll\u00e4 on oikeus saada opintovapaata. Jos olet ollut saman ty\u00f6nantajan palveluksessa vuoden, saat opintovapaata kaksi vuotta. Jos ty\u00f6 on kest\u00e4nyt kolme kuukautta, saat opintovapaata viisi p\u00e4iv\u00e4\u00e4. Ty\u00f6nantaja saa siirt\u00e4\u00e4 opintovapaan alkua enint\u00e4\u00e4n kuudella kuukaudella, jos se tuottaa tuntuvaa haittaa. Jos opintovapaa on pitempi kuin 50 ty\u00f6p\u00e4iv\u00e4\u00e4, sinulla on oikeus keskeytt\u00e4\u00e4 se ja palata ty\u00f6h\u00f6n. [&hellip;]<\/p>\n","protected":false},"author":13,"featured_media":0,"parent":5603,"menu_order":0,"comment_status":"closed","ping_status":"closed","template":"","meta":{"_acf_changed":false,"footnotes":""},"asiasana":[],"omistaja":[],"class_list":["post-10594","page","type-page","status-publish","hentry"],"acf":[],"yoast_head":"<!-- This site is optimized with the Yoast SEO plugin v27.3 - https:\/\/yoast.com\/product\/yoast-seo-wordpress\/ -->\n<title>Vapaat - Ty\u00f6el\u00e4m\u00e4\u00e4n.fi<\/title>\n<meta name=\"robots\" content=\"index, follow, max-snippet:-1, max-image-preview:large, max-video-preview:-1\" \/>\n<link rel=\"canonical\" href=\"https:\/\/tyoelamaan.fi\/tyosuhde\/opinto-ja-perhevapaat\/\" \/>\n<meta property=\"og:locale\" content=\"fi_FI\" \/>\n<meta property=\"og:type\" content=\"article\" \/>\n<meta property=\"og:title\" content=\"Vapaat - Ty\u00f6el\u00e4m\u00e4\u00e4n.fi\" \/>\n<meta property=\"og:description\" content=\"Opintovapaa Ty\u00f6ntekij\u00e4ll\u00e4 on oikeus saada opintovapaata. Jos olet ollut saman ty\u00f6nantajan palveluksessa vuoden, saat opintovapaata kaksi vuotta. Jos ty\u00f6 on kest\u00e4nyt kolme kuukautta, saat opintovapaata viisi p\u00e4iv\u00e4\u00e4. Ty\u00f6nantaja saa siirt\u00e4\u00e4 opintovapaan alkua enint\u00e4\u00e4n kuudella kuukaudella, jos se tuottaa tuntuvaa haittaa. Jos opintovapaa on pitempi kuin 50 ty\u00f6p\u00e4iv\u00e4\u00e4, sinulla on oikeus keskeytt\u00e4\u00e4 se ja palata ty\u00f6h\u00f6n. [&hellip;]\" \/>\n<meta property=\"og:url\" content=\"https:\/\/tyoelamaan.fi\/tyosuhde\/opinto-ja-perhevapaat\/\" \/>\n<meta property=\"og:site_name\" content=\"Ty\u00f6el\u00e4m\u00e4\u00e4n.fi\" \/>\n<meta property=\"article:modified_time\" content=\"2024-12-17T04:20:11+00:00\" \/>\n<meta name=\"twitter:card\" content=\"summary_large_image\" \/>\n<meta name=\"twitter:label1\" content=\"Est. reading time\" \/>\n\t<meta name=\"twitter:data1\" content=\"2 minutes\" \/>\n<script type=\"application\/ld+json\" class=\"yoast-schema-graph\">{\"@context\":\"https:\\\/\\\/schema.org\",\"@graph\":[{\"@type\":\"WebPage\",\"@id\":\"https:\\\/\\\/tyoelamaan.fi\\\/tyosuhde\\\/opinto-ja-perhevapaat\\\/\",\"url\":\"https:\\\/\\\/tyoelamaan.fi\\\/tyosuhde\\\/opinto-ja-perhevapaat\\\/\",\"name\":\"Vapaat - Ty\u00f6el\u00e4m\u00e4\u00e4n.fi\",\"isPartOf\":{\"@id\":\"https:\\\/\\\/tyoelamaan.fi\\\/#website\"},\"datePublished\":\"2023-06-27T06:23:34+00:00\",\"dateModified\":\"2024-12-17T04:20:11+00:00\",\"breadcrumb\":{\"@id\":\"https:\\\/\\\/tyoelamaan.fi\\\/tyosuhde\\\/opinto-ja-perhevapaat\\\/#breadcrumb\"},\"inLanguage\":\"fi-selko\",\"potentialAction\":[{\"@type\":\"ReadAction\",\"target\":[\"https:\\\/\\\/tyoelamaan.fi\\\/tyosuhde\\\/opinto-ja-perhevapaat\\\/\"]}]},{\"@type\":\"BreadcrumbList\",\"@id\":\"https:\\\/\\\/tyoelamaan.fi\\\/tyosuhde\\\/opinto-ja-perhevapaat\\\/#breadcrumb\",\"itemListElement\":[{\"@type\":\"ListItem\",\"position\":1,\"name\":\"Home\",\"item\":\"https:\\\/\\\/tyoelamaan.fi\\\/selko\\\/\"},{\"@type\":\"ListItem\",\"position\":2,\"name\":\"Ty\u00f6suhde\",\"item\":\"https:\\\/\\\/tyoelamaan.fi\\\/tyosuhde\\\/\"},{\"@type\":\"ListItem\",\"position\":3,\"name\":\"Vapaat\"}]},{\"@type\":\"WebSite\",\"@id\":\"https:\\\/\\\/tyoelamaan.fi\\\/#website\",\"url\":\"https:\\\/\\\/tyoelamaan.fi\\\/\",\"name\":\"Ty\u00f6el\u00e4m\u00e4\u00e4n.fi\",\"description\":\"\",\"publisher\":{\"@id\":\"https:\\\/\\\/tyoelamaan.fi\\\/#organization\"},\"potentialAction\":[{\"@type\":\"SearchAction\",\"target\":{\"@type\":\"EntryPoint\",\"urlTemplate\":\"https:\\\/\\\/tyoelamaan.fi\\\/?s={search_term_string}\"},\"query-input\":{\"@type\":\"PropertyValueSpecification\",\"valueRequired\":true,\"valueName\":\"search_term_string\"}}],\"inLanguage\":\"fi-selko\"},{\"@type\":\"Organization\",\"@id\":\"https:\\\/\\\/tyoelamaan.fi\\\/#organization\",\"name\":\"Ty\u00f6el\u00e4m\u00e4\u00e4n.fi\",\"url\":\"https:\\\/\\\/tyoelamaan.fi\\\/\",\"logo\":{\"@type\":\"ImageObject\",\"inLanguage\":\"fi-selko\",\"@id\":\"https:\\\/\\\/tyoelamaan.fi\\\/#\\\/schema\\\/logo\\\/image\\\/\",\"url\":\"https:\\\/\\\/tyoelamaan.fi\\\/wp-content\\\/uploads\\\/2024\\\/11\\\/tyoelamaan_logo.svg\",\"contentUrl\":\"https:\\\/\\\/tyoelamaan.fi\\\/wp-content\\\/uploads\\\/2024\\\/11\\\/tyoelamaan_logo.svg\",\"width\":131,\"height\":30,\"caption\":\"Ty\u00f6el\u00e4m\u00e4\u00e4n.fi\"},\"image\":{\"@id\":\"https:\\\/\\\/tyoelamaan.fi\\\/#\\\/schema\\\/logo\\\/image\\\/\"}}]}<\/script>\n<!-- \/ Yoast SEO plugin. -->","yoast_head_json":{"title":"Vapaat - Ty\u00f6el\u00e4m\u00e4\u00e4n.fi","robots":{"index":"index","follow":"follow","max-snippet":"max-snippet:-1","max-image-preview":"max-image-preview:large","max-video-preview":"max-video-preview:-1"},"canonical":"https:\/\/tyoelamaan.fi\/tyosuhde\/opinto-ja-perhevapaat\/","og_locale":"fi_FI","og_type":"article","og_title":"Vapaat - Ty\u00f6el\u00e4m\u00e4\u00e4n.fi","og_description":"Opintovapaa Ty\u00f6ntekij\u00e4ll\u00e4 on oikeus saada opintovapaata. Jos olet ollut saman ty\u00f6nantajan palveluksessa vuoden, saat opintovapaata kaksi vuotta. Jos ty\u00f6 on kest\u00e4nyt kolme kuukautta, saat opintovapaata viisi p\u00e4iv\u00e4\u00e4. Ty\u00f6nantaja saa siirt\u00e4\u00e4 opintovapaan alkua enint\u00e4\u00e4n kuudella kuukaudella, jos se tuottaa tuntuvaa haittaa. Jos opintovapaa on pitempi kuin 50 ty\u00f6p\u00e4iv\u00e4\u00e4, sinulla on oikeus keskeytt\u00e4\u00e4 se ja palata ty\u00f6h\u00f6n. [&hellip;]","og_url":"https:\/\/tyoelamaan.fi\/tyosuhde\/opinto-ja-perhevapaat\/","og_site_name":"Ty\u00f6el\u00e4m\u00e4\u00e4n.fi","article_modified_time":"2024-12-17T04:20:11+00:00","twitter_card":"summary_large_image","twitter_misc":{"Est. reading time":"2 minutes"},"schema":{"@context":"https:\/\/schema.org","@graph":[{"@type":"WebPage","@id":"https:\/\/tyoelamaan.fi\/tyosuhde\/opinto-ja-perhevapaat\/","url":"https:\/\/tyoelamaan.fi\/tyosuhde\/opinto-ja-perhevapaat\/","name":"Vapaat - Ty\u00f6el\u00e4m\u00e4\u00e4n.fi","isPartOf":{"@id":"https:\/\/tyoelamaan.fi\/#website"},"datePublished":"2023-06-27T06:23:34+00:00","dateModified":"2024-12-17T04:20:11+00:00","breadcrumb":{"@id":"https:\/\/tyoelamaan.fi\/tyosuhde\/opinto-ja-perhevapaat\/#breadcrumb"},"inLanguage":"fi-selko","potentialAction":[{"@type":"ReadAction","target":["https:\/\/tyoelamaan.fi\/tyosuhde\/opinto-ja-perhevapaat\/"]}]},{"@type":"BreadcrumbList","@id":"https:\/\/tyoelamaan.fi\/tyosuhde\/opinto-ja-perhevapaat\/#breadcrumb","itemListElement":[{"@type":"ListItem","position":1,"name":"Home","item":"https:\/\/tyoelamaan.fi\/selko\/"},{"@type":"ListItem","position":2,"name":"Ty\u00f6suhde","item":"https:\/\/tyoelamaan.fi\/tyosuhde\/"},{"@type":"ListItem","position":3,"name":"Vapaat"}]},{"@type":"WebSite","@id":"https:\/\/tyoelamaan.fi\/#website","url":"https:\/\/tyoelamaan.fi\/","name":"Ty\u00f6el\u00e4m\u00e4\u00e4n.fi","description":"","publisher":{"@id":"https:\/\/tyoelamaan.fi\/#organization"},"potentialAction":[{"@type":"SearchAction","target":{"@type":"EntryPoint","urlTemplate":"https:\/\/tyoelamaan.fi\/?s={search_term_string}"},"query-input":{"@type":"PropertyValueSpecification","valueRequired":true,"valueName":"search_term_string"}}],"inLanguage":"fi-selko"},{"@type":"Organization","@id":"https:\/\/tyoelamaan.fi\/#organization","name":"Ty\u00f6el\u00e4m\u00e4\u00e4n.fi","url":"https:\/\/tyoelamaan.fi\/","logo":{"@type":"ImageObject","inLanguage":"fi-selko","@id":"https:\/\/tyoelamaan.fi\/#\/schema\/logo\/image\/","url":"https:\/\/tyoelamaan.fi\/wp-content\/uploads\/2024\/11\/tyoelamaan_logo.svg","contentUrl":"https:\/\/tyoelamaan.fi\/wp-content\/uploads\/2024\/11\/tyoelamaan_logo.svg","width":131,"height":30,"caption":"Ty\u00f6el\u00e4m\u00e4\u00e4n.fi"},"image":{"@id":"https:\/\/tyoelamaan.fi\/#\/schema\/logo\/image\/"}}]}},"_links":{"self":[{"href":"https:\/\/tyoelamaan.fi\/selko\/wp-json\/wp\/v2\/pages\/10594","targetHints":{"allow":["GET"]}}],"collection":[{"href":"https:\/\/tyoelamaan.fi\/selko\/wp-json\/wp\/v2\/pages"}],"about":[{"href":"https:\/\/tyoelamaan.fi\/selko\/wp-json\/wp\/v2\/types\/page"}],"author":[{"embeddable":true,"href":"https:\/\/tyoelamaan.fi\/selko\/wp-json\/wp\/v2\/users\/13"}],"replies":[{"embeddable":true,"href":"https:\/\/tyoelamaan.fi\/selko\/wp-json\/wp\/v2\/comments?post=10594"}],"version-history":[{"count":1,"href":"https:\/\/tyoelamaan.fi\/selko\/wp-json\/wp\/v2\/pages\/10594\/revisions"}],"predecessor-version":[{"id":10595,"href":"https:\/\/tyoelamaan.fi\/selko\/wp-json\/wp\/v2\/pages\/10594\/revisions\/10595"}],"up":[{"embeddable":true,"href":"https:\/\/tyoelamaan.fi\/selko\/wp-json\/wp\/v2\/pages\/5603"}],"wp:attachment":[{"href":"https:\/\/tyoelamaan.fi\/selko\/wp-json\/wp\/v2\/media?parent=10594"}],"wp:term":[{"taxonomy":"asiasana","embeddable":true,"href":"https:\/\/tyoelamaan.fi\/selko\/wp-json\/wp\/v2\/asiasana?post=10594"},{"taxonomy":"omistaja","embeddable":true,"href":"https:\/\/tyoelamaan.fi\/selko\/wp-json\/wp\/v2\/omistaja?post=10594"}],"curies":[{"name":"wp","href":"https:\/\/api.w.org\/{rel}","templated":true}]}}