{"id":10844,"date":"2023-06-28T08:26:15","date_gmt":"2023-06-28T05:26:15","guid":{"rendered":"https:\/\/tyoelamaan.fi\/?page_id=10844"},"modified":"2024-12-17T06:20:23","modified_gmt":"2024-12-17T04:20:23","slug":"tyon-paattyessa","status":"publish","type":"page","link":"https:\/\/tyoelamaan.fi\/selko\/tyon-paattyessa\/","title":{"rendered":"Ty\u00f6n p\u00e4\u00e4ttyess\u00e4"},"content":{"rendered":"\n<p>Ty\u00f6suhde voi p\u00e4\u00e4tty\u00e4 monesta eri syyst\u00e4. Irtisanominen tapahtuu yleens\u00e4 ty\u00f6nantajan aloitteesta ja irtisanoutuminen puolestaan ty\u00f6ntekij\u00e4n aloitteesta.<\/p>\n\n\n\n<p>Ty\u00f6suhteen p\u00e4\u00e4ttyess\u00e4 on t\u00e4rke\u00e4\u00e4 muistaa pyyt\u00e4\u00e4 ty\u00f6todistus.<\/p>\n\n\n\n<p>L\u00e4hes jokainen meist\u00e4 on jossain vaiheessa el\u00e4m\u00e4\u00e4 ty\u00f6tt\u00f6m\u00e4n\u00e4. Nyky\u00e4\u00e4n ty\u00f6tt\u00f6myysjaksot ovat yleisempi\u00e4. Ty\u00f6tt\u00f6myysjaksolla on erilaisia toimeentulotukia.<\/p>\n\n\n\n<p>Ty\u00f6t voivat p\u00e4\u00e4tty\u00e4 my\u00f6s, koska olet saavuttanut el\u00e4kei\u00e4n. Ty\u00f6el\u00e4ke karttuu pikkuhiljaa koko ty\u00f6el\u00e4m\u00e4n ajalta.&nbsp;<\/p>\n","protected":false},"excerpt":{"rendered":"<p>Ty\u00f6suhde voi p\u00e4\u00e4tty\u00e4 monesta eri syyst\u00e4. Irtisanominen tapahtuu yleens\u00e4 ty\u00f6nantajan aloitteesta ja irtisanoutuminen puolestaan ty\u00f6ntekij\u00e4n aloitteesta. Ty\u00f6suhteen p\u00e4\u00e4ttyess\u00e4 on t\u00e4rke\u00e4\u00e4 muistaa pyyt\u00e4\u00e4 ty\u00f6todistus. L\u00e4hes jokainen meist\u00e4 on jossain vaiheessa el\u00e4m\u00e4\u00e4 ty\u00f6tt\u00f6m\u00e4n\u00e4. Nyky\u00e4\u00e4n ty\u00f6tt\u00f6myysjaksot ovat yleisempi\u00e4. Ty\u00f6tt\u00f6myysjaksolla on erilaisia toimeentulotukia. Ty\u00f6t voivat p\u00e4\u00e4tty\u00e4 my\u00f6s, koska olet saavuttanut el\u00e4kei\u00e4n. Ty\u00f6el\u00e4ke karttuu pikkuhiljaa koko ty\u00f6el\u00e4m\u00e4n ajalta.&nbsp;<\/p>\n","protected":false},"author":13,"featured_media":0,"parent":0,"menu_order":0,"comment_status":"closed","ping_status":"closed","template":"","meta":{"_acf_changed":false,"footnotes":""},"asiasana":[],"omistaja":[],"class_list":["post-10844","page","type-page","status-publish","hentry"],"acf":[],"yoast_head":"<!-- This site is optimized with the Yoast SEO plugin v27.3 - https:\/\/yoast.com\/product\/yoast-seo-wordpress\/ -->\n<title>Ty\u00f6n p\u00e4\u00e4ttyess\u00e4 - Ty\u00f6el\u00e4m\u00e4\u00e4n.fi<\/title>\n<meta name=\"robots\" content=\"index, follow, max-snippet:-1, max-image-preview:large, max-video-preview:-1\" \/>\n<link rel=\"canonical\" href=\"https:\/\/tyoelamaan.fi\/tyon-paattyessa\/\" \/>\n<meta property=\"og:locale\" content=\"fi_FI\" \/>\n<meta property=\"og:type\" content=\"article\" \/>\n<meta property=\"og:title\" content=\"Ty\u00f6n p\u00e4\u00e4ttyess\u00e4 - Ty\u00f6el\u00e4m\u00e4\u00e4n.fi\" \/>\n<meta property=\"og:description\" content=\"Ty\u00f6suhde voi p\u00e4\u00e4tty\u00e4 monesta eri syyst\u00e4. Irtisanominen tapahtuu yleens\u00e4 ty\u00f6nantajan aloitteesta ja irtisanoutuminen puolestaan ty\u00f6ntekij\u00e4n aloitteesta. Ty\u00f6suhteen p\u00e4\u00e4ttyess\u00e4 on t\u00e4rke\u00e4\u00e4 muistaa pyyt\u00e4\u00e4 ty\u00f6todistus. L\u00e4hes jokainen meist\u00e4 on jossain vaiheessa el\u00e4m\u00e4\u00e4 ty\u00f6tt\u00f6m\u00e4n\u00e4. Nyky\u00e4\u00e4n ty\u00f6tt\u00f6myysjaksot ovat yleisempi\u00e4. Ty\u00f6tt\u00f6myysjaksolla on erilaisia toimeentulotukia. Ty\u00f6t voivat p\u00e4\u00e4tty\u00e4 my\u00f6s, koska olet saavuttanut el\u00e4kei\u00e4n. Ty\u00f6el\u00e4ke karttuu pikkuhiljaa koko ty\u00f6el\u00e4m\u00e4n ajalta.&nbsp;\" \/>\n<meta property=\"og:url\" content=\"https:\/\/tyoelamaan.fi\/tyon-paattyessa\/\" \/>\n<meta property=\"og:site_name\" content=\"Ty\u00f6el\u00e4m\u00e4\u00e4n.fi\" \/>\n<meta property=\"article:modified_time\" content=\"2024-12-17T04:20:23+00:00\" \/>\n<meta name=\"twitter:card\" content=\"summary_large_image\" \/>\n<meta name=\"twitter:label1\" content=\"Est. reading time\" \/>\n\t<meta name=\"twitter:data1\" content=\"1 minute\" \/>\n<script type=\"application\/ld+json\" class=\"yoast-schema-graph\">{\"@context\":\"https:\\\/\\\/schema.org\",\"@graph\":[{\"@type\":\"WebPage\",\"@id\":\"https:\\\/\\\/tyoelamaan.fi\\\/tyon-paattyessa\\\/\",\"url\":\"https:\\\/\\\/tyoelamaan.fi\\\/tyon-paattyessa\\\/\",\"name\":\"Ty\u00f6n p\u00e4\u00e4ttyess\u00e4 - Ty\u00f6el\u00e4m\u00e4\u00e4n.fi\",\"isPartOf\":{\"@id\":\"https:\\\/\\\/tyoelamaan.fi\\\/#website\"},\"datePublished\":\"2023-06-28T05:26:15+00:00\",\"dateModified\":\"2024-12-17T04:20:23+00:00\",\"breadcrumb\":{\"@id\":\"https:\\\/\\\/tyoelamaan.fi\\\/tyon-paattyessa\\\/#breadcrumb\"},\"inLanguage\":\"fi-selko\",\"potentialAction\":[{\"@type\":\"ReadAction\",\"target\":[\"https:\\\/\\\/tyoelamaan.fi\\\/tyon-paattyessa\\\/\"]}]},{\"@type\":\"BreadcrumbList\",\"@id\":\"https:\\\/\\\/tyoelamaan.fi\\\/tyon-paattyessa\\\/#breadcrumb\",\"itemListElement\":[{\"@type\":\"ListItem\",\"position\":1,\"name\":\"Home\",\"item\":\"https:\\\/\\\/tyoelamaan.fi\\\/selko\\\/\"},{\"@type\":\"ListItem\",\"position\":2,\"name\":\"Ty\u00f6n p\u00e4\u00e4ttyess\u00e4\"}]},{\"@type\":\"WebSite\",\"@id\":\"https:\\\/\\\/tyoelamaan.fi\\\/#website\",\"url\":\"https:\\\/\\\/tyoelamaan.fi\\\/\",\"name\":\"Ty\u00f6el\u00e4m\u00e4\u00e4n.fi\",\"description\":\"\",\"publisher\":{\"@id\":\"https:\\\/\\\/tyoelamaan.fi\\\/#organization\"},\"potentialAction\":[{\"@type\":\"SearchAction\",\"target\":{\"@type\":\"EntryPoint\",\"urlTemplate\":\"https:\\\/\\\/tyoelamaan.fi\\\/?s={search_term_string}\"},\"query-input\":{\"@type\":\"PropertyValueSpecification\",\"valueRequired\":true,\"valueName\":\"search_term_string\"}}],\"inLanguage\":\"fi-selko\"},{\"@type\":\"Organization\",\"@id\":\"https:\\\/\\\/tyoelamaan.fi\\\/#organization\",\"name\":\"Ty\u00f6el\u00e4m\u00e4\u00e4n.fi\",\"url\":\"https:\\\/\\\/tyoelamaan.fi\\\/\",\"logo\":{\"@type\":\"ImageObject\",\"inLanguage\":\"fi-selko\",\"@id\":\"https:\\\/\\\/tyoelamaan.fi\\\/#\\\/schema\\\/logo\\\/image\\\/\",\"url\":\"https:\\\/\\\/tyoelamaan.fi\\\/wp-content\\\/uploads\\\/2024\\\/11\\\/tyoelamaan_logo.svg\",\"contentUrl\":\"https:\\\/\\\/tyoelamaan.fi\\\/wp-content\\\/uploads\\\/2024\\\/11\\\/tyoelamaan_logo.svg\",\"width\":131,\"height\":30,\"caption\":\"Ty\u00f6el\u00e4m\u00e4\u00e4n.fi\"},\"image\":{\"@id\":\"https:\\\/\\\/tyoelamaan.fi\\\/#\\\/schema\\\/logo\\\/image\\\/\"}}]}<\/script>\n<!-- \/ Yoast SEO plugin. -->","yoast_head_json":{"title":"Ty\u00f6n p\u00e4\u00e4ttyess\u00e4 - Ty\u00f6el\u00e4m\u00e4\u00e4n.fi","robots":{"index":"index","follow":"follow","max-snippet":"max-snippet:-1","max-image-preview":"max-image-preview:large","max-video-preview":"max-video-preview:-1"},"canonical":"https:\/\/tyoelamaan.fi\/tyon-paattyessa\/","og_locale":"fi_FI","og_type":"article","og_title":"Ty\u00f6n p\u00e4\u00e4ttyess\u00e4 - Ty\u00f6el\u00e4m\u00e4\u00e4n.fi","og_description":"Ty\u00f6suhde voi p\u00e4\u00e4tty\u00e4 monesta eri syyst\u00e4. Irtisanominen tapahtuu yleens\u00e4 ty\u00f6nantajan aloitteesta ja irtisanoutuminen puolestaan ty\u00f6ntekij\u00e4n aloitteesta. Ty\u00f6suhteen p\u00e4\u00e4ttyess\u00e4 on t\u00e4rke\u00e4\u00e4 muistaa pyyt\u00e4\u00e4 ty\u00f6todistus. L\u00e4hes jokainen meist\u00e4 on jossain vaiheessa el\u00e4m\u00e4\u00e4 ty\u00f6tt\u00f6m\u00e4n\u00e4. Nyky\u00e4\u00e4n ty\u00f6tt\u00f6myysjaksot ovat yleisempi\u00e4. Ty\u00f6tt\u00f6myysjaksolla on erilaisia toimeentulotukia. Ty\u00f6t voivat p\u00e4\u00e4tty\u00e4 my\u00f6s, koska olet saavuttanut el\u00e4kei\u00e4n. Ty\u00f6el\u00e4ke karttuu pikkuhiljaa koko ty\u00f6el\u00e4m\u00e4n ajalta.&nbsp;","og_url":"https:\/\/tyoelamaan.fi\/tyon-paattyessa\/","og_site_name":"Ty\u00f6el\u00e4m\u00e4\u00e4n.fi","article_modified_time":"2024-12-17T04:20:23+00:00","twitter_card":"summary_large_image","twitter_misc":{"Est. reading time":"1 minute"},"schema":{"@context":"https:\/\/schema.org","@graph":[{"@type":"WebPage","@id":"https:\/\/tyoelamaan.fi\/tyon-paattyessa\/","url":"https:\/\/tyoelamaan.fi\/tyon-paattyessa\/","name":"Ty\u00f6n p\u00e4\u00e4ttyess\u00e4 - Ty\u00f6el\u00e4m\u00e4\u00e4n.fi","isPartOf":{"@id":"https:\/\/tyoelamaan.fi\/#website"},"datePublished":"2023-06-28T05:26:15+00:00","dateModified":"2024-12-17T04:20:23+00:00","breadcrumb":{"@id":"https:\/\/tyoelamaan.fi\/tyon-paattyessa\/#breadcrumb"},"inLanguage":"fi-selko","potentialAction":[{"@type":"ReadAction","target":["https:\/\/tyoelamaan.fi\/tyon-paattyessa\/"]}]},{"@type":"BreadcrumbList","@id":"https:\/\/tyoelamaan.fi\/tyon-paattyessa\/#breadcrumb","itemListElement":[{"@type":"ListItem","position":1,"name":"Home","item":"https:\/\/tyoelamaan.fi\/selko\/"},{"@type":"ListItem","position":2,"name":"Ty\u00f6n p\u00e4\u00e4ttyess\u00e4"}]},{"@type":"WebSite","@id":"https:\/\/tyoelamaan.fi\/#website","url":"https:\/\/tyoelamaan.fi\/","name":"Ty\u00f6el\u00e4m\u00e4\u00e4n.fi","description":"","publisher":{"@id":"https:\/\/tyoelamaan.fi\/#organization"},"potentialAction":[{"@type":"SearchAction","target":{"@type":"EntryPoint","urlTemplate":"https:\/\/tyoelamaan.fi\/?s={search_term_string}"},"query-input":{"@type":"PropertyValueSpecification","valueRequired":true,"valueName":"search_term_string"}}],"inLanguage":"fi-selko"},{"@type":"Organization","@id":"https:\/\/tyoelamaan.fi\/#organization","name":"Ty\u00f6el\u00e4m\u00e4\u00e4n.fi","url":"https:\/\/tyoelamaan.fi\/","logo":{"@type":"ImageObject","inLanguage":"fi-selko","@id":"https:\/\/tyoelamaan.fi\/#\/schema\/logo\/image\/","url":"https:\/\/tyoelamaan.fi\/wp-content\/uploads\/2024\/11\/tyoelamaan_logo.svg","contentUrl":"https:\/\/tyoelamaan.fi\/wp-content\/uploads\/2024\/11\/tyoelamaan_logo.svg","width":131,"height":30,"caption":"Ty\u00f6el\u00e4m\u00e4\u00e4n.fi"},"image":{"@id":"https:\/\/tyoelamaan.fi\/#\/schema\/logo\/image\/"}}]}},"_links":{"self":[{"href":"https:\/\/tyoelamaan.fi\/selko\/wp-json\/wp\/v2\/pages\/10844","targetHints":{"allow":["GET"]}}],"collection":[{"href":"https:\/\/tyoelamaan.fi\/selko\/wp-json\/wp\/v2\/pages"}],"about":[{"href":"https:\/\/tyoelamaan.fi\/selko\/wp-json\/wp\/v2\/types\/page"}],"author":[{"embeddable":true,"href":"https:\/\/tyoelamaan.fi\/selko\/wp-json\/wp\/v2\/users\/13"}],"replies":[{"embeddable":true,"href":"https:\/\/tyoelamaan.fi\/selko\/wp-json\/wp\/v2\/comments?post=10844"}],"version-history":[{"count":1,"href":"https:\/\/tyoelamaan.fi\/selko\/wp-json\/wp\/v2\/pages\/10844\/revisions"}],"predecessor-version":[{"id":10845,"href":"https:\/\/tyoelamaan.fi\/selko\/wp-json\/wp\/v2\/pages\/10844\/revisions\/10845"}],"wp:attachment":[{"href":"https:\/\/tyoelamaan.fi\/selko\/wp-json\/wp\/v2\/media?parent=10844"}],"wp:term":[{"taxonomy":"asiasana","embeddable":true,"href":"https:\/\/tyoelamaan.fi\/selko\/wp-json\/wp\/v2\/asiasana?post=10844"},{"taxonomy":"omistaja","embeddable":true,"href":"https:\/\/tyoelamaan.fi\/selko\/wp-json\/wp\/v2\/omistaja?post=10844"}],"curies":[{"name":"wp","href":"https:\/\/api.w.org\/{rel}","templated":true}]}}