{"id":11656,"date":"2024-02-26T10:37:14","date_gmt":"2024-02-26T08:37:14","guid":{"rendered":"https:\/\/tyoelamaan.fi\/?page_id=11656"},"modified":"2024-12-17T06:20:25","modified_gmt":"2024-12-17T04:20:25","slug":"luottamusmies","status":"publish","type":"page","link":"https:\/\/tyoelamaan.fi\/selko\/ammattiliitot\/luottamusmies\/","title":{"rendered":"Luottamusmies"},"content":{"rendered":"\n<p><span class='tooltipsall tooltipsincontent classtoolTips39'>Luottamusmies<\/span> ja luottamusvaltuutettu neuvovat, tukevat ja valvovat ty\u00f6ntekij\u00f6iden etuja ty\u00f6paikalla. Luottamusmies ja luottamusvaltuutettu ovat henkil\u00f6st\u00f6n edustajia, jotka henkil\u00f6st\u00f6 on keskuudestaan valinnut.<\/p>\n\n\n\n<p>Jos ty\u00f6paikalla noudatetaan ty\u00f6ehtosopimusta, henkil\u00f6st\u00f6n edustajaa kutsutaan <strong>luottamusmieheksi<\/strong>. Ammattiliittoon kuuluvat ty\u00f6ntekij\u00e4t ovat valinneet h\u00e4net edustamaan ammattiliittoa ja sen j\u00e4seni\u00e4 ty\u00f6paikalla.<\/p>\n\n\n\n<p>Jos ty\u00f6paikalla ei noudateta mit\u00e4\u00e4n ty\u00f6ehtosopimusta, henkil\u00f6st\u00f6n edustajaa kutsutaan <strong>luottamusvaltuutetuksi<\/strong>.<\/p>\n\n\n\n<blockquote class=\"wp-block-quote is-layout-flow wp-block-quote-is-layout-flow\">\n<p>Luottamusmies-nimikkeen vaihtamista sukupuolineutraaliksi suunnitellaan. Termin vaihtaminen vaatisi muutoksia lains\u00e4\u00e4d\u00e4nt\u00f6\u00f6n ja ty\u00f6- sek\u00e4 virkaehtosopimuksiin.\u00a0<\/p>\n<\/blockquote>\n\n\n\n<h2 class=\"wp-block-heading\">Miten luottamusmies valitaan?&nbsp;<\/h2>\n\n\n\n<p>Luottamusmies valitaan <strong>henkil\u00f6st\u00f6n keskuudesta vaaleilla m\u00e4\u00e4r\u00e4ajaksi<\/strong>. Luottamusmiehen valinnasta ja siit\u00e4, keit\u00e4 h\u00e4n ty\u00f6paikalla edustaa, on sovittu tarkemmin ty\u00f6ehtosopimuksessa. Ty\u00f6paikalla voi olla useampi luottamusmies, jos ty\u00f6paikalla noudatetaan useampaa eri ty\u00f6ehtosopimusta.<\/p>\n\n\n\n<h2 class=\"wp-block-heading\">Mit\u00e4 tehd\u00e4, jos luottamusmiest\u00e4 ole valittu?<\/h2>\n\n\n\n<p>Jos ty\u00f6paikalla ei ole luottamusmiest\u00e4, sellainen kannattaa valita. Omasta ammattiliitosta saa lis\u00e4tietoa siit\u00e4, kuinka valinta suoritetaan. Luottamusmiehen asema perustuu lakeihin ja luottamusmiessopimuksiin.<\/p>\n\n\n\n<p>Jos ty\u00f6paikalla ei ole mahdollista valita luottamusmiest\u00e4, ty\u00f6ntekij\u00e4t voivat valita keskuudestaan luottamusvaltuutetun. Valtuutetun teht\u00e4v\u00e4t ja toimivalta m\u00e4\u00e4r\u00e4ytyv\u00e4t ty\u00f6sopimuslain ja muun ty\u00f6lains\u00e4\u00e4d\u00e4nn\u00f6n perusteella. Ne eiv\u00e4t ole yht\u00e4 laajat kuin luottamusmiehell\u00e4.<\/p>\n\n\n\n<h2 class=\"wp-block-heading\">Mit\u00e4 luottamusmies tekee?&nbsp;<\/h2>\n\n\n\n<p>Luottamusmiehell\u00e4 on useita teht\u00e4vi\u00e4. H\u00e4n valvoo edustamiensa ty\u00f6ntekij\u00f6iden etuja sek\u00e4 ty\u00f6ehtosopimuksen ja ty\u00f6el\u00e4m\u00e4n lakien noudattamista ty\u00f6paikalla. H\u00e4n my\u00f6s neuvottelee ty\u00f6nantajan kanssa henkil\u00f6st\u00f6\u00e4 koskevissa asioissa.<\/p>\n\n\n\n<p>Luottamusmies huolehtii siit\u00e4, ett\u00e4 ty\u00f6ntekij\u00f6it\u00e4 kohdellaan oikeudenmukaisesti ja tasa-arvoisesti. Tarvittaessa h\u00e4n my\u00f6s neuvoo ja tukee j\u00e4seni\u00e4 ty\u00f6el\u00e4m\u00e4ss\u00e4, sen muutostilanteissa ja mahdollisten ongelmatilanteiden selvitt\u00e4misess\u00e4.<\/p>\n\n\n\n<p>Luottamusmies on mukana kehitt\u00e4m\u00e4ss\u00e4 ty\u00f6yhteis\u00f6\u00e4 edustamiensa ty\u00f6ntekij\u00f6iden sek\u00e4 ty\u00f6nantajan kanssa. Luottamusmies edustaa neuvotteluissa ensisijaisesti ty\u00f6ntekij\u00f6it\u00e4, jotka kuuluvat ammattiliittoon. Yhteistoimintaneuvotteluissa h\u00e4n voi kuitenkin edustaa my\u00f6s koko henkil\u00f6st\u00f6\u00e4.<\/p>\n\n\n\n<div class=\"wp-block-group has-secondary-background-color has-background has-global-padding is-layout-constrained wp-container-core-group-is-layout-10bc4538 wp-block-group-is-layout-constrained\" style=\"padding-top:var(--wp--preset--spacing--80);padding-right:var(--wp--preset--spacing--80);padding-bottom:var(--wp--preset--spacing--80);padding-left:var(--wp--preset--spacing--80)\">\n<h2 class=\"wp-block-heading has-h-3-font-size\">Luottamusmiehen teht\u00e4v\u00e4t ty\u00f6paikalla:\u00a0<\/h2>\n\n\n\n<ul class=\"wp-block-list\">\n<li>valvoo ty\u00f6ntekij\u00f6iden etua\u00a0<\/li>\n\n\n\n<li>neuvottelee ty\u00f6nantajan kanssa ty\u00f6ntekij\u00f6it\u00e4 koskevista asioista<\/li>\n\n\n\n<li>tukee ja neuvoo ty\u00f6ntekij\u00f6it\u00e4 ongelma- ja muutostilanteissa<\/li>\n\n\n\n<li>huolehtia\u00a0siit\u00e4, ett\u00e4 ty\u00f6ntekij\u00f6it\u00e4 kohdellaan oikeudenmukaisesta ja tasa-arvoisesti<\/li>\n\n\n\n<li>osallistuu ty\u00f6yhteis\u00f6n kehitt\u00e4miseen<\/li>\n\n\n\n<li>selvitt\u00e4\u00e4 ongelmatilanteita<a href=\"https:\/\/tyoelamaan.fi\/#twitter\" target=\"_blank\" rel=\"noreferrer noopener\"><\/a><\/li>\n<\/ul>\n<\/div>\n<script type=\"text\/javascript\"> toolTips('.classtoolTips8','<span class=\"TextRun SCXW124365397 BCX9\" lang=\"FI-FI\" xml:lang=\"FI-FI\" data-contrast=\"none\"><span class=\"NormalTextRun SCXW124365397 BCX9\" data-ccp-parastyle=\"Normal (Web)\">Henkil\u00f6st\u00f6n keskuudestaan valitsema henkil\u00f6: luottamushenkil\u00f6 (lakiteksteiss\u00e4 luottamusmies), luottamusvaltuutettu tai ty\u00f6suojeluvaltuutettu.<\/span><\/span>'); <\/script><script type=\"text\/javascript\"> toolTips('.classtoolTips38','<span class='tooltipsall tooltipsincontent classtoolTips38'>Ammattiliitto<\/span> parantaa ja puolustaa ty\u00f6ntekij\u00f6iden ty\u00f6ehtoja ja oikeuksia. Ammattiliiton keskeinen idea on, ett\u00e4 isona joukkona ty\u00f6ntekij\u00f6ill\u00e4 on parempi neuvotteluasema ty\u00f6nantajien kanssa verrattuna siihen, ett\u00e4 jokainen ty\u00f6ntekij\u00e4 neuvottelisi ty\u00f6ehdoistaan itse.<br\/><br\/>Ammattiliitto neuvottelee j\u00e4sentens\u00e4 ja heid\u00e4n ammattiryhm\u00e4ns\u00e4 tai toimialansa ty\u00f6ehdoista ty\u00f6nantajien edustajien kanssa. Ammattiliitto voi edist\u00e4\u00e4 ty\u00f6nantajille esitt\u00e4mi\u00e4\u00e4n vaatimuksia uhkaamalla lakolla ja tarvittaessa my\u00f6s toteuttaa t\u00e4m\u00e4n uhan.'); <\/script><script type=\"text\/javascript\"> toolTips('.classtoolTips39','<span class=\"TextRun SCXW49140076 BCX9\" lang=\"FI-FI\" xml:lang=\"FI-FI\" data-contrast=\"none\"><span class=\"NormalTextRun SCXW49140076 BCX9\" data-ccp-parastyle=\"Normal (Web)\">Luottamusmi<\/span><span class=\"NormalTextRun SCXW49140076 BCX9\" data-ccp-parastyle=\"Normal (Web)\">ehen <\/span><span class=\"NormalTextRun SCXW49140076 BCX9\" data-ccp-parastyle=\"Normal (Web)\">teht\u00e4v\u00e4n\u00e4 on valvoa ty\u00f6ehtosopimuksen ja ty\u00f6lakien noudattamista ty\u00f6paikalla. Usein luottamusmies on mukana selvittelem\u00e4ss\u00e4 ty\u00f6paikan tai yksitt\u00e4isten ty\u00f6ntekij\u00f6iden ongelmia. <\/span><\/span><br\/><br\/><span class=\"EOP SCXW49140076 BCX9\" data-ccp-props=\"{&quot;134233117&quot;:false,&quot;134233118&quot;:true,&quot;201341983&quot;:0,&quot;335559738&quot;:0,&quot;335559740&quot;:240}\">Luottamusmies on ammattiliiton kouluttama <span class='tooltipsall tooltipsincontent classtoolTips8'>Henkil\u00f6st\u00f6n edustaja<\/span>. Luottamushenkil\u00f6ll\u00e4 voidaan tarkoittaa sek\u00e4 luottamusmiest\u00e4 ett\u00e4 ty\u00f6suojeluvaltuutettua tai muuta luottamusteht\u00e4v\u00e4ss\u00e4 toimivaa henkil\u00f6\u00e4, joka ei ole saanut ammattiliiton j\u00e4rjest\u00e4m\u00e4\u00e4 koulutusta teht\u00e4v\u00e4\u00e4ns\u00e4.<\/span>'); <\/script>","protected":false},"excerpt":{"rendered":"<p>Luottamusmies ja luottamusvaltuutettu neuvovat, tukevat ja valvovat ty\u00f6ntekij\u00f6iden etuja ty\u00f6paikalla. Luottamusmies ja luottamusvaltuutettu ovat henkil\u00f6st\u00f6n edustajia, jotka henkil\u00f6st\u00f6 on keskuudestaan valinnut. Jos ty\u00f6paikalla noudatetaan ty\u00f6ehtosopimusta, henkil\u00f6st\u00f6n edustajaa kutsutaan luottamusmieheksi. Ammattiliittoon kuuluvat ty\u00f6ntekij\u00e4t ovat valinneet h\u00e4net edustamaan ammattiliittoa ja sen j\u00e4seni\u00e4 ty\u00f6paikalla. Jos ty\u00f6paikalla ei noudateta mit\u00e4\u00e4n ty\u00f6ehtosopimusta, henkil\u00f6st\u00f6n edustajaa kutsutaan luottamusvaltuutetuksi. Luottamusmies-nimikkeen vaihtamista sukupuolineutraaliksi suunnitellaan. [&hellip;]<\/p>\n","protected":false},"author":14,"featured_media":0,"parent":10837,"menu_order":0,"comment_status":"closed","ping_status":"closed","template":"","meta":{"_acf_changed":false,"footnotes":""},"asiasana":[33,41,34],"omistaja":[],"class_list":["post-11656","page","type-page","status-publish","hentry","asiasana-ammattiliitto","asiasana-sopiminen","asiasana-tyosuhde"],"acf":[],"yoast_head":"<!-- This site is optimized with the Yoast SEO plugin v27.3 - https:\/\/yoast.com\/product\/yoast-seo-wordpress\/ -->\n<title>Luottamusmies - Ty\u00f6el\u00e4m\u00e4\u00e4n.fi<\/title>\n<meta name=\"robots\" content=\"index, follow, max-snippet:-1, max-image-preview:large, max-video-preview:-1\" \/>\n<link rel=\"canonical\" href=\"https:\/\/tyoelamaan.fi\/ammattiliitot\/luottamusmies\/\" \/>\n<meta property=\"og:locale\" content=\"fi_FI\" \/>\n<meta property=\"og:type\" content=\"article\" \/>\n<meta property=\"og:title\" content=\"Luottamusmies - Ty\u00f6el\u00e4m\u00e4\u00e4n.fi\" \/>\n<meta property=\"og:description\" content=\"Luottamusmies ja luottamusvaltuutettu neuvovat, tukevat ja valvovat ty\u00f6ntekij\u00f6iden etuja ty\u00f6paikalla. Luottamusmies ja luottamusvaltuutettu ovat henkil\u00f6st\u00f6n edustajia, jotka henkil\u00f6st\u00f6 on keskuudestaan valinnut. Jos ty\u00f6paikalla noudatetaan ty\u00f6ehtosopimusta, henkil\u00f6st\u00f6n edustajaa kutsutaan luottamusmieheksi. Ammattiliittoon kuuluvat ty\u00f6ntekij\u00e4t ovat valinneet h\u00e4net edustamaan ammattiliittoa ja sen j\u00e4seni\u00e4 ty\u00f6paikalla. Jos ty\u00f6paikalla ei noudateta mit\u00e4\u00e4n ty\u00f6ehtosopimusta, henkil\u00f6st\u00f6n edustajaa kutsutaan luottamusvaltuutetuksi. Luottamusmies-nimikkeen vaihtamista sukupuolineutraaliksi suunnitellaan. [&hellip;]\" \/>\n<meta property=\"og:url\" content=\"https:\/\/tyoelamaan.fi\/ammattiliitot\/luottamusmies\/\" \/>\n<meta property=\"og:site_name\" content=\"Ty\u00f6el\u00e4m\u00e4\u00e4n.fi\" \/>\n<meta property=\"article:modified_time\" content=\"2024-12-17T04:20:25+00:00\" \/>\n<meta name=\"twitter:card\" content=\"summary_large_image\" \/>\n<meta name=\"twitter:label1\" content=\"Est. reading time\" \/>\n\t<meta name=\"twitter:data1\" content=\"2 minutes\" \/>\n<script type=\"application\/ld+json\" class=\"yoast-schema-graph\">{\"@context\":\"https:\\\/\\\/schema.org\",\"@graph\":[{\"@type\":\"WebPage\",\"@id\":\"https:\\\/\\\/tyoelamaan.fi\\\/ammattiliitot\\\/luottamusmies\\\/\",\"url\":\"https:\\\/\\\/tyoelamaan.fi\\\/ammattiliitot\\\/luottamusmies\\\/\",\"name\":\"Luottamusmies - Ty\u00f6el\u00e4m\u00e4\u00e4n.fi\",\"isPartOf\":{\"@id\":\"https:\\\/\\\/tyoelamaan.fi\\\/#website\"},\"datePublished\":\"2024-02-26T08:37:14+00:00\",\"dateModified\":\"2024-12-17T04:20:25+00:00\",\"breadcrumb\":{\"@id\":\"https:\\\/\\\/tyoelamaan.fi\\\/ammattiliitot\\\/luottamusmies\\\/#breadcrumb\"},\"inLanguage\":\"fi-selko\",\"potentialAction\":[{\"@type\":\"ReadAction\",\"target\":[\"https:\\\/\\\/tyoelamaan.fi\\\/ammattiliitot\\\/luottamusmies\\\/\"]}]},{\"@type\":\"BreadcrumbList\",\"@id\":\"https:\\\/\\\/tyoelamaan.fi\\\/ammattiliitot\\\/luottamusmies\\\/#breadcrumb\",\"itemListElement\":[{\"@type\":\"ListItem\",\"position\":1,\"name\":\"Home\",\"item\":\"https:\\\/\\\/tyoelamaan.fi\\\/selko\\\/\"},{\"@type\":\"ListItem\",\"position\":2,\"name\":\"Ammattiliitot\",\"item\":\"https:\\\/\\\/tyoelamaan.fi\\\/ammattiliitot\\\/\"},{\"@type\":\"ListItem\",\"position\":3,\"name\":\"Luottamusmies\"}]},{\"@type\":\"WebSite\",\"@id\":\"https:\\\/\\\/tyoelamaan.fi\\\/#website\",\"url\":\"https:\\\/\\\/tyoelamaan.fi\\\/\",\"name\":\"Ty\u00f6el\u00e4m\u00e4\u00e4n.fi\",\"description\":\"\",\"publisher\":{\"@id\":\"https:\\\/\\\/tyoelamaan.fi\\\/#organization\"},\"potentialAction\":[{\"@type\":\"SearchAction\",\"target\":{\"@type\":\"EntryPoint\",\"urlTemplate\":\"https:\\\/\\\/tyoelamaan.fi\\\/?s={search_term_string}\"},\"query-input\":{\"@type\":\"PropertyValueSpecification\",\"valueRequired\":true,\"valueName\":\"search_term_string\"}}],\"inLanguage\":\"fi-selko\"},{\"@type\":\"Organization\",\"@id\":\"https:\\\/\\\/tyoelamaan.fi\\\/#organization\",\"name\":\"Ty\u00f6el\u00e4m\u00e4\u00e4n.fi\",\"url\":\"https:\\\/\\\/tyoelamaan.fi\\\/\",\"logo\":{\"@type\":\"ImageObject\",\"inLanguage\":\"fi-selko\",\"@id\":\"https:\\\/\\\/tyoelamaan.fi\\\/#\\\/schema\\\/logo\\\/image\\\/\",\"url\":\"https:\\\/\\\/tyoelamaan.fi\\\/wp-content\\\/uploads\\\/2024\\\/11\\\/tyoelamaan_logo.svg\",\"contentUrl\":\"https:\\\/\\\/tyoelamaan.fi\\\/wp-content\\\/uploads\\\/2024\\\/11\\\/tyoelamaan_logo.svg\",\"width\":131,\"height\":30,\"caption\":\"Ty\u00f6el\u00e4m\u00e4\u00e4n.fi\"},\"image\":{\"@id\":\"https:\\\/\\\/tyoelamaan.fi\\\/#\\\/schema\\\/logo\\\/image\\\/\"}}]}<\/script>\n<!-- \/ Yoast SEO plugin. -->","yoast_head_json":{"title":"Luottamusmies - Ty\u00f6el\u00e4m\u00e4\u00e4n.fi","robots":{"index":"index","follow":"follow","max-snippet":"max-snippet:-1","max-image-preview":"max-image-preview:large","max-video-preview":"max-video-preview:-1"},"canonical":"https:\/\/tyoelamaan.fi\/ammattiliitot\/luottamusmies\/","og_locale":"fi_FI","og_type":"article","og_title":"Luottamusmies - Ty\u00f6el\u00e4m\u00e4\u00e4n.fi","og_description":"Luottamusmies ja luottamusvaltuutettu neuvovat, tukevat ja valvovat ty\u00f6ntekij\u00f6iden etuja ty\u00f6paikalla. Luottamusmies ja luottamusvaltuutettu ovat henkil\u00f6st\u00f6n edustajia, jotka henkil\u00f6st\u00f6 on keskuudestaan valinnut. Jos ty\u00f6paikalla noudatetaan ty\u00f6ehtosopimusta, henkil\u00f6st\u00f6n edustajaa kutsutaan luottamusmieheksi. Ammattiliittoon kuuluvat ty\u00f6ntekij\u00e4t ovat valinneet h\u00e4net edustamaan ammattiliittoa ja sen j\u00e4seni\u00e4 ty\u00f6paikalla. Jos ty\u00f6paikalla ei noudateta mit\u00e4\u00e4n ty\u00f6ehtosopimusta, henkil\u00f6st\u00f6n edustajaa kutsutaan luottamusvaltuutetuksi. Luottamusmies-nimikkeen vaihtamista sukupuolineutraaliksi suunnitellaan. [&hellip;]","og_url":"https:\/\/tyoelamaan.fi\/ammattiliitot\/luottamusmies\/","og_site_name":"Ty\u00f6el\u00e4m\u00e4\u00e4n.fi","article_modified_time":"2024-12-17T04:20:25+00:00","twitter_card":"summary_large_image","twitter_misc":{"Est. reading time":"2 minutes"},"schema":{"@context":"https:\/\/schema.org","@graph":[{"@type":"WebPage","@id":"https:\/\/tyoelamaan.fi\/ammattiliitot\/luottamusmies\/","url":"https:\/\/tyoelamaan.fi\/ammattiliitot\/luottamusmies\/","name":"Luottamusmies - Ty\u00f6el\u00e4m\u00e4\u00e4n.fi","isPartOf":{"@id":"https:\/\/tyoelamaan.fi\/#website"},"datePublished":"2024-02-26T08:37:14+00:00","dateModified":"2024-12-17T04:20:25+00:00","breadcrumb":{"@id":"https:\/\/tyoelamaan.fi\/ammattiliitot\/luottamusmies\/#breadcrumb"},"inLanguage":"fi-selko","potentialAction":[{"@type":"ReadAction","target":["https:\/\/tyoelamaan.fi\/ammattiliitot\/luottamusmies\/"]}]},{"@type":"BreadcrumbList","@id":"https:\/\/tyoelamaan.fi\/ammattiliitot\/luottamusmies\/#breadcrumb","itemListElement":[{"@type":"ListItem","position":1,"name":"Home","item":"https:\/\/tyoelamaan.fi\/selko\/"},{"@type":"ListItem","position":2,"name":"Ammattiliitot","item":"https:\/\/tyoelamaan.fi\/ammattiliitot\/"},{"@type":"ListItem","position":3,"name":"Luottamusmies"}]},{"@type":"WebSite","@id":"https:\/\/tyoelamaan.fi\/#website","url":"https:\/\/tyoelamaan.fi\/","name":"Ty\u00f6el\u00e4m\u00e4\u00e4n.fi","description":"","publisher":{"@id":"https:\/\/tyoelamaan.fi\/#organization"},"potentialAction":[{"@type":"SearchAction","target":{"@type":"EntryPoint","urlTemplate":"https:\/\/tyoelamaan.fi\/?s={search_term_string}"},"query-input":{"@type":"PropertyValueSpecification","valueRequired":true,"valueName":"search_term_string"}}],"inLanguage":"fi-selko"},{"@type":"Organization","@id":"https:\/\/tyoelamaan.fi\/#organization","name":"Ty\u00f6el\u00e4m\u00e4\u00e4n.fi","url":"https:\/\/tyoelamaan.fi\/","logo":{"@type":"ImageObject","inLanguage":"fi-selko","@id":"https:\/\/tyoelamaan.fi\/#\/schema\/logo\/image\/","url":"https:\/\/tyoelamaan.fi\/wp-content\/uploads\/2024\/11\/tyoelamaan_logo.svg","contentUrl":"https:\/\/tyoelamaan.fi\/wp-content\/uploads\/2024\/11\/tyoelamaan_logo.svg","width":131,"height":30,"caption":"Ty\u00f6el\u00e4m\u00e4\u00e4n.fi"},"image":{"@id":"https:\/\/tyoelamaan.fi\/#\/schema\/logo\/image\/"}}]}},"_links":{"self":[{"href":"https:\/\/tyoelamaan.fi\/selko\/wp-json\/wp\/v2\/pages\/11656","targetHints":{"allow":["GET"]}}],"collection":[{"href":"https:\/\/tyoelamaan.fi\/selko\/wp-json\/wp\/v2\/pages"}],"about":[{"href":"https:\/\/tyoelamaan.fi\/selko\/wp-json\/wp\/v2\/types\/page"}],"author":[{"embeddable":true,"href":"https:\/\/tyoelamaan.fi\/selko\/wp-json\/wp\/v2\/users\/14"}],"replies":[{"embeddable":true,"href":"https:\/\/tyoelamaan.fi\/selko\/wp-json\/wp\/v2\/comments?post=11656"}],"version-history":[{"count":6,"href":"https:\/\/tyoelamaan.fi\/selko\/wp-json\/wp\/v2\/pages\/11656\/revisions"}],"predecessor-version":[{"id":12575,"href":"https:\/\/tyoelamaan.fi\/selko\/wp-json\/wp\/v2\/pages\/11656\/revisions\/12575"}],"up":[{"embeddable":true,"href":"https:\/\/tyoelamaan.fi\/selko\/wp-json\/wp\/v2\/pages\/10837"}],"wp:attachment":[{"href":"https:\/\/tyoelamaan.fi\/selko\/wp-json\/wp\/v2\/media?parent=11656"}],"wp:term":[{"taxonomy":"asiasana","embeddable":true,"href":"https:\/\/tyoelamaan.fi\/selko\/wp-json\/wp\/v2\/asiasana?post=11656"},{"taxonomy":"omistaja","embeddable":true,"href":"https:\/\/tyoelamaan.fi\/selko\/wp-json\/wp\/v2\/omistaja?post=11656"}],"curies":[{"name":"wp","href":"https:\/\/api.w.org\/{rel}","templated":true}]}}