{"id":4239,"date":"2021-03-24T14:56:56","date_gmt":"2021-03-24T12:56:56","guid":{"rendered":"https:\/\/tyoelamaan.fi\/?page_id=4239"},"modified":"2024-12-17T06:19:24","modified_gmt":"2024-12-17T04:19:24","slug":"kehita-ammattitaitoasi","status":"publish","type":"page","link":"https:\/\/tyoelamaan.fi\/selko\/kehita-ammattitaitoasi\/","title":{"rendered":"Kehit\u00e4 ammattitaitoasi"},"content":{"rendered":"\n<p>Tutkinto&nbsp;on vasta alku. Osaaminen karttuu ty\u00f6ss\u00e4.&nbsp;Oma&nbsp;osaaminen&nbsp;pit\u00e4\u00e4&nbsp;tunnistaa ja sanoittaa.&nbsp;T\u00e4rke\u00e4\u00e4&nbsp;on&nbsp;my\u00f6s&nbsp;seurata oman alan kehityst\u00e4.&nbsp;<\/p>\n\n\n\n<p>Sinulla on&nbsp;monia tapoja kehitt\u00e4\u00e4&nbsp;osaamistasi. Ammatillisissa kouluissa&nbsp;saa&nbsp;suorittaa perus-, ammatti- ja erikoisammattitutkintoja tai niiden osia. Ammattikorkeakoulut ja yliopistot tarjoavat avointa&nbsp;opetusta&nbsp;ja&nbsp;t\u00e4ydennyskoulutusta. Ty\u00f6v\u00e4enopistot&nbsp;ja&nbsp;kansanopistot&nbsp;j\u00e4rjest\u00e4v\u00e4t&nbsp;kursseja.&nbsp;&nbsp;On my\u00f6s paljon koulutusorganisaatioita, jotka j\u00e4rjest\u00e4v\u00e4t maksullista koulutusta ja lyhyit\u00e4 kursseja.<\/p>\n\n\n\n<p>Ammattiliittojen&nbsp;koulutukseen&nbsp;voit tutustua liittosi nettisivuilla.&nbsp;<\/p>\n\n\n\n<p><strong>Hy\u00f6dyllisi\u00e4 linkkej\u00e4:<\/strong><br><a href=\"https:\/\/minedu.fi\/ammattikorkeakoulut\" target=\"_blank\" rel=\"noreferrer noopener\">Ammattikorkeakoulut Suomessa<\/a><br><a href=\"https:\/\/minedu.fi\/yliopistot\" target=\"_blank\" rel=\"noreferrer noopener\">Yliopistot Suomessa<\/a><\/p>\n\n\n\n<h2 class=\"wp-block-heading\"><strong>Opiskelu ty\u00f6n ohessa<\/strong>&nbsp;<\/h2>\n\n\n\n<div class=\"wp-block-columns is-layout-flex wp-container-core-columns-is-layout-28f84493 wp-block-columns-is-layout-flex\">\n<div class=\"wp-block-column is-layout-flow wp-block-column-is-layout-flow\">\n<p>Opiskelu ei lopu valmistumiseen.&nbsp;Jatkuva oppiminen&nbsp;auttaa uralla eteenp\u00e4in.&nbsp;Palkkakin paranee, kun taidot kasvavat.<\/p>\n\n\n\n<p>Usein&nbsp;ty\u00f6h\u00f6n tarvitaan ammatillinen koulutus.&nbsp;Ty\u00f6nantaja j\u00e4rjest\u00e4\u00e4&nbsp;sen lis\u00e4ksi&nbsp;omaa koulutusta ty\u00f6ntekij\u00f6illeen.&nbsp;Kerro&nbsp;koulutustoiveesi ty\u00f6nantajalle&nbsp;ja&nbsp;osoita n\u00e4in&nbsp;kiinnostustasi. Ty\u00f6nantajan&nbsp;pit\u00e4\u00e4&nbsp;huolehtia siit\u00e4, ett\u00e4 ty\u00f6ntekij\u00f6iden&nbsp;osaaminen riitt\u00e4\u00e4.&nbsp;<\/p>\n\n\n\n<p>Kysy&nbsp;omalta&nbsp;esihenkil\u00f6lt\u00e4si, saatko opiskella&nbsp;ty\u00f6ajalla, jos osallistut koulutukseen ty\u00f6paikan ulkopuolella. My\u00f6s ty\u00f6ehtosopimuksissa on saatettu sopia opiskelusta ty\u00f6aikana.&nbsp;&nbsp;<\/p>\n<\/div>\n\n\n\n<div class=\"wp-block-column is-layout-flow wp-block-column-is-layout-flow\">\n<figure class=\"wp-block-image size-large is-resized\"><img loading=\"lazy\" decoding=\"async\" src=\"https:\/\/tyoelamaan.fi\/wp-content\/uploads\/2021\/03\/kahvilatyo-rajattu-713x1024.jpg\" alt=\"kahvilassa t\u00f6iss\u00e4\" class=\"wp-image-4247\" width=\"357\" height=\"512\" \/><\/figure>\n<\/div>\n<\/div>\n\n\n\n<h2 class=\"wp-block-heading\"><strong>Uudelle&nbsp;uralle?<\/strong>&nbsp;<\/h2>\n\n\n\n<p>Tulevaisuudessa&nbsp;moni&nbsp;vaihtaa&nbsp;alaa&nbsp;uransa aikana. Sinun ei siis tarvitse koulussa&nbsp;tiet\u00e4\u00e4&nbsp;loppuel\u00e4m\u00e4n&nbsp;ammattia.&nbsp;En\u00e4\u00e4&nbsp;ei kysyt\u00e4,&nbsp;mik\u00e4 minusta tulee isona vaan mik\u00e4 minusta tulee&nbsp;seuraavaksi.&nbsp;<\/p>\n\n\n\n<p>Aina&nbsp;ei tarvitse&nbsp;vaihtaa alaa kokonaan. Uusi oppi voi auttaa uusiin teht\u00e4viin&nbsp;omalla alalla.&nbsp;&nbsp;<\/p>\n\n\n<div class=\"editor-bg pink\">\n<h3>Kun pohdit uranvaihtoa,&nbsp;mieti&nbsp;seuraavia asioita:&nbsp;<\/h3>\n<ul>\n<li><span data-contrast=\"auto\">Mitk\u00e4 asiat sinua kiinnostavat?<\/span><span data-ccp-props=\"{&quot;201341983&quot;:0,&quot;335559739&quot;:160,&quot;335559740&quot;:259}\">&nbsp;<\/span><\/li>\n<li><span data-contrast=\"auto\">Mit\u00e4 osaat?<\/span><span data-ccp-props=\"{&quot;201341983&quot;:0,&quot;335559739&quot;:160,&quot;335559740&quot;:259}\">&nbsp;<\/span><\/li>\n<li><span data-contrast=\"auto\">Mink\u00e4lainen ty\u00f6 sopii el\u00e4m\u00e4<\/span><span data-contrast=\"auto\">\u00e4<\/span><span data-contrast=\"auto\">si?<\/span><span data-ccp-props=\"{&quot;201341983&quot;:0,&quot;335559739&quot;:160,&quot;335559740&quot;:259}\">&nbsp;<\/span><\/li>\n<li><span data-contrast=\"auto\">Etsitk\u00f6 s\u00e4\u00e4nn\u00f6llist\u00e4 ty\u00f6<\/span><span data-contrast=\"auto\">t\u00e4<\/span><span data-contrast=\"auto\">&nbsp;vai keikkaty\u00f6t\u00e4?<\/span><span data-ccp-props=\"{&quot;201341983&quot;:0,&quot;335559739&quot;:160,&quot;335559740&quot;:259}\">&nbsp;<\/span><\/li>\n<li><span data-contrast=\"auto\">Mink\u00e4laiset ty\u00f6ajat haluat?<\/span><span data-ccp-props=\"{&quot;201341983&quot;:0,&quot;335559739&quot;:160,&quot;335559740&quot;:259}\">&nbsp;<\/span><\/li>\n<li><span data-contrast=\"auto\">Saako palkka vaihdella?<\/span><span data-ccp-props=\"{&quot;201341983&quot;:0,&quot;335559739&quot;:160,&quot;335559740&quot;:259}\">&nbsp;<\/span><\/li>\n<li><span data-contrast=\"auto\">Mi<\/span><span data-contrast=\"auto\">llaisia polkuja voit edet\u00e4<\/span><span data-contrast=\"auto\">&nbsp;nykyise<\/span><span data-contrast=\"auto\">st\u00e4<\/span><span data-contrast=\"auto\">&nbsp;ty\u00f6<\/span><span data-contrast=\"auto\">st\u00e4<\/span><span data-contrast=\"auto\">si unelmaty\u00f6<\/span><span data-contrast=\"auto\">h\u00f6si<\/span><span data-contrast=\"auto\">?<\/span><span data-ccp-props=\"{&quot;201341983&quot;:0,&quot;335559739&quot;:160,&quot;335559740&quot;:259}\">&nbsp;<\/span><\/li>\n<li><span data-contrast=\"auto\">M<\/span><span data-contrast=\"auto\">itk\u00e4 tai<\/span><span data-contrast=\"auto\">tosi<\/span><span data-contrast=\"auto\">&nbsp;kaipaavat hiomista?<\/span><span data-ccp-props=\"{&quot;201341983&quot;:0,&quot;335559739&quot;:160,&quot;335559740&quot;:259}\">&nbsp;<\/span><\/li>\n<li><span data-contrast=\"auto\">Tarvitaanko&nbsp;<\/span><span data-contrast=\"auto\">unelma-ammatti<\/span><span data-contrast=\"auto\">in<\/span><span data-contrast=\"auto\">&nbsp;<\/span><span data-contrast=\"auto\">uutta&nbsp;<\/span><span data-contrast=\"auto\">koulutusta?<\/span><span data-ccp-props=\"{&quot;201341983&quot;:0,&quot;335559739&quot;:160,&quot;335559740&quot;:259}\">&nbsp;<\/span><\/li>\n<\/ul>\n<\/div>\n\n\n<p><\/p>\n<script type=\"text\/javascript\"> toolTips('.classtoolTips38','<span class='tooltipsall tooltipsincontent classtoolTips38'>Ammattiliitto<\/span> parantaa ja puolustaa ty\u00f6ntekij\u00f6iden ty\u00f6ehtoja ja oikeuksia. Ammattiliiton keskeinen idea on, ett\u00e4 isona joukkona ty\u00f6ntekij\u00f6ill\u00e4 on parempi neuvotteluasema ty\u00f6nantajien kanssa verrattuna siihen, ett\u00e4 jokainen ty\u00f6ntekij\u00e4 neuvottelisi ty\u00f6ehdoistaan itse.<br\/><br\/>Ammattiliitto neuvottelee j\u00e4sentens\u00e4 ja heid\u00e4n ammattiryhm\u00e4ns\u00e4 tai toimialansa ty\u00f6ehdoista ty\u00f6nantajien edustajien kanssa. Ammattiliitto voi edist\u00e4\u00e4 ty\u00f6nantajille esitt\u00e4mi\u00e4\u00e4n vaatimuksia uhkaamalla lakolla ja tarvittaessa my\u00f6s toteuttaa t\u00e4m\u00e4n uhan.'); <\/script><script type=\"text\/javascript\"> toolTips('.classtoolTips51','Joustavaa tilap\u00e4ist\u00e4 ty\u00f6t\u00e4, jota tehd\u00e4\u00e4n usein lyhytaikaisissa projekteissa tai keikkaluonteisesti eri ty\u00f6nantajien palveluksessa. Keikkaty\u00f6 voi olla esimerkiksi satunnaista p\u00e4tk\u00e4ty\u00f6t\u00e4, vuokraty\u00f6t\u00e4 tai freelancer-ty\u00f6t\u00e4.'); <\/script><script type=\"text\/javascript\"> toolTips('.classtoolTips59','S\u00e4\u00e4nn\u00f6llinen ty\u00f6aika on ty\u00f6aikalain mukaan enint\u00e4\u00e4n 8 tuntia vuorokaudessa tai 40 tuntia viikossa.'); <\/script>","protected":false},"excerpt":{"rendered":"<p>Tutkinto&nbsp;on vasta alku. Osaaminen karttuu ty\u00f6ss\u00e4.&nbsp;Oma&nbsp;osaaminen&nbsp;pit\u00e4\u00e4&nbsp;tunnistaa ja sanoittaa.&nbsp;T\u00e4rke\u00e4\u00e4&nbsp;on&nbsp;my\u00f6s&nbsp;seurata oman alan kehityst\u00e4.&nbsp; Sinulla on&nbsp;monia tapoja kehitt\u00e4\u00e4&nbsp;osaamistasi. Ammatillisissa kouluissa&nbsp;saa&nbsp;suorittaa perus-, ammatti- ja erikoisammattitutkintoja tai niiden osia. Ammattikorkeakoulut ja yliopistot tarjoavat avointa&nbsp;opetusta&nbsp;ja&nbsp;t\u00e4ydennyskoulutusta. Ty\u00f6v\u00e4enopistot&nbsp;ja&nbsp;kansanopistot&nbsp;j\u00e4rjest\u00e4v\u00e4t&nbsp;kursseja.&nbsp;&nbsp;On my\u00f6s paljon koulutusorganisaatioita, jotka j\u00e4rjest\u00e4v\u00e4t maksullista koulutusta ja lyhyit\u00e4 kursseja. Ammattiliittojen&nbsp;koulutukseen&nbsp;voit tutustua liittosi nettisivuilla.&nbsp; Hy\u00f6dyllisi\u00e4 linkkej\u00e4:Ammattikorkeakoulut SuomessaYliopistot Suomessa Opiskelu ty\u00f6n ohessa&nbsp; Opiskelu ei lopu valmistumiseen.&nbsp;Jatkuva [&hellip;]<\/p>\n","protected":false},"author":2,"featured_media":0,"parent":0,"menu_order":0,"comment_status":"closed","ping_status":"closed","template":"","meta":{"_acf_changed":false,"footnotes":""},"asiasana":[30],"omistaja":[],"class_list":["post-4239","page","type-page","status-publish","hentry","asiasana-osaaminen"],"acf":[],"yoast_head":"<!-- This site is optimized with the Yoast SEO plugin v27.3 - https:\/\/yoast.com\/product\/yoast-seo-wordpress\/ -->\n<title>Kehit\u00e4 ammattitaitoasi - Ty\u00f6el\u00e4m\u00e4\u00e4n.fi<\/title>\n<meta name=\"description\" content=\"Opiskelu ei lopu valmistumiseen. Jatkuva oppiminen auttaa uralla eteenp\u00e4in. Palkkakin paranee, kun taidot kasvavat.\" \/>\n<meta name=\"robots\" content=\"index, follow, max-snippet:-1, max-image-preview:large, max-video-preview:-1\" \/>\n<link rel=\"canonical\" href=\"https:\/\/tyoelamaan.fi\/selko\/kehita-ammattitaitoasi\/\" \/>\n<meta property=\"og:locale\" content=\"fi_FI\" \/>\n<meta property=\"og:type\" content=\"article\" \/>\n<meta property=\"og:title\" content=\"Kehit\u00e4 ammattitaitoasi - Ty\u00f6el\u00e4m\u00e4\u00e4n.fi\" \/>\n<meta property=\"og:description\" content=\"Opiskelu ei lopu valmistumiseen. Jatkuva oppiminen auttaa uralla eteenp\u00e4in. Palkkakin paranee, kun taidot kasvavat.\" \/>\n<meta property=\"og:url\" content=\"https:\/\/tyoelamaan.fi\/selko\/kehita-ammattitaitoasi\/\" \/>\n<meta property=\"og:site_name\" content=\"Ty\u00f6el\u00e4m\u00e4\u00e4n.fi\" \/>\n<meta property=\"article:modified_time\" content=\"2024-12-17T04:19:24+00:00\" \/>\n<meta name=\"twitter:card\" content=\"summary_large_image\" \/>\n<meta name=\"twitter:label1\" content=\"Est. reading time\" \/>\n\t<meta name=\"twitter:data1\" content=\"2 minutes\" \/>\n<script type=\"application\/ld+json\" class=\"yoast-schema-graph\">{\"@context\":\"https:\\\/\\\/schema.org\",\"@graph\":[{\"@type\":\"WebPage\",\"@id\":\"https:\\\/\\\/tyoelamaan.fi\\\/selko\\\/kehita-ammattitaitoasi\\\/\",\"url\":\"https:\\\/\\\/tyoelamaan.fi\\\/selko\\\/kehita-ammattitaitoasi\\\/\",\"name\":\"Kehit\u00e4 ammattitaitoasi - Ty\u00f6el\u00e4m\u00e4\u00e4n.fi\",\"isPartOf\":{\"@id\":\"https:\\\/\\\/tyoelamaan.fi\\\/#website\"},\"primaryImageOfPage\":{\"@id\":\"https:\\\/\\\/tyoelamaan.fi\\\/selko\\\/kehita-ammattitaitoasi\\\/#primaryimage\"},\"image\":{\"@id\":\"https:\\\/\\\/tyoelamaan.fi\\\/selko\\\/kehita-ammattitaitoasi\\\/#primaryimage\"},\"thumbnailUrl\":\"https:\\\/\\\/tyoelamaan.fi\\\/wp-content\\\/uploads\\\/2021\\\/03\\\/kahvilatyo-rajattu-713x1024.jpg\",\"datePublished\":\"2021-03-24T12:56:56+00:00\",\"dateModified\":\"2024-12-17T04:19:24+00:00\",\"description\":\"Opiskelu ei lopu valmistumiseen. Jatkuva oppiminen auttaa uralla eteenp\u00e4in. Palkkakin paranee, kun taidot kasvavat.\",\"breadcrumb\":{\"@id\":\"https:\\\/\\\/tyoelamaan.fi\\\/selko\\\/kehita-ammattitaitoasi\\\/#breadcrumb\"},\"inLanguage\":\"fi-selko\",\"potentialAction\":[{\"@type\":\"ReadAction\",\"target\":[\"https:\\\/\\\/tyoelamaan.fi\\\/selko\\\/kehita-ammattitaitoasi\\\/\"]}]},{\"@type\":\"ImageObject\",\"inLanguage\":\"fi-selko\",\"@id\":\"https:\\\/\\\/tyoelamaan.fi\\\/selko\\\/kehita-ammattitaitoasi\\\/#primaryimage\",\"url\":\"https:\\\/\\\/tyoelamaan.fi\\\/wp-content\\\/uploads\\\/2021\\\/03\\\/kahvilatyo-rajattu-713x1024.jpg\",\"contentUrl\":\"https:\\\/\\\/tyoelamaan.fi\\\/wp-content\\\/uploads\\\/2021\\\/03\\\/kahvilatyo-rajattu-713x1024.jpg\"},{\"@type\":\"BreadcrumbList\",\"@id\":\"https:\\\/\\\/tyoelamaan.fi\\\/selko\\\/kehita-ammattitaitoasi\\\/#breadcrumb\",\"itemListElement\":[{\"@type\":\"ListItem\",\"position\":1,\"name\":\"Home\",\"item\":\"https:\\\/\\\/tyoelamaan.fi\\\/selko\\\/\"},{\"@type\":\"ListItem\",\"position\":2,\"name\":\"Kehit\u00e4 ammattitaitoasi\"}]},{\"@type\":\"WebSite\",\"@id\":\"https:\\\/\\\/tyoelamaan.fi\\\/#website\",\"url\":\"https:\\\/\\\/tyoelamaan.fi\\\/\",\"name\":\"Ty\u00f6el\u00e4m\u00e4\u00e4n.fi\",\"description\":\"\",\"publisher\":{\"@id\":\"https:\\\/\\\/tyoelamaan.fi\\\/#organization\"},\"potentialAction\":[{\"@type\":\"SearchAction\",\"target\":{\"@type\":\"EntryPoint\",\"urlTemplate\":\"https:\\\/\\\/tyoelamaan.fi\\\/?s={search_term_string}\"},\"query-input\":{\"@type\":\"PropertyValueSpecification\",\"valueRequired\":true,\"valueName\":\"search_term_string\"}}],\"inLanguage\":\"fi-selko\"},{\"@type\":\"Organization\",\"@id\":\"https:\\\/\\\/tyoelamaan.fi\\\/#organization\",\"name\":\"Ty\u00f6el\u00e4m\u00e4\u00e4n.fi\",\"url\":\"https:\\\/\\\/tyoelamaan.fi\\\/\",\"logo\":{\"@type\":\"ImageObject\",\"inLanguage\":\"fi-selko\",\"@id\":\"https:\\\/\\\/tyoelamaan.fi\\\/#\\\/schema\\\/logo\\\/image\\\/\",\"url\":\"https:\\\/\\\/tyoelamaan.fi\\\/wp-content\\\/uploads\\\/2024\\\/11\\\/tyoelamaan_logo.svg\",\"contentUrl\":\"https:\\\/\\\/tyoelamaan.fi\\\/wp-content\\\/uploads\\\/2024\\\/11\\\/tyoelamaan_logo.svg\",\"width\":131,\"height\":30,\"caption\":\"Ty\u00f6el\u00e4m\u00e4\u00e4n.fi\"},\"image\":{\"@id\":\"https:\\\/\\\/tyoelamaan.fi\\\/#\\\/schema\\\/logo\\\/image\\\/\"}}]}<\/script>\n<!-- \/ Yoast SEO plugin. -->","yoast_head_json":{"title":"Kehit\u00e4 ammattitaitoasi - Ty\u00f6el\u00e4m\u00e4\u00e4n.fi","description":"Opiskelu ei lopu valmistumiseen. Jatkuva oppiminen auttaa uralla eteenp\u00e4in. Palkkakin paranee, kun taidot kasvavat.","robots":{"index":"index","follow":"follow","max-snippet":"max-snippet:-1","max-image-preview":"max-image-preview:large","max-video-preview":"max-video-preview:-1"},"canonical":"https:\/\/tyoelamaan.fi\/selko\/kehita-ammattitaitoasi\/","og_locale":"fi_FI","og_type":"article","og_title":"Kehit\u00e4 ammattitaitoasi - Ty\u00f6el\u00e4m\u00e4\u00e4n.fi","og_description":"Opiskelu ei lopu valmistumiseen. Jatkuva oppiminen auttaa uralla eteenp\u00e4in. Palkkakin paranee, kun taidot kasvavat.","og_url":"https:\/\/tyoelamaan.fi\/selko\/kehita-ammattitaitoasi\/","og_site_name":"Ty\u00f6el\u00e4m\u00e4\u00e4n.fi","article_modified_time":"2024-12-17T04:19:24+00:00","twitter_card":"summary_large_image","twitter_misc":{"Est. reading time":"2 minutes"},"schema":{"@context":"https:\/\/schema.org","@graph":[{"@type":"WebPage","@id":"https:\/\/tyoelamaan.fi\/selko\/kehita-ammattitaitoasi\/","url":"https:\/\/tyoelamaan.fi\/selko\/kehita-ammattitaitoasi\/","name":"Kehit\u00e4 ammattitaitoasi - Ty\u00f6el\u00e4m\u00e4\u00e4n.fi","isPartOf":{"@id":"https:\/\/tyoelamaan.fi\/#website"},"primaryImageOfPage":{"@id":"https:\/\/tyoelamaan.fi\/selko\/kehita-ammattitaitoasi\/#primaryimage"},"image":{"@id":"https:\/\/tyoelamaan.fi\/selko\/kehita-ammattitaitoasi\/#primaryimage"},"thumbnailUrl":"https:\/\/tyoelamaan.fi\/wp-content\/uploads\/2021\/03\/kahvilatyo-rajattu-713x1024.jpg","datePublished":"2021-03-24T12:56:56+00:00","dateModified":"2024-12-17T04:19:24+00:00","description":"Opiskelu ei lopu valmistumiseen. Jatkuva oppiminen auttaa uralla eteenp\u00e4in. Palkkakin paranee, kun taidot kasvavat.","breadcrumb":{"@id":"https:\/\/tyoelamaan.fi\/selko\/kehita-ammattitaitoasi\/#breadcrumb"},"inLanguage":"fi-selko","potentialAction":[{"@type":"ReadAction","target":["https:\/\/tyoelamaan.fi\/selko\/kehita-ammattitaitoasi\/"]}]},{"@type":"ImageObject","inLanguage":"fi-selko","@id":"https:\/\/tyoelamaan.fi\/selko\/kehita-ammattitaitoasi\/#primaryimage","url":"https:\/\/tyoelamaan.fi\/wp-content\/uploads\/2021\/03\/kahvilatyo-rajattu-713x1024.jpg","contentUrl":"https:\/\/tyoelamaan.fi\/wp-content\/uploads\/2021\/03\/kahvilatyo-rajattu-713x1024.jpg"},{"@type":"BreadcrumbList","@id":"https:\/\/tyoelamaan.fi\/selko\/kehita-ammattitaitoasi\/#breadcrumb","itemListElement":[{"@type":"ListItem","position":1,"name":"Home","item":"https:\/\/tyoelamaan.fi\/selko\/"},{"@type":"ListItem","position":2,"name":"Kehit\u00e4 ammattitaitoasi"}]},{"@type":"WebSite","@id":"https:\/\/tyoelamaan.fi\/#website","url":"https:\/\/tyoelamaan.fi\/","name":"Ty\u00f6el\u00e4m\u00e4\u00e4n.fi","description":"","publisher":{"@id":"https:\/\/tyoelamaan.fi\/#organization"},"potentialAction":[{"@type":"SearchAction","target":{"@type":"EntryPoint","urlTemplate":"https:\/\/tyoelamaan.fi\/?s={search_term_string}"},"query-input":{"@type":"PropertyValueSpecification","valueRequired":true,"valueName":"search_term_string"}}],"inLanguage":"fi-selko"},{"@type":"Organization","@id":"https:\/\/tyoelamaan.fi\/#organization","name":"Ty\u00f6el\u00e4m\u00e4\u00e4n.fi","url":"https:\/\/tyoelamaan.fi\/","logo":{"@type":"ImageObject","inLanguage":"fi-selko","@id":"https:\/\/tyoelamaan.fi\/#\/schema\/logo\/image\/","url":"https:\/\/tyoelamaan.fi\/wp-content\/uploads\/2024\/11\/tyoelamaan_logo.svg","contentUrl":"https:\/\/tyoelamaan.fi\/wp-content\/uploads\/2024\/11\/tyoelamaan_logo.svg","width":131,"height":30,"caption":"Ty\u00f6el\u00e4m\u00e4\u00e4n.fi"},"image":{"@id":"https:\/\/tyoelamaan.fi\/#\/schema\/logo\/image\/"}}]}},"_links":{"self":[{"href":"https:\/\/tyoelamaan.fi\/selko\/wp-json\/wp\/v2\/pages\/4239","targetHints":{"allow":["GET"]}}],"collection":[{"href":"https:\/\/tyoelamaan.fi\/selko\/wp-json\/wp\/v2\/pages"}],"about":[{"href":"https:\/\/tyoelamaan.fi\/selko\/wp-json\/wp\/v2\/types\/page"}],"author":[{"embeddable":true,"href":"https:\/\/tyoelamaan.fi\/selko\/wp-json\/wp\/v2\/users\/2"}],"replies":[{"embeddable":true,"href":"https:\/\/tyoelamaan.fi\/selko\/wp-json\/wp\/v2\/comments?post=4239"}],"version-history":[{"count":9,"href":"https:\/\/tyoelamaan.fi\/selko\/wp-json\/wp\/v2\/pages\/4239\/revisions"}],"predecessor-version":[{"id":12492,"href":"https:\/\/tyoelamaan.fi\/selko\/wp-json\/wp\/v2\/pages\/4239\/revisions\/12492"}],"wp:attachment":[{"href":"https:\/\/tyoelamaan.fi\/selko\/wp-json\/wp\/v2\/media?parent=4239"}],"wp:term":[{"taxonomy":"asiasana","embeddable":true,"href":"https:\/\/tyoelamaan.fi\/selko\/wp-json\/wp\/v2\/asiasana?post=4239"},{"taxonomy":"omistaja","embeddable":true,"href":"https:\/\/tyoelamaan.fi\/selko\/wp-json\/wp\/v2\/omistaja?post=4239"}],"curies":[{"name":"wp","href":"https:\/\/api.w.org\/{rel}","templated":true}]}}