{"id":4529,"date":"2021-04-13T14:47:18","date_gmt":"2021-04-13T11:47:18","guid":{"rendered":"https:\/\/tyoelamaan.fi\/?page_id=4529"},"modified":"2024-12-17T06:19:27","modified_gmt":"2024-12-17T04:19:27","slug":"tyottomyys","status":"publish","type":"page","link":"https:\/\/tyoelamaan.fi\/selko\/tyon-paattyessa\/tyottomyys\/","title":{"rendered":"Ty\u00f6tt\u00f6myys"},"content":{"rendered":"\n<p>L\u00e4hes jokainen on ty\u00f6tt\u00f6m\u00e4n\u00e4 jossain uransa vaiheessa. Ty\u00f6tt\u00f6myysajat ovat nyky\u00e4\u00e4n yleisi\u00e4, sill\u00e4 ty\u00f6el\u00e4m\u00e4 on pirstaleisempaa kuin ennen. En\u00e4\u00e4 ei valmistumisen j\u00e4lkeen etsit\u00e4 loppuel\u00e4m\u00e4n ty\u00f6paikkaa, vaan ty\u00f6kokemusta ker\u00e4t\u00e4\u00e4n monesta paikasta. My\u00f6s p\u00e4tk\u00e4- ja keikkaty\u00f6t ovat yleistyneet. <\/p>\n\n\n\n<p>Ty\u00f6tt\u00f6myys voi olla mahdollisuus l\u00f6yt\u00e4\u00e4 jotakin uutta. Siksi lyhytaikaista ty\u00f6tt\u00f6myytt\u00e4 ei kannata pel\u00e4t\u00e4. Ota selv\u00e4\u00e4 Kelan pikaoppaasta, mihin etuuksiin olet oikeutettu.<\/p>\n\n\n\n<p><strong>Hy\u00f6dyllisi\u00e4 linkkej\u00e4:<\/strong><\/p>\n\n\n\n<p><a href=\"https:\/\/www.kela.fi\/tyottoman-pikaopas\" target=\"_blank\" rel=\"noreferrer noopener\">Kelan pikaopas<\/a><\/p>\n\n\n\n<h2 class=\"wp-block-heading\">Ty\u00f6t\u00f6n ty\u00f6nhakija<\/h2>\n\n\n\n<p>Ilmoittaudu <strong>ty\u00f6tt\u00f6m\u00e4ksi ty\u00f6nhakijaksi<\/strong> TE-toimistoon silloin, kun joudut ty\u00f6tt\u00f6m\u00e4ksi. Muuten et saa ty\u00f6tt\u00f6myyskorvausta. TE-toimistosta saat tukea ty\u00f6nhakuun, esimerkiksi neuvontaa ja koulutusta. <\/p>\n\n\n\n<p><strong>Ty\u00f6tt\u00f6m\u00e4n\u00e4 <\/strong>pidet\u00e4\u00e4n ty\u00f6nhakijaa, joka on ilman ty\u00f6t\u00e4 kaksi viikkoa ja joka on kirjautunut <a href=\"https:\/\/www.te-palvelut.fi\/\" target=\"_blank\" rel=\"noreferrer noopener\">TE-toimistossa<\/a> ty\u00f6nhakijaksi. Ty\u00f6tt\u00f6m\u00e4ksi katsotaan my\u00f6s lomautettu ty\u00f6ntekij\u00e4.<\/p>\n\n\n\n<p><strong>Ty\u00f6tt\u00f6myyskorvauksesta <\/strong>p\u00e4\u00e4tt\u00e4\u00e4 <span class='tooltipsall tooltipsincontent classtoolTips19'>Ty\u00f6tt\u00f6myyskassa<\/span> tai Kela.<\/p>\n\n\n\n<h2 class=\"wp-block-heading\">Opiskelu ty\u00f6tt\u00f6m\u00e4n\u00e4<\/h2>\n\n\n\n<p>P\u00e4\u00e4toimisena opiskelijana et saa ty\u00f6tt\u00f6myyskorvausta. <strong>P\u00e4\u00e4toiminen opiskelija<\/strong> saa sen sijaan opintotukea. T\u00e4h\u00e4n s\u00e4\u00e4nt\u00f6\u00f6n on kuitenkin poikkeuksia. Jos haluat aloittaa opiskelun ty\u00f6tt\u00f6m\u00e4n\u00e4, tutustu ty\u00f6voimakoulutuksiin, oppisopimuksiin ja sivutoimisiin opintoihin, joiden aikana voi saada ty\u00f6tt\u00f6myyskorvausta. Kysy neuvoa TE-toimistosta.<\/p>\n\n\n\n<p><span class='tooltipsall tooltipsincontent classtoolTips46'>TE-toimisto<\/span> j\u00e4rjest\u00e4\u00e4 my\u00f6s ty\u00f6voimakoulutusta, jonka aikana saat saman korvauksen kuin ty\u00f6tt\u00f6m\u00e4n\u00e4. Pieni korotuskin on mahdollinen.<\/p>\n\n\n\n<p>Oppisopimuksella voit hankkia ammatin ja opiskella tutkinnon. P\u00e4\u00e4osa opinnoista liittyy k\u00e4yt\u00e4nn\u00f6n teht\u00e4viin ty\u00f6paikalla. Koulutus on p\u00e4\u00e4toimista ja perustuu ty\u00f6sopimukseen. Ty\u00f6nantaja maksaa sinulle palkkaa.<\/p>\n\n\n\n<p><strong>Sivutoimiset opinnot<\/strong> eiv\u00e4t est\u00e4 sinua saamasta ty\u00f6tt\u00f6myyskorvausta. P\u00e4\u00e4toimisina ja sivutoimisina pidett\u00e4v\u00e4t opinnot on m\u00e4\u00e4ritelty laissa. TE-toimistosta saat tiedon, ovatko suunnittelemasi opinnot p\u00e4\u00e4- vai sivutoimisia.<\/p>\n\n\n\n<p>25-vuotiaat ja sit\u00e4 vanhemmat voivat opiskella kuusi kuukautta ty\u00f6tt\u00f6myysrahalla. Opintojen t\u00e4ytyy antaa ammatillisia valmiuksia tai tukea yritystoimintaa. Sinulla voi olla oikeus my\u00f6s omaehtoiseen opiskeluun. Kysy asiaa TE-toimistosta.<\/p>\n\n\n\n<p><strong>Hy\u00f6dyllisi\u00e4 linkkej\u00e4:<\/strong><\/p>\n\n\n\n<p><a href=\"https:\/\/koulutukset.te-palvelut.fi\/kt\/\" target=\"_blank\" rel=\"noreferrer noopener\">Haussa olevat ty\u00f6voimakoulutukset<\/a><\/p>\n\n\n\n<p><a href=\"https:\/\/opintopolku.fi\/konfo\/fi\/sivu\/oppisopimus\" target=\"_blank\" rel=\"noreferrer noopener\">Oppisopimus ja koulutussopimus<\/a><\/p>\n\n\n\n<h2 class=\"wp-block-heading\">Lomautus<\/h2>\n\n\n\n<p>Jos joudut lomautetuksi, ty\u00f6nteko ja palkanmaksu keskeytet\u00e4\u00e4n v\u00e4liaikaisesti. Ty\u00f6suhde s\u00e4ilyy muuten ennallaan. Lomautus voidaan tehd\u00e4 my\u00f6s lyhent\u00e4m\u00e4ll\u00e4 ty\u00f6aikaa.<\/p>\n\n\n\n<p>Ty\u00f6nantaja voi lomauttaa ty\u00f6ntekij\u00e4n, jos h\u00e4nell\u00e4 on lainmukainen peruste irtisanomiseen. Ty\u00f6n m\u00e4\u00e4r\u00e4 on ehk\u00e4 v\u00e4hentynyt, eik\u00e4 ty\u00f6nantaja voi j\u00e4rjest\u00e4\u00e4 ty\u00f6ntekij\u00e4lle muuta sopivaa ty\u00f6t\u00e4 tai koulutusta.<\/p>\n\n\n\n<p><strong>Ty\u00f6nantajan pit\u00e4\u00e4 ilmoittaa lomautuksen peruste, alkamisaika ja kesto 14 p\u00e4iv\u00e4\u00e4 ennen sen alkua.<\/strong><\/p>\n\n\n\n<p>Jos sinut lomautetaan, ilmoittaudu TE-toimistoon ja toimita sinne lomautusilmoitus. Lomautetulla on laissa m\u00e4\u00e4ritellyiss\u00e4 tilanteissa oikeus ty\u00f6tt\u00f6myyskorvaukseen.<\/p>\n\n\n\n<h2 class=\"wp-block-heading\">Pitk\u00e4aikainen ty\u00f6tt\u00f6myys<\/h2>\n\n\n\n<p>Ty\u00f6tt\u00f6myys on pitk\u00e4aikaista, jos se jatkuu yli vuoden. Jos olet pitk\u00e4\u00e4n ty\u00f6tt\u00f6m\u00e4n\u00e4, kysy TE-toimistosta erityistukia. Pitk\u00e4\u00e4n ty\u00f6tt\u00f6m\u00e4n\u00e4 olleille tarjotaan kuntouttavaa ty\u00f6t\u00e4 ja palkkatukea.<\/p>\n\n\n\n<h2 class=\"wp-block-heading\">Ty\u00f6 vaikean el\u00e4m\u00e4ntilanteen j\u00e4lkeen<\/h2>\n\n\n<div data-accordion-title=\"Ty\u00f6nhaku mielenterveyskuntoutujana\" data-block-id=\"block-e44ee4a0-edb3-47e6-9040-dcf59575b30c\" class=\"wp-block-as-blocks-accordion-block\"><div class=\"accordion\"><div class=\"accordion-item\"><h4 class=\"accordion-header\" id=\"block-e44ee4a0-edb3-47e6-9040-dcf59575b30cheading\"><button class=\"accordion-button collapsed\" type=\"button\" data-bs-toggle=\"collapse\" data-bs-target=\"#block-e44ee4a0-edb3-47e6-9040-dcf59575b30c\" aria-expanded=\"false\" aria-controls=\"block-e44ee4a0-edb3-47e6-9040-dcf59575b30c\">Ty\u00f6nhaku mielenterveyskuntoutujana<\/button><\/h4><div id=\"block-e44ee4a0-edb3-47e6-9040-dcf59575b30c\" class=\"accordion-collapse collapse\" aria-labelledby=\"block-e44ee4a0-edb3-47e6-9040-dcf59575b30cheading\"><div class=\"accordion-body\">\n<p>Mielenterveys voi j\u00e4rkky\u00e4 jo nuorena. Sairauden j\u00e4lkeen tarvitsee tukea, jotta voi palata ty\u00f6h\u00f6n.<\/p>\n\n\n\n<p><a href=\"https:\/\/www.nyyti.fi\/\" target=\"_blank\" rel=\"noreferrer noopener\">Nyyti ry<\/a>&nbsp;on yhdistys, joka edist\u00e4\u00e4 opiskelijoiden mielenterveytt\u00e4. Se tarjoaa vertaistukea ja chat-palveluja.<\/p>\n\n\n\n<p><a href=\"https:\/\/www.mielenterveystalo.fi\/aikuiset\/itsehoito-ja-oppaat\/oppaat\/psykoosi\/Pages\/opiskelu-ja-tyo.aspx\" target=\"_blank\" rel=\"noreferrer noopener\">Mielenterveystalo<\/a>&nbsp;on koonnut sivuilleen tietoa ty\u00f6el\u00e4m\u00e4\u00e4n palaamisesta mielenterveyskuntoutujana.<\/p>\n\n\n\n<p>My\u00f6s&nbsp;<a href=\"https:\/\/www.mtkl.fi\/mista-apua\/tyoelama-ja-sairastuminen\/\" target=\"_blank\" rel=\"noreferrer noopener\">Mielenterveyden keskusliitto&nbsp;<\/a>antaa&nbsp;konkreettisia vinkkej\u00e4 ty\u00f6llistymiseen.<\/p>\n<\/div><\/div><\/div><\/div><\/div>\n\n<div data-accordion-title=\"Ty\u00f6nhaku vankeusrangaistuksen j\u00e4lkeen\" data-block-id=\"block-37de509d-13d3-436c-8509-fb491a2a3298\" class=\"wp-block-as-blocks-accordion-block\"><div class=\"accordion\"><div class=\"accordion-item\"><h4 class=\"accordion-header\" id=\"block-37de509d-13d3-436c-8509-fb491a2a3298heading\"><button class=\"accordion-button collapsed\" type=\"button\" data-bs-toggle=\"collapse\" data-bs-target=\"#block-37de509d-13d3-436c-8509-fb491a2a3298\" aria-expanded=\"false\" aria-controls=\"block-37de509d-13d3-436c-8509-fb491a2a3298\">Ty\u00f6nhaku vankeusrangaistuksen j\u00e4lkeen<\/button><\/h4><div id=\"block-37de509d-13d3-436c-8509-fb491a2a3298\" class=\"accordion-collapse collapse\" aria-labelledby=\"block-37de509d-13d3-436c-8509-fb491a2a3298heading\"><div class=\"accordion-body\">\n<p>Vankien ty\u00f6taitoa tuetaan monin keinoin. Vankilassa voi opiskella tai saada ty\u00f6kokemusta ty\u00f6pajoissa. Vankiloissa tehd\u00e4\u00e4n sellaisia t\u00f6it\u00e4, joista on hy\u00f6ty\u00e4 vapautumisen j\u00e4lkeen. Vertaistukea ja apua vapautumisen j\u00e4lkeen tarjoaa KRIS.<\/p>\n\n\n\n<p>Ty\u00f6nantaja saa tarkistaa rikosrekisterisi vain tietyill\u00e4 aloilla.<\/p>\n<\/div><\/div><\/div><\/div><\/div>\n\n<div data-accordion-title=\"Ty\u00f6nhaku p\u00e4ihdekuntoutuksen j\u00e4lkeen\" data-block-id=\"block-9cb43c6a-527d-4a3e-87da-f8283b53e36c\" class=\"wp-block-as-blocks-accordion-block\"><div class=\"accordion\"><div class=\"accordion-item\"><h4 class=\"accordion-header\" id=\"block-9cb43c6a-527d-4a3e-87da-f8283b53e36cheading\"><button class=\"accordion-button collapsed\" type=\"button\" data-bs-toggle=\"collapse\" data-bs-target=\"#block-9cb43c6a-527d-4a3e-87da-f8283b53e36c\" aria-expanded=\"false\" aria-controls=\"block-9cb43c6a-527d-4a3e-87da-f8283b53e36c\">Ty\u00f6nhaku p\u00e4ihdekuntoutuksen j\u00e4lkeen<\/button><\/h4><div id=\"block-9cb43c6a-527d-4a3e-87da-f8283b53e36c\" class=\"accordion-collapse collapse\" aria-labelledby=\"block-9cb43c6a-527d-4a3e-87da-f8283b53e36cheading\"><div class=\"accordion-body\">\n<p>Ty\u00f6t\u00e4 kannattaa hakea my\u00f6s silloin, kun on p\u00e4\u00e4ssyt eroon p\u00e4ihteist\u00e4. Jos on raitistunut, voimavaroja l\u00f6ytyy ty\u00f6h\u00f6n. Oman kuntasi sivuilta saat tietoa kuntoutuspalveluista. Kysy ty\u00f6ntekij\u00f6ilt\u00e4, onko tarjolla sinulle sopivaa ty\u00f6llistymisohjelmaa.<\/p>\n\n\n\n<p><a href=\"https:\/\/www.tukikohta.org\/paihdetyota-tekevia-jarjestoja\/\" target=\"_blank\" rel=\"noreferrer noopener\">Tukikohta ry<\/a>&nbsp;ja&nbsp;<a href=\"http:\/\/www.ehyt.fi\/\" target=\"_blank\" rel=\"noreferrer noopener\">EHYT ry<\/a>&nbsp;tarjoavat tukea el\u00e4m\u00e4\u00e4n ilman p\u00e4ihteit\u00e4.<\/p>\n<\/div><\/div><\/div><\/div><\/div><script type=\"text\/javascript\"> toolTips('.classtoolTips19','<span class=\"TextRun SCXW161225013 BCX9\" lang=\"FI-FI\" xml:lang=\"FI-FI\" data-contrast=\"none\"><span class=\"NormalTextRun SCXW161225013 BCX9\">Ty\u00f6tt\u00f6myyskassa on yhteis\u00f6, jonka j\u00e4senin\u00e4 on joko ty\u00f6ntekij\u00f6it\u00e4 tai yritt\u00e4ji\u00e4. Se tuottaa j\u00e4senilleen ansioturvaa ty\u00f6tt\u00f6myyden ajalta.<\/span><\/span><span class=\"EOP SCXW161225013 BCX9\" data-ccp-props=\"{&quot;201341983&quot;:0,&quot;335559739&quot;:160,&quot;335559740&quot;:259}\">\u00a0<\/span>'); <\/script><script type=\"text\/javascript\"> toolTips('.classtoolTips46','<span class=\"TextRun SCXW192067295 BCX9\" lang=\"FI-FI\" xml:lang=\"FI-FI\" data-contrast=\"none\"><span class=\"NormalTextRun SCXW192067295 BCX9\">Ty\u00f6tt\u00f6m\u00e4ksi j\u00e4\u00e4v\u00e4n pit\u00e4\u00e4 ilmoittautua ty\u00f6- ja elinkeinopalvelussa ty\u00f6tt\u00f6m\u00e4ksi ty\u00f6nhakijaksi.<\/span><\/span><span class=\"TextRun SCXW192067295 BCX9\" lang=\"FI-FI\" xml:lang=\"FI-FI\" data-contrast=\"auto\"><span class=\"NormalTextRun SCXW192067295 BCX9\"> TE-palvelusta saa tukea ty\u00f6nhakuun ja ty\u00f6llistymiseen, kuten esimerkiksi neuvontaa, erilaisia koulutuksia ja ohjeet ty\u00f6tt\u00f6myysetuuden hakemiseen.<\/span><\/span>'); <\/script><script type=\"text\/javascript\"> toolTips('.classtoolTips51','Joustavaa tilap\u00e4ist\u00e4 ty\u00f6t\u00e4, jota tehd\u00e4\u00e4n usein lyhytaikaisissa projekteissa tai keikkaluonteisesti eri ty\u00f6nantajien palveluksessa. Keikkaty\u00f6 voi olla esimerkiksi satunnaista p\u00e4tk\u00e4ty\u00f6t\u00e4, vuokraty\u00f6t\u00e4 tai freelancer-ty\u00f6t\u00e4.'); <\/script><script type=\"text\/javascript\"> toolTips('.classtoolTips59','S\u00e4\u00e4nn\u00f6llinen ty\u00f6aika on ty\u00f6aikalain mukaan enint\u00e4\u00e4n 8 tuntia vuorokaudessa tai 40 tuntia viikossa.'); <\/script>","protected":false},"excerpt":{"rendered":"<p>L\u00e4hes jokainen on ty\u00f6tt\u00f6m\u00e4n\u00e4 jossain uransa vaiheessa. Ty\u00f6tt\u00f6myysajat ovat nyky\u00e4\u00e4n yleisi\u00e4, sill\u00e4 ty\u00f6el\u00e4m\u00e4 on pirstaleisempaa kuin ennen. En\u00e4\u00e4 ei valmistumisen j\u00e4lkeen etsit\u00e4 loppuel\u00e4m\u00e4n ty\u00f6paikkaa, vaan ty\u00f6kokemusta ker\u00e4t\u00e4\u00e4n monesta paikasta. My\u00f6s p\u00e4tk\u00e4- ja keikkaty\u00f6t ovat yleistyneet. Ty\u00f6tt\u00f6myys voi olla mahdollisuus l\u00f6yt\u00e4\u00e4 jotakin uutta. Siksi lyhytaikaista ty\u00f6tt\u00f6myytt\u00e4 ei kannata pel\u00e4t\u00e4. Ota selv\u00e4\u00e4 Kelan pikaoppaasta, mihin etuuksiin olet [&hellip;]<\/p>\n","protected":false},"author":2,"featured_media":0,"parent":10844,"menu_order":0,"comment_status":"closed","ping_status":"closed","template":"","meta":{"_acf_changed":false,"footnotes":""},"asiasana":[28],"omistaja":[],"class_list":["post-4529","page","type-page","status-publish","hentry","asiasana-tyottomyys"],"acf":[],"yoast_head":"<!-- This site is optimized with the Yoast SEO plugin v27.3 - https:\/\/yoast.com\/product\/yoast-seo-wordpress\/ -->\n<title>Ty\u00f6tt\u00f6myys - Ty\u00f6el\u00e4m\u00e4\u00e4n.fi<\/title>\n<meta name=\"robots\" content=\"index, follow, max-snippet:-1, max-image-preview:large, max-video-preview:-1\" \/>\n<link rel=\"canonical\" href=\"https:\/\/tyoelamaan.fi\/tyon-paattyessa\/tyottomyys\/\" \/>\n<meta property=\"og:locale\" content=\"fi_FI\" \/>\n<meta property=\"og:type\" content=\"article\" \/>\n<meta property=\"og:title\" content=\"Ty\u00f6tt\u00f6myys - Ty\u00f6el\u00e4m\u00e4\u00e4n.fi\" \/>\n<meta property=\"og:description\" content=\"L\u00e4hes jokainen on ty\u00f6tt\u00f6m\u00e4n\u00e4 jossain uransa vaiheessa. Ty\u00f6tt\u00f6myysajat ovat nyky\u00e4\u00e4n yleisi\u00e4, sill\u00e4 ty\u00f6el\u00e4m\u00e4 on pirstaleisempaa kuin ennen. En\u00e4\u00e4 ei valmistumisen j\u00e4lkeen etsit\u00e4 loppuel\u00e4m\u00e4n ty\u00f6paikkaa, vaan ty\u00f6kokemusta ker\u00e4t\u00e4\u00e4n monesta paikasta. My\u00f6s p\u00e4tk\u00e4- ja keikkaty\u00f6t ovat yleistyneet. Ty\u00f6tt\u00f6myys voi olla mahdollisuus l\u00f6yt\u00e4\u00e4 jotakin uutta. Siksi lyhytaikaista ty\u00f6tt\u00f6myytt\u00e4 ei kannata pel\u00e4t\u00e4. Ota selv\u00e4\u00e4 Kelan pikaoppaasta, mihin etuuksiin olet [&hellip;]\" \/>\n<meta property=\"og:url\" content=\"https:\/\/tyoelamaan.fi\/tyon-paattyessa\/tyottomyys\/\" \/>\n<meta property=\"og:site_name\" content=\"Ty\u00f6el\u00e4m\u00e4\u00e4n.fi\" \/>\n<meta property=\"article:modified_time\" content=\"2024-12-17T04:19:27+00:00\" \/>\n<meta name=\"twitter:card\" content=\"summary_large_image\" \/>\n<meta name=\"twitter:label1\" content=\"Est. reading time\" \/>\n\t<meta name=\"twitter:data1\" content=\"3 minutes\" \/>\n<script type=\"application\/ld+json\" class=\"yoast-schema-graph\">{\"@context\":\"https:\\\/\\\/schema.org\",\"@graph\":[{\"@type\":\"WebPage\",\"@id\":\"https:\\\/\\\/tyoelamaan.fi\\\/tyon-paattyessa\\\/tyottomyys\\\/\",\"url\":\"https:\\\/\\\/tyoelamaan.fi\\\/tyon-paattyessa\\\/tyottomyys\\\/\",\"name\":\"Ty\u00f6tt\u00f6myys - Ty\u00f6el\u00e4m\u00e4\u00e4n.fi\",\"isPartOf\":{\"@id\":\"https:\\\/\\\/tyoelamaan.fi\\\/#website\"},\"datePublished\":\"2021-04-13T11:47:18+00:00\",\"dateModified\":\"2024-12-17T04:19:27+00:00\",\"breadcrumb\":{\"@id\":\"https:\\\/\\\/tyoelamaan.fi\\\/tyon-paattyessa\\\/tyottomyys\\\/#breadcrumb\"},\"inLanguage\":\"fi-selko\",\"potentialAction\":[{\"@type\":\"ReadAction\",\"target\":[\"https:\\\/\\\/tyoelamaan.fi\\\/tyon-paattyessa\\\/tyottomyys\\\/\"]}]},{\"@type\":\"BreadcrumbList\",\"@id\":\"https:\\\/\\\/tyoelamaan.fi\\\/tyon-paattyessa\\\/tyottomyys\\\/#breadcrumb\",\"itemListElement\":[{\"@type\":\"ListItem\",\"position\":1,\"name\":\"Home\",\"item\":\"https:\\\/\\\/tyoelamaan.fi\\\/selko\\\/\"},{\"@type\":\"ListItem\",\"position\":2,\"name\":\"Ty\u00f6n p\u00e4\u00e4ttyess\u00e4\",\"item\":\"https:\\\/\\\/tyoelamaan.fi\\\/tyon-paattyessa\\\/\"},{\"@type\":\"ListItem\",\"position\":3,\"name\":\"Ty\u00f6tt\u00f6myys\"}]},{\"@type\":\"WebSite\",\"@id\":\"https:\\\/\\\/tyoelamaan.fi\\\/#website\",\"url\":\"https:\\\/\\\/tyoelamaan.fi\\\/\",\"name\":\"Ty\u00f6el\u00e4m\u00e4\u00e4n.fi\",\"description\":\"\",\"publisher\":{\"@id\":\"https:\\\/\\\/tyoelamaan.fi\\\/#organization\"},\"potentialAction\":[{\"@type\":\"SearchAction\",\"target\":{\"@type\":\"EntryPoint\",\"urlTemplate\":\"https:\\\/\\\/tyoelamaan.fi\\\/?s={search_term_string}\"},\"query-input\":{\"@type\":\"PropertyValueSpecification\",\"valueRequired\":true,\"valueName\":\"search_term_string\"}}],\"inLanguage\":\"fi-selko\"},{\"@type\":\"Organization\",\"@id\":\"https:\\\/\\\/tyoelamaan.fi\\\/#organization\",\"name\":\"Ty\u00f6el\u00e4m\u00e4\u00e4n.fi\",\"url\":\"https:\\\/\\\/tyoelamaan.fi\\\/\",\"logo\":{\"@type\":\"ImageObject\",\"inLanguage\":\"fi-selko\",\"@id\":\"https:\\\/\\\/tyoelamaan.fi\\\/#\\\/schema\\\/logo\\\/image\\\/\",\"url\":\"https:\\\/\\\/tyoelamaan.fi\\\/wp-content\\\/uploads\\\/2024\\\/11\\\/tyoelamaan_logo.svg\",\"contentUrl\":\"https:\\\/\\\/tyoelamaan.fi\\\/wp-content\\\/uploads\\\/2024\\\/11\\\/tyoelamaan_logo.svg\",\"width\":131,\"height\":30,\"caption\":\"Ty\u00f6el\u00e4m\u00e4\u00e4n.fi\"},\"image\":{\"@id\":\"https:\\\/\\\/tyoelamaan.fi\\\/#\\\/schema\\\/logo\\\/image\\\/\"}}]}<\/script>\n<!-- \/ Yoast SEO plugin. -->","yoast_head_json":{"title":"Ty\u00f6tt\u00f6myys - Ty\u00f6el\u00e4m\u00e4\u00e4n.fi","robots":{"index":"index","follow":"follow","max-snippet":"max-snippet:-1","max-image-preview":"max-image-preview:large","max-video-preview":"max-video-preview:-1"},"canonical":"https:\/\/tyoelamaan.fi\/tyon-paattyessa\/tyottomyys\/","og_locale":"fi_FI","og_type":"article","og_title":"Ty\u00f6tt\u00f6myys - Ty\u00f6el\u00e4m\u00e4\u00e4n.fi","og_description":"L\u00e4hes jokainen on ty\u00f6tt\u00f6m\u00e4n\u00e4 jossain uransa vaiheessa. Ty\u00f6tt\u00f6myysajat ovat nyky\u00e4\u00e4n yleisi\u00e4, sill\u00e4 ty\u00f6el\u00e4m\u00e4 on pirstaleisempaa kuin ennen. En\u00e4\u00e4 ei valmistumisen j\u00e4lkeen etsit\u00e4 loppuel\u00e4m\u00e4n ty\u00f6paikkaa, vaan ty\u00f6kokemusta ker\u00e4t\u00e4\u00e4n monesta paikasta. My\u00f6s p\u00e4tk\u00e4- ja keikkaty\u00f6t ovat yleistyneet. Ty\u00f6tt\u00f6myys voi olla mahdollisuus l\u00f6yt\u00e4\u00e4 jotakin uutta. Siksi lyhytaikaista ty\u00f6tt\u00f6myytt\u00e4 ei kannata pel\u00e4t\u00e4. Ota selv\u00e4\u00e4 Kelan pikaoppaasta, mihin etuuksiin olet [&hellip;]","og_url":"https:\/\/tyoelamaan.fi\/tyon-paattyessa\/tyottomyys\/","og_site_name":"Ty\u00f6el\u00e4m\u00e4\u00e4n.fi","article_modified_time":"2024-12-17T04:19:27+00:00","twitter_card":"summary_large_image","twitter_misc":{"Est. reading time":"3 minutes"},"schema":{"@context":"https:\/\/schema.org","@graph":[{"@type":"WebPage","@id":"https:\/\/tyoelamaan.fi\/tyon-paattyessa\/tyottomyys\/","url":"https:\/\/tyoelamaan.fi\/tyon-paattyessa\/tyottomyys\/","name":"Ty\u00f6tt\u00f6myys - Ty\u00f6el\u00e4m\u00e4\u00e4n.fi","isPartOf":{"@id":"https:\/\/tyoelamaan.fi\/#website"},"datePublished":"2021-04-13T11:47:18+00:00","dateModified":"2024-12-17T04:19:27+00:00","breadcrumb":{"@id":"https:\/\/tyoelamaan.fi\/tyon-paattyessa\/tyottomyys\/#breadcrumb"},"inLanguage":"fi-selko","potentialAction":[{"@type":"ReadAction","target":["https:\/\/tyoelamaan.fi\/tyon-paattyessa\/tyottomyys\/"]}]},{"@type":"BreadcrumbList","@id":"https:\/\/tyoelamaan.fi\/tyon-paattyessa\/tyottomyys\/#breadcrumb","itemListElement":[{"@type":"ListItem","position":1,"name":"Home","item":"https:\/\/tyoelamaan.fi\/selko\/"},{"@type":"ListItem","position":2,"name":"Ty\u00f6n p\u00e4\u00e4ttyess\u00e4","item":"https:\/\/tyoelamaan.fi\/tyon-paattyessa\/"},{"@type":"ListItem","position":3,"name":"Ty\u00f6tt\u00f6myys"}]},{"@type":"WebSite","@id":"https:\/\/tyoelamaan.fi\/#website","url":"https:\/\/tyoelamaan.fi\/","name":"Ty\u00f6el\u00e4m\u00e4\u00e4n.fi","description":"","publisher":{"@id":"https:\/\/tyoelamaan.fi\/#organization"},"potentialAction":[{"@type":"SearchAction","target":{"@type":"EntryPoint","urlTemplate":"https:\/\/tyoelamaan.fi\/?s={search_term_string}"},"query-input":{"@type":"PropertyValueSpecification","valueRequired":true,"valueName":"search_term_string"}}],"inLanguage":"fi-selko"},{"@type":"Organization","@id":"https:\/\/tyoelamaan.fi\/#organization","name":"Ty\u00f6el\u00e4m\u00e4\u00e4n.fi","url":"https:\/\/tyoelamaan.fi\/","logo":{"@type":"ImageObject","inLanguage":"fi-selko","@id":"https:\/\/tyoelamaan.fi\/#\/schema\/logo\/image\/","url":"https:\/\/tyoelamaan.fi\/wp-content\/uploads\/2024\/11\/tyoelamaan_logo.svg","contentUrl":"https:\/\/tyoelamaan.fi\/wp-content\/uploads\/2024\/11\/tyoelamaan_logo.svg","width":131,"height":30,"caption":"Ty\u00f6el\u00e4m\u00e4\u00e4n.fi"},"image":{"@id":"https:\/\/tyoelamaan.fi\/#\/schema\/logo\/image\/"}}]}},"_links":{"self":[{"href":"https:\/\/tyoelamaan.fi\/selko\/wp-json\/wp\/v2\/pages\/4529","targetHints":{"allow":["GET"]}}],"collection":[{"href":"https:\/\/tyoelamaan.fi\/selko\/wp-json\/wp\/v2\/pages"}],"about":[{"href":"https:\/\/tyoelamaan.fi\/selko\/wp-json\/wp\/v2\/types\/page"}],"author":[{"embeddable":true,"href":"https:\/\/tyoelamaan.fi\/selko\/wp-json\/wp\/v2\/users\/2"}],"replies":[{"embeddable":true,"href":"https:\/\/tyoelamaan.fi\/selko\/wp-json\/wp\/v2\/comments?post=4529"}],"version-history":[{"count":10,"href":"https:\/\/tyoelamaan.fi\/selko\/wp-json\/wp\/v2\/pages\/4529\/revisions"}],"predecessor-version":[{"id":12496,"href":"https:\/\/tyoelamaan.fi\/selko\/wp-json\/wp\/v2\/pages\/4529\/revisions\/12496"}],"up":[{"embeddable":true,"href":"https:\/\/tyoelamaan.fi\/selko\/wp-json\/wp\/v2\/pages\/10844"}],"wp:attachment":[{"href":"https:\/\/tyoelamaan.fi\/selko\/wp-json\/wp\/v2\/media?parent=4529"}],"wp:term":[{"taxonomy":"asiasana","embeddable":true,"href":"https:\/\/tyoelamaan.fi\/selko\/wp-json\/wp\/v2\/asiasana?post=4529"},{"taxonomy":"omistaja","embeddable":true,"href":"https:\/\/tyoelamaan.fi\/selko\/wp-json\/wp\/v2\/omistaja?post=4529"}],"curies":[{"name":"wp","href":"https:\/\/api.w.org\/{rel}","templated":true}]}}