{"id":4603,"date":"2021-04-29T15:17:03","date_gmt":"2021-04-29T12:17:03","guid":{"rendered":"https:\/\/tyoelamaan.fi\/?page_id=4603"},"modified":"2024-12-17T06:19:28","modified_gmt":"2024-12-17T04:19:28","slug":"mista-tyota","status":"publish","type":"page","link":"https:\/\/tyoelamaan.fi\/selko\/tyoelama\/mista-tyota\/","title":{"rendered":"Mist\u00e4 ty\u00f6t\u00e4?"},"content":{"rendered":"\n<div class=\"wp-block-columns is-layout-flex wp-container-core-columns-is-layout-28f84493 wp-block-columns-is-layout-flex\">\n<div class=\"wp-block-column is-layout-flow wp-block-column-is-layout-flow\">\n<p>Selvit\u00e4 ensiksi, mit\u00e4 kautta t\u00f6it\u00e4 haetaan. Keinoja on enemm\u00e4n kuin arvaatkaan.<\/p>\n\n\n\n<div class=\"editor-bg blue\">\n<p><strong>Tietoa avoimista ty\u00f6paikoista l\u00f6ytyy monista l\u00e4hteist\u00e4:<\/strong><\/p>\n<ul>\n<li>ty\u00f6nhakusivustoilta,<\/li>\n<li>sosiaalisesta mediasta,<\/li>\n<li>yritysten verkkosivuilta,<\/li>\n<li>TE-toimistoista ja<\/li>\n<li>sanomalehdist\u00e4.<\/li>\n<\/ul>\n<\/div>\n\n\n\n<p><\/p>\n<\/div>\n\n\n\n<div class=\"wp-block-column is-layout-flow wp-block-column-is-layout-flow\">\n<figure class=\"wp-block-image size-large is-resized\"><img loading=\"lazy\" decoding=\"async\" src=\"https:\/\/tyoelamaan.fi\/wp-content\/uploads\/2021\/04\/etty-900x1024.jpg\" alt=\"ty\u00f6nhaku\" class=\"wp-image-4605\" width=\"450\" height=\"512\"\/><\/figure>\n<\/div>\n<\/div>\n\n\n\n<p>Voit my\u00f6s ottaa suoraan yhteytt\u00e4 yritykseen ja kysy\u00e4, onko heill\u00e4 avoimia ty\u00f6paikkoja. Kaikkia ty\u00f6paikkoja ei panna avoimeen hakuun. Ty\u00f6t\u00e4 etsiv\u00e4n kannattaa kertoa ty\u00f6nhausta sukulaisille ja tuttaville.<\/p>\n\n\n\n<p>Ty\u00f6paikkoja l\u00f6yt\u00e4\u00e4 my\u00f6s LinkedInist\u00e4 ja erilaisilta ty\u00f6nhakusivustoilta. <\/p>\n\n\n\n\n\n<p><\/p>\n\n\n\n<p>Tehosta ty\u00f6nhakuasi niin, ett\u00e4 hankit j\u00e4rjestyksenvalvojakortin, anniskelupassin tai muun ty\u00f6el\u00e4m\u00e4n lupakortin. N\u00e4in ty\u00f6paikan saaminen ei j\u00e4\u00e4 ainakaan siit\u00e4 kiinni.<\/p>\n\n\n\n<p><\/p>\n<script type=\"text\/javascript\"> toolTips('.classtoolTips46','<span class=\"TextRun SCXW192067295 BCX9\" lang=\"FI-FI\" xml:lang=\"FI-FI\" data-contrast=\"none\"><span class=\"NormalTextRun SCXW192067295 BCX9\">Ty\u00f6tt\u00f6m\u00e4ksi j\u00e4\u00e4v\u00e4n pit\u00e4\u00e4 ilmoittautua ty\u00f6- ja elinkeinopalvelussa ty\u00f6tt\u00f6m\u00e4ksi ty\u00f6nhakijaksi.<\/span><\/span><span class=\"TextRun SCXW192067295 BCX9\" lang=\"FI-FI\" xml:lang=\"FI-FI\" data-contrast=\"auto\"><span class=\"NormalTextRun SCXW192067295 BCX9\"> TE-palvelusta saa tukea ty\u00f6nhakuun ja ty\u00f6llistymiseen, kuten esimerkiksi neuvontaa, erilaisia koulutuksia ja ohjeet ty\u00f6tt\u00f6myysetuuden hakemiseen.<\/span><\/span>'); <\/script>","protected":false},"excerpt":{"rendered":"<p>Selvit\u00e4 ensiksi, mit\u00e4 kautta t\u00f6it\u00e4 haetaan. Keinoja on enemm\u00e4n kuin arvaatkaan. Tietoa avoimista ty\u00f6paikoista l\u00f6ytyy monista l\u00e4hteist\u00e4: ty\u00f6nhakusivustoilta, sosiaalisesta mediasta, yritysten verkkosivuilta, TE-toimistoista ja sanomalehdist\u00e4. Voit my\u00f6s ottaa suoraan yhteytt\u00e4 yritykseen ja kysy\u00e4, onko heill\u00e4 avoimia ty\u00f6paikkoja. Kaikkia ty\u00f6paikkoja ei panna avoimeen hakuun. Ty\u00f6t\u00e4 etsiv\u00e4n kannattaa kertoa ty\u00f6nhausta sukulaisille ja tuttaville. Ty\u00f6paikkoja l\u00f6yt\u00e4\u00e4 my\u00f6s LinkedInist\u00e4 [&hellip;]<\/p>\n","protected":false},"author":2,"featured_media":0,"parent":9757,"menu_order":0,"comment_status":"closed","ping_status":"closed","template":"","meta":{"_acf_changed":false,"footnotes":""},"asiasana":[27],"omistaja":[],"class_list":["post-4603","page","type-page","status-publish","hentry","asiasana-tyonhaku"],"acf":[],"yoast_head":"<!-- This site is optimized with the Yoast SEO plugin v27.4 - https:\/\/yoast.com\/product\/yoast-seo-wordpress\/ -->\n<title>Mist\u00e4 ty\u00f6t\u00e4? - Ty\u00f6el\u00e4m\u00e4\u00e4n.fi<\/title>\n<meta name=\"robots\" content=\"index, follow, max-snippet:-1, max-image-preview:large, max-video-preview:-1\" \/>\n<link rel=\"canonical\" href=\"https:\/\/tyoelamaan.fi\/?page_id=484\" \/>\n<meta property=\"og:locale\" content=\"fi_FI\" \/>\n<meta property=\"og:type\" content=\"article\" \/>\n<meta property=\"og:title\" content=\"Mist\u00e4 ty\u00f6t\u00e4? - Ty\u00f6el\u00e4m\u00e4\u00e4n.fi\" \/>\n<meta property=\"og:description\" content=\"Selvit\u00e4 ensiksi, mit\u00e4 kautta t\u00f6it\u00e4 haetaan. Keinoja on enemm\u00e4n kuin arvaatkaan. Tietoa avoimista ty\u00f6paikoista l\u00f6ytyy monista l\u00e4hteist\u00e4: ty\u00f6nhakusivustoilta, sosiaalisesta mediasta, yritysten verkkosivuilta, TE-toimistoista ja sanomalehdist\u00e4. Voit my\u00f6s ottaa suoraan yhteytt\u00e4 yritykseen ja kysy\u00e4, onko heill\u00e4 avoimia ty\u00f6paikkoja. Kaikkia ty\u00f6paikkoja ei panna avoimeen hakuun. Ty\u00f6t\u00e4 etsiv\u00e4n kannattaa kertoa ty\u00f6nhausta sukulaisille ja tuttaville. Ty\u00f6paikkoja l\u00f6yt\u00e4\u00e4 my\u00f6s LinkedInist\u00e4 [&hellip;]\" \/>\n<meta property=\"og:url\" content=\"https:\/\/tyoelamaan.fi\/?page_id=484\" \/>\n<meta property=\"og:site_name\" content=\"Ty\u00f6el\u00e4m\u00e4\u00e4n.fi\" \/>\n<meta property=\"article:modified_time\" content=\"2024-12-17T04:19:28+00:00\" \/>\n<meta name=\"twitter:card\" content=\"summary_large_image\" \/>\n<meta name=\"twitter:label1\" content=\"Est. reading time\" \/>\n\t<meta name=\"twitter:data1\" content=\"1 minute\" \/>\n<script type=\"application\/ld+json\" class=\"yoast-schema-graph\">{\"@context\":\"https:\\\/\\\/schema.org\",\"@graph\":[{\"@type\":\"WebPage\",\"@id\":\"https:\\\/\\\/tyoelamaan.fi\\\/?page_id=484\",\"url\":\"https:\\\/\\\/tyoelamaan.fi\\\/?page_id=484\",\"name\":\"Mist\u00e4 ty\u00f6t\u00e4? - Ty\u00f6el\u00e4m\u00e4\u00e4n.fi\",\"isPartOf\":{\"@id\":\"https:\\\/\\\/tyoelamaan.fi\\\/#website\"},\"primaryImageOfPage\":{\"@id\":\"https:\\\/\\\/tyoelamaan.fi\\\/?page_id=484#primaryimage\"},\"image\":{\"@id\":\"https:\\\/\\\/tyoelamaan.fi\\\/?page_id=484#primaryimage\"},\"thumbnailUrl\":\"https:\\\/\\\/tyoelamaan.fi\\\/wp-content\\\/uploads\\\/2021\\\/04\\\/etty-900x1024.jpg\",\"datePublished\":\"2021-04-29T12:17:03+00:00\",\"dateModified\":\"2024-12-17T04:19:28+00:00\",\"breadcrumb\":{\"@id\":\"https:\\\/\\\/tyoelamaan.fi\\\/?page_id=484#breadcrumb\"},\"inLanguage\":\"fi-selko\",\"potentialAction\":[{\"@type\":\"ReadAction\",\"target\":[\"https:\\\/\\\/tyoelamaan.fi\\\/?page_id=484\"]}]},{\"@type\":\"ImageObject\",\"inLanguage\":\"fi-selko\",\"@id\":\"https:\\\/\\\/tyoelamaan.fi\\\/?page_id=484#primaryimage\",\"url\":\"https:\\\/\\\/tyoelamaan.fi\\\/wp-content\\\/uploads\\\/2021\\\/04\\\/etty-900x1024.jpg\",\"contentUrl\":\"https:\\\/\\\/tyoelamaan.fi\\\/wp-content\\\/uploads\\\/2021\\\/04\\\/etty-900x1024.jpg\"},{\"@type\":\"BreadcrumbList\",\"@id\":\"https:\\\/\\\/tyoelamaan.fi\\\/?page_id=484#breadcrumb\",\"itemListElement\":[{\"@type\":\"ListItem\",\"position\":1,\"name\":\"Home\",\"item\":\"https:\\\/\\\/tyoelamaan.fi\\\/selko\\\/\"},{\"@type\":\"ListItem\",\"position\":2,\"name\":\"Ty\u00f6el\u00e4m\u00e4\",\"item\":\"https:\\\/\\\/tyoelamaan.fi\\\/tyoelama\\\/\"},{\"@type\":\"ListItem\",\"position\":3,\"name\":\"Mist\u00e4 ty\u00f6t\u00e4?\"}]},{\"@type\":\"WebSite\",\"@id\":\"https:\\\/\\\/tyoelamaan.fi\\\/#website\",\"url\":\"https:\\\/\\\/tyoelamaan.fi\\\/\",\"name\":\"Ty\u00f6el\u00e4m\u00e4\u00e4n.fi\",\"description\":\"\",\"publisher\":{\"@id\":\"https:\\\/\\\/tyoelamaan.fi\\\/#organization\"},\"potentialAction\":[{\"@type\":\"SearchAction\",\"target\":{\"@type\":\"EntryPoint\",\"urlTemplate\":\"https:\\\/\\\/tyoelamaan.fi\\\/?s={search_term_string}\"},\"query-input\":{\"@type\":\"PropertyValueSpecification\",\"valueRequired\":true,\"valueName\":\"search_term_string\"}}],\"inLanguage\":\"fi-selko\"},{\"@type\":\"Organization\",\"@id\":\"https:\\\/\\\/tyoelamaan.fi\\\/#organization\",\"name\":\"Ty\u00f6el\u00e4m\u00e4\u00e4n.fi\",\"url\":\"https:\\\/\\\/tyoelamaan.fi\\\/\",\"logo\":{\"@type\":\"ImageObject\",\"inLanguage\":\"fi-selko\",\"@id\":\"https:\\\/\\\/tyoelamaan.fi\\\/#\\\/schema\\\/logo\\\/image\\\/\",\"url\":\"https:\\\/\\\/tyoelamaan.fi\\\/wp-content\\\/uploads\\\/2024\\\/11\\\/tyoelamaan_logo.svg\",\"contentUrl\":\"https:\\\/\\\/tyoelamaan.fi\\\/wp-content\\\/uploads\\\/2024\\\/11\\\/tyoelamaan_logo.svg\",\"width\":131,\"height\":30,\"caption\":\"Ty\u00f6el\u00e4m\u00e4\u00e4n.fi\"},\"image\":{\"@id\":\"https:\\\/\\\/tyoelamaan.fi\\\/#\\\/schema\\\/logo\\\/image\\\/\"}}]}<\/script>\n<!-- \/ Yoast SEO plugin. -->","yoast_head_json":{"title":"Mist\u00e4 ty\u00f6t\u00e4? - Ty\u00f6el\u00e4m\u00e4\u00e4n.fi","robots":{"index":"index","follow":"follow","max-snippet":"max-snippet:-1","max-image-preview":"max-image-preview:large","max-video-preview":"max-video-preview:-1"},"canonical":"https:\/\/tyoelamaan.fi\/?page_id=484","og_locale":"fi_FI","og_type":"article","og_title":"Mist\u00e4 ty\u00f6t\u00e4? - Ty\u00f6el\u00e4m\u00e4\u00e4n.fi","og_description":"Selvit\u00e4 ensiksi, mit\u00e4 kautta t\u00f6it\u00e4 haetaan. Keinoja on enemm\u00e4n kuin arvaatkaan. Tietoa avoimista ty\u00f6paikoista l\u00f6ytyy monista l\u00e4hteist\u00e4: ty\u00f6nhakusivustoilta, sosiaalisesta mediasta, yritysten verkkosivuilta, TE-toimistoista ja sanomalehdist\u00e4. Voit my\u00f6s ottaa suoraan yhteytt\u00e4 yritykseen ja kysy\u00e4, onko heill\u00e4 avoimia ty\u00f6paikkoja. Kaikkia ty\u00f6paikkoja ei panna avoimeen hakuun. Ty\u00f6t\u00e4 etsiv\u00e4n kannattaa kertoa ty\u00f6nhausta sukulaisille ja tuttaville. Ty\u00f6paikkoja l\u00f6yt\u00e4\u00e4 my\u00f6s LinkedInist\u00e4 [&hellip;]","og_url":"https:\/\/tyoelamaan.fi\/?page_id=484","og_site_name":"Ty\u00f6el\u00e4m\u00e4\u00e4n.fi","article_modified_time":"2024-12-17T04:19:28+00:00","twitter_card":"summary_large_image","twitter_misc":{"Est. reading time":"1 minute"},"schema":{"@context":"https:\/\/schema.org","@graph":[{"@type":"WebPage","@id":"https:\/\/tyoelamaan.fi\/?page_id=484","url":"https:\/\/tyoelamaan.fi\/?page_id=484","name":"Mist\u00e4 ty\u00f6t\u00e4? - Ty\u00f6el\u00e4m\u00e4\u00e4n.fi","isPartOf":{"@id":"https:\/\/tyoelamaan.fi\/#website"},"primaryImageOfPage":{"@id":"https:\/\/tyoelamaan.fi\/?page_id=484#primaryimage"},"image":{"@id":"https:\/\/tyoelamaan.fi\/?page_id=484#primaryimage"},"thumbnailUrl":"https:\/\/tyoelamaan.fi\/wp-content\/uploads\/2021\/04\/etty-900x1024.jpg","datePublished":"2021-04-29T12:17:03+00:00","dateModified":"2024-12-17T04:19:28+00:00","breadcrumb":{"@id":"https:\/\/tyoelamaan.fi\/?page_id=484#breadcrumb"},"inLanguage":"fi-selko","potentialAction":[{"@type":"ReadAction","target":["https:\/\/tyoelamaan.fi\/?page_id=484"]}]},{"@type":"ImageObject","inLanguage":"fi-selko","@id":"https:\/\/tyoelamaan.fi\/?page_id=484#primaryimage","url":"https:\/\/tyoelamaan.fi\/wp-content\/uploads\/2021\/04\/etty-900x1024.jpg","contentUrl":"https:\/\/tyoelamaan.fi\/wp-content\/uploads\/2021\/04\/etty-900x1024.jpg"},{"@type":"BreadcrumbList","@id":"https:\/\/tyoelamaan.fi\/?page_id=484#breadcrumb","itemListElement":[{"@type":"ListItem","position":1,"name":"Home","item":"https:\/\/tyoelamaan.fi\/selko\/"},{"@type":"ListItem","position":2,"name":"Ty\u00f6el\u00e4m\u00e4","item":"https:\/\/tyoelamaan.fi\/tyoelama\/"},{"@type":"ListItem","position":3,"name":"Mist\u00e4 ty\u00f6t\u00e4?"}]},{"@type":"WebSite","@id":"https:\/\/tyoelamaan.fi\/#website","url":"https:\/\/tyoelamaan.fi\/","name":"Ty\u00f6el\u00e4m\u00e4\u00e4n.fi","description":"","publisher":{"@id":"https:\/\/tyoelamaan.fi\/#organization"},"potentialAction":[{"@type":"SearchAction","target":{"@type":"EntryPoint","urlTemplate":"https:\/\/tyoelamaan.fi\/?s={search_term_string}"},"query-input":{"@type":"PropertyValueSpecification","valueRequired":true,"valueName":"search_term_string"}}],"inLanguage":"fi-selko"},{"@type":"Organization","@id":"https:\/\/tyoelamaan.fi\/#organization","name":"Ty\u00f6el\u00e4m\u00e4\u00e4n.fi","url":"https:\/\/tyoelamaan.fi\/","logo":{"@type":"ImageObject","inLanguage":"fi-selko","@id":"https:\/\/tyoelamaan.fi\/#\/schema\/logo\/image\/","url":"https:\/\/tyoelamaan.fi\/wp-content\/uploads\/2024\/11\/tyoelamaan_logo.svg","contentUrl":"https:\/\/tyoelamaan.fi\/wp-content\/uploads\/2024\/11\/tyoelamaan_logo.svg","width":131,"height":30,"caption":"Ty\u00f6el\u00e4m\u00e4\u00e4n.fi"},"image":{"@id":"https:\/\/tyoelamaan.fi\/#\/schema\/logo\/image\/"}}]}},"_links":{"self":[{"href":"https:\/\/tyoelamaan.fi\/selko\/wp-json\/wp\/v2\/pages\/4603","targetHints":{"allow":["GET"]}}],"collection":[{"href":"https:\/\/tyoelamaan.fi\/selko\/wp-json\/wp\/v2\/pages"}],"about":[{"href":"https:\/\/tyoelamaan.fi\/selko\/wp-json\/wp\/v2\/types\/page"}],"author":[{"embeddable":true,"href":"https:\/\/tyoelamaan.fi\/selko\/wp-json\/wp\/v2\/users\/2"}],"replies":[{"embeddable":true,"href":"https:\/\/tyoelamaan.fi\/selko\/wp-json\/wp\/v2\/comments?post=4603"}],"version-history":[{"count":10,"href":"https:\/\/tyoelamaan.fi\/selko\/wp-json\/wp\/v2\/pages\/4603\/revisions"}],"predecessor-version":[{"id":12498,"href":"https:\/\/tyoelamaan.fi\/selko\/wp-json\/wp\/v2\/pages\/4603\/revisions\/12498"}],"up":[{"embeddable":true,"href":"https:\/\/tyoelamaan.fi\/selko\/wp-json\/wp\/v2\/pages\/9757"}],"wp:attachment":[{"href":"https:\/\/tyoelamaan.fi\/selko\/wp-json\/wp\/v2\/media?parent=4603"}],"wp:term":[{"taxonomy":"asiasana","embeddable":true,"href":"https:\/\/tyoelamaan.fi\/selko\/wp-json\/wp\/v2\/asiasana?post=4603"},{"taxonomy":"omistaja","embeddable":true,"href":"https:\/\/tyoelamaan.fi\/selko\/wp-json\/wp\/v2\/omistaja?post=4603"}],"curies":[{"name":"wp","href":"https:\/\/api.w.org\/{rel}","templated":true}]}}