{"id":5615,"date":"2022-02-24T12:18:23","date_gmt":"2022-02-24T10:18:23","guid":{"rendered":"https:\/\/tyoelamaan.fi\/?page_id=5615"},"modified":"2024-12-17T06:19:35","modified_gmt":"2024-12-17T04:19:35","slug":"tyosopimus","status":"publish","type":"page","link":"https:\/\/tyoelamaan.fi\/selko\/tyon-aloitus\/tyosopimus\/","title":{"rendered":"Ty\u00f6sopimus"},"content":{"rendered":"\n<p>Ty\u00f6sopimuksessa sitoudutaan tekem\u00e4\u00e4n ty\u00f6t\u00e4 ty\u00f6nantajalle tietty\u00e4 palkkaa vastaan. Ty\u00f6sopimus kannattaa tehd\u00e4 aina kirjallisesti, mutta my\u00f6s suullinen sopimus on p\u00e4tev\u00e4.<\/p>\n\n\n\n<h2 class=\"wp-block-heading\">Ty\u00f6sopimuksen sis\u00e4lt\u00f6<\/h2>\n\n\n\n<p>Tarkista ty\u00f6sopimuksesi huolellisesti. Siin\u00e4 pit\u00e4\u00e4 mainita palkka, ty\u00f6n kesto, ty\u00f6paikka ja sovellettava ty\u00f6ehtosopimus.<\/p>\n\n\n\n<p>Ty\u00f6sopimukseen kirjataan ty\u00f6n alkamisen ajankohta ja m\u00e4\u00e4r\u00e4aikaisessa ty\u00f6ss\u00e4 my\u00f6s p\u00e4\u00e4ttymisp\u00e4iv\u00e4. Ty\u00f6sopimuksessa pit\u00e4\u00e4 lis\u00e4ksi m\u00e4\u00e4ritell\u00e4 paikka, jossa ty\u00f6t\u00e4 tehd\u00e4\u00e4n. Se on t\u00e4rke\u00e4\u00e4 erityisesti silloin, kun ty\u00f6nantajalla on useita toimipisteit\u00e4. Aina ty\u00f6n tekemiselle ei ole varattu paikkaa.<\/p>\n\n\n\n<p>Ty\u00f6sopimuksessa m\u00e4\u00e4ritell\u00e4\u00e4n my\u00f6s ty\u00f6teht\u00e4v\u00e4t. Muuten ty\u00f6ntekij\u00e4lle voidaan m\u00e4\u00e4r\u00e4t\u00e4 sellaisia teht\u00e4vi\u00e4, joihin h\u00e4nt\u00e4 ei ole palkattu.<\/p>\n\n\n\n<div class=\"wp-block-group has-secondary-background-color has-background has-global-padding is-layout-constrained wp-container-core-group-is-layout-10bc4538 wp-block-group-is-layout-constrained\" style=\"padding-top:var(--wp--preset--spacing--80);padding-right:var(--wp--preset--spacing--80);padding-bottom:var(--wp--preset--spacing--80);padding-left:var(--wp--preset--spacing--80)\">\n<h2 class=\"wp-block-heading has-h-3-font-size\">Tarkista, ett\u00e4 ty\u00f6sopimuksessasi mainitaan<\/h2>\n\n\n\n<div class=\"wp-block-columns is-layout-flex wp-container-core-columns-is-layout-28f84493 wp-block-columns-is-layout-flex\">\n<div class=\"wp-block-column is-layout-flow wp-block-column-is-layout-flow\" style=\"flex-basis:66.66%\">\n<ul class=\"wp-block-list\">\n<li>palkka<\/li>\n\n\n\n<li>ty\u00f6ntekopaikka<\/li>\n\n\n\n<li>sopimuksen alkamisaika<\/li>\n\n\n\n<li>sopimuksen p\u00e4\u00e4ttymisaika (ellei toistaiseksi voimassa oleva)<\/li>\n\n\n\n<li>p\u00e4\u00e4asialliset ty\u00f6teht\u00e4v\u00e4t<\/li>\n\n\n\n<li>ty\u00f6ehtosopimus, jonka perusteella ty\u00f6suhteen ehdot m\u00e4\u00e4r\u00e4ytyv\u00e4t.<\/li>\n<\/ul>\n<\/div>\n\n\n\n<div class=\"wp-block-column is-layout-flow wp-block-column-is-layout-flow\" style=\"flex-basis:33.33%\"><\/div>\n<\/div>\n<\/div>\n\n\n\n<p>M\u00e4\u00e4r\u00e4aikaista ty\u00f6sopimusta ei yleens\u00e4 voi kumpikaan osapuoli irtisanoa, ellei asiasta ole sopimuksessa sovittu. Ty\u00f6suhde voidaan purkaa vain lainmukaisin perustein. Sopimukseen voi tosin kirjata, ett\u00e4 sen saa purkaa koeaikana.<\/p>\n\n\n\n<p>Kirjallinen ty\u00f6sopimus on sek\u00e4 ty\u00f6ntekij\u00e4n ett\u00e4 ty\u00f6nantajan etu. Siit\u00e4 voidaan tarkistaa, mit\u00e4 on sovittu. Sovittuja asioita ei kumpikaan osapuoli voi muuttaa ilman toisen suostumusta.<\/p>\n\n\n\n<p>Ty\u00f6sopimusta ei ole pakko allekirjoittaa heti, vaan ty\u00f6nantajalta voi pyyt\u00e4\u00e4 aikaa perehtymist\u00e4 varten. Ammattiliiton j\u00e4sen voi pyyt\u00e4\u00e4 ty\u00f6paikan luottamusmiest\u00e4 tarkistamaan sopimuksen.<\/p>\n\n\n\n<h2 class=\"wp-block-heading\"><span class='tooltipsall tooltipsincontent classtoolTips61'>Koeaika<\/span><\/h2>\n\n\n\n<div class=\"wp-block-columns is-layout-flex wp-container-core-columns-is-layout-28f84493 wp-block-columns-is-layout-flex\">\n<div class=\"wp-block-column is-layout-flow wp-block-column-is-layout-flow\">\n<p>Ty\u00f6sopimuksessa voidaan sopia, ett\u00e4 alussa on koeaika. Se saa kest\u00e4\u00e4 enint\u00e4\u00e4n kuusi kuukautta. M\u00e4\u00e4r\u00e4aikaisessa ty\u00f6suhteessa koeaika saa olla korkeintaan puolet ty\u00f6n kestosta.<\/p>\n\n\n\n<p>Jos ty\u00f6ntekij\u00e4 on koeaikana poissa ty\u00f6st\u00e4, ty\u00f6nantaja saa pident\u00e4\u00e4 aikaa. Ty\u00f6ntekij\u00e4lle pit\u00e4\u00e4 ilmoittaa pident\u00e4misest\u00e4 ennen koeajan p\u00e4\u00e4ttymist\u00e4.<\/p>\n\n\n\n<p>Koeajan kuluessa ty\u00f6sopimus voidaan molemmin puolin purkaa. Ty\u00f6sopimusta ei saa kuitenkaan purkaa ep\u00e4asiallisilla perusteilla.<\/p>\n<\/div>\n<\/div>\n<script type=\"text\/javascript\"> toolTips('.classtoolTips39','<span class=\"TextRun SCXW49140076 BCX9\" lang=\"FI-FI\" xml:lang=\"FI-FI\" data-contrast=\"none\"><span class=\"NormalTextRun SCXW49140076 BCX9\" data-ccp-parastyle=\"Normal (Web)\">Luottamusmi<\/span><span class=\"NormalTextRun SCXW49140076 BCX9\" data-ccp-parastyle=\"Normal (Web)\">ehen <\/span><span class=\"NormalTextRun SCXW49140076 BCX9\" data-ccp-parastyle=\"Normal (Web)\">teht\u00e4v\u00e4n\u00e4 on valvoa ty\u00f6ehtosopimuksen ja ty\u00f6lakien noudattamista ty\u00f6paikalla. Usein <span class='tooltipsall tooltipsincontent classtoolTips39'>Luottamusmies<\/span> on mukana selvittelem\u00e4ss\u00e4 ty\u00f6paikan tai yksitt\u00e4isten ty\u00f6ntekij\u00f6iden ongelmia. <\/span><\/span><br\/><br\/><span class=\"EOP SCXW49140076 BCX9\" data-ccp-props=\"{&quot;134233117&quot;:false,&quot;134233118&quot;:true,&quot;201341983&quot;:0,&quot;335559738&quot;:0,&quot;335559740&quot;:240}\">Luottamusmies on ammattiliiton kouluttama <span class='tooltipsall tooltipsincontent classtoolTips8'>Henkil\u00f6st\u00f6n edustaja<\/span>. Luottamushenkil\u00f6ll\u00e4 voidaan tarkoittaa sek\u00e4 luottamusmiest\u00e4 ett\u00e4 ty\u00f6suojeluvaltuutettua tai muuta luottamusteht\u00e4v\u00e4ss\u00e4 toimivaa henkil\u00f6\u00e4, joka ei ole saanut ammattiliiton j\u00e4rjest\u00e4m\u00e4\u00e4 koulutusta teht\u00e4v\u00e4\u00e4ns\u00e4.<\/span>'); <\/script><script type=\"text\/javascript\"> toolTips('.classtoolTips61','Koeajan aikana arvioidaan ty\u00f6ntekij\u00e4n soveltuvuutta ty\u00f6teht\u00e4v\u00e4\u00e4n. Ennalta m\u00e4\u00e4ritellyn koeajan aikana ty\u00f6ntekij\u00e4 tai ty\u00f6nantaja voivat p\u00e4\u00e4tt\u00e4\u00e4 ty\u00f6suhteen ilman erityisemp\u00e4\u00e4 syyt\u00e4.'); <\/script>","protected":false},"excerpt":{"rendered":"<p>Ty\u00f6sopimuksessa sitoudutaan tekem\u00e4\u00e4n ty\u00f6t\u00e4 ty\u00f6nantajalle tietty\u00e4 palkkaa vastaan. Ty\u00f6sopimus kannattaa tehd\u00e4 aina kirjallisesti, mutta my\u00f6s suullinen sopimus on p\u00e4tev\u00e4. Ty\u00f6sopimuksen sis\u00e4lt\u00f6 Tarkista ty\u00f6sopimuksesi huolellisesti. Siin\u00e4 pit\u00e4\u00e4 mainita palkka, ty\u00f6n kesto, ty\u00f6paikka ja sovellettava ty\u00f6ehtosopimus. Ty\u00f6sopimukseen kirjataan ty\u00f6n alkamisen ajankohta ja m\u00e4\u00e4r\u00e4aikaisessa ty\u00f6ss\u00e4 my\u00f6s p\u00e4\u00e4ttymisp\u00e4iv\u00e4. Ty\u00f6sopimuksessa pit\u00e4\u00e4 lis\u00e4ksi m\u00e4\u00e4ritell\u00e4 paikka, jossa ty\u00f6t\u00e4 tehd\u00e4\u00e4n. Se on t\u00e4rke\u00e4\u00e4 [&hellip;]<\/p>\n","protected":false},"author":2,"featured_media":0,"parent":10842,"menu_order":3,"comment_status":"closed","ping_status":"closed","template":"","meta":{"_acf_changed":false,"footnotes":""},"asiasana":[34],"omistaja":[],"class_list":["post-5615","page","type-page","status-publish","hentry","asiasana-tyosuhde"],"acf":[],"yoast_head":"<!-- This site is optimized with the Yoast SEO plugin v27.3 - https:\/\/yoast.com\/product\/yoast-seo-wordpress\/ -->\n<title>Ty\u00f6sopimus - Ty\u00f6el\u00e4m\u00e4\u00e4n.fi<\/title>\n<meta name=\"robots\" content=\"index, follow, max-snippet:-1, max-image-preview:large, max-video-preview:-1\" \/>\n<link rel=\"canonical\" href=\"https:\/\/tyoelamaan.fi\/tyon-aloitus\/tyosopimus\/\" \/>\n<meta property=\"og:locale\" content=\"fi_FI\" \/>\n<meta property=\"og:type\" content=\"article\" \/>\n<meta property=\"og:title\" content=\"Ty\u00f6sopimus - Ty\u00f6el\u00e4m\u00e4\u00e4n.fi\" \/>\n<meta property=\"og:description\" content=\"Ty\u00f6sopimuksessa sitoudutaan tekem\u00e4\u00e4n ty\u00f6t\u00e4 ty\u00f6nantajalle tietty\u00e4 palkkaa vastaan. Ty\u00f6sopimus kannattaa tehd\u00e4 aina kirjallisesti, mutta my\u00f6s suullinen sopimus on p\u00e4tev\u00e4. Ty\u00f6sopimuksen sis\u00e4lt\u00f6 Tarkista ty\u00f6sopimuksesi huolellisesti. Siin\u00e4 pit\u00e4\u00e4 mainita palkka, ty\u00f6n kesto, ty\u00f6paikka ja sovellettava ty\u00f6ehtosopimus. Ty\u00f6sopimukseen kirjataan ty\u00f6n alkamisen ajankohta ja m\u00e4\u00e4r\u00e4aikaisessa ty\u00f6ss\u00e4 my\u00f6s p\u00e4\u00e4ttymisp\u00e4iv\u00e4. Ty\u00f6sopimuksessa pit\u00e4\u00e4 lis\u00e4ksi m\u00e4\u00e4ritell\u00e4 paikka, jossa ty\u00f6t\u00e4 tehd\u00e4\u00e4n. Se on t\u00e4rke\u00e4\u00e4 [&hellip;]\" \/>\n<meta property=\"og:url\" content=\"https:\/\/tyoelamaan.fi\/tyon-aloitus\/tyosopimus\/\" \/>\n<meta property=\"og:site_name\" content=\"Ty\u00f6el\u00e4m\u00e4\u00e4n.fi\" \/>\n<meta property=\"article:modified_time\" content=\"2024-12-17T04:19:35+00:00\" \/>\n<meta name=\"twitter:card\" content=\"summary_large_image\" \/>\n<script type=\"application\/ld+json\" class=\"yoast-schema-graph\">{\"@context\":\"https:\\\/\\\/schema.org\",\"@graph\":[{\"@type\":\"WebPage\",\"@id\":\"https:\\\/\\\/tyoelamaan.fi\\\/tyon-aloitus\\\/tyosopimus\\\/\",\"url\":\"https:\\\/\\\/tyoelamaan.fi\\\/tyon-aloitus\\\/tyosopimus\\\/\",\"name\":\"Ty\u00f6sopimus - Ty\u00f6el\u00e4m\u00e4\u00e4n.fi\",\"isPartOf\":{\"@id\":\"https:\\\/\\\/tyoelamaan.fi\\\/#website\"},\"datePublished\":\"2022-02-24T10:18:23+00:00\",\"dateModified\":\"2024-12-17T04:19:35+00:00\",\"breadcrumb\":{\"@id\":\"https:\\\/\\\/tyoelamaan.fi\\\/tyon-aloitus\\\/tyosopimus\\\/#breadcrumb\"},\"inLanguage\":\"fi-selko\",\"potentialAction\":[{\"@type\":\"ReadAction\",\"target\":[\"https:\\\/\\\/tyoelamaan.fi\\\/tyon-aloitus\\\/tyosopimus\\\/\"]}]},{\"@type\":\"BreadcrumbList\",\"@id\":\"https:\\\/\\\/tyoelamaan.fi\\\/tyon-aloitus\\\/tyosopimus\\\/#breadcrumb\",\"itemListElement\":[{\"@type\":\"ListItem\",\"position\":1,\"name\":\"Home\",\"item\":\"https:\\\/\\\/tyoelamaan.fi\\\/selko\\\/\"},{\"@type\":\"ListItem\",\"position\":2,\"name\":\"Ty\u00f6n aloitus\",\"item\":\"https:\\\/\\\/tyoelamaan.fi\\\/tyon-aloitus\\\/\"},{\"@type\":\"ListItem\",\"position\":3,\"name\":\"Ty\u00f6sopimus\"}]},{\"@type\":\"WebSite\",\"@id\":\"https:\\\/\\\/tyoelamaan.fi\\\/#website\",\"url\":\"https:\\\/\\\/tyoelamaan.fi\\\/\",\"name\":\"Ty\u00f6el\u00e4m\u00e4\u00e4n.fi\",\"description\":\"\",\"publisher\":{\"@id\":\"https:\\\/\\\/tyoelamaan.fi\\\/#organization\"},\"potentialAction\":[{\"@type\":\"SearchAction\",\"target\":{\"@type\":\"EntryPoint\",\"urlTemplate\":\"https:\\\/\\\/tyoelamaan.fi\\\/?s={search_term_string}\"},\"query-input\":{\"@type\":\"PropertyValueSpecification\",\"valueRequired\":true,\"valueName\":\"search_term_string\"}}],\"inLanguage\":\"fi-selko\"},{\"@type\":\"Organization\",\"@id\":\"https:\\\/\\\/tyoelamaan.fi\\\/#organization\",\"name\":\"Ty\u00f6el\u00e4m\u00e4\u00e4n.fi\",\"url\":\"https:\\\/\\\/tyoelamaan.fi\\\/\",\"logo\":{\"@type\":\"ImageObject\",\"inLanguage\":\"fi-selko\",\"@id\":\"https:\\\/\\\/tyoelamaan.fi\\\/#\\\/schema\\\/logo\\\/image\\\/\",\"url\":\"https:\\\/\\\/tyoelamaan.fi\\\/wp-content\\\/uploads\\\/2024\\\/11\\\/tyoelamaan_logo.svg\",\"contentUrl\":\"https:\\\/\\\/tyoelamaan.fi\\\/wp-content\\\/uploads\\\/2024\\\/11\\\/tyoelamaan_logo.svg\",\"width\":131,\"height\":30,\"caption\":\"Ty\u00f6el\u00e4m\u00e4\u00e4n.fi\"},\"image\":{\"@id\":\"https:\\\/\\\/tyoelamaan.fi\\\/#\\\/schema\\\/logo\\\/image\\\/\"}}]}<\/script>\n<!-- \/ Yoast SEO plugin. -->","yoast_head_json":{"title":"Ty\u00f6sopimus - Ty\u00f6el\u00e4m\u00e4\u00e4n.fi","robots":{"index":"index","follow":"follow","max-snippet":"max-snippet:-1","max-image-preview":"max-image-preview:large","max-video-preview":"max-video-preview:-1"},"canonical":"https:\/\/tyoelamaan.fi\/tyon-aloitus\/tyosopimus\/","og_locale":"fi_FI","og_type":"article","og_title":"Ty\u00f6sopimus - Ty\u00f6el\u00e4m\u00e4\u00e4n.fi","og_description":"Ty\u00f6sopimuksessa sitoudutaan tekem\u00e4\u00e4n ty\u00f6t\u00e4 ty\u00f6nantajalle tietty\u00e4 palkkaa vastaan. Ty\u00f6sopimus kannattaa tehd\u00e4 aina kirjallisesti, mutta my\u00f6s suullinen sopimus on p\u00e4tev\u00e4. Ty\u00f6sopimuksen sis\u00e4lt\u00f6 Tarkista ty\u00f6sopimuksesi huolellisesti. Siin\u00e4 pit\u00e4\u00e4 mainita palkka, ty\u00f6n kesto, ty\u00f6paikka ja sovellettava ty\u00f6ehtosopimus. Ty\u00f6sopimukseen kirjataan ty\u00f6n alkamisen ajankohta ja m\u00e4\u00e4r\u00e4aikaisessa ty\u00f6ss\u00e4 my\u00f6s p\u00e4\u00e4ttymisp\u00e4iv\u00e4. Ty\u00f6sopimuksessa pit\u00e4\u00e4 lis\u00e4ksi m\u00e4\u00e4ritell\u00e4 paikka, jossa ty\u00f6t\u00e4 tehd\u00e4\u00e4n. Se on t\u00e4rke\u00e4\u00e4 [&hellip;]","og_url":"https:\/\/tyoelamaan.fi\/tyon-aloitus\/tyosopimus\/","og_site_name":"Ty\u00f6el\u00e4m\u00e4\u00e4n.fi","article_modified_time":"2024-12-17T04:19:35+00:00","twitter_card":"summary_large_image","schema":{"@context":"https:\/\/schema.org","@graph":[{"@type":"WebPage","@id":"https:\/\/tyoelamaan.fi\/tyon-aloitus\/tyosopimus\/","url":"https:\/\/tyoelamaan.fi\/tyon-aloitus\/tyosopimus\/","name":"Ty\u00f6sopimus - Ty\u00f6el\u00e4m\u00e4\u00e4n.fi","isPartOf":{"@id":"https:\/\/tyoelamaan.fi\/#website"},"datePublished":"2022-02-24T10:18:23+00:00","dateModified":"2024-12-17T04:19:35+00:00","breadcrumb":{"@id":"https:\/\/tyoelamaan.fi\/tyon-aloitus\/tyosopimus\/#breadcrumb"},"inLanguage":"fi-selko","potentialAction":[{"@type":"ReadAction","target":["https:\/\/tyoelamaan.fi\/tyon-aloitus\/tyosopimus\/"]}]},{"@type":"BreadcrumbList","@id":"https:\/\/tyoelamaan.fi\/tyon-aloitus\/tyosopimus\/#breadcrumb","itemListElement":[{"@type":"ListItem","position":1,"name":"Home","item":"https:\/\/tyoelamaan.fi\/selko\/"},{"@type":"ListItem","position":2,"name":"Ty\u00f6n aloitus","item":"https:\/\/tyoelamaan.fi\/tyon-aloitus\/"},{"@type":"ListItem","position":3,"name":"Ty\u00f6sopimus"}]},{"@type":"WebSite","@id":"https:\/\/tyoelamaan.fi\/#website","url":"https:\/\/tyoelamaan.fi\/","name":"Ty\u00f6el\u00e4m\u00e4\u00e4n.fi","description":"","publisher":{"@id":"https:\/\/tyoelamaan.fi\/#organization"},"potentialAction":[{"@type":"SearchAction","target":{"@type":"EntryPoint","urlTemplate":"https:\/\/tyoelamaan.fi\/?s={search_term_string}"},"query-input":{"@type":"PropertyValueSpecification","valueRequired":true,"valueName":"search_term_string"}}],"inLanguage":"fi-selko"},{"@type":"Organization","@id":"https:\/\/tyoelamaan.fi\/#organization","name":"Ty\u00f6el\u00e4m\u00e4\u00e4n.fi","url":"https:\/\/tyoelamaan.fi\/","logo":{"@type":"ImageObject","inLanguage":"fi-selko","@id":"https:\/\/tyoelamaan.fi\/#\/schema\/logo\/image\/","url":"https:\/\/tyoelamaan.fi\/wp-content\/uploads\/2024\/11\/tyoelamaan_logo.svg","contentUrl":"https:\/\/tyoelamaan.fi\/wp-content\/uploads\/2024\/11\/tyoelamaan_logo.svg","width":131,"height":30,"caption":"Ty\u00f6el\u00e4m\u00e4\u00e4n.fi"},"image":{"@id":"https:\/\/tyoelamaan.fi\/#\/schema\/logo\/image\/"}}]}},"_links":{"self":[{"href":"https:\/\/tyoelamaan.fi\/selko\/wp-json\/wp\/v2\/pages\/5615","targetHints":{"allow":["GET"]}}],"collection":[{"href":"https:\/\/tyoelamaan.fi\/selko\/wp-json\/wp\/v2\/pages"}],"about":[{"href":"https:\/\/tyoelamaan.fi\/selko\/wp-json\/wp\/v2\/types\/page"}],"author":[{"embeddable":true,"href":"https:\/\/tyoelamaan.fi\/selko\/wp-json\/wp\/v2\/users\/2"}],"replies":[{"embeddable":true,"href":"https:\/\/tyoelamaan.fi\/selko\/wp-json\/wp\/v2\/comments?post=5615"}],"version-history":[{"count":5,"href":"https:\/\/tyoelamaan.fi\/selko\/wp-json\/wp\/v2\/pages\/5615\/revisions"}],"predecessor-version":[{"id":12508,"href":"https:\/\/tyoelamaan.fi\/selko\/wp-json\/wp\/v2\/pages\/5615\/revisions\/12508"}],"up":[{"embeddable":true,"href":"https:\/\/tyoelamaan.fi\/selko\/wp-json\/wp\/v2\/pages\/10842"}],"wp:attachment":[{"href":"https:\/\/tyoelamaan.fi\/selko\/wp-json\/wp\/v2\/media?parent=5615"}],"wp:term":[{"taxonomy":"asiasana","embeddable":true,"href":"https:\/\/tyoelamaan.fi\/selko\/wp-json\/wp\/v2\/asiasana?post=5615"},{"taxonomy":"omistaja","embeddable":true,"href":"https:\/\/tyoelamaan.fi\/selko\/wp-json\/wp\/v2\/omistaja?post=5615"}],"curies":[{"name":"wp","href":"https:\/\/api.w.org\/{rel}","templated":true}]}}