{"id":5631,"date":"2022-02-24T14:02:58","date_gmt":"2022-02-24T12:02:58","guid":{"rendered":"https:\/\/tyoelamaan.fi\/?page_id=5631"},"modified":"2024-12-17T06:19:37","modified_gmt":"2024-12-17T04:19:37","slug":"sairastuminen","status":"publish","type":"page","link":"https:\/\/tyoelamaan.fi\/selko\/tyosuhde\/sairastuminen\/","title":{"rendered":"Sairastuminen"},"content":{"rendered":"\n<p>Jos sairastut, ilmoita heti poissaolostasi ty\u00f6nantajalle. Ty\u00f6paikalla on usein sovittu siit\u00e4, kenelle poissaoloista ilmoitetaan ja kuinka monta p\u00e4iv\u00e4\u00e4 voi olla poissa ilman l\u00e4\u00e4k\u00e4rintodistusta. Yleens\u00e4 poissaolosta ilmoitetaan omalle esimiehelle, jolle toimitetaan my\u00f6s l\u00e4\u00e4k\u00e4rintodistus.<\/p>\n\n\n\n<p>Sinun pit\u00e4\u00e4 esitt\u00e4\u00e4 l\u00e4\u00e4k\u00e4rintodistus ty\u00f6kyvytt\u00f6myydest\u00e4, jos ty\u00f6nantaja sit\u00e4 vaatii. Todistuksen voi hakea ty\u00f6terveyshuollosta tai terveysasemalta.<\/p>\n\n\n\n<p>Sairausloma on tarkoitettu toipumiseen, eik\u00e4 sen aikana tehd\u00e4 t\u00f6it\u00e4 eik\u00e4 seurata ty\u00f6asioita. Vakavan sairauden ja pitk\u00e4n poissaolon j\u00e4lkeen kannattaa hakea tukea ty\u00f6terveyshuollosta.<\/p>\n\n\n\n<h2 class=\"wp-block-heading\">Milloin sairauslomalle?<\/h2>\n\n\n\n<p>Sairastuminen ei ole maailmanloppu. Usein nuori ty\u00f6ntekij\u00e4 ei halua j\u00e4\u00e4d\u00e4 sairauslomalle. On kuitenkin j\u00e4rkev\u00e4\u00e4 j\u00e4\u00e4d\u00e4 pois sairauden alussa, jolloin toipuu nopeasti eik\u00e4 levit\u00e4 tautia ty\u00f6kavereihin ja asiakkaisiin. T\u00e4m\u00e4 on erityisen t\u00e4rke\u00e4\u00e4 ravintola- ja hoiva-aloilla. Varaa aika ty\u00f6terveyshoitajalle, jos olet ep\u00e4varma, tuleeko sinun j\u00e4\u00e4d\u00e4 sairauslomalle.<\/p>\n\n\n\n<h2 class=\"wp-block-heading\">Sairausajan palkka<\/h2>\n\n\n\n<p>Saat sairastamisen ajalta palkkaa. Ty\u00f6nantaja voi t\u00e4t\u00e4 varten pyyt\u00e4\u00e4 l\u00e4\u00e4k\u00e4rin tai terveydenhoitajan todistuksen. Palkkaa maksetaan sairastumisp\u00e4iv\u00e4\u00e4 seuraavilta p\u00e4ivilt\u00e4, enint\u00e4\u00e4n yhdeks\u00e4lt\u00e4 p\u00e4iv\u00e4lt\u00e4. Saat t\u00e4yden palkan, jos olet ollut t\u00f6iss\u00e4 yli kuukauden. Sinulle maksetaan puolet palkasta, jos olet ollut t\u00f6iss\u00e4 alle kuukauden.<\/p>\n\n\n\n<p>Yhdeks\u00e4n p\u00e4iv\u00e4n j\u00e4lkeen Kela maksaa p\u00e4iv\u00e4rahaa. Ty\u00f6ehtosopimuksissa on voitu sopia, ett\u00e4 ty\u00f6nantaja maksaa sairauden ajalta palkkaa pitemp\u00e4\u00e4nkin. Jos ty\u00f6nantaja maksaa sairausajan palkkaa, Kelan p\u00e4iv\u00e4raha maksetaan ty\u00f6nantajalle.<\/p>\n\n\n\n<h2 class=\"wp-block-heading\">Ty\u00f6terveyshuolto<\/h2>\n\n\n\n<p>Kaikilla ty\u00f6ntekij\u00f6ill\u00e4 on oikeus turvalliseen ty\u00f6ymp\u00e4rist\u00f6\u00f6n. Ty\u00f6nantaja j\u00e4rjest\u00e4\u00e4 ty\u00f6olot turvallisiksi. Ty\u00f6terveyshuolto edist\u00e4\u00e4 ty\u00f6ntekij\u00f6iden terveytt\u00e4 ja ty\u00f6kyky\u00e4. Se koettaa ehk\u00e4ist\u00e4 ty\u00f6h\u00f6n liittyvi\u00e4 sairauksia ja tapaturmia.<\/p>\n\n\n\n<p>Ty\u00f6nantaja maksaa ty\u00f6terveyshuollon ja saa korvausta Kelalta. Ty\u00f6nantajan ei tarvitse tarjota ty\u00f6ntekij\u00f6illeen sairaanhoitoa, vaan se on vapaaehtoista. Useimmat ty\u00f6nantajat kuitenkin tarjoavat joitakin palveluja.<\/p>\n\n\n\n<p>Uusi ty\u00f6ntekij\u00e4 saa opastusta ty\u00f6n terveellisyyteen ja turvallisuuteen liittyviss\u00e4 asioissa. Jos ty\u00f6h\u00f6n liittyy sairastumisen vaara, pit\u00e4\u00e4 ty\u00f6ntekij\u00e4lle tehd\u00e4 alussa terveystarkastus.<\/p>\n","protected":false},"excerpt":{"rendered":"<p>Jos sairastut, ilmoita heti poissaolostasi ty\u00f6nantajalle. Ty\u00f6paikalla on usein sovittu siit\u00e4, kenelle poissaoloista ilmoitetaan ja kuinka monta p\u00e4iv\u00e4\u00e4 voi olla poissa ilman l\u00e4\u00e4k\u00e4rintodistusta. Yleens\u00e4 poissaolosta ilmoitetaan omalle esimiehelle, jolle toimitetaan my\u00f6s l\u00e4\u00e4k\u00e4rintodistus. Sinun pit\u00e4\u00e4 esitt\u00e4\u00e4 l\u00e4\u00e4k\u00e4rintodistus ty\u00f6kyvytt\u00f6myydest\u00e4, jos ty\u00f6nantaja sit\u00e4 vaatii. Todistuksen voi hakea ty\u00f6terveyshuollosta tai terveysasemalta. Sairausloma on tarkoitettu toipumiseen, eik\u00e4 sen aikana tehd\u00e4 [&hellip;]<\/p>\n","protected":false},"author":2,"featured_media":0,"parent":5603,"menu_order":0,"comment_status":"closed","ping_status":"closed","template":"","meta":{"_acf_changed":false,"footnotes":""},"asiasana":[37,34],"omistaja":[],"class_list":["post-5631","page","type-page","status-publish","hentry","asiasana-tyohyvinvointi","asiasana-tyosuhde"],"acf":[],"yoast_head":"<!-- This site is optimized with the Yoast SEO plugin v27.3 - https:\/\/yoast.com\/product\/yoast-seo-wordpress\/ -->\n<title>Sairastuminen - Ty\u00f6el\u00e4m\u00e4\u00e4n.fi<\/title>\n<meta name=\"robots\" content=\"index, follow, max-snippet:-1, max-image-preview:large, max-video-preview:-1\" \/>\n<link rel=\"canonical\" href=\"https:\/\/tyoelamaan.fi\/tyosuhde\/sairastuminen\/\" \/>\n<meta property=\"og:locale\" content=\"fi_FI\" \/>\n<meta property=\"og:type\" content=\"article\" \/>\n<meta property=\"og:title\" content=\"Sairastuminen - Ty\u00f6el\u00e4m\u00e4\u00e4n.fi\" \/>\n<meta property=\"og:description\" content=\"Jos sairastut, ilmoita heti poissaolostasi ty\u00f6nantajalle. Ty\u00f6paikalla on usein sovittu siit\u00e4, kenelle poissaoloista ilmoitetaan ja kuinka monta p\u00e4iv\u00e4\u00e4 voi olla poissa ilman l\u00e4\u00e4k\u00e4rintodistusta. Yleens\u00e4 poissaolosta ilmoitetaan omalle esimiehelle, jolle toimitetaan my\u00f6s l\u00e4\u00e4k\u00e4rintodistus. Sinun pit\u00e4\u00e4 esitt\u00e4\u00e4 l\u00e4\u00e4k\u00e4rintodistus ty\u00f6kyvytt\u00f6myydest\u00e4, jos ty\u00f6nantaja sit\u00e4 vaatii. Todistuksen voi hakea ty\u00f6terveyshuollosta tai terveysasemalta. Sairausloma on tarkoitettu toipumiseen, eik\u00e4 sen aikana tehd\u00e4 [&hellip;]\" \/>\n<meta property=\"og:url\" content=\"https:\/\/tyoelamaan.fi\/tyosuhde\/sairastuminen\/\" \/>\n<meta property=\"og:site_name\" content=\"Ty\u00f6el\u00e4m\u00e4\u00e4n.fi\" \/>\n<meta property=\"article:modified_time\" content=\"2024-12-17T04:19:37+00:00\" \/>\n<meta name=\"twitter:card\" content=\"summary_large_image\" \/>\n<meta name=\"twitter:label1\" content=\"Est. reading time\" \/>\n\t<meta name=\"twitter:data1\" content=\"2 minutes\" \/>\n<script type=\"application\/ld+json\" class=\"yoast-schema-graph\">{\"@context\":\"https:\\\/\\\/schema.org\",\"@graph\":[{\"@type\":\"WebPage\",\"@id\":\"https:\\\/\\\/tyoelamaan.fi\\\/tyosuhde\\\/sairastuminen\\\/\",\"url\":\"https:\\\/\\\/tyoelamaan.fi\\\/tyosuhde\\\/sairastuminen\\\/\",\"name\":\"Sairastuminen - Ty\u00f6el\u00e4m\u00e4\u00e4n.fi\",\"isPartOf\":{\"@id\":\"https:\\\/\\\/tyoelamaan.fi\\\/#website\"},\"datePublished\":\"2022-02-24T12:02:58+00:00\",\"dateModified\":\"2024-12-17T04:19:37+00:00\",\"breadcrumb\":{\"@id\":\"https:\\\/\\\/tyoelamaan.fi\\\/tyosuhde\\\/sairastuminen\\\/#breadcrumb\"},\"inLanguage\":\"fi-selko\",\"potentialAction\":[{\"@type\":\"ReadAction\",\"target\":[\"https:\\\/\\\/tyoelamaan.fi\\\/tyosuhde\\\/sairastuminen\\\/\"]}]},{\"@type\":\"BreadcrumbList\",\"@id\":\"https:\\\/\\\/tyoelamaan.fi\\\/tyosuhde\\\/sairastuminen\\\/#breadcrumb\",\"itemListElement\":[{\"@type\":\"ListItem\",\"position\":1,\"name\":\"Home\",\"item\":\"https:\\\/\\\/tyoelamaan.fi\\\/selko\\\/\"},{\"@type\":\"ListItem\",\"position\":2,\"name\":\"Ty\u00f6suhde\",\"item\":\"https:\\\/\\\/tyoelamaan.fi\\\/tyosuhde\\\/\"},{\"@type\":\"ListItem\",\"position\":3,\"name\":\"Sairastuminen\"}]},{\"@type\":\"WebSite\",\"@id\":\"https:\\\/\\\/tyoelamaan.fi\\\/#website\",\"url\":\"https:\\\/\\\/tyoelamaan.fi\\\/\",\"name\":\"Ty\u00f6el\u00e4m\u00e4\u00e4n.fi\",\"description\":\"\",\"publisher\":{\"@id\":\"https:\\\/\\\/tyoelamaan.fi\\\/#organization\"},\"potentialAction\":[{\"@type\":\"SearchAction\",\"target\":{\"@type\":\"EntryPoint\",\"urlTemplate\":\"https:\\\/\\\/tyoelamaan.fi\\\/?s={search_term_string}\"},\"query-input\":{\"@type\":\"PropertyValueSpecification\",\"valueRequired\":true,\"valueName\":\"search_term_string\"}}],\"inLanguage\":\"fi-selko\"},{\"@type\":\"Organization\",\"@id\":\"https:\\\/\\\/tyoelamaan.fi\\\/#organization\",\"name\":\"Ty\u00f6el\u00e4m\u00e4\u00e4n.fi\",\"url\":\"https:\\\/\\\/tyoelamaan.fi\\\/\",\"logo\":{\"@type\":\"ImageObject\",\"inLanguage\":\"fi-selko\",\"@id\":\"https:\\\/\\\/tyoelamaan.fi\\\/#\\\/schema\\\/logo\\\/image\\\/\",\"url\":\"https:\\\/\\\/tyoelamaan.fi\\\/wp-content\\\/uploads\\\/2024\\\/11\\\/tyoelamaan_logo.svg\",\"contentUrl\":\"https:\\\/\\\/tyoelamaan.fi\\\/wp-content\\\/uploads\\\/2024\\\/11\\\/tyoelamaan_logo.svg\",\"width\":131,\"height\":30,\"caption\":\"Ty\u00f6el\u00e4m\u00e4\u00e4n.fi\"},\"image\":{\"@id\":\"https:\\\/\\\/tyoelamaan.fi\\\/#\\\/schema\\\/logo\\\/image\\\/\"}}]}<\/script>\n<!-- \/ Yoast SEO plugin. -->","yoast_head_json":{"title":"Sairastuminen - Ty\u00f6el\u00e4m\u00e4\u00e4n.fi","robots":{"index":"index","follow":"follow","max-snippet":"max-snippet:-1","max-image-preview":"max-image-preview:large","max-video-preview":"max-video-preview:-1"},"canonical":"https:\/\/tyoelamaan.fi\/tyosuhde\/sairastuminen\/","og_locale":"fi_FI","og_type":"article","og_title":"Sairastuminen - Ty\u00f6el\u00e4m\u00e4\u00e4n.fi","og_description":"Jos sairastut, ilmoita heti poissaolostasi ty\u00f6nantajalle. Ty\u00f6paikalla on usein sovittu siit\u00e4, kenelle poissaoloista ilmoitetaan ja kuinka monta p\u00e4iv\u00e4\u00e4 voi olla poissa ilman l\u00e4\u00e4k\u00e4rintodistusta. Yleens\u00e4 poissaolosta ilmoitetaan omalle esimiehelle, jolle toimitetaan my\u00f6s l\u00e4\u00e4k\u00e4rintodistus. Sinun pit\u00e4\u00e4 esitt\u00e4\u00e4 l\u00e4\u00e4k\u00e4rintodistus ty\u00f6kyvytt\u00f6myydest\u00e4, jos ty\u00f6nantaja sit\u00e4 vaatii. Todistuksen voi hakea ty\u00f6terveyshuollosta tai terveysasemalta. Sairausloma on tarkoitettu toipumiseen, eik\u00e4 sen aikana tehd\u00e4 [&hellip;]","og_url":"https:\/\/tyoelamaan.fi\/tyosuhde\/sairastuminen\/","og_site_name":"Ty\u00f6el\u00e4m\u00e4\u00e4n.fi","article_modified_time":"2024-12-17T04:19:37+00:00","twitter_card":"summary_large_image","twitter_misc":{"Est. reading time":"2 minutes"},"schema":{"@context":"https:\/\/schema.org","@graph":[{"@type":"WebPage","@id":"https:\/\/tyoelamaan.fi\/tyosuhde\/sairastuminen\/","url":"https:\/\/tyoelamaan.fi\/tyosuhde\/sairastuminen\/","name":"Sairastuminen - Ty\u00f6el\u00e4m\u00e4\u00e4n.fi","isPartOf":{"@id":"https:\/\/tyoelamaan.fi\/#website"},"datePublished":"2022-02-24T12:02:58+00:00","dateModified":"2024-12-17T04:19:37+00:00","breadcrumb":{"@id":"https:\/\/tyoelamaan.fi\/tyosuhde\/sairastuminen\/#breadcrumb"},"inLanguage":"fi-selko","potentialAction":[{"@type":"ReadAction","target":["https:\/\/tyoelamaan.fi\/tyosuhde\/sairastuminen\/"]}]},{"@type":"BreadcrumbList","@id":"https:\/\/tyoelamaan.fi\/tyosuhde\/sairastuminen\/#breadcrumb","itemListElement":[{"@type":"ListItem","position":1,"name":"Home","item":"https:\/\/tyoelamaan.fi\/selko\/"},{"@type":"ListItem","position":2,"name":"Ty\u00f6suhde","item":"https:\/\/tyoelamaan.fi\/tyosuhde\/"},{"@type":"ListItem","position":3,"name":"Sairastuminen"}]},{"@type":"WebSite","@id":"https:\/\/tyoelamaan.fi\/#website","url":"https:\/\/tyoelamaan.fi\/","name":"Ty\u00f6el\u00e4m\u00e4\u00e4n.fi","description":"","publisher":{"@id":"https:\/\/tyoelamaan.fi\/#organization"},"potentialAction":[{"@type":"SearchAction","target":{"@type":"EntryPoint","urlTemplate":"https:\/\/tyoelamaan.fi\/?s={search_term_string}"},"query-input":{"@type":"PropertyValueSpecification","valueRequired":true,"valueName":"search_term_string"}}],"inLanguage":"fi-selko"},{"@type":"Organization","@id":"https:\/\/tyoelamaan.fi\/#organization","name":"Ty\u00f6el\u00e4m\u00e4\u00e4n.fi","url":"https:\/\/tyoelamaan.fi\/","logo":{"@type":"ImageObject","inLanguage":"fi-selko","@id":"https:\/\/tyoelamaan.fi\/#\/schema\/logo\/image\/","url":"https:\/\/tyoelamaan.fi\/wp-content\/uploads\/2024\/11\/tyoelamaan_logo.svg","contentUrl":"https:\/\/tyoelamaan.fi\/wp-content\/uploads\/2024\/11\/tyoelamaan_logo.svg","width":131,"height":30,"caption":"Ty\u00f6el\u00e4m\u00e4\u00e4n.fi"},"image":{"@id":"https:\/\/tyoelamaan.fi\/#\/schema\/logo\/image\/"}}]}},"_links":{"self":[{"href":"https:\/\/tyoelamaan.fi\/selko\/wp-json\/wp\/v2\/pages\/5631","targetHints":{"allow":["GET"]}}],"collection":[{"href":"https:\/\/tyoelamaan.fi\/selko\/wp-json\/wp\/v2\/pages"}],"about":[{"href":"https:\/\/tyoelamaan.fi\/selko\/wp-json\/wp\/v2\/types\/page"}],"author":[{"embeddable":true,"href":"https:\/\/tyoelamaan.fi\/selko\/wp-json\/wp\/v2\/users\/2"}],"replies":[{"embeddable":true,"href":"https:\/\/tyoelamaan.fi\/selko\/wp-json\/wp\/v2\/comments?post=5631"}],"version-history":[{"count":2,"href":"https:\/\/tyoelamaan.fi\/selko\/wp-json\/wp\/v2\/pages\/5631\/revisions"}],"predecessor-version":[{"id":10836,"href":"https:\/\/tyoelamaan.fi\/selko\/wp-json\/wp\/v2\/pages\/5631\/revisions\/10836"}],"up":[{"embeddable":true,"href":"https:\/\/tyoelamaan.fi\/selko\/wp-json\/wp\/v2\/pages\/5603"}],"wp:attachment":[{"href":"https:\/\/tyoelamaan.fi\/selko\/wp-json\/wp\/v2\/media?parent=5631"}],"wp:term":[{"taxonomy":"asiasana","embeddable":true,"href":"https:\/\/tyoelamaan.fi\/selko\/wp-json\/wp\/v2\/asiasana?post=5631"},{"taxonomy":"omistaja","embeddable":true,"href":"https:\/\/tyoelamaan.fi\/selko\/wp-json\/wp\/v2\/omistaja?post=5631"}],"curies":[{"name":"wp","href":"https:\/\/api.w.org\/{rel}","templated":true}]}}