{"id":5664,"date":"2022-02-24T16:52:06","date_gmt":"2022-02-24T14:52:06","guid":{"rendered":"https:\/\/tyoelamaan.fi\/?page_id=5664"},"modified":"2024-12-17T06:19:40","modified_gmt":"2024-12-17T04:19:40","slug":"tyoelake","status":"publish","type":"page","link":"https:\/\/tyoelamaan.fi\/selko\/tyon-paattyessa\/tyoelake\/","title":{"rendered":"Ty\u00f6el\u00e4ke"},"content":{"rendered":"\n<p>Ty\u00f6uran alussa el\u00e4ke saattaa tuntua kaukaiselta. Ty\u00f6el\u00e4kemaksua maksetaan kuitenkin jokaisesta palkasta 17 ik\u00e4vuodesta alkaen. Ty\u00f6el\u00e4ke karttuu siis pikkuhiljaa koko ty\u00f6el\u00e4m\u00e4n ajan. El\u00e4kett\u00e4 kertyy my\u00f6s opiskelun, ty\u00f6tt\u00f6myyden ja lasten kotihoidon ajalta. Nuorena tehdyt valinnat vaikuttavat el\u00e4kkeen m\u00e4\u00e4r\u00e4\u00e4n.<\/p>\n\n\n\n<p>Suomalainen el\u00e4kej\u00e4rjestelm\u00e4 on rakennettu niin, ett\u00e4 ty\u00f6ss\u00e4 k\u00e4yv\u00e4t maksavat el\u00e4kkeell\u00e4 olevien el\u00e4kkeet. Osa el\u00e4kkeit\u00e4 varten ker\u00e4tyist\u00e4 rahoista kuitenkin rahastoidaan tulevaisuutta varten. J\u00e4rjestelm\u00e4 takaa toimeentulon vanhoille ja ty\u00f6kyvytt\u00f6mille.<\/p>\n\n\n\n<h2 class=\"wp-block-heading\">Mik\u00e4 ty\u00f6el\u00e4ke?<\/h2>\n\n\n\n<p>Ty\u00f6el\u00e4ke ansaitaan omalla palkkaty\u00f6ll\u00e4 tai yritt\u00e4misell\u00e4. Jo nuorena voi olla oikeutettu ty\u00f6kyvytt\u00f6myysel\u00e4kkeeseen tai perhe-el\u00e4kkeisiin. El\u00e4kett\u00e4 alkaa kerty\u00e4 17-vuotiaasta alkaen. <\/p>\n\n\n\n<h3 class=\"wp-block-heading\">Muita el\u00e4kkeit\u00e4<\/h3>\n\n\n<div data-accordion-title=\"Osittainen vanhuusel\u00e4ke\" data-block-id=\"block-93372667-8499-40db-b013-4fa6048169c9\" class=\"wp-block-as-blocks-accordion-block\"><div class=\"accordion\"><div class=\"accordion-item\"><h4 class=\"accordion-header\" id=\"block-93372667-8499-40db-b013-4fa6048169c9heading\"><button class=\"accordion-button collapsed\" type=\"button\" data-bs-toggle=\"collapse\" data-bs-target=\"#block-93372667-8499-40db-b013-4fa6048169c9\" aria-expanded=\"false\" aria-controls=\"block-93372667-8499-40db-b013-4fa6048169c9\">Osittainen vanhuusel\u00e4ke<\/button><\/h4><div id=\"block-93372667-8499-40db-b013-4fa6048169c9\" class=\"accordion-collapse collapse\" aria-labelledby=\"block-93372667-8499-40db-b013-4fa6048169c9heading\"><div class=\"accordion-body\">\n<p>Ty\u00f6ntekij\u00e4 voi ottaa osittaisen vanhuusel\u00e4kkeen (25 % tai 50 %) jo 61-vuotiaana.<\/p>\n\n\n\n<p>Vuonna 1964 syntyneill\u00e4 ik\u00e4raja tulee nousemaan 62:een ja sen j\u00e4lkeen syntyneill\u00e4 ik\u00e4raja sopeutetaan odotettavissa olevaan elinik\u00e4\u00e4n.<\/p>\n<\/div><\/div><\/div><\/div><\/div>\n\n<div data-accordion-title=\"Ty\u00f6urael\u00e4ke\" data-block-id=\"block-12f69668-5b64-4c42-96db-a250549d0aea\" class=\"wp-block-as-blocks-accordion-block\"><div class=\"accordion\"><div class=\"accordion-item\"><h4 class=\"accordion-header\" id=\"block-12f69668-5b64-4c42-96db-a250549d0aeaheading\"><button class=\"accordion-button collapsed\" type=\"button\" data-bs-toggle=\"collapse\" data-bs-target=\"#block-12f69668-5b64-4c42-96db-a250549d0aea\" aria-expanded=\"false\" aria-controls=\"block-12f69668-5b64-4c42-96db-a250549d0aea\">Ty\u00f6urael\u00e4ke<\/button><\/h4><div id=\"block-12f69668-5b64-4c42-96db-a250549d0aea\" class=\"accordion-collapse collapse\" aria-labelledby=\"block-12f69668-5b64-4c42-96db-a250549d0aeaheading\"><div class=\"accordion-body\">\n<p>Ty\u00f6urael\u00e4kkeelle voi siirty\u00e4 pitk\u00e4n ja raskaan ty\u00f6uran tehnyt 63-vuotias.<\/p>\n\n\n\n<p>Pitk\u00e4ksi ja raskaaksi ty\u00f6uraksi lasketaan yli 38 vuoden ty\u00f6, jonka vuoksi ty\u00f6kyky on heikentynyt. Ty\u00f6kyky ei kuitenkaan ole niin huono, ett\u00e4 ty\u00f6ntekij\u00e4 p\u00e4\u00e4sisi ty\u00f6kyvytt\u00f6myysel\u00e4kkeelle.<\/p>\n<\/div><\/div><\/div><\/div><\/div>\n\n<div data-accordion-title=\"Vanhuusel\u00e4ke\" data-block-id=\"block-1bcdd036-7c5d-415d-98c9-3083287d9661\" class=\"wp-block-as-blocks-accordion-block\"><div class=\"accordion\"><div class=\"accordion-item\"><h4 class=\"accordion-header\" id=\"block-1bcdd036-7c5d-415d-98c9-3083287d9661heading\"><button class=\"accordion-button collapsed\" type=\"button\" data-bs-toggle=\"collapse\" data-bs-target=\"#block-1bcdd036-7c5d-415d-98c9-3083287d9661\" aria-expanded=\"false\" aria-controls=\"block-1bcdd036-7c5d-415d-98c9-3083287d9661\">Vanhuusel\u00e4ke<\/button><\/h4><div id=\"block-1bcdd036-7c5d-415d-98c9-3083287d9661\" class=\"accordion-collapse collapse\" aria-labelledby=\"block-1bcdd036-7c5d-415d-98c9-3083287d9661heading\"><div class=\"accordion-body\">\n<p>Syntym\u00e4vuosi m\u00e4\u00e4r\u00e4\u00e4, milloin voi j\u00e4\u00e4d\u00e4 vanhuusel\u00e4kkeelle.<\/p>\n\n\n\n<p>Ty\u00f6ntekij\u00e4n ei ole pakko hakea el\u00e4kett\u00e4, vaikka h\u00e4n olisi el\u00e4kei\u00e4ss\u00e4. Mit\u00e4 my\u00f6hemmin j\u00e4\u00e4 vanhuusel\u00e4kkeelle, sit\u00e4 suuremman el\u00e4kkeen saa.<\/p>\n<\/div><\/div><\/div><\/div><\/div>\n\n<div data-accordion-title=\"Perhe-el\u00e4ke\" data-block-id=\"block-1ea0ebab-9c4e-4d9b-913c-7e22aad65798\" class=\"wp-block-as-blocks-accordion-block\"><div class=\"accordion\"><div class=\"accordion-item\"><h4 class=\"accordion-header\" id=\"block-1ea0ebab-9c4e-4d9b-913c-7e22aad65798heading\"><button class=\"accordion-button collapsed\" type=\"button\" data-bs-toggle=\"collapse\" data-bs-target=\"#block-1ea0ebab-9c4e-4d9b-913c-7e22aad65798\" aria-expanded=\"false\" aria-controls=\"block-1ea0ebab-9c4e-4d9b-913c-7e22aad65798\">Perhe-el\u00e4ke<\/button><\/h4><div id=\"block-1ea0ebab-9c4e-4d9b-913c-7e22aad65798\" class=\"accordion-collapse collapse\" aria-labelledby=\"block-1ea0ebab-9c4e-4d9b-913c-7e22aad65798heading\"><div class=\"accordion-body\">\n<p>Huoltajan kuoltua leskelle ja lapsille voidaan maksaa perhe-el\u00e4kett\u00e4 toimeentulon turvaamiseksi. Perhe-el\u00e4kkeit\u00e4 ovat leskenel\u00e4ke ja lapsenel\u00e4ke.<\/p>\n<\/div><\/div><\/div><\/div><\/div>\n\n<div data-accordion-title=\"Kuntoutus\" data-block-id=\"block-e7cf90bf-93fa-4eb6-9ed0-ba016f97f920\" class=\"wp-block-as-blocks-accordion-block\"><div class=\"accordion\"><div class=\"accordion-item\"><h4 class=\"accordion-header\" id=\"block-e7cf90bf-93fa-4eb6-9ed0-ba016f97f920heading\"><button class=\"accordion-button collapsed\" type=\"button\" data-bs-toggle=\"collapse\" data-bs-target=\"#block-e7cf90bf-93fa-4eb6-9ed0-ba016f97f920\" aria-expanded=\"false\" aria-controls=\"block-e7cf90bf-93fa-4eb6-9ed0-ba016f97f920\">Kuntoutus<\/button><\/h4><div id=\"block-e7cf90bf-93fa-4eb6-9ed0-ba016f97f920\" class=\"accordion-collapse collapse\" aria-labelledby=\"block-e7cf90bf-93fa-4eb6-9ed0-ba016f97f920heading\"><div class=\"accordion-body\">\n<p>Ammatillisen kuntoutuksen ajalta voit saada kuntoutusrahaa, kuntoutuskorotusta ja kuntoutusavustusta. Kuntoutuksen teht\u00e4v\u00e4n\u00e4 on edist\u00e4\u00e4 ty\u00f6ss\u00e4 jaksamista ja parantaa ty\u00f6kyky\u00e4.<\/p>\n<\/div><\/div><\/div><\/div><\/div>\n\n<div data-accordion-title=\"Ty\u00f6el\u00e4keote\" data-block-id=\"block-c7320a6f-a68a-4200-8cb2-fff28c05fddc\" class=\"wp-block-as-blocks-accordion-block\"><div class=\"accordion\"><div class=\"accordion-item\"><h4 class=\"accordion-header\" id=\"block-c7320a6f-a68a-4200-8cb2-fff28c05fddcheading\"><button class=\"accordion-button collapsed\" type=\"button\" data-bs-toggle=\"collapse\" data-bs-target=\"#block-c7320a6f-a68a-4200-8cb2-fff28c05fddc\" aria-expanded=\"false\" aria-controls=\"block-c7320a6f-a68a-4200-8cb2-fff28c05fddc\">Ty\u00f6el\u00e4keote<\/button><\/h4><div id=\"block-c7320a6f-a68a-4200-8cb2-fff28c05fddc\" class=\"accordion-collapse collapse\" aria-labelledby=\"block-c7320a6f-a68a-4200-8cb2-fff28c05fddcheading\"><div class=\"accordion-body\">\n<p>Ty\u00f6el\u00e4keote on luettelo kaikista tuloistasi, jotka kartuttavat el\u00e4kett\u00e4. Tuleva el\u00e4kkeesi pohjautuu otteen tietoihin. Tiedot kannattaa tarkistaa s\u00e4\u00e4nn\u00f6llisesti.<\/p>\n\n\n\n<p>El\u00e4kett\u00e4 kertyy koko ty\u00f6uran ajan. Mit\u00e4 enemm\u00e4n ty\u00f6vuosia on edess\u00e4, sit\u00e4 enemm\u00e4n el\u00e4kett\u00e4 ehtii kerty\u00e4.<\/p>\n\n\n\n<p>Voit tarkistaa oman ty\u00f6el\u00e4keotteesi ty\u00f6el\u00e4ke.fi-palvelussa. Palvelussa voit katsoa my\u00f6s arvion omasta el\u00e4kei\u00e4st\u00e4si ja el\u00e4kkeesi alkamisajan. Jos olet syntynyt vuonna 2002, laskurin mukaan el\u00e4keik\u00e4si on 68 vuotta ja p\u00e4\u00e4set el\u00e4kkeelle vuonna 2070.<\/p>\n<\/div><\/div><\/div><\/div><\/div>","protected":false},"excerpt":{"rendered":"<p>Ty\u00f6uran alussa el\u00e4ke saattaa tuntua kaukaiselta. Ty\u00f6el\u00e4kemaksua maksetaan kuitenkin jokaisesta palkasta 17 ik\u00e4vuodesta alkaen. Ty\u00f6el\u00e4ke karttuu siis pikkuhiljaa koko ty\u00f6el\u00e4m\u00e4n ajan. El\u00e4kett\u00e4 kertyy my\u00f6s opiskelun, ty\u00f6tt\u00f6myyden ja lasten kotihoidon ajalta. Nuorena tehdyt valinnat vaikuttavat el\u00e4kkeen m\u00e4\u00e4r\u00e4\u00e4n. Suomalainen el\u00e4kej\u00e4rjestelm\u00e4 on rakennettu niin, ett\u00e4 ty\u00f6ss\u00e4 k\u00e4yv\u00e4t maksavat el\u00e4kkeell\u00e4 olevien el\u00e4kkeet. Osa el\u00e4kkeit\u00e4 varten ker\u00e4tyist\u00e4 rahoista kuitenkin rahastoidaan [&hellip;]<\/p>\n","protected":false},"author":2,"featured_media":0,"parent":10844,"menu_order":0,"comment_status":"closed","ping_status":"closed","template":"","meta":{"_acf_changed":false,"footnotes":""},"asiasana":[],"omistaja":[],"class_list":["post-5664","page","type-page","status-publish","hentry"],"acf":[],"yoast_head":"<!-- This site is optimized with the Yoast SEO plugin v27.3 - https:\/\/yoast.com\/product\/yoast-seo-wordpress\/ -->\n<title>Ty\u00f6el\u00e4ke - Ty\u00f6el\u00e4m\u00e4\u00e4n.fi<\/title>\n<meta name=\"robots\" content=\"index, follow, max-snippet:-1, max-image-preview:large, max-video-preview:-1\" \/>\n<link rel=\"canonical\" href=\"https:\/\/tyoelamaan.fi\/tyon-paattyessa\/tyoelake\/\" \/>\n<meta property=\"og:locale\" content=\"fi_FI\" \/>\n<meta property=\"og:type\" content=\"article\" \/>\n<meta property=\"og:title\" content=\"Ty\u00f6el\u00e4ke - Ty\u00f6el\u00e4m\u00e4\u00e4n.fi\" \/>\n<meta property=\"og:description\" content=\"Ty\u00f6uran alussa el\u00e4ke saattaa tuntua kaukaiselta. Ty\u00f6el\u00e4kemaksua maksetaan kuitenkin jokaisesta palkasta 17 ik\u00e4vuodesta alkaen. Ty\u00f6el\u00e4ke karttuu siis pikkuhiljaa koko ty\u00f6el\u00e4m\u00e4n ajan. El\u00e4kett\u00e4 kertyy my\u00f6s opiskelun, ty\u00f6tt\u00f6myyden ja lasten kotihoidon ajalta. Nuorena tehdyt valinnat vaikuttavat el\u00e4kkeen m\u00e4\u00e4r\u00e4\u00e4n. Suomalainen el\u00e4kej\u00e4rjestelm\u00e4 on rakennettu niin, ett\u00e4 ty\u00f6ss\u00e4 k\u00e4yv\u00e4t maksavat el\u00e4kkeell\u00e4 olevien el\u00e4kkeet. Osa el\u00e4kkeit\u00e4 varten ker\u00e4tyist\u00e4 rahoista kuitenkin rahastoidaan [&hellip;]\" \/>\n<meta property=\"og:url\" content=\"https:\/\/tyoelamaan.fi\/tyon-paattyessa\/tyoelake\/\" \/>\n<meta property=\"og:site_name\" content=\"Ty\u00f6el\u00e4m\u00e4\u00e4n.fi\" \/>\n<meta property=\"article:modified_time\" content=\"2024-12-17T04:19:40+00:00\" \/>\n<meta name=\"twitter:card\" content=\"summary_large_image\" \/>\n<meta name=\"twitter:label1\" content=\"Est. reading time\" \/>\n\t<meta name=\"twitter:data1\" content=\"1 minute\" \/>\n<script type=\"application\/ld+json\" class=\"yoast-schema-graph\">{\"@context\":\"https:\\\/\\\/schema.org\",\"@graph\":[{\"@type\":\"WebPage\",\"@id\":\"https:\\\/\\\/tyoelamaan.fi\\\/tyon-paattyessa\\\/tyoelake\\\/\",\"url\":\"https:\\\/\\\/tyoelamaan.fi\\\/tyon-paattyessa\\\/tyoelake\\\/\",\"name\":\"Ty\u00f6el\u00e4ke - Ty\u00f6el\u00e4m\u00e4\u00e4n.fi\",\"isPartOf\":{\"@id\":\"https:\\\/\\\/tyoelamaan.fi\\\/#website\"},\"datePublished\":\"2022-02-24T14:52:06+00:00\",\"dateModified\":\"2024-12-17T04:19:40+00:00\",\"breadcrumb\":{\"@id\":\"https:\\\/\\\/tyoelamaan.fi\\\/tyon-paattyessa\\\/tyoelake\\\/#breadcrumb\"},\"inLanguage\":\"fi-selko\",\"potentialAction\":[{\"@type\":\"ReadAction\",\"target\":[\"https:\\\/\\\/tyoelamaan.fi\\\/tyon-paattyessa\\\/tyoelake\\\/\"]}]},{\"@type\":\"BreadcrumbList\",\"@id\":\"https:\\\/\\\/tyoelamaan.fi\\\/tyon-paattyessa\\\/tyoelake\\\/#breadcrumb\",\"itemListElement\":[{\"@type\":\"ListItem\",\"position\":1,\"name\":\"Home\",\"item\":\"https:\\\/\\\/tyoelamaan.fi\\\/selko\\\/\"},{\"@type\":\"ListItem\",\"position\":2,\"name\":\"Ty\u00f6n p\u00e4\u00e4ttyess\u00e4\",\"item\":\"https:\\\/\\\/tyoelamaan.fi\\\/tyon-paattyessa\\\/\"},{\"@type\":\"ListItem\",\"position\":3,\"name\":\"Ty\u00f6el\u00e4ke\"}]},{\"@type\":\"WebSite\",\"@id\":\"https:\\\/\\\/tyoelamaan.fi\\\/#website\",\"url\":\"https:\\\/\\\/tyoelamaan.fi\\\/\",\"name\":\"Ty\u00f6el\u00e4m\u00e4\u00e4n.fi\",\"description\":\"\",\"publisher\":{\"@id\":\"https:\\\/\\\/tyoelamaan.fi\\\/#organization\"},\"potentialAction\":[{\"@type\":\"SearchAction\",\"target\":{\"@type\":\"EntryPoint\",\"urlTemplate\":\"https:\\\/\\\/tyoelamaan.fi\\\/?s={search_term_string}\"},\"query-input\":{\"@type\":\"PropertyValueSpecification\",\"valueRequired\":true,\"valueName\":\"search_term_string\"}}],\"inLanguage\":\"fi-selko\"},{\"@type\":\"Organization\",\"@id\":\"https:\\\/\\\/tyoelamaan.fi\\\/#organization\",\"name\":\"Ty\u00f6el\u00e4m\u00e4\u00e4n.fi\",\"url\":\"https:\\\/\\\/tyoelamaan.fi\\\/\",\"logo\":{\"@type\":\"ImageObject\",\"inLanguage\":\"fi-selko\",\"@id\":\"https:\\\/\\\/tyoelamaan.fi\\\/#\\\/schema\\\/logo\\\/image\\\/\",\"url\":\"https:\\\/\\\/tyoelamaan.fi\\\/wp-content\\\/uploads\\\/2024\\\/11\\\/tyoelamaan_logo.svg\",\"contentUrl\":\"https:\\\/\\\/tyoelamaan.fi\\\/wp-content\\\/uploads\\\/2024\\\/11\\\/tyoelamaan_logo.svg\",\"width\":131,\"height\":30,\"caption\":\"Ty\u00f6el\u00e4m\u00e4\u00e4n.fi\"},\"image\":{\"@id\":\"https:\\\/\\\/tyoelamaan.fi\\\/#\\\/schema\\\/logo\\\/image\\\/\"}}]}<\/script>\n<!-- \/ Yoast SEO plugin. -->","yoast_head_json":{"title":"Ty\u00f6el\u00e4ke - Ty\u00f6el\u00e4m\u00e4\u00e4n.fi","robots":{"index":"index","follow":"follow","max-snippet":"max-snippet:-1","max-image-preview":"max-image-preview:large","max-video-preview":"max-video-preview:-1"},"canonical":"https:\/\/tyoelamaan.fi\/tyon-paattyessa\/tyoelake\/","og_locale":"fi_FI","og_type":"article","og_title":"Ty\u00f6el\u00e4ke - Ty\u00f6el\u00e4m\u00e4\u00e4n.fi","og_description":"Ty\u00f6uran alussa el\u00e4ke saattaa tuntua kaukaiselta. Ty\u00f6el\u00e4kemaksua maksetaan kuitenkin jokaisesta palkasta 17 ik\u00e4vuodesta alkaen. Ty\u00f6el\u00e4ke karttuu siis pikkuhiljaa koko ty\u00f6el\u00e4m\u00e4n ajan. El\u00e4kett\u00e4 kertyy my\u00f6s opiskelun, ty\u00f6tt\u00f6myyden ja lasten kotihoidon ajalta. Nuorena tehdyt valinnat vaikuttavat el\u00e4kkeen m\u00e4\u00e4r\u00e4\u00e4n. Suomalainen el\u00e4kej\u00e4rjestelm\u00e4 on rakennettu niin, ett\u00e4 ty\u00f6ss\u00e4 k\u00e4yv\u00e4t maksavat el\u00e4kkeell\u00e4 olevien el\u00e4kkeet. Osa el\u00e4kkeit\u00e4 varten ker\u00e4tyist\u00e4 rahoista kuitenkin rahastoidaan [&hellip;]","og_url":"https:\/\/tyoelamaan.fi\/tyon-paattyessa\/tyoelake\/","og_site_name":"Ty\u00f6el\u00e4m\u00e4\u00e4n.fi","article_modified_time":"2024-12-17T04:19:40+00:00","twitter_card":"summary_large_image","twitter_misc":{"Est. reading time":"1 minute"},"schema":{"@context":"https:\/\/schema.org","@graph":[{"@type":"WebPage","@id":"https:\/\/tyoelamaan.fi\/tyon-paattyessa\/tyoelake\/","url":"https:\/\/tyoelamaan.fi\/tyon-paattyessa\/tyoelake\/","name":"Ty\u00f6el\u00e4ke - Ty\u00f6el\u00e4m\u00e4\u00e4n.fi","isPartOf":{"@id":"https:\/\/tyoelamaan.fi\/#website"},"datePublished":"2022-02-24T14:52:06+00:00","dateModified":"2024-12-17T04:19:40+00:00","breadcrumb":{"@id":"https:\/\/tyoelamaan.fi\/tyon-paattyessa\/tyoelake\/#breadcrumb"},"inLanguage":"fi-selko","potentialAction":[{"@type":"ReadAction","target":["https:\/\/tyoelamaan.fi\/tyon-paattyessa\/tyoelake\/"]}]},{"@type":"BreadcrumbList","@id":"https:\/\/tyoelamaan.fi\/tyon-paattyessa\/tyoelake\/#breadcrumb","itemListElement":[{"@type":"ListItem","position":1,"name":"Home","item":"https:\/\/tyoelamaan.fi\/selko\/"},{"@type":"ListItem","position":2,"name":"Ty\u00f6n p\u00e4\u00e4ttyess\u00e4","item":"https:\/\/tyoelamaan.fi\/tyon-paattyessa\/"},{"@type":"ListItem","position":3,"name":"Ty\u00f6el\u00e4ke"}]},{"@type":"WebSite","@id":"https:\/\/tyoelamaan.fi\/#website","url":"https:\/\/tyoelamaan.fi\/","name":"Ty\u00f6el\u00e4m\u00e4\u00e4n.fi","description":"","publisher":{"@id":"https:\/\/tyoelamaan.fi\/#organization"},"potentialAction":[{"@type":"SearchAction","target":{"@type":"EntryPoint","urlTemplate":"https:\/\/tyoelamaan.fi\/?s={search_term_string}"},"query-input":{"@type":"PropertyValueSpecification","valueRequired":true,"valueName":"search_term_string"}}],"inLanguage":"fi-selko"},{"@type":"Organization","@id":"https:\/\/tyoelamaan.fi\/#organization","name":"Ty\u00f6el\u00e4m\u00e4\u00e4n.fi","url":"https:\/\/tyoelamaan.fi\/","logo":{"@type":"ImageObject","inLanguage":"fi-selko","@id":"https:\/\/tyoelamaan.fi\/#\/schema\/logo\/image\/","url":"https:\/\/tyoelamaan.fi\/wp-content\/uploads\/2024\/11\/tyoelamaan_logo.svg","contentUrl":"https:\/\/tyoelamaan.fi\/wp-content\/uploads\/2024\/11\/tyoelamaan_logo.svg","width":131,"height":30,"caption":"Ty\u00f6el\u00e4m\u00e4\u00e4n.fi"},"image":{"@id":"https:\/\/tyoelamaan.fi\/#\/schema\/logo\/image\/"}}]}},"_links":{"self":[{"href":"https:\/\/tyoelamaan.fi\/selko\/wp-json\/wp\/v2\/pages\/5664","targetHints":{"allow":["GET"]}}],"collection":[{"href":"https:\/\/tyoelamaan.fi\/selko\/wp-json\/wp\/v2\/pages"}],"about":[{"href":"https:\/\/tyoelamaan.fi\/selko\/wp-json\/wp\/v2\/types\/page"}],"author":[{"embeddable":true,"href":"https:\/\/tyoelamaan.fi\/selko\/wp-json\/wp\/v2\/users\/2"}],"replies":[{"embeddable":true,"href":"https:\/\/tyoelamaan.fi\/selko\/wp-json\/wp\/v2\/comments?post=5664"}],"version-history":[{"count":4,"href":"https:\/\/tyoelamaan.fi\/selko\/wp-json\/wp\/v2\/pages\/5664\/revisions"}],"predecessor-version":[{"id":12513,"href":"https:\/\/tyoelamaan.fi\/selko\/wp-json\/wp\/v2\/pages\/5664\/revisions\/12513"}],"up":[{"embeddable":true,"href":"https:\/\/tyoelamaan.fi\/selko\/wp-json\/wp\/v2\/pages\/10844"}],"wp:attachment":[{"href":"https:\/\/tyoelamaan.fi\/selko\/wp-json\/wp\/v2\/media?parent=5664"}],"wp:term":[{"taxonomy":"asiasana","embeddable":true,"href":"https:\/\/tyoelamaan.fi\/selko\/wp-json\/wp\/v2\/asiasana?post=5664"},{"taxonomy":"omistaja","embeddable":true,"href":"https:\/\/tyoelamaan.fi\/selko\/wp-json\/wp\/v2\/omistaja?post=5664"}],"curies":[{"name":"wp","href":"https:\/\/api.w.org\/{rel}","templated":true}]}}