{"id":9757,"date":"2022-08-03T11:06:10","date_gmt":"2022-08-03T08:06:10","guid":{"rendered":"https:\/\/tyoelamaan.fi\/?page_id=9757"},"modified":"2024-12-17T06:20:00","modified_gmt":"2024-12-17T04:20:00","slug":"tyoelama","status":"publish","type":"page","link":"https:\/\/tyoelamaan.fi\/selko\/tyoelama\/","title":{"rendered":"Ty\u00f6el\u00e4m\u00e4"},"content":{"rendered":"\n<div class=\"wp-block-columns is-layout-flex wp-container-core-columns-is-layout-28f84493 wp-block-columns-is-layout-flex\">\n<div class=\"wp-block-column is-layout-flow wp-block-column-is-layout-flow\">\n<p>Ty\u00f6n tekemisen tapoja on useita erilaisia. Voit mietti\u00e4 oman alan lis\u00e4ksi juuri sinulle sopivaa ty\u00f6tapaa. Pid\u00e4tk\u00f6 keikkaty\u00f6st\u00e4? Silloin voit tehd\u00e4 ty\u00f6t\u00e4 juuri silloin, kun haluat. Tai pid\u00e4tk\u00f6 enemm\u00e4n s\u00e4\u00e4nn\u00f6llisest\u00e4 ty\u00f6ajasta? Haluatko tehd\u00e4 ty\u00f6t\u00e4 aina samassa paikassa? Voit mietti\u00e4, miten tasa-arvo ja yhdenvertaisuus toteutuvat alalla ja ty\u00f6paikassa, jonne haluat.<\/p>\n\n\n\n<p><\/p>\n<\/div>\n\n\n\n<div class=\"wp-block-column is-layout-flow wp-block-column-is-layout-flow\">\n<div class=\"wp-block-group has-primary-background-color has-background has-global-padding is-layout-constrained wp-block-group-is-layout-constrained\">\n<p><a href=\"https:\/\/tyoelamaan.fi\/selko\/https:\/\/tyoelamaan.fi\/selko\/tyoelama\/tyon-tekemisen-tavat\/\">Ty\u00f6n tekemisen tavat<\/a><\/p>\n\n\n\n<p><a href=\"https:\/\/tyoelamaan.fi\/selko\/tyoelama\/tyosuojelu-ja-turvallisuus\/\">Ty\u00f6suojelu<\/a><\/p>\n\n\n\n<p><a href=\"https:\/\/tyoelamaan.fi\/selko\/tyoelama\/tasa-arvo-ja-yhdenvertaisuus\/\">Tasa-arvo ja yhdenvertaisuus<\/a><\/p>\n\n\n\n<p><a href=\"https:\/\/tyoelamaan.fi\/selko\/tyoelama\/yksityisyyden-suoja\/\">Yksityisyyden suoja<\/a><\/p>\n<\/div>\n<\/div>\n<\/div>\n<script type=\"text\/javascript\"> toolTips('.classtoolTips51','Joustavaa tilap\u00e4ist\u00e4 ty\u00f6t\u00e4, jota tehd\u00e4\u00e4n usein lyhytaikaisissa projekteissa tai keikkaluonteisesti eri ty\u00f6nantajien palveluksessa. Keikkaty\u00f6 voi olla esimerkiksi satunnaista p\u00e4tk\u00e4ty\u00f6t\u00e4, vuokraty\u00f6t\u00e4 tai freelancer-ty\u00f6t\u00e4.'); <\/script>","protected":false},"excerpt":{"rendered":"<p>Ty\u00f6n tekemisen tapoja on useita erilaisia. Voit mietti\u00e4 oman alan lis\u00e4ksi juuri sinulle sopivaa ty\u00f6tapaa. Pid\u00e4tk\u00f6 keikkaty\u00f6st\u00e4? Silloin voit tehd\u00e4 ty\u00f6t\u00e4 juuri silloin, kun haluat. Tai pid\u00e4tk\u00f6 enemm\u00e4n s\u00e4\u00e4nn\u00f6llisest\u00e4 ty\u00f6ajasta? Haluatko tehd\u00e4 ty\u00f6t\u00e4 aina samassa paikassa? Voit mietti\u00e4, miten tasa-arvo ja yhdenvertaisuus toteutuvat alalla ja ty\u00f6paikassa, jonne haluat. Ty\u00f6n tekemisen tavat Ty\u00f6suojelu Tasa-arvo ja yhdenvertaisuus [&hellip;]<\/p>\n","protected":false},"author":1,"featured_media":0,"parent":0,"menu_order":0,"comment_status":"closed","ping_status":"closed","template":"","meta":{"_acf_changed":false,"footnotes":""},"asiasana":[],"omistaja":[64],"class_list":["post-9757","page","type-page","status-publish","hentry","omistaja-kirsi-suominen"],"acf":[],"yoast_head":"<!-- This site is optimized with the Yoast SEO plugin v27.3 - https:\/\/yoast.com\/product\/yoast-seo-wordpress\/ -->\n<title>Ty\u00f6el\u00e4m\u00e4 - Ty\u00f6el\u00e4m\u00e4\u00e4n.fi<\/title>\n<meta name=\"robots\" content=\"index, follow, max-snippet:-1, max-image-preview:large, max-video-preview:-1\" \/>\n<link rel=\"canonical\" href=\"https:\/\/tyoelamaan.fi\/tyoelama\/\" \/>\n<meta property=\"og:locale\" content=\"fi_FI\" \/>\n<meta property=\"og:type\" content=\"article\" \/>\n<meta property=\"og:title\" content=\"Ty\u00f6el\u00e4m\u00e4 - Ty\u00f6el\u00e4m\u00e4\u00e4n.fi\" \/>\n<meta property=\"og:description\" content=\"Ty\u00f6n tekemisen tapoja on useita erilaisia. Voit mietti\u00e4 oman alan lis\u00e4ksi juuri sinulle sopivaa ty\u00f6tapaa. Pid\u00e4tk\u00f6 keikkaty\u00f6st\u00e4? Silloin voit tehd\u00e4 ty\u00f6t\u00e4 juuri silloin, kun haluat. Tai pid\u00e4tk\u00f6 enemm\u00e4n s\u00e4\u00e4nn\u00f6llisest\u00e4 ty\u00f6ajasta? Haluatko tehd\u00e4 ty\u00f6t\u00e4 aina samassa paikassa? Voit mietti\u00e4, miten tasa-arvo ja yhdenvertaisuus toteutuvat alalla ja ty\u00f6paikassa, jonne haluat. Ty\u00f6n tekemisen tavat Ty\u00f6suojelu Tasa-arvo ja yhdenvertaisuus [&hellip;]\" \/>\n<meta property=\"og:url\" content=\"https:\/\/tyoelamaan.fi\/tyoelama\/\" \/>\n<meta property=\"og:site_name\" content=\"Ty\u00f6el\u00e4m\u00e4\u00e4n.fi\" \/>\n<meta property=\"article:modified_time\" content=\"2024-12-17T04:20:00+00:00\" \/>\n<meta name=\"twitter:card\" content=\"summary_large_image\" \/>\n<meta name=\"twitter:label1\" content=\"Est. reading time\" \/>\n\t<meta name=\"twitter:data1\" content=\"1 minute\" \/>\n<script type=\"application\/ld+json\" class=\"yoast-schema-graph\">{\"@context\":\"https:\\\/\\\/schema.org\",\"@graph\":[{\"@type\":\"WebPage\",\"@id\":\"https:\\\/\\\/tyoelamaan.fi\\\/tyoelama\\\/\",\"url\":\"https:\\\/\\\/tyoelamaan.fi\\\/tyoelama\\\/\",\"name\":\"Ty\u00f6el\u00e4m\u00e4 - Ty\u00f6el\u00e4m\u00e4\u00e4n.fi\",\"isPartOf\":{\"@id\":\"https:\\\/\\\/tyoelamaan.fi\\\/#website\"},\"datePublished\":\"2022-08-03T08:06:10+00:00\",\"dateModified\":\"2024-12-17T04:20:00+00:00\",\"breadcrumb\":{\"@id\":\"https:\\\/\\\/tyoelamaan.fi\\\/tyoelama\\\/#breadcrumb\"},\"inLanguage\":\"fi-selko\",\"potentialAction\":[{\"@type\":\"ReadAction\",\"target\":[\"https:\\\/\\\/tyoelamaan.fi\\\/tyoelama\\\/\"]}]},{\"@type\":\"BreadcrumbList\",\"@id\":\"https:\\\/\\\/tyoelamaan.fi\\\/tyoelama\\\/#breadcrumb\",\"itemListElement\":[{\"@type\":\"ListItem\",\"position\":1,\"name\":\"Home\",\"item\":\"https:\\\/\\\/tyoelamaan.fi\\\/selko\\\/\"},{\"@type\":\"ListItem\",\"position\":2,\"name\":\"Ty\u00f6el\u00e4m\u00e4\"}]},{\"@type\":\"WebSite\",\"@id\":\"https:\\\/\\\/tyoelamaan.fi\\\/#website\",\"url\":\"https:\\\/\\\/tyoelamaan.fi\\\/\",\"name\":\"Ty\u00f6el\u00e4m\u00e4\u00e4n.fi\",\"description\":\"\",\"publisher\":{\"@id\":\"https:\\\/\\\/tyoelamaan.fi\\\/#organization\"},\"potentialAction\":[{\"@type\":\"SearchAction\",\"target\":{\"@type\":\"EntryPoint\",\"urlTemplate\":\"https:\\\/\\\/tyoelamaan.fi\\\/?s={search_term_string}\"},\"query-input\":{\"@type\":\"PropertyValueSpecification\",\"valueRequired\":true,\"valueName\":\"search_term_string\"}}],\"inLanguage\":\"fi-selko\"},{\"@type\":\"Organization\",\"@id\":\"https:\\\/\\\/tyoelamaan.fi\\\/#organization\",\"name\":\"Ty\u00f6el\u00e4m\u00e4\u00e4n.fi\",\"url\":\"https:\\\/\\\/tyoelamaan.fi\\\/\",\"logo\":{\"@type\":\"ImageObject\",\"inLanguage\":\"fi-selko\",\"@id\":\"https:\\\/\\\/tyoelamaan.fi\\\/#\\\/schema\\\/logo\\\/image\\\/\",\"url\":\"https:\\\/\\\/tyoelamaan.fi\\\/wp-content\\\/uploads\\\/2024\\\/11\\\/tyoelamaan_logo.svg\",\"contentUrl\":\"https:\\\/\\\/tyoelamaan.fi\\\/wp-content\\\/uploads\\\/2024\\\/11\\\/tyoelamaan_logo.svg\",\"width\":131,\"height\":30,\"caption\":\"Ty\u00f6el\u00e4m\u00e4\u00e4n.fi\"},\"image\":{\"@id\":\"https:\\\/\\\/tyoelamaan.fi\\\/#\\\/schema\\\/logo\\\/image\\\/\"}}]}<\/script>\n<!-- \/ Yoast SEO plugin. -->","yoast_head_json":{"title":"Ty\u00f6el\u00e4m\u00e4 - Ty\u00f6el\u00e4m\u00e4\u00e4n.fi","robots":{"index":"index","follow":"follow","max-snippet":"max-snippet:-1","max-image-preview":"max-image-preview:large","max-video-preview":"max-video-preview:-1"},"canonical":"https:\/\/tyoelamaan.fi\/tyoelama\/","og_locale":"fi_FI","og_type":"article","og_title":"Ty\u00f6el\u00e4m\u00e4 - Ty\u00f6el\u00e4m\u00e4\u00e4n.fi","og_description":"Ty\u00f6n tekemisen tapoja on useita erilaisia. Voit mietti\u00e4 oman alan lis\u00e4ksi juuri sinulle sopivaa ty\u00f6tapaa. Pid\u00e4tk\u00f6 keikkaty\u00f6st\u00e4? Silloin voit tehd\u00e4 ty\u00f6t\u00e4 juuri silloin, kun haluat. Tai pid\u00e4tk\u00f6 enemm\u00e4n s\u00e4\u00e4nn\u00f6llisest\u00e4 ty\u00f6ajasta? Haluatko tehd\u00e4 ty\u00f6t\u00e4 aina samassa paikassa? Voit mietti\u00e4, miten tasa-arvo ja yhdenvertaisuus toteutuvat alalla ja ty\u00f6paikassa, jonne haluat. Ty\u00f6n tekemisen tavat Ty\u00f6suojelu Tasa-arvo ja yhdenvertaisuus [&hellip;]","og_url":"https:\/\/tyoelamaan.fi\/tyoelama\/","og_site_name":"Ty\u00f6el\u00e4m\u00e4\u00e4n.fi","article_modified_time":"2024-12-17T04:20:00+00:00","twitter_card":"summary_large_image","twitter_misc":{"Est. reading time":"1 minute"},"schema":{"@context":"https:\/\/schema.org","@graph":[{"@type":"WebPage","@id":"https:\/\/tyoelamaan.fi\/tyoelama\/","url":"https:\/\/tyoelamaan.fi\/tyoelama\/","name":"Ty\u00f6el\u00e4m\u00e4 - Ty\u00f6el\u00e4m\u00e4\u00e4n.fi","isPartOf":{"@id":"https:\/\/tyoelamaan.fi\/#website"},"datePublished":"2022-08-03T08:06:10+00:00","dateModified":"2024-12-17T04:20:00+00:00","breadcrumb":{"@id":"https:\/\/tyoelamaan.fi\/tyoelama\/#breadcrumb"},"inLanguage":"fi-selko","potentialAction":[{"@type":"ReadAction","target":["https:\/\/tyoelamaan.fi\/tyoelama\/"]}]},{"@type":"BreadcrumbList","@id":"https:\/\/tyoelamaan.fi\/tyoelama\/#breadcrumb","itemListElement":[{"@type":"ListItem","position":1,"name":"Home","item":"https:\/\/tyoelamaan.fi\/selko\/"},{"@type":"ListItem","position":2,"name":"Ty\u00f6el\u00e4m\u00e4"}]},{"@type":"WebSite","@id":"https:\/\/tyoelamaan.fi\/#website","url":"https:\/\/tyoelamaan.fi\/","name":"Ty\u00f6el\u00e4m\u00e4\u00e4n.fi","description":"","publisher":{"@id":"https:\/\/tyoelamaan.fi\/#organization"},"potentialAction":[{"@type":"SearchAction","target":{"@type":"EntryPoint","urlTemplate":"https:\/\/tyoelamaan.fi\/?s={search_term_string}"},"query-input":{"@type":"PropertyValueSpecification","valueRequired":true,"valueName":"search_term_string"}}],"inLanguage":"fi-selko"},{"@type":"Organization","@id":"https:\/\/tyoelamaan.fi\/#organization","name":"Ty\u00f6el\u00e4m\u00e4\u00e4n.fi","url":"https:\/\/tyoelamaan.fi\/","logo":{"@type":"ImageObject","inLanguage":"fi-selko","@id":"https:\/\/tyoelamaan.fi\/#\/schema\/logo\/image\/","url":"https:\/\/tyoelamaan.fi\/wp-content\/uploads\/2024\/11\/tyoelamaan_logo.svg","contentUrl":"https:\/\/tyoelamaan.fi\/wp-content\/uploads\/2024\/11\/tyoelamaan_logo.svg","width":131,"height":30,"caption":"Ty\u00f6el\u00e4m\u00e4\u00e4n.fi"},"image":{"@id":"https:\/\/tyoelamaan.fi\/#\/schema\/logo\/image\/"}}]}},"_links":{"self":[{"href":"https:\/\/tyoelamaan.fi\/selko\/wp-json\/wp\/v2\/pages\/9757","targetHints":{"allow":["GET"]}}],"collection":[{"href":"https:\/\/tyoelamaan.fi\/selko\/wp-json\/wp\/v2\/pages"}],"about":[{"href":"https:\/\/tyoelamaan.fi\/selko\/wp-json\/wp\/v2\/types\/page"}],"author":[{"embeddable":true,"href":"https:\/\/tyoelamaan.fi\/selko\/wp-json\/wp\/v2\/users\/1"}],"replies":[{"embeddable":true,"href":"https:\/\/tyoelamaan.fi\/selko\/wp-json\/wp\/v2\/comments?post=9757"}],"version-history":[{"count":7,"href":"https:\/\/tyoelamaan.fi\/selko\/wp-json\/wp\/v2\/pages\/9757\/revisions"}],"predecessor-version":[{"id":12551,"href":"https:\/\/tyoelamaan.fi\/selko\/wp-json\/wp\/v2\/pages\/9757\/revisions\/12551"}],"wp:attachment":[{"href":"https:\/\/tyoelamaan.fi\/selko\/wp-json\/wp\/v2\/media?parent=9757"}],"wp:term":[{"taxonomy":"asiasana","embeddable":true,"href":"https:\/\/tyoelamaan.fi\/selko\/wp-json\/wp\/v2\/asiasana?post=9757"},{"taxonomy":"omistaja","embeddable":true,"href":"https:\/\/tyoelamaan.fi\/selko\/wp-json\/wp\/v2\/omistaja?post=9757"}],"curies":[{"name":"wp","href":"https:\/\/api.w.org\/{rel}","templated":true}]}}