{"id":10631,"date":"2023-06-27T10:49:53","date_gmt":"2023-06-27T07:49:53","guid":{"rendered":"https:\/\/tyoelamaan.fi\/?page_id=10631"},"modified":"2024-12-17T06:20:14","modified_gmt":"2024-12-17T04:20:14","slug":"provotid","status":"publish","type":"page","link":"https:\/\/tyoelamaan.fi\/sv\/borjan-av-arbetet\/provotid\/","title":{"rendered":"Pr\u00f6votid"},"content":{"rendered":"\n<p>I arbetsavtalet kan parterna komma \u00f6verens om en pr\u00f6votid p\u00e5 h\u00f6gs sex m\u00e5nader i anst\u00e4llningsf\u00f6rh\u00e5llandets b\u00f6rjan. Om arbetstagaren varit fr\u00e5nvarande under pr\u00f6votiden p\u00e5 grund av arbetsof\u00f6rm\u00e5ga eller&nbsp;familjeledighet, har arbetsgivaren r\u00e4tt att f\u00f6rl\u00e4nga pr\u00f6votiden. Om det ing\u00e5tt perioder av arbetsof\u00f6rm\u00e5ga eller familjeledigheter i pr\u00f6votiden \u00e4r det m\u00f6jligt att f\u00f6rl\u00e4nga pr\u00f6votiden med en m\u00e5nad f\u00f6r varje 30 dagars period av arbetsof\u00f6rm\u00e5ga eller familjeledighet. Arbetsgivaren ska underr\u00e4tta arbetstagaren om f\u00f6rl\u00e4ngningen av pr\u00f6votiden innan pr\u00f6votiden g\u00e5r ut.<\/p>\n\n\n\n<p>I en anst\u00e4llning f\u00f6r viss tid&nbsp;f\u00e5r pr\u00f6votiden med f\u00f6rl\u00e4ngningar utg\u00f6ra h\u00f6gst h\u00e4lften av arbetsavtalets l\u00e4ngd, dock inte mer \u00e4n sex m\u00e5nader. Om det finns en best\u00e4mmelse om pr\u00f6votid i ett kollektivavtal som \u00e4r bindande f\u00f6r arbetsgivaren ska arbetsgivaren underr\u00e4tta arbetstagaren om att denna best\u00e4mmelse iakttas, d\u00e5 arbetsavtalet ing\u00e5s.<\/p>\n\n\n\n<p>Under pr\u00f6votiden har b\u00e5da parterna r\u00e4tt att h\u00e4va arbetsavtalet. Ett arbetsavtal f\u00e5r dock inte h\u00e4vas p\u00e5 diskriminerande&nbsp;grunder eller p\u00e5 andra grunder som \u00e4r ol\u00e4mpliga med tanke p\u00e5 pr\u00f6votidens syfte.<\/p>\n","protected":false},"excerpt":{"rendered":"<p>I arbetsavtalet kan parterna komma \u00f6verens om en pr\u00f6votid p\u00e5 h\u00f6gs sex m\u00e5nader i anst\u00e4llningsf\u00f6rh\u00e5llandets b\u00f6rjan. Om arbetstagaren varit fr\u00e5nvarande under pr\u00f6votiden p\u00e5 grund av arbetsof\u00f6rm\u00e5ga eller&nbsp;familjeledighet, har arbetsgivaren r\u00e4tt att f\u00f6rl\u00e4nga pr\u00f6votiden. Om det ing\u00e5tt perioder av arbetsof\u00f6rm\u00e5ga eller familjeledigheter i pr\u00f6votiden \u00e4r det m\u00f6jligt att f\u00f6rl\u00e4nga pr\u00f6votiden med en m\u00e5nad f\u00f6r varje 30 [&hellip;]<\/p>\n","protected":false},"author":13,"featured_media":0,"parent":10711,"menu_order":0,"comment_status":"closed","ping_status":"closed","template":"","meta":{"_acf_changed":false,"footnotes":""},"asiasana":[],"omistaja":[],"class_list":["post-10631","page","type-page","status-publish","hentry"],"acf":[],"yoast_head":"<!-- This site is optimized with the Yoast SEO plugin v27.3 - https:\/\/yoast.com\/product\/yoast-seo-wordpress\/ -->\n<title>Pr\u00f6votid - Ty\u00f6el\u00e4m\u00e4\u00e4n.fi<\/title>\n<meta name=\"robots\" content=\"index, follow, max-snippet:-1, max-image-preview:large, max-video-preview:-1\" \/>\n<link rel=\"canonical\" href=\"https:\/\/tyoelamaan.fi\/tyon-aloitus\/koeaika\/\" \/>\n<meta property=\"og:locale\" content=\"sv_SE\" \/>\n<meta property=\"og:type\" content=\"article\" \/>\n<meta property=\"og:title\" content=\"Pr\u00f6votid - Ty\u00f6el\u00e4m\u00e4\u00e4n.fi\" \/>\n<meta property=\"og:description\" content=\"I arbetsavtalet kan parterna komma \u00f6verens om en pr\u00f6votid p\u00e5 h\u00f6gs sex m\u00e5nader i anst\u00e4llningsf\u00f6rh\u00e5llandets b\u00f6rjan. Om arbetstagaren varit fr\u00e5nvarande under pr\u00f6votiden p\u00e5 grund av arbetsof\u00f6rm\u00e5ga eller&nbsp;familjeledighet, har arbetsgivaren r\u00e4tt att f\u00f6rl\u00e4nga pr\u00f6votiden. Om det ing\u00e5tt perioder av arbetsof\u00f6rm\u00e5ga eller familjeledigheter i pr\u00f6votiden \u00e4r det m\u00f6jligt att f\u00f6rl\u00e4nga pr\u00f6votiden med en m\u00e5nad f\u00f6r varje 30 [&hellip;]\" \/>\n<meta property=\"og:url\" content=\"https:\/\/tyoelamaan.fi\/tyon-aloitus\/koeaika\/\" \/>\n<meta property=\"og:site_name\" content=\"Ty\u00f6el\u00e4m\u00e4\u00e4n.fi\" \/>\n<meta property=\"article:modified_time\" content=\"2024-12-17T04:20:14+00:00\" \/>\n<meta name=\"twitter:card\" content=\"summary_large_image\" \/>\n<meta name=\"twitter:label1\" content=\"Est. reading time\" \/>\n\t<meta name=\"twitter:data1\" content=\"1 minut\" \/>\n<script type=\"application\/ld+json\" class=\"yoast-schema-graph\">{\"@context\":\"https:\\\/\\\/schema.org\",\"@graph\":[{\"@type\":\"WebPage\",\"@id\":\"https:\\\/\\\/tyoelamaan.fi\\\/tyon-aloitus\\\/koeaika\\\/\",\"url\":\"https:\\\/\\\/tyoelamaan.fi\\\/tyon-aloitus\\\/koeaika\\\/\",\"name\":\"Pr\u00f6votid - Ty\u00f6el\u00e4m\u00e4\u00e4n.fi\",\"isPartOf\":{\"@id\":\"https:\\\/\\\/tyoelamaan.fi\\\/#website\"},\"datePublished\":\"2023-06-27T07:49:53+00:00\",\"dateModified\":\"2024-12-17T04:20:14+00:00\",\"breadcrumb\":{\"@id\":\"https:\\\/\\\/tyoelamaan.fi\\\/tyon-aloitus\\\/koeaika\\\/#breadcrumb\"},\"inLanguage\":\"sv-SE\",\"potentialAction\":[{\"@type\":\"ReadAction\",\"target\":[\"https:\\\/\\\/tyoelamaan.fi\\\/tyon-aloitus\\\/koeaika\\\/\"]}]},{\"@type\":\"BreadcrumbList\",\"@id\":\"https:\\\/\\\/tyoelamaan.fi\\\/tyon-aloitus\\\/koeaika\\\/#breadcrumb\",\"itemListElement\":[{\"@type\":\"ListItem\",\"position\":1,\"name\":\"Home\",\"item\":\"https:\\\/\\\/tyoelamaan.fi\\\/sv\\\/\"},{\"@type\":\"ListItem\",\"position\":2,\"name\":\"B\u00f6rjan av arbetet\",\"item\":\"https:\\\/\\\/tyoelamaan.fi\\\/tyon-aloitus\\\/\"},{\"@type\":\"ListItem\",\"position\":3,\"name\":\"Pr\u00f6votid\"}]},{\"@type\":\"WebSite\",\"@id\":\"https:\\\/\\\/tyoelamaan.fi\\\/#website\",\"url\":\"https:\\\/\\\/tyoelamaan.fi\\\/\",\"name\":\"Ty\u00f6el\u00e4m\u00e4\u00e4n.fi\",\"description\":\"\",\"publisher\":{\"@id\":\"https:\\\/\\\/tyoelamaan.fi\\\/#organization\"},\"potentialAction\":[{\"@type\":\"SearchAction\",\"target\":{\"@type\":\"EntryPoint\",\"urlTemplate\":\"https:\\\/\\\/tyoelamaan.fi\\\/?s={search_term_string}\"},\"query-input\":{\"@type\":\"PropertyValueSpecification\",\"valueRequired\":true,\"valueName\":\"search_term_string\"}}],\"inLanguage\":\"sv-SE\"},{\"@type\":\"Organization\",\"@id\":\"https:\\\/\\\/tyoelamaan.fi\\\/#organization\",\"name\":\"Ty\u00f6el\u00e4m\u00e4\u00e4n.fi\",\"url\":\"https:\\\/\\\/tyoelamaan.fi\\\/\",\"logo\":{\"@type\":\"ImageObject\",\"inLanguage\":\"sv-SE\",\"@id\":\"https:\\\/\\\/tyoelamaan.fi\\\/#\\\/schema\\\/logo\\\/image\\\/\",\"url\":\"https:\\\/\\\/tyoelamaan.fi\\\/wp-content\\\/uploads\\\/2024\\\/11\\\/tyoelamaan_logo.svg\",\"contentUrl\":\"https:\\\/\\\/tyoelamaan.fi\\\/wp-content\\\/uploads\\\/2024\\\/11\\\/tyoelamaan_logo.svg\",\"width\":131,\"height\":30,\"caption\":\"Ty\u00f6el\u00e4m\u00e4\u00e4n.fi\"},\"image\":{\"@id\":\"https:\\\/\\\/tyoelamaan.fi\\\/#\\\/schema\\\/logo\\\/image\\\/\"}}]}<\/script>\n<!-- \/ Yoast SEO plugin. -->","yoast_head_json":{"title":"Pr\u00f6votid - Ty\u00f6el\u00e4m\u00e4\u00e4n.fi","robots":{"index":"index","follow":"follow","max-snippet":"max-snippet:-1","max-image-preview":"max-image-preview:large","max-video-preview":"max-video-preview:-1"},"canonical":"https:\/\/tyoelamaan.fi\/tyon-aloitus\/koeaika\/","og_locale":"sv_SE","og_type":"article","og_title":"Pr\u00f6votid - Ty\u00f6el\u00e4m\u00e4\u00e4n.fi","og_description":"I arbetsavtalet kan parterna komma \u00f6verens om en pr\u00f6votid p\u00e5 h\u00f6gs sex m\u00e5nader i anst\u00e4llningsf\u00f6rh\u00e5llandets b\u00f6rjan. Om arbetstagaren varit fr\u00e5nvarande under pr\u00f6votiden p\u00e5 grund av arbetsof\u00f6rm\u00e5ga eller&nbsp;familjeledighet, har arbetsgivaren r\u00e4tt att f\u00f6rl\u00e4nga pr\u00f6votiden. Om det ing\u00e5tt perioder av arbetsof\u00f6rm\u00e5ga eller familjeledigheter i pr\u00f6votiden \u00e4r det m\u00f6jligt att f\u00f6rl\u00e4nga pr\u00f6votiden med en m\u00e5nad f\u00f6r varje 30 [&hellip;]","og_url":"https:\/\/tyoelamaan.fi\/tyon-aloitus\/koeaika\/","og_site_name":"Ty\u00f6el\u00e4m\u00e4\u00e4n.fi","article_modified_time":"2024-12-17T04:20:14+00:00","twitter_card":"summary_large_image","twitter_misc":{"Est. reading time":"1 minut"},"schema":{"@context":"https:\/\/schema.org","@graph":[{"@type":"WebPage","@id":"https:\/\/tyoelamaan.fi\/tyon-aloitus\/koeaika\/","url":"https:\/\/tyoelamaan.fi\/tyon-aloitus\/koeaika\/","name":"Pr\u00f6votid - Ty\u00f6el\u00e4m\u00e4\u00e4n.fi","isPartOf":{"@id":"https:\/\/tyoelamaan.fi\/#website"},"datePublished":"2023-06-27T07:49:53+00:00","dateModified":"2024-12-17T04:20:14+00:00","breadcrumb":{"@id":"https:\/\/tyoelamaan.fi\/tyon-aloitus\/koeaika\/#breadcrumb"},"inLanguage":"sv-SE","potentialAction":[{"@type":"ReadAction","target":["https:\/\/tyoelamaan.fi\/tyon-aloitus\/koeaika\/"]}]},{"@type":"BreadcrumbList","@id":"https:\/\/tyoelamaan.fi\/tyon-aloitus\/koeaika\/#breadcrumb","itemListElement":[{"@type":"ListItem","position":1,"name":"Home","item":"https:\/\/tyoelamaan.fi\/sv\/"},{"@type":"ListItem","position":2,"name":"B\u00f6rjan av arbetet","item":"https:\/\/tyoelamaan.fi\/tyon-aloitus\/"},{"@type":"ListItem","position":3,"name":"Pr\u00f6votid"}]},{"@type":"WebSite","@id":"https:\/\/tyoelamaan.fi\/#website","url":"https:\/\/tyoelamaan.fi\/","name":"Ty\u00f6el\u00e4m\u00e4\u00e4n.fi","description":"","publisher":{"@id":"https:\/\/tyoelamaan.fi\/#organization"},"potentialAction":[{"@type":"SearchAction","target":{"@type":"EntryPoint","urlTemplate":"https:\/\/tyoelamaan.fi\/?s={search_term_string}"},"query-input":{"@type":"PropertyValueSpecification","valueRequired":true,"valueName":"search_term_string"}}],"inLanguage":"sv-SE"},{"@type":"Organization","@id":"https:\/\/tyoelamaan.fi\/#organization","name":"Ty\u00f6el\u00e4m\u00e4\u00e4n.fi","url":"https:\/\/tyoelamaan.fi\/","logo":{"@type":"ImageObject","inLanguage":"sv-SE","@id":"https:\/\/tyoelamaan.fi\/#\/schema\/logo\/image\/","url":"https:\/\/tyoelamaan.fi\/wp-content\/uploads\/2024\/11\/tyoelamaan_logo.svg","contentUrl":"https:\/\/tyoelamaan.fi\/wp-content\/uploads\/2024\/11\/tyoelamaan_logo.svg","width":131,"height":30,"caption":"Ty\u00f6el\u00e4m\u00e4\u00e4n.fi"},"image":{"@id":"https:\/\/tyoelamaan.fi\/#\/schema\/logo\/image\/"}}]}},"_links":{"self":[{"href":"https:\/\/tyoelamaan.fi\/sv\/wp-json\/wp\/v2\/pages\/10631","targetHints":{"allow":["GET"]}}],"collection":[{"href":"https:\/\/tyoelamaan.fi\/sv\/wp-json\/wp\/v2\/pages"}],"about":[{"href":"https:\/\/tyoelamaan.fi\/sv\/wp-json\/wp\/v2\/types\/page"}],"author":[{"embeddable":true,"href":"https:\/\/tyoelamaan.fi\/sv\/wp-json\/wp\/v2\/users\/13"}],"replies":[{"embeddable":true,"href":"https:\/\/tyoelamaan.fi\/sv\/wp-json\/wp\/v2\/comments?post=10631"}],"version-history":[{"count":1,"href":"https:\/\/tyoelamaan.fi\/sv\/wp-json\/wp\/v2\/pages\/10631\/revisions"}],"predecessor-version":[{"id":10632,"href":"https:\/\/tyoelamaan.fi\/sv\/wp-json\/wp\/v2\/pages\/10631\/revisions\/10632"}],"up":[{"embeddable":true,"href":"https:\/\/tyoelamaan.fi\/sv\/wp-json\/wp\/v2\/pages\/10711"}],"wp:attachment":[{"href":"https:\/\/tyoelamaan.fi\/sv\/wp-json\/wp\/v2\/media?parent=10631"}],"wp:term":[{"taxonomy":"asiasana","embeddable":true,"href":"https:\/\/tyoelamaan.fi\/sv\/wp-json\/wp\/v2\/asiasana?post=10631"},{"taxonomy":"omistaja","embeddable":true,"href":"https:\/\/tyoelamaan.fi\/sv\/wp-json\/wp\/v2\/omistaja?post=10631"}],"curies":[{"name":"wp","href":"https:\/\/api.w.org\/{rel}","templated":true}]}}