{"id":10639,"date":"2023-06-27T11:00:28","date_gmt":"2023-06-27T08:00:28","guid":{"rendered":"https:\/\/tyoelamaan.fi\/?page_id=10639"},"modified":"2024-12-17T06:20:15","modified_gmt":"2024-12-17T04:20:15","slug":"i-slutet-av-arbetet","status":"publish","type":"page","link":"https:\/\/tyoelamaan.fi\/sv\/i-slutet-av-arbetet\/","title":{"rendered":"I slutet av arbetet"},"content":{"rendered":"\n<div class=\"wp-block-columns is-layout-flex wp-container-core-columns-is-layout-28f84493 wp-block-columns-is-layout-flex\">\n<div class=\"wp-block-column is-layout-flow wp-block-column-is-layout-flow\">\n<p>Ett anst\u00e4llningsf\u00f6rh\u00e5llande kan upph\u00f6ra av m\u00e5nga olika anledningar. Upps\u00e4gning sker vanligtvis p\u00e5 initiativ av arbetsgivaren och upps\u00e4gning p\u00e5 initiativ av arbetstagaren.<\/p>\n\n\n\n<p>N\u00e4r anst\u00e4llningsf\u00f6rh\u00e5llandet upph\u00f6r \u00e4r det viktigt att komma ih\u00e5g att be om ett arbetsintyg.<\/p>\n<\/div>\n\n\n\n<div class=\"wp-block-column is-layout-flow wp-block-column-is-layout-flow\">\n<div class=\"editor-bg blue\">\n<ul>\n<li><a href=\"https:\/\/tyoelamaan.fi\/sv\/i-slutet-av-arbetet\/uppsagning-fran-arbetsgivarens-och-arbetstagarens-sida\/\">Upps\u00e4gning fr\u00e5n arbetsgivarens och arbetstagarens sida<\/a><\/li>\n<li><a href=\"https:\/\/tyoelamaan.fi\/sv\/i-slutet-av-arbetet\/arbetsintyg\/\">Arbetsintyg<\/a><\/li>\n<li><a href=\"https:\/\/tyoelamaan.fi\/sv\/i-slutet-av-arbetet\/arbetsloshet\/\">Arbetsl\u00f6shet<\/a><\/li>\n<li><a href=\"https:\/\/tyoelamaan.fi\/sv\/i-slutet-av-arbetet\/arbetspension\/\">Arbetspension<\/a><\/li>\n<\/ul>\n<\/div>\n<\/div>\n<\/div>\n\n\n\n<p>N\u00e4stan alla av oss \u00e4r arbetsl\u00f6sa n\u00e5gon g\u00e5ng i livet. I dag \u00e4r perioder av arbetsl\u00f6shet vanligare p\u00e5 grund av fragmenteringen av arbetslivet. Under arbetsl\u00f6shetsperioden finns det olika typer av f\u00f6rs\u00f6rjningsst\u00f6d.<\/p>\n\n\n\n<p>Jobben kan ocks\u00e5 upph\u00f6ra f\u00f6r att du har uppn\u00e5tt pensions\u00e5ldern. Arbetspensionen ackumuleras lite i taget under hela arbetslivet.<\/p>\n","protected":false},"excerpt":{"rendered":"<p>Ett anst\u00e4llningsf\u00f6rh\u00e5llande kan upph\u00f6ra av m\u00e5nga olika anledningar. Upps\u00e4gning sker vanligtvis p\u00e5 initiativ av arbetsgivaren och upps\u00e4gning p\u00e5 initiativ av arbetstagaren. N\u00e4r anst\u00e4llningsf\u00f6rh\u00e5llandet upph\u00f6r \u00e4r det viktigt att komma ih\u00e5g att be om ett arbetsintyg. Upps\u00e4gning fr\u00e5n arbetsgivarens och arbetstagarens sida Arbetsintyg Arbetsl\u00f6shet Arbetspension N\u00e4stan alla av oss \u00e4r arbetsl\u00f6sa n\u00e5gon g\u00e5ng i livet. I [&hellip;]<\/p>\n","protected":false},"author":13,"featured_media":0,"parent":0,"menu_order":0,"comment_status":"closed","ping_status":"closed","template":"","meta":{"_acf_changed":false,"footnotes":""},"asiasana":[],"omistaja":[],"class_list":["post-10639","page","type-page","status-publish","hentry"],"acf":[],"yoast_head":"<!-- This site is optimized with the Yoast SEO plugin v27.3 - https:\/\/yoast.com\/product\/yoast-seo-wordpress\/ -->\n<title>I slutet av arbetet - Ty\u00f6el\u00e4m\u00e4\u00e4n.fi<\/title>\n<meta name=\"robots\" content=\"index, follow, max-snippet:-1, max-image-preview:large, max-video-preview:-1\" \/>\n<link rel=\"canonical\" href=\"https:\/\/tyoelamaan.fi\/tyon-paattyessa\/\" \/>\n<meta property=\"og:locale\" content=\"sv_SE\" \/>\n<meta property=\"og:type\" content=\"article\" \/>\n<meta property=\"og:title\" content=\"I slutet av arbetet - Ty\u00f6el\u00e4m\u00e4\u00e4n.fi\" \/>\n<meta property=\"og:description\" content=\"Ett anst\u00e4llningsf\u00f6rh\u00e5llande kan upph\u00f6ra av m\u00e5nga olika anledningar. Upps\u00e4gning sker vanligtvis p\u00e5 initiativ av arbetsgivaren och upps\u00e4gning p\u00e5 initiativ av arbetstagaren. N\u00e4r anst\u00e4llningsf\u00f6rh\u00e5llandet upph\u00f6r \u00e4r det viktigt att komma ih\u00e5g att be om ett arbetsintyg. Upps\u00e4gning fr\u00e5n arbetsgivarens och arbetstagarens sida Arbetsintyg Arbetsl\u00f6shet Arbetspension N\u00e4stan alla av oss \u00e4r arbetsl\u00f6sa n\u00e5gon g\u00e5ng i livet. I [&hellip;]\" \/>\n<meta property=\"og:url\" content=\"https:\/\/tyoelamaan.fi\/tyon-paattyessa\/\" \/>\n<meta property=\"og:site_name\" content=\"Ty\u00f6el\u00e4m\u00e4\u00e4n.fi\" \/>\n<meta property=\"article:modified_time\" content=\"2024-12-17T04:20:15+00:00\" \/>\n<meta name=\"twitter:card\" content=\"summary_large_image\" \/>\n<meta name=\"twitter:label1\" content=\"Est. reading time\" \/>\n\t<meta name=\"twitter:data1\" content=\"1 minut\" \/>\n<script type=\"application\/ld+json\" class=\"yoast-schema-graph\">{\"@context\":\"https:\\\/\\\/schema.org\",\"@graph\":[{\"@type\":\"WebPage\",\"@id\":\"https:\\\/\\\/tyoelamaan.fi\\\/tyon-paattyessa\\\/\",\"url\":\"https:\\\/\\\/tyoelamaan.fi\\\/tyon-paattyessa\\\/\",\"name\":\"I slutet av arbetet - Ty\u00f6el\u00e4m\u00e4\u00e4n.fi\",\"isPartOf\":{\"@id\":\"https:\\\/\\\/tyoelamaan.fi\\\/#website\"},\"datePublished\":\"2023-06-27T08:00:28+00:00\",\"dateModified\":\"2024-12-17T04:20:15+00:00\",\"breadcrumb\":{\"@id\":\"https:\\\/\\\/tyoelamaan.fi\\\/tyon-paattyessa\\\/#breadcrumb\"},\"inLanguage\":\"sv-SE\",\"potentialAction\":[{\"@type\":\"ReadAction\",\"target\":[\"https:\\\/\\\/tyoelamaan.fi\\\/tyon-paattyessa\\\/\"]}]},{\"@type\":\"BreadcrumbList\",\"@id\":\"https:\\\/\\\/tyoelamaan.fi\\\/tyon-paattyessa\\\/#breadcrumb\",\"itemListElement\":[{\"@type\":\"ListItem\",\"position\":1,\"name\":\"Home\",\"item\":\"https:\\\/\\\/tyoelamaan.fi\\\/sv\\\/\"},{\"@type\":\"ListItem\",\"position\":2,\"name\":\"I slutet av arbetet\"}]},{\"@type\":\"WebSite\",\"@id\":\"https:\\\/\\\/tyoelamaan.fi\\\/#website\",\"url\":\"https:\\\/\\\/tyoelamaan.fi\\\/\",\"name\":\"Ty\u00f6el\u00e4m\u00e4\u00e4n.fi\",\"description\":\"\",\"publisher\":{\"@id\":\"https:\\\/\\\/tyoelamaan.fi\\\/#organization\"},\"potentialAction\":[{\"@type\":\"SearchAction\",\"target\":{\"@type\":\"EntryPoint\",\"urlTemplate\":\"https:\\\/\\\/tyoelamaan.fi\\\/?s={search_term_string}\"},\"query-input\":{\"@type\":\"PropertyValueSpecification\",\"valueRequired\":true,\"valueName\":\"search_term_string\"}}],\"inLanguage\":\"sv-SE\"},{\"@type\":\"Organization\",\"@id\":\"https:\\\/\\\/tyoelamaan.fi\\\/#organization\",\"name\":\"Ty\u00f6el\u00e4m\u00e4\u00e4n.fi\",\"url\":\"https:\\\/\\\/tyoelamaan.fi\\\/\",\"logo\":{\"@type\":\"ImageObject\",\"inLanguage\":\"sv-SE\",\"@id\":\"https:\\\/\\\/tyoelamaan.fi\\\/#\\\/schema\\\/logo\\\/image\\\/\",\"url\":\"https:\\\/\\\/tyoelamaan.fi\\\/wp-content\\\/uploads\\\/2024\\\/11\\\/tyoelamaan_logo.svg\",\"contentUrl\":\"https:\\\/\\\/tyoelamaan.fi\\\/wp-content\\\/uploads\\\/2024\\\/11\\\/tyoelamaan_logo.svg\",\"width\":131,\"height\":30,\"caption\":\"Ty\u00f6el\u00e4m\u00e4\u00e4n.fi\"},\"image\":{\"@id\":\"https:\\\/\\\/tyoelamaan.fi\\\/#\\\/schema\\\/logo\\\/image\\\/\"}}]}<\/script>\n<!-- \/ Yoast SEO plugin. -->","yoast_head_json":{"title":"I slutet av arbetet - Ty\u00f6el\u00e4m\u00e4\u00e4n.fi","robots":{"index":"index","follow":"follow","max-snippet":"max-snippet:-1","max-image-preview":"max-image-preview:large","max-video-preview":"max-video-preview:-1"},"canonical":"https:\/\/tyoelamaan.fi\/tyon-paattyessa\/","og_locale":"sv_SE","og_type":"article","og_title":"I slutet av arbetet - Ty\u00f6el\u00e4m\u00e4\u00e4n.fi","og_description":"Ett anst\u00e4llningsf\u00f6rh\u00e5llande kan upph\u00f6ra av m\u00e5nga olika anledningar. Upps\u00e4gning sker vanligtvis p\u00e5 initiativ av arbetsgivaren och upps\u00e4gning p\u00e5 initiativ av arbetstagaren. N\u00e4r anst\u00e4llningsf\u00f6rh\u00e5llandet upph\u00f6r \u00e4r det viktigt att komma ih\u00e5g att be om ett arbetsintyg. Upps\u00e4gning fr\u00e5n arbetsgivarens och arbetstagarens sida Arbetsintyg Arbetsl\u00f6shet Arbetspension N\u00e4stan alla av oss \u00e4r arbetsl\u00f6sa n\u00e5gon g\u00e5ng i livet. I [&hellip;]","og_url":"https:\/\/tyoelamaan.fi\/tyon-paattyessa\/","og_site_name":"Ty\u00f6el\u00e4m\u00e4\u00e4n.fi","article_modified_time":"2024-12-17T04:20:15+00:00","twitter_card":"summary_large_image","twitter_misc":{"Est. reading time":"1 minut"},"schema":{"@context":"https:\/\/schema.org","@graph":[{"@type":"WebPage","@id":"https:\/\/tyoelamaan.fi\/tyon-paattyessa\/","url":"https:\/\/tyoelamaan.fi\/tyon-paattyessa\/","name":"I slutet av arbetet - Ty\u00f6el\u00e4m\u00e4\u00e4n.fi","isPartOf":{"@id":"https:\/\/tyoelamaan.fi\/#website"},"datePublished":"2023-06-27T08:00:28+00:00","dateModified":"2024-12-17T04:20:15+00:00","breadcrumb":{"@id":"https:\/\/tyoelamaan.fi\/tyon-paattyessa\/#breadcrumb"},"inLanguage":"sv-SE","potentialAction":[{"@type":"ReadAction","target":["https:\/\/tyoelamaan.fi\/tyon-paattyessa\/"]}]},{"@type":"BreadcrumbList","@id":"https:\/\/tyoelamaan.fi\/tyon-paattyessa\/#breadcrumb","itemListElement":[{"@type":"ListItem","position":1,"name":"Home","item":"https:\/\/tyoelamaan.fi\/sv\/"},{"@type":"ListItem","position":2,"name":"I slutet av arbetet"}]},{"@type":"WebSite","@id":"https:\/\/tyoelamaan.fi\/#website","url":"https:\/\/tyoelamaan.fi\/","name":"Ty\u00f6el\u00e4m\u00e4\u00e4n.fi","description":"","publisher":{"@id":"https:\/\/tyoelamaan.fi\/#organization"},"potentialAction":[{"@type":"SearchAction","target":{"@type":"EntryPoint","urlTemplate":"https:\/\/tyoelamaan.fi\/?s={search_term_string}"},"query-input":{"@type":"PropertyValueSpecification","valueRequired":true,"valueName":"search_term_string"}}],"inLanguage":"sv-SE"},{"@type":"Organization","@id":"https:\/\/tyoelamaan.fi\/#organization","name":"Ty\u00f6el\u00e4m\u00e4\u00e4n.fi","url":"https:\/\/tyoelamaan.fi\/","logo":{"@type":"ImageObject","inLanguage":"sv-SE","@id":"https:\/\/tyoelamaan.fi\/#\/schema\/logo\/image\/","url":"https:\/\/tyoelamaan.fi\/wp-content\/uploads\/2024\/11\/tyoelamaan_logo.svg","contentUrl":"https:\/\/tyoelamaan.fi\/wp-content\/uploads\/2024\/11\/tyoelamaan_logo.svg","width":131,"height":30,"caption":"Ty\u00f6el\u00e4m\u00e4\u00e4n.fi"},"image":{"@id":"https:\/\/tyoelamaan.fi\/#\/schema\/logo\/image\/"}}]}},"_links":{"self":[{"href":"https:\/\/tyoelamaan.fi\/sv\/wp-json\/wp\/v2\/pages\/10639","targetHints":{"allow":["GET"]}}],"collection":[{"href":"https:\/\/tyoelamaan.fi\/sv\/wp-json\/wp\/v2\/pages"}],"about":[{"href":"https:\/\/tyoelamaan.fi\/sv\/wp-json\/wp\/v2\/types\/page"}],"author":[{"embeddable":true,"href":"https:\/\/tyoelamaan.fi\/sv\/wp-json\/wp\/v2\/users\/13"}],"replies":[{"embeddable":true,"href":"https:\/\/tyoelamaan.fi\/sv\/wp-json\/wp\/v2\/comments?post=10639"}],"version-history":[{"count":3,"href":"https:\/\/tyoelamaan.fi\/sv\/wp-json\/wp\/v2\/pages\/10639\/revisions"}],"predecessor-version":[{"id":12567,"href":"https:\/\/tyoelamaan.fi\/sv\/wp-json\/wp\/v2\/pages\/10639\/revisions\/12567"}],"wp:attachment":[{"href":"https:\/\/tyoelamaan.fi\/sv\/wp-json\/wp\/v2\/media?parent=10639"}],"wp:term":[{"taxonomy":"asiasana","embeddable":true,"href":"https:\/\/tyoelamaan.fi\/sv\/wp-json\/wp\/v2\/asiasana?post=10639"},{"taxonomy":"omistaja","embeddable":true,"href":"https:\/\/tyoelamaan.fi\/sv\/wp-json\/wp\/v2\/omistaja?post=10639"}],"curies":[{"name":"wp","href":"https:\/\/api.w.org\/{rel}","templated":true}]}}