{"id":10643,"date":"2023-06-27T11:04:12","date_gmt":"2023-06-27T08:04:12","guid":{"rendered":"https:\/\/tyoelamaan.fi\/?page_id=10643"},"modified":"2024-12-17T06:20:16","modified_gmt":"2024-12-17T04:20:16","slug":"arbetsintyg","status":"publish","type":"page","link":"https:\/\/tyoelamaan.fi\/sv\/i-slutet-av-arbetet\/arbetsintyg\/","title":{"rendered":"Arbetsintyg"},"content":{"rendered":"\n<p>N\u00e4r anst\u00e4llningen slutar har du r\u00e4tt att f\u00e5&nbsp;<strong>ett skriftligt arbetsintyg<\/strong>&nbsp;av arbetsgivaren. Av arbetsintyget framg\u00e5r&nbsp;<strong>hur l\u00e5ng anst\u00e4llningen var<\/strong>&nbsp;och vilka&nbsp;<strong>arbetsuppgifter<\/strong>&nbsp;du hade. Om du vill, kan du be att arbetsgivaren antecknar&nbsp;<strong>orsaken till att anst\u00e4llningen<\/strong>&nbsp;upph\u00f6rde samt&nbsp;<strong>en utv\u00e4rdering<\/strong>&nbsp;av din skicklighet och ditt beteende p\u00e5 intyget.<\/p>\n\n\n\n<p>Ber\u00e4tta klart och tydligt f\u00f6r arbetsgivaren vilka uppgifter du vill ha p\u00e5 intyget. Om du bett om ett begr\u00e4nsat arbetsintyg n\u00e4r anst\u00e4llningen upph\u00f6rde, har du r\u00e4tt att inom fem \u00e5r be om att f\u00e5 ett nytt intyg som ocks\u00e5 inneh\u00e5ller orsaken till att anst\u00e4llningen upph\u00f6rde eller en utv\u00e4rdering, eller b\u00e5da. Om du bett om att f\u00e5 ett intyg som ocks\u00e5 omfattar utv\u00e4rdering n\u00e4r din anst\u00e4llning upph\u00f6rde, har du inte r\u00e4tt att be om ett nytt intyg \u00e4ven i det fall att du \u00e4r missn\u00f6jd med utv\u00e4rderingen.<\/p>\n\n\n\n<p>Be alltid om ett arbetsintyg, eftersom det \u00e4r ett viktigt dokument n\u00e4r man s\u00f6ker nytt jobb.<\/p>\n","protected":false},"excerpt":{"rendered":"<p>N\u00e4r anst\u00e4llningen slutar har du r\u00e4tt att f\u00e5&nbsp;ett skriftligt arbetsintyg&nbsp;av arbetsgivaren. Av arbetsintyget framg\u00e5r&nbsp;hur l\u00e5ng anst\u00e4llningen var&nbsp;och vilka&nbsp;arbetsuppgifter&nbsp;du hade. Om du vill, kan du be att arbetsgivaren antecknar&nbsp;orsaken till att anst\u00e4llningen&nbsp;upph\u00f6rde samt&nbsp;en utv\u00e4rdering&nbsp;av din skicklighet och ditt beteende p\u00e5 intyget. Ber\u00e4tta klart och tydligt f\u00f6r arbetsgivaren vilka uppgifter du vill ha p\u00e5 intyget. Om du [&hellip;]<\/p>\n","protected":false},"author":13,"featured_media":0,"parent":10639,"menu_order":0,"comment_status":"closed","ping_status":"closed","template":"","meta":{"_acf_changed":false,"footnotes":""},"asiasana":[],"omistaja":[],"class_list":["post-10643","page","type-page","status-publish","hentry"],"acf":[],"yoast_head":"<!-- This site is optimized with the Yoast SEO plugin v27.3 - https:\/\/yoast.com\/product\/yoast-seo-wordpress\/ -->\n<title>Arbetsintyg - Ty\u00f6el\u00e4m\u00e4\u00e4n.fi<\/title>\n<meta name=\"robots\" content=\"index, follow, max-snippet:-1, max-image-preview:large, max-video-preview:-1\" \/>\n<link rel=\"canonical\" href=\"https:\/\/tyoelamaan.fi\/tyon-paattyessa\/tyotodistus\/\" \/>\n<meta property=\"og:locale\" content=\"sv_SE\" \/>\n<meta property=\"og:type\" content=\"article\" \/>\n<meta property=\"og:title\" content=\"Arbetsintyg - Ty\u00f6el\u00e4m\u00e4\u00e4n.fi\" \/>\n<meta property=\"og:description\" content=\"N\u00e4r anst\u00e4llningen slutar har du r\u00e4tt att f\u00e5&nbsp;ett skriftligt arbetsintyg&nbsp;av arbetsgivaren. Av arbetsintyget framg\u00e5r&nbsp;hur l\u00e5ng anst\u00e4llningen var&nbsp;och vilka&nbsp;arbetsuppgifter&nbsp;du hade. Om du vill, kan du be att arbetsgivaren antecknar&nbsp;orsaken till att anst\u00e4llningen&nbsp;upph\u00f6rde samt&nbsp;en utv\u00e4rdering&nbsp;av din skicklighet och ditt beteende p\u00e5 intyget. Ber\u00e4tta klart och tydligt f\u00f6r arbetsgivaren vilka uppgifter du vill ha p\u00e5 intyget. Om du [&hellip;]\" \/>\n<meta property=\"og:url\" content=\"https:\/\/tyoelamaan.fi\/tyon-paattyessa\/tyotodistus\/\" \/>\n<meta property=\"og:site_name\" content=\"Ty\u00f6el\u00e4m\u00e4\u00e4n.fi\" \/>\n<meta property=\"article:modified_time\" content=\"2024-12-17T04:20:16+00:00\" \/>\n<meta name=\"twitter:card\" content=\"summary_large_image\" \/>\n<meta name=\"twitter:label1\" content=\"Est. reading time\" \/>\n\t<meta name=\"twitter:data1\" content=\"1 minut\" \/>\n<script type=\"application\/ld+json\" class=\"yoast-schema-graph\">{\"@context\":\"https:\\\/\\\/schema.org\",\"@graph\":[{\"@type\":\"WebPage\",\"@id\":\"https:\\\/\\\/tyoelamaan.fi\\\/tyon-paattyessa\\\/tyotodistus\\\/\",\"url\":\"https:\\\/\\\/tyoelamaan.fi\\\/tyon-paattyessa\\\/tyotodistus\\\/\",\"name\":\"Arbetsintyg - Ty\u00f6el\u00e4m\u00e4\u00e4n.fi\",\"isPartOf\":{\"@id\":\"https:\\\/\\\/tyoelamaan.fi\\\/#website\"},\"datePublished\":\"2023-06-27T08:04:12+00:00\",\"dateModified\":\"2024-12-17T04:20:16+00:00\",\"breadcrumb\":{\"@id\":\"https:\\\/\\\/tyoelamaan.fi\\\/tyon-paattyessa\\\/tyotodistus\\\/#breadcrumb\"},\"inLanguage\":\"sv-SE\",\"potentialAction\":[{\"@type\":\"ReadAction\",\"target\":[\"https:\\\/\\\/tyoelamaan.fi\\\/tyon-paattyessa\\\/tyotodistus\\\/\"]}]},{\"@type\":\"BreadcrumbList\",\"@id\":\"https:\\\/\\\/tyoelamaan.fi\\\/tyon-paattyessa\\\/tyotodistus\\\/#breadcrumb\",\"itemListElement\":[{\"@type\":\"ListItem\",\"position\":1,\"name\":\"Home\",\"item\":\"https:\\\/\\\/tyoelamaan.fi\\\/sv\\\/\"},{\"@type\":\"ListItem\",\"position\":2,\"name\":\"I slutet av arbetet\",\"item\":\"https:\\\/\\\/tyoelamaan.fi\\\/tyon-paattyessa\\\/\"},{\"@type\":\"ListItem\",\"position\":3,\"name\":\"Arbetsintyg\"}]},{\"@type\":\"WebSite\",\"@id\":\"https:\\\/\\\/tyoelamaan.fi\\\/#website\",\"url\":\"https:\\\/\\\/tyoelamaan.fi\\\/\",\"name\":\"Ty\u00f6el\u00e4m\u00e4\u00e4n.fi\",\"description\":\"\",\"publisher\":{\"@id\":\"https:\\\/\\\/tyoelamaan.fi\\\/#organization\"},\"potentialAction\":[{\"@type\":\"SearchAction\",\"target\":{\"@type\":\"EntryPoint\",\"urlTemplate\":\"https:\\\/\\\/tyoelamaan.fi\\\/?s={search_term_string}\"},\"query-input\":{\"@type\":\"PropertyValueSpecification\",\"valueRequired\":true,\"valueName\":\"search_term_string\"}}],\"inLanguage\":\"sv-SE\"},{\"@type\":\"Organization\",\"@id\":\"https:\\\/\\\/tyoelamaan.fi\\\/#organization\",\"name\":\"Ty\u00f6el\u00e4m\u00e4\u00e4n.fi\",\"url\":\"https:\\\/\\\/tyoelamaan.fi\\\/\",\"logo\":{\"@type\":\"ImageObject\",\"inLanguage\":\"sv-SE\",\"@id\":\"https:\\\/\\\/tyoelamaan.fi\\\/#\\\/schema\\\/logo\\\/image\\\/\",\"url\":\"https:\\\/\\\/tyoelamaan.fi\\\/wp-content\\\/uploads\\\/2024\\\/11\\\/tyoelamaan_logo.svg\",\"contentUrl\":\"https:\\\/\\\/tyoelamaan.fi\\\/wp-content\\\/uploads\\\/2024\\\/11\\\/tyoelamaan_logo.svg\",\"width\":131,\"height\":30,\"caption\":\"Ty\u00f6el\u00e4m\u00e4\u00e4n.fi\"},\"image\":{\"@id\":\"https:\\\/\\\/tyoelamaan.fi\\\/#\\\/schema\\\/logo\\\/image\\\/\"}}]}<\/script>\n<!-- \/ Yoast SEO plugin. -->","yoast_head_json":{"title":"Arbetsintyg - Ty\u00f6el\u00e4m\u00e4\u00e4n.fi","robots":{"index":"index","follow":"follow","max-snippet":"max-snippet:-1","max-image-preview":"max-image-preview:large","max-video-preview":"max-video-preview:-1"},"canonical":"https:\/\/tyoelamaan.fi\/tyon-paattyessa\/tyotodistus\/","og_locale":"sv_SE","og_type":"article","og_title":"Arbetsintyg - Ty\u00f6el\u00e4m\u00e4\u00e4n.fi","og_description":"N\u00e4r anst\u00e4llningen slutar har du r\u00e4tt att f\u00e5&nbsp;ett skriftligt arbetsintyg&nbsp;av arbetsgivaren. Av arbetsintyget framg\u00e5r&nbsp;hur l\u00e5ng anst\u00e4llningen var&nbsp;och vilka&nbsp;arbetsuppgifter&nbsp;du hade. Om du vill, kan du be att arbetsgivaren antecknar&nbsp;orsaken till att anst\u00e4llningen&nbsp;upph\u00f6rde samt&nbsp;en utv\u00e4rdering&nbsp;av din skicklighet och ditt beteende p\u00e5 intyget. Ber\u00e4tta klart och tydligt f\u00f6r arbetsgivaren vilka uppgifter du vill ha p\u00e5 intyget. Om du [&hellip;]","og_url":"https:\/\/tyoelamaan.fi\/tyon-paattyessa\/tyotodistus\/","og_site_name":"Ty\u00f6el\u00e4m\u00e4\u00e4n.fi","article_modified_time":"2024-12-17T04:20:16+00:00","twitter_card":"summary_large_image","twitter_misc":{"Est. reading time":"1 minut"},"schema":{"@context":"https:\/\/schema.org","@graph":[{"@type":"WebPage","@id":"https:\/\/tyoelamaan.fi\/tyon-paattyessa\/tyotodistus\/","url":"https:\/\/tyoelamaan.fi\/tyon-paattyessa\/tyotodistus\/","name":"Arbetsintyg - Ty\u00f6el\u00e4m\u00e4\u00e4n.fi","isPartOf":{"@id":"https:\/\/tyoelamaan.fi\/#website"},"datePublished":"2023-06-27T08:04:12+00:00","dateModified":"2024-12-17T04:20:16+00:00","breadcrumb":{"@id":"https:\/\/tyoelamaan.fi\/tyon-paattyessa\/tyotodistus\/#breadcrumb"},"inLanguage":"sv-SE","potentialAction":[{"@type":"ReadAction","target":["https:\/\/tyoelamaan.fi\/tyon-paattyessa\/tyotodistus\/"]}]},{"@type":"BreadcrumbList","@id":"https:\/\/tyoelamaan.fi\/tyon-paattyessa\/tyotodistus\/#breadcrumb","itemListElement":[{"@type":"ListItem","position":1,"name":"Home","item":"https:\/\/tyoelamaan.fi\/sv\/"},{"@type":"ListItem","position":2,"name":"I slutet av arbetet","item":"https:\/\/tyoelamaan.fi\/tyon-paattyessa\/"},{"@type":"ListItem","position":3,"name":"Arbetsintyg"}]},{"@type":"WebSite","@id":"https:\/\/tyoelamaan.fi\/#website","url":"https:\/\/tyoelamaan.fi\/","name":"Ty\u00f6el\u00e4m\u00e4\u00e4n.fi","description":"","publisher":{"@id":"https:\/\/tyoelamaan.fi\/#organization"},"potentialAction":[{"@type":"SearchAction","target":{"@type":"EntryPoint","urlTemplate":"https:\/\/tyoelamaan.fi\/?s={search_term_string}"},"query-input":{"@type":"PropertyValueSpecification","valueRequired":true,"valueName":"search_term_string"}}],"inLanguage":"sv-SE"},{"@type":"Organization","@id":"https:\/\/tyoelamaan.fi\/#organization","name":"Ty\u00f6el\u00e4m\u00e4\u00e4n.fi","url":"https:\/\/tyoelamaan.fi\/","logo":{"@type":"ImageObject","inLanguage":"sv-SE","@id":"https:\/\/tyoelamaan.fi\/#\/schema\/logo\/image\/","url":"https:\/\/tyoelamaan.fi\/wp-content\/uploads\/2024\/11\/tyoelamaan_logo.svg","contentUrl":"https:\/\/tyoelamaan.fi\/wp-content\/uploads\/2024\/11\/tyoelamaan_logo.svg","width":131,"height":30,"caption":"Ty\u00f6el\u00e4m\u00e4\u00e4n.fi"},"image":{"@id":"https:\/\/tyoelamaan.fi\/#\/schema\/logo\/image\/"}}]}},"_links":{"self":[{"href":"https:\/\/tyoelamaan.fi\/sv\/wp-json\/wp\/v2\/pages\/10643","targetHints":{"allow":["GET"]}}],"collection":[{"href":"https:\/\/tyoelamaan.fi\/sv\/wp-json\/wp\/v2\/pages"}],"about":[{"href":"https:\/\/tyoelamaan.fi\/sv\/wp-json\/wp\/v2\/types\/page"}],"author":[{"embeddable":true,"href":"https:\/\/tyoelamaan.fi\/sv\/wp-json\/wp\/v2\/users\/13"}],"replies":[{"embeddable":true,"href":"https:\/\/tyoelamaan.fi\/sv\/wp-json\/wp\/v2\/comments?post=10643"}],"version-history":[{"count":1,"href":"https:\/\/tyoelamaan.fi\/sv\/wp-json\/wp\/v2\/pages\/10643\/revisions"}],"predecessor-version":[{"id":10646,"href":"https:\/\/tyoelamaan.fi\/sv\/wp-json\/wp\/v2\/pages\/10643\/revisions\/10646"}],"up":[{"embeddable":true,"href":"https:\/\/tyoelamaan.fi\/sv\/wp-json\/wp\/v2\/pages\/10639"}],"wp:attachment":[{"href":"https:\/\/tyoelamaan.fi\/sv\/wp-json\/wp\/v2\/media?parent=10643"}],"wp:term":[{"taxonomy":"asiasana","embeddable":true,"href":"https:\/\/tyoelamaan.fi\/sv\/wp-json\/wp\/v2\/asiasana?post=10643"},{"taxonomy":"omistaja","embeddable":true,"href":"https:\/\/tyoelamaan.fi\/sv\/wp-json\/wp\/v2\/omistaja?post=10643"}],"curies":[{"name":"wp","href":"https:\/\/api.w.org\/{rel}","templated":true}]}}