{"id":10711,"date":"2023-06-27T13:41:30","date_gmt":"2023-06-27T10:41:30","guid":{"rendered":"https:\/\/tyoelamaan.fi\/?page_id=10711"},"modified":"2024-12-17T06:20:21","modified_gmt":"2024-12-17T04:20:21","slug":"borjan-av-arbetet","status":"publish","type":"page","link":"https:\/\/tyoelamaan.fi\/sv\/borjan-av-arbetet\/","title":{"rendered":"B\u00f6rjan av arbetet"},"content":{"rendered":"\n<div class=\"wp-block-columns is-layout-flex wp-container-core-columns-is-layout-28f84493 wp-block-columns-is-layout-flex\">\n<div class=\"wp-block-column is-layout-flow wp-block-column-is-layout-flow\">\n<p>Var och en av oss m\u00e5ste s\u00f6ka jobb \u00e5tminstone en g\u00e5ng i livet.&nbsp;Genom att det blivit allt vanligare med&nbsp;avtal f\u00f6r viss tid, kan det bli aktuellt med att s\u00f6ka jobb till och med flera g\u00e5nger om \u00e5ret. <\/p>\n\n\n\n<p>N\u00e4r du s\u00f6ker jobb \u00e4r ett bra CV eller CV och ans\u00f6kningsbrev avg\u00f6rande. Intervjuer \u00e4r en viktig del av rekryteringsprocessen. Du b\u00f6r f\u00f6rbereda dig v\u00e4l f\u00f6r intervjuerna, f\u00f6r p\u00e5 s\u00e5 s\u00e4tt visar du ditt intresse f\u00f6r jobbet.<\/p>\n<\/div>\n\n\n\n<div class=\"wp-block-column is-layout-flow wp-block-column-is-layout-flow\">\n<div class=\"editor-bg blue\">\n<ul>\n<li><a href=\"https:\/\/tyoelamaan.fi\/sv\/borjan-av-arbetet\/jobbsokning\/\">Jobbs\u00f6kande<\/a><\/li>\n<li><a href=\"https:\/\/tyoelamaan.fi\/sv\/borjan-av-arbetet\/jobbintervju\/\">Intervjuer<\/a><\/li>\n<li><a href=\"https:\/\/tyoelamaan.fi\/sv\/borjan-av-arbetet\/arbetsavtal\/\">Arbetsavtal<\/a><\/li>\n<li><a href=\"https:\/\/tyoelamaan.fi\/sv\/borjan-av-arbetet\/introduktion\/\">Introduktion<\/a><\/li>\n<li><a href=\"https:\/\/tyoelamaan.fi\/sv\/borjan-av-arbetet\/provotid\/\">Pr\u00f6votid<\/a><\/li>\n<\/ul>\n<\/div>\n<\/div>\n<\/div>\n","protected":false},"excerpt":{"rendered":"<p>Var och en av oss m\u00e5ste s\u00f6ka jobb \u00e5tminstone en g\u00e5ng i livet.&nbsp;Genom att det blivit allt vanligare med&nbsp;avtal f\u00f6r viss tid, kan det bli aktuellt med att s\u00f6ka jobb till och med flera g\u00e5nger om \u00e5ret. N\u00e4r du s\u00f6ker jobb \u00e4r ett bra CV eller CV och ans\u00f6kningsbrev avg\u00f6rande. Intervjuer \u00e4r en viktig del [&hellip;]<\/p>\n","protected":false},"author":13,"featured_media":0,"parent":0,"menu_order":0,"comment_status":"closed","ping_status":"closed","template":"","meta":{"_acf_changed":false,"footnotes":""},"asiasana":[],"omistaja":[],"class_list":["post-10711","page","type-page","status-publish","hentry"],"acf":[],"yoast_head":"<!-- This site is optimized with the Yoast SEO plugin v27.3 - https:\/\/yoast.com\/product\/yoast-seo-wordpress\/ -->\n<title>B\u00f6rjan av arbetet - Ty\u00f6el\u00e4m\u00e4\u00e4n.fi<\/title>\n<meta name=\"robots\" content=\"index, follow, max-snippet:-1, max-image-preview:large, max-video-preview:-1\" \/>\n<link rel=\"canonical\" href=\"https:\/\/tyoelamaan.fi\/tyon-aloitus\/\" \/>\n<meta property=\"og:locale\" content=\"sv_SE\" \/>\n<meta property=\"og:type\" content=\"article\" \/>\n<meta property=\"og:title\" content=\"B\u00f6rjan av arbetet - Ty\u00f6el\u00e4m\u00e4\u00e4n.fi\" \/>\n<meta property=\"og:description\" content=\"Var och en av oss m\u00e5ste s\u00f6ka jobb \u00e5tminstone en g\u00e5ng i livet.&nbsp;Genom att det blivit allt vanligare med&nbsp;avtal f\u00f6r viss tid, kan det bli aktuellt med att s\u00f6ka jobb till och med flera g\u00e5nger om \u00e5ret. N\u00e4r du s\u00f6ker jobb \u00e4r ett bra CV eller CV och ans\u00f6kningsbrev avg\u00f6rande. Intervjuer \u00e4r en viktig del [&hellip;]\" \/>\n<meta property=\"og:url\" content=\"https:\/\/tyoelamaan.fi\/tyon-aloitus\/\" \/>\n<meta property=\"og:site_name\" content=\"Ty\u00f6el\u00e4m\u00e4\u00e4n.fi\" \/>\n<meta property=\"article:modified_time\" content=\"2024-12-17T04:20:21+00:00\" \/>\n<meta name=\"twitter:card\" content=\"summary_large_image\" \/>\n<meta name=\"twitter:label1\" content=\"Est. reading time\" \/>\n\t<meta name=\"twitter:data1\" content=\"1 minut\" \/>\n<script type=\"application\/ld+json\" class=\"yoast-schema-graph\">{\"@context\":\"https:\\\/\\\/schema.org\",\"@graph\":[{\"@type\":\"WebPage\",\"@id\":\"https:\\\/\\\/tyoelamaan.fi\\\/tyon-aloitus\\\/\",\"url\":\"https:\\\/\\\/tyoelamaan.fi\\\/tyon-aloitus\\\/\",\"name\":\"B\u00f6rjan av arbetet - Ty\u00f6el\u00e4m\u00e4\u00e4n.fi\",\"isPartOf\":{\"@id\":\"https:\\\/\\\/tyoelamaan.fi\\\/#website\"},\"datePublished\":\"2023-06-27T10:41:30+00:00\",\"dateModified\":\"2024-12-17T04:20:21+00:00\",\"breadcrumb\":{\"@id\":\"https:\\\/\\\/tyoelamaan.fi\\\/tyon-aloitus\\\/#breadcrumb\"},\"inLanguage\":\"sv-SE\",\"potentialAction\":[{\"@type\":\"ReadAction\",\"target\":[\"https:\\\/\\\/tyoelamaan.fi\\\/tyon-aloitus\\\/\"]}]},{\"@type\":\"BreadcrumbList\",\"@id\":\"https:\\\/\\\/tyoelamaan.fi\\\/tyon-aloitus\\\/#breadcrumb\",\"itemListElement\":[{\"@type\":\"ListItem\",\"position\":1,\"name\":\"Home\",\"item\":\"https:\\\/\\\/tyoelamaan.fi\\\/sv\\\/\"},{\"@type\":\"ListItem\",\"position\":2,\"name\":\"B\u00f6rjan av arbetet\"}]},{\"@type\":\"WebSite\",\"@id\":\"https:\\\/\\\/tyoelamaan.fi\\\/#website\",\"url\":\"https:\\\/\\\/tyoelamaan.fi\\\/\",\"name\":\"Ty\u00f6el\u00e4m\u00e4\u00e4n.fi\",\"description\":\"\",\"publisher\":{\"@id\":\"https:\\\/\\\/tyoelamaan.fi\\\/#organization\"},\"potentialAction\":[{\"@type\":\"SearchAction\",\"target\":{\"@type\":\"EntryPoint\",\"urlTemplate\":\"https:\\\/\\\/tyoelamaan.fi\\\/?s={search_term_string}\"},\"query-input\":{\"@type\":\"PropertyValueSpecification\",\"valueRequired\":true,\"valueName\":\"search_term_string\"}}],\"inLanguage\":\"sv-SE\"},{\"@type\":\"Organization\",\"@id\":\"https:\\\/\\\/tyoelamaan.fi\\\/#organization\",\"name\":\"Ty\u00f6el\u00e4m\u00e4\u00e4n.fi\",\"url\":\"https:\\\/\\\/tyoelamaan.fi\\\/\",\"logo\":{\"@type\":\"ImageObject\",\"inLanguage\":\"sv-SE\",\"@id\":\"https:\\\/\\\/tyoelamaan.fi\\\/#\\\/schema\\\/logo\\\/image\\\/\",\"url\":\"https:\\\/\\\/tyoelamaan.fi\\\/wp-content\\\/uploads\\\/2024\\\/11\\\/tyoelamaan_logo.svg\",\"contentUrl\":\"https:\\\/\\\/tyoelamaan.fi\\\/wp-content\\\/uploads\\\/2024\\\/11\\\/tyoelamaan_logo.svg\",\"width\":131,\"height\":30,\"caption\":\"Ty\u00f6el\u00e4m\u00e4\u00e4n.fi\"},\"image\":{\"@id\":\"https:\\\/\\\/tyoelamaan.fi\\\/#\\\/schema\\\/logo\\\/image\\\/\"}}]}<\/script>\n<!-- \/ Yoast SEO plugin. -->","yoast_head_json":{"title":"B\u00f6rjan av arbetet - Ty\u00f6el\u00e4m\u00e4\u00e4n.fi","robots":{"index":"index","follow":"follow","max-snippet":"max-snippet:-1","max-image-preview":"max-image-preview:large","max-video-preview":"max-video-preview:-1"},"canonical":"https:\/\/tyoelamaan.fi\/tyon-aloitus\/","og_locale":"sv_SE","og_type":"article","og_title":"B\u00f6rjan av arbetet - Ty\u00f6el\u00e4m\u00e4\u00e4n.fi","og_description":"Var och en av oss m\u00e5ste s\u00f6ka jobb \u00e5tminstone en g\u00e5ng i livet.&nbsp;Genom att det blivit allt vanligare med&nbsp;avtal f\u00f6r viss tid, kan det bli aktuellt med att s\u00f6ka jobb till och med flera g\u00e5nger om \u00e5ret. N\u00e4r du s\u00f6ker jobb \u00e4r ett bra CV eller CV och ans\u00f6kningsbrev avg\u00f6rande. Intervjuer \u00e4r en viktig del [&hellip;]","og_url":"https:\/\/tyoelamaan.fi\/tyon-aloitus\/","og_site_name":"Ty\u00f6el\u00e4m\u00e4\u00e4n.fi","article_modified_time":"2024-12-17T04:20:21+00:00","twitter_card":"summary_large_image","twitter_misc":{"Est. reading time":"1 minut"},"schema":{"@context":"https:\/\/schema.org","@graph":[{"@type":"WebPage","@id":"https:\/\/tyoelamaan.fi\/tyon-aloitus\/","url":"https:\/\/tyoelamaan.fi\/tyon-aloitus\/","name":"B\u00f6rjan av arbetet - Ty\u00f6el\u00e4m\u00e4\u00e4n.fi","isPartOf":{"@id":"https:\/\/tyoelamaan.fi\/#website"},"datePublished":"2023-06-27T10:41:30+00:00","dateModified":"2024-12-17T04:20:21+00:00","breadcrumb":{"@id":"https:\/\/tyoelamaan.fi\/tyon-aloitus\/#breadcrumb"},"inLanguage":"sv-SE","potentialAction":[{"@type":"ReadAction","target":["https:\/\/tyoelamaan.fi\/tyon-aloitus\/"]}]},{"@type":"BreadcrumbList","@id":"https:\/\/tyoelamaan.fi\/tyon-aloitus\/#breadcrumb","itemListElement":[{"@type":"ListItem","position":1,"name":"Home","item":"https:\/\/tyoelamaan.fi\/sv\/"},{"@type":"ListItem","position":2,"name":"B\u00f6rjan av arbetet"}]},{"@type":"WebSite","@id":"https:\/\/tyoelamaan.fi\/#website","url":"https:\/\/tyoelamaan.fi\/","name":"Ty\u00f6el\u00e4m\u00e4\u00e4n.fi","description":"","publisher":{"@id":"https:\/\/tyoelamaan.fi\/#organization"},"potentialAction":[{"@type":"SearchAction","target":{"@type":"EntryPoint","urlTemplate":"https:\/\/tyoelamaan.fi\/?s={search_term_string}"},"query-input":{"@type":"PropertyValueSpecification","valueRequired":true,"valueName":"search_term_string"}}],"inLanguage":"sv-SE"},{"@type":"Organization","@id":"https:\/\/tyoelamaan.fi\/#organization","name":"Ty\u00f6el\u00e4m\u00e4\u00e4n.fi","url":"https:\/\/tyoelamaan.fi\/","logo":{"@type":"ImageObject","inLanguage":"sv-SE","@id":"https:\/\/tyoelamaan.fi\/#\/schema\/logo\/image\/","url":"https:\/\/tyoelamaan.fi\/wp-content\/uploads\/2024\/11\/tyoelamaan_logo.svg","contentUrl":"https:\/\/tyoelamaan.fi\/wp-content\/uploads\/2024\/11\/tyoelamaan_logo.svg","width":131,"height":30,"caption":"Ty\u00f6el\u00e4m\u00e4\u00e4n.fi"},"image":{"@id":"https:\/\/tyoelamaan.fi\/#\/schema\/logo\/image\/"}}]}},"_links":{"self":[{"href":"https:\/\/tyoelamaan.fi\/sv\/wp-json\/wp\/v2\/pages\/10711","targetHints":{"allow":["GET"]}}],"collection":[{"href":"https:\/\/tyoelamaan.fi\/sv\/wp-json\/wp\/v2\/pages"}],"about":[{"href":"https:\/\/tyoelamaan.fi\/sv\/wp-json\/wp\/v2\/types\/page"}],"author":[{"embeddable":true,"href":"https:\/\/tyoelamaan.fi\/sv\/wp-json\/wp\/v2\/users\/13"}],"replies":[{"embeddable":true,"href":"https:\/\/tyoelamaan.fi\/sv\/wp-json\/wp\/v2\/comments?post=10711"}],"version-history":[{"count":3,"href":"https:\/\/tyoelamaan.fi\/sv\/wp-json\/wp\/v2\/pages\/10711\/revisions"}],"predecessor-version":[{"id":12570,"href":"https:\/\/tyoelamaan.fi\/sv\/wp-json\/wp\/v2\/pages\/10711\/revisions\/12570"}],"wp:attachment":[{"href":"https:\/\/tyoelamaan.fi\/sv\/wp-json\/wp\/v2\/media?parent=10711"}],"wp:term":[{"taxonomy":"asiasana","embeddable":true,"href":"https:\/\/tyoelamaan.fi\/sv\/wp-json\/wp\/v2\/asiasana?post=10711"},{"taxonomy":"omistaja","embeddable":true,"href":"https:\/\/tyoelamaan.fi\/sv\/wp-json\/wp\/v2\/omistaja?post=10711"}],"curies":[{"name":"wp","href":"https:\/\/api.w.org\/{rel}","templated":true}]}}