{"id":11659,"date":"2024-02-26T10:37:34","date_gmt":"2024-02-26T08:37:34","guid":{"rendered":"https:\/\/tyoelamaan.fi\/?page_id=11659"},"modified":"2024-12-17T06:20:26","modified_gmt":"2024-12-17T04:20:26","slug":"fortroendemannen","status":"publish","type":"page","link":"https:\/\/tyoelamaan.fi\/sv\/fackforening\/fortroendemannen\/","title":{"rendered":"F\u00f6rtroendemannen"},"content":{"rendered":"\n<p>F\u00f6rtroendemannen och f\u00f6rtroendeombudet ger r\u00e5d, st\u00f6der och bevakar arbetstagarnas intressen p\u00e5 arbetsplatsen. F\u00f6rtroendemannen och f\u00f6rtroendeombudet \u00e4r personalrepresentanter som personalen valt bland sig.<\/p>\n\n\n\n<p>Om kollektivavtal iakttas p\u00e5 arbetsplatsen, kallas personalrepresentanten f\u00f6r <strong>f\u00f6rtroendeman<\/strong>. De arbetstagare som h\u00f6r till fackf\u00f6reningen har valt f\u00f6rtroendemannen att f\u00f6retr\u00e4da fackf\u00f6reningen och dess medlemmar p\u00e5 arbetsplatsen.<\/p>\n\n\n\n<p>Om inget kollektivavtal iakttas p\u00e5 arbetsplatsen, kallas personalrepresentanten f\u00f6r <strong>f\u00f6rtroendeombud<\/strong>.<\/p>\n\n\n\n<blockquote class=\"wp-block-quote is-layout-flow wp-block-quote-is-layout-flow\">\n<p>Den finns planer p\u00e5 att byta beteckningen f\u00f6rtroendeman mot en k\u00f6nsneutral beteckning. \u00c4ndring av termen skulle kr\u00e4va \u00e4ndringar i lagstiftningen och arbets- och tj\u00e4nstekollektivavtalen.<\/p>\n<\/blockquote>\n\n\n\n<h2 class=\"wp-block-heading\">Hur v\u00e4ljs en f\u00f6rtroendeman?<\/h2>\n\n\n\n<p>F\u00f6rtroendemannen v\u00e4ljs <strong>med val bland personalen f\u00f6r viss tid<\/strong>. Mer ing\u00e5ende f\u00f6reskrifter om valet av f\u00f6rtroendeman och vem han f\u00f6retr\u00e4der p\u00e5 arbetsplatsen finns i kollektivavtalet. Det kan finnas flera f\u00f6rtroendem\u00e4n p\u00e5 arbetsplatsen, om flera olika kollektivavtal iakttas p\u00e5 arbetsplatsen.<\/p>\n\n\n\n<h2 class=\"wp-block-heading\">Vad ska man g\u00f6ra om man inte har valt en f\u00f6rtroendeman?<\/h2>\n\n\n\n<p>Om det inte finns n\u00e5gon f\u00f6rtroendeman p\u00e5 arbetsplatsen l\u00f6nar det sig att v\u00e4lja en s\u00e5dan. F\u00f6r mer information om hur valet genomf\u00f6rs kontakta ditt fackf\u00f6rbund. F\u00f6rtroendemannens st\u00e4llning bygger p\u00e5 lag och avtal.&nbsp;<\/p>\n\n\n\n<p>Om det inte \u00e4r m\u00f6jligt att v\u00e4lja en f\u00f6rtroendeman p\u00e5 arbetsplatsen kan arbetstagarna v\u00e4lja ett f\u00f6rtroendeombud. Den fullm\u00e4ktiges uppgifter och befogenheter best\u00e4ms i arbetsavtalslagen och annan arbetslagstiftning. De \u00e4r inte lika omfattande som f\u00f6rtroendemannens.<\/p>\n\n\n\n<h2 class=\"wp-block-heading\">Vad g\u00f6r en f\u00f6rtroendeman?<\/h2>\n\n\n\n<p>F\u00f6rtroendemannen har m\u00e5nga uppgifter. Hen \u00f6vervakar intressena f\u00f6r de arbetstagaren som han representerar och iakttagandet av lagarna om arbetslivet p\u00e5 arbetsplatsen. Hen f\u00f6rhandlar ocks\u00e5 med arbetsgivaren i \u00e4renden som g\u00e4ller personalen.&nbsp;<\/p>\n\n\n\n<p>F\u00f6rtroendemannen ser till att arbetstagarna bem\u00f6ts r\u00e4ttvist och j\u00e4mlikt. Vid behov ger hen r\u00e5d och st\u00f6d till medlemmarna i arbetslivet, vid f\u00f6r\u00e4ndringar i arbetslivet och n\u00e4r det g\u00e4ller att reda ut eventuella problemsituationer.&nbsp;<\/p>\n\n\n\n<p>F\u00f6rtroendemannen deltar i utvecklingen av arbetsgemenskapen tillsammans med den personal som hen representerar och med arbetsgivaren. \u00c4ven om f\u00f6rtroendemannen i f\u00f6rsta hand representerar arbetstagare som \u00e4r medlemmar i facket, kan hen ocks\u00e5 representera hela personalen vid samarbetsf\u00f6rhandlingar.&nbsp;<\/p>\n\n\n\n<div class=\"wp-block-group has-secondary-background-color has-background has-global-padding is-layout-constrained wp-container-core-group-is-layout-10bc4538 wp-block-group-is-layout-constrained\" style=\"padding-top:var(--wp--preset--spacing--80);padding-right:var(--wp--preset--spacing--80);padding-bottom:var(--wp--preset--spacing--80);padding-left:var(--wp--preset--spacing--80)\">\n<h2 class=\"wp-block-heading has-h-3-font-size\">F\u00f6rtroendemannens uppgifter p\u00e5 arbetsplatsen:\u00a0<\/h2>\n\n\n\n<ul class=\"wp-block-list\">\n<li>bevaka arbetstagarnas intressen\u00a0<\/li>\n\n\n\n<li>\u00f6vervaka att kollektivavtalet och arbetsr\u00e4tten f\u00f6ljs<\/li>\n\n\n\n<li>f\u00f6rhandla med arbetsgivaren i \u00e4renden som g\u00e4ller arbetstagarna<\/li>\n\n\n\n<li>ge st\u00f6d och r\u00e5d till anst\u00e4llda vid problem- och f\u00f6r\u00e4ndringssituationer<\/li>\n\n\n\n<li>sk\u00f6ta om att arbetstagarna behandlas r\u00e4ttvist och j\u00e4mlikt<\/li>\n\n\n\n<li>delta i utvecklingen av arbetsgemenskapen<\/li>\n\n\n\n<li>l\u00f6sa problem<\/li>\n<\/ul>\n<\/div>\n\n\n\n<div class=\"wp-block-group has-darkblue-background-color has-background has-global-padding is-layout-constrained wp-block-group-is-layout-constrained\">\n<p class=\"has-white-color has-text-color has-lead-font-size\"><strong>F\u00f6rtroendemannens uppgifter p\u00e5 arbetsplatsen:&nbsp;<\/strong><\/p>\n\n\n\n<ul class=\"wp-block-list has-white-color has-text-color\">\n<li>bevaka arbetstagarnas intressen&nbsp;<\/li>\n<\/ul>\n\n\n\n<ul class=\"wp-block-list has-white-color has-text-color\">\n<li>\u00f6vervaka att kollektivavtalet och arbetsr\u00e4tten f\u00f6ljs<\/li>\n<\/ul>\n\n\n\n<ul class=\"wp-block-list has-white-color has-text-color\">\n<li>f\u00f6rhandla med arbetsgivaren i \u00e4renden som g\u00e4ller arbetstagarna<\/li>\n<\/ul>\n\n\n\n<ul class=\"wp-block-list has-white-color has-text-color\">\n<li>ge st\u00f6d och r\u00e5d till anst\u00e4llda vid problem- och f\u00f6r\u00e4ndringssituationer<\/li>\n<\/ul>\n\n\n\n<ul class=\"wp-block-list has-white-color has-text-color\">\n<li>sk\u00f6ta om att arbetstagarna behandlas r\u00e4ttvist och j\u00e4mlikt<\/li>\n<\/ul>\n\n\n\n<ul class=\"wp-block-list has-white-color has-text-color\">\n<li>delta i utvecklingen av arbetsgemenskapen<\/li>\n<\/ul>\n\n\n\n<ul class=\"wp-block-list has-white-color has-text-color\">\n<li>l\u00f6sa problem<\/li>\n<\/ul>\n<\/div>\n","protected":false},"excerpt":{"rendered":"<p>F\u00f6rtroendemannen och f\u00f6rtroendeombudet ger r\u00e5d, st\u00f6der och bevakar arbetstagarnas intressen p\u00e5 arbetsplatsen. F\u00f6rtroendemannen och f\u00f6rtroendeombudet \u00e4r personalrepresentanter som personalen valt bland sig. Om kollektivavtal iakttas p\u00e5 arbetsplatsen, kallas personalrepresentanten f\u00f6r f\u00f6rtroendeman. De arbetstagare som h\u00f6r till fackf\u00f6reningen har valt f\u00f6rtroendemannen att f\u00f6retr\u00e4da fackf\u00f6reningen och dess medlemmar p\u00e5 arbetsplatsen. Om inget kollektivavtal iakttas p\u00e5 arbetsplatsen, kallas [&hellip;]<\/p>\n","protected":false},"author":14,"featured_media":0,"parent":10704,"menu_order":0,"comment_status":"closed","ping_status":"closed","template":"","meta":{"_acf_changed":false,"footnotes":""},"asiasana":[33,41,34],"omistaja":[],"class_list":["post-11659","page","type-page","status-publish","hentry","asiasana-ammattiliitto","asiasana-sopiminen","asiasana-tyosuhde"],"acf":[],"yoast_head":"<!-- This site is optimized with the Yoast SEO plugin v27.3 - https:\/\/yoast.com\/product\/yoast-seo-wordpress\/ -->\n<title>F\u00f6rtroendemannen - Ty\u00f6el\u00e4m\u00e4\u00e4n.fi<\/title>\n<meta name=\"robots\" content=\"index, follow, max-snippet:-1, max-image-preview:large, max-video-preview:-1\" \/>\n<link rel=\"canonical\" href=\"https:\/\/tyoelamaan.fi\/ammattiliitot\/luottamusmies\/\" \/>\n<meta property=\"og:locale\" content=\"sv_SE\" \/>\n<meta property=\"og:type\" content=\"article\" \/>\n<meta property=\"og:title\" content=\"F\u00f6rtroendemannen - Ty\u00f6el\u00e4m\u00e4\u00e4n.fi\" \/>\n<meta property=\"og:description\" content=\"F\u00f6rtroendemannen och f\u00f6rtroendeombudet ger r\u00e5d, st\u00f6der och bevakar arbetstagarnas intressen p\u00e5 arbetsplatsen. F\u00f6rtroendemannen och f\u00f6rtroendeombudet \u00e4r personalrepresentanter som personalen valt bland sig. Om kollektivavtal iakttas p\u00e5 arbetsplatsen, kallas personalrepresentanten f\u00f6r f\u00f6rtroendeman. De arbetstagare som h\u00f6r till fackf\u00f6reningen har valt f\u00f6rtroendemannen att f\u00f6retr\u00e4da fackf\u00f6reningen och dess medlemmar p\u00e5 arbetsplatsen. Om inget kollektivavtal iakttas p\u00e5 arbetsplatsen, kallas [&hellip;]\" \/>\n<meta property=\"og:url\" content=\"https:\/\/tyoelamaan.fi\/ammattiliitot\/luottamusmies\/\" \/>\n<meta property=\"og:site_name\" content=\"Ty\u00f6el\u00e4m\u00e4\u00e4n.fi\" \/>\n<meta property=\"article:modified_time\" content=\"2024-12-17T04:20:26+00:00\" \/>\n<meta name=\"twitter:card\" content=\"summary_large_image\" \/>\n<meta name=\"twitter:label1\" content=\"Est. reading time\" \/>\n\t<meta name=\"twitter:data1\" content=\"3 minuter\" \/>\n<script type=\"application\/ld+json\" class=\"yoast-schema-graph\">{\"@context\":\"https:\\\/\\\/schema.org\",\"@graph\":[{\"@type\":\"WebPage\",\"@id\":\"https:\\\/\\\/tyoelamaan.fi\\\/ammattiliitot\\\/luottamusmies\\\/\",\"url\":\"https:\\\/\\\/tyoelamaan.fi\\\/ammattiliitot\\\/luottamusmies\\\/\",\"name\":\"F\u00f6rtroendemannen - Ty\u00f6el\u00e4m\u00e4\u00e4n.fi\",\"isPartOf\":{\"@id\":\"https:\\\/\\\/tyoelamaan.fi\\\/#website\"},\"datePublished\":\"2024-02-26T08:37:34+00:00\",\"dateModified\":\"2024-12-17T04:20:26+00:00\",\"breadcrumb\":{\"@id\":\"https:\\\/\\\/tyoelamaan.fi\\\/ammattiliitot\\\/luottamusmies\\\/#breadcrumb\"},\"inLanguage\":\"sv-SE\",\"potentialAction\":[{\"@type\":\"ReadAction\",\"target\":[\"https:\\\/\\\/tyoelamaan.fi\\\/ammattiliitot\\\/luottamusmies\\\/\"]}]},{\"@type\":\"BreadcrumbList\",\"@id\":\"https:\\\/\\\/tyoelamaan.fi\\\/ammattiliitot\\\/luottamusmies\\\/#breadcrumb\",\"itemListElement\":[{\"@type\":\"ListItem\",\"position\":1,\"name\":\"Home\",\"item\":\"https:\\\/\\\/tyoelamaan.fi\\\/sv\\\/\"},{\"@type\":\"ListItem\",\"position\":2,\"name\":\"Fackf\u00f6rbund\",\"item\":\"https:\\\/\\\/tyoelamaan.fi\\\/ammattiliitot\\\/\"},{\"@type\":\"ListItem\",\"position\":3,\"name\":\"F\u00f6rtroendemannen\"}]},{\"@type\":\"WebSite\",\"@id\":\"https:\\\/\\\/tyoelamaan.fi\\\/#website\",\"url\":\"https:\\\/\\\/tyoelamaan.fi\\\/\",\"name\":\"Ty\u00f6el\u00e4m\u00e4\u00e4n.fi\",\"description\":\"\",\"publisher\":{\"@id\":\"https:\\\/\\\/tyoelamaan.fi\\\/#organization\"},\"potentialAction\":[{\"@type\":\"SearchAction\",\"target\":{\"@type\":\"EntryPoint\",\"urlTemplate\":\"https:\\\/\\\/tyoelamaan.fi\\\/?s={search_term_string}\"},\"query-input\":{\"@type\":\"PropertyValueSpecification\",\"valueRequired\":true,\"valueName\":\"search_term_string\"}}],\"inLanguage\":\"sv-SE\"},{\"@type\":\"Organization\",\"@id\":\"https:\\\/\\\/tyoelamaan.fi\\\/#organization\",\"name\":\"Ty\u00f6el\u00e4m\u00e4\u00e4n.fi\",\"url\":\"https:\\\/\\\/tyoelamaan.fi\\\/\",\"logo\":{\"@type\":\"ImageObject\",\"inLanguage\":\"sv-SE\",\"@id\":\"https:\\\/\\\/tyoelamaan.fi\\\/#\\\/schema\\\/logo\\\/image\\\/\",\"url\":\"https:\\\/\\\/tyoelamaan.fi\\\/wp-content\\\/uploads\\\/2024\\\/11\\\/tyoelamaan_logo.svg\",\"contentUrl\":\"https:\\\/\\\/tyoelamaan.fi\\\/wp-content\\\/uploads\\\/2024\\\/11\\\/tyoelamaan_logo.svg\",\"width\":131,\"height\":30,\"caption\":\"Ty\u00f6el\u00e4m\u00e4\u00e4n.fi\"},\"image\":{\"@id\":\"https:\\\/\\\/tyoelamaan.fi\\\/#\\\/schema\\\/logo\\\/image\\\/\"}}]}<\/script>\n<!-- \/ Yoast SEO plugin. -->","yoast_head_json":{"title":"F\u00f6rtroendemannen - Ty\u00f6el\u00e4m\u00e4\u00e4n.fi","robots":{"index":"index","follow":"follow","max-snippet":"max-snippet:-1","max-image-preview":"max-image-preview:large","max-video-preview":"max-video-preview:-1"},"canonical":"https:\/\/tyoelamaan.fi\/ammattiliitot\/luottamusmies\/","og_locale":"sv_SE","og_type":"article","og_title":"F\u00f6rtroendemannen - Ty\u00f6el\u00e4m\u00e4\u00e4n.fi","og_description":"F\u00f6rtroendemannen och f\u00f6rtroendeombudet ger r\u00e5d, st\u00f6der och bevakar arbetstagarnas intressen p\u00e5 arbetsplatsen. F\u00f6rtroendemannen och f\u00f6rtroendeombudet \u00e4r personalrepresentanter som personalen valt bland sig. Om kollektivavtal iakttas p\u00e5 arbetsplatsen, kallas personalrepresentanten f\u00f6r f\u00f6rtroendeman. De arbetstagare som h\u00f6r till fackf\u00f6reningen har valt f\u00f6rtroendemannen att f\u00f6retr\u00e4da fackf\u00f6reningen och dess medlemmar p\u00e5 arbetsplatsen. Om inget kollektivavtal iakttas p\u00e5 arbetsplatsen, kallas [&hellip;]","og_url":"https:\/\/tyoelamaan.fi\/ammattiliitot\/luottamusmies\/","og_site_name":"Ty\u00f6el\u00e4m\u00e4\u00e4n.fi","article_modified_time":"2024-12-17T04:20:26+00:00","twitter_card":"summary_large_image","twitter_misc":{"Est. reading time":"3 minuter"},"schema":{"@context":"https:\/\/schema.org","@graph":[{"@type":"WebPage","@id":"https:\/\/tyoelamaan.fi\/ammattiliitot\/luottamusmies\/","url":"https:\/\/tyoelamaan.fi\/ammattiliitot\/luottamusmies\/","name":"F\u00f6rtroendemannen - Ty\u00f6el\u00e4m\u00e4\u00e4n.fi","isPartOf":{"@id":"https:\/\/tyoelamaan.fi\/#website"},"datePublished":"2024-02-26T08:37:34+00:00","dateModified":"2024-12-17T04:20:26+00:00","breadcrumb":{"@id":"https:\/\/tyoelamaan.fi\/ammattiliitot\/luottamusmies\/#breadcrumb"},"inLanguage":"sv-SE","potentialAction":[{"@type":"ReadAction","target":["https:\/\/tyoelamaan.fi\/ammattiliitot\/luottamusmies\/"]}]},{"@type":"BreadcrumbList","@id":"https:\/\/tyoelamaan.fi\/ammattiliitot\/luottamusmies\/#breadcrumb","itemListElement":[{"@type":"ListItem","position":1,"name":"Home","item":"https:\/\/tyoelamaan.fi\/sv\/"},{"@type":"ListItem","position":2,"name":"Fackf\u00f6rbund","item":"https:\/\/tyoelamaan.fi\/ammattiliitot\/"},{"@type":"ListItem","position":3,"name":"F\u00f6rtroendemannen"}]},{"@type":"WebSite","@id":"https:\/\/tyoelamaan.fi\/#website","url":"https:\/\/tyoelamaan.fi\/","name":"Ty\u00f6el\u00e4m\u00e4\u00e4n.fi","description":"","publisher":{"@id":"https:\/\/tyoelamaan.fi\/#organization"},"potentialAction":[{"@type":"SearchAction","target":{"@type":"EntryPoint","urlTemplate":"https:\/\/tyoelamaan.fi\/?s={search_term_string}"},"query-input":{"@type":"PropertyValueSpecification","valueRequired":true,"valueName":"search_term_string"}}],"inLanguage":"sv-SE"},{"@type":"Organization","@id":"https:\/\/tyoelamaan.fi\/#organization","name":"Ty\u00f6el\u00e4m\u00e4\u00e4n.fi","url":"https:\/\/tyoelamaan.fi\/","logo":{"@type":"ImageObject","inLanguage":"sv-SE","@id":"https:\/\/tyoelamaan.fi\/#\/schema\/logo\/image\/","url":"https:\/\/tyoelamaan.fi\/wp-content\/uploads\/2024\/11\/tyoelamaan_logo.svg","contentUrl":"https:\/\/tyoelamaan.fi\/wp-content\/uploads\/2024\/11\/tyoelamaan_logo.svg","width":131,"height":30,"caption":"Ty\u00f6el\u00e4m\u00e4\u00e4n.fi"},"image":{"@id":"https:\/\/tyoelamaan.fi\/#\/schema\/logo\/image\/"}}]}},"_links":{"self":[{"href":"https:\/\/tyoelamaan.fi\/sv\/wp-json\/wp\/v2\/pages\/11659","targetHints":{"allow":["GET"]}}],"collection":[{"href":"https:\/\/tyoelamaan.fi\/sv\/wp-json\/wp\/v2\/pages"}],"about":[{"href":"https:\/\/tyoelamaan.fi\/sv\/wp-json\/wp\/v2\/types\/page"}],"author":[{"embeddable":true,"href":"https:\/\/tyoelamaan.fi\/sv\/wp-json\/wp\/v2\/users\/14"}],"replies":[{"embeddable":true,"href":"https:\/\/tyoelamaan.fi\/sv\/wp-json\/wp\/v2\/comments?post=11659"}],"version-history":[{"count":6,"href":"https:\/\/tyoelamaan.fi\/sv\/wp-json\/wp\/v2\/pages\/11659\/revisions"}],"predecessor-version":[{"id":12576,"href":"https:\/\/tyoelamaan.fi\/sv\/wp-json\/wp\/v2\/pages\/11659\/revisions\/12576"}],"up":[{"embeddable":true,"href":"https:\/\/tyoelamaan.fi\/sv\/wp-json\/wp\/v2\/pages\/10704"}],"wp:attachment":[{"href":"https:\/\/tyoelamaan.fi\/sv\/wp-json\/wp\/v2\/media?parent=11659"}],"wp:term":[{"taxonomy":"asiasana","embeddable":true,"href":"https:\/\/tyoelamaan.fi\/sv\/wp-json\/wp\/v2\/asiasana?post=11659"},{"taxonomy":"omistaja","embeddable":true,"href":"https:\/\/tyoelamaan.fi\/sv\/wp-json\/wp\/v2\/omistaja?post=11659"}],"curies":[{"name":"wp","href":"https:\/\/api.w.org\/{rel}","templated":true}]}}