{"id":6061,"date":"2022-07-05T13:02:48","date_gmt":"2022-07-05T10:02:48","guid":{"rendered":"https:\/\/tyoelamaan.fi\/?page_id=6061"},"modified":"2024-12-17T06:19:42","modified_gmt":"2024-12-17T04:19:42","slug":"kunnande","status":"publish","type":"page","link":"https:\/\/tyoelamaan.fi\/sv\/kunnande\/","title":{"rendered":"Kunnande"},"content":{"rendered":"\n<div class=\"wp-block-columns is-layout-flex wp-container-core-columns-is-layout-28f84493 wp-block-columns-is-layout-flex\">\n<div class=\"wp-block-column is-layout-flow wp-block-column-is-layout-flow\">\n<p>N\u00e4r du f\u00e5r din f\u00f6rsta examen har du tagit det f\u00f6rsta viktiga steget p\u00e5 v\u00e4gen mot kunnande. Nu g\u00e4ller det att kontinuerligt forts\u00e4tta att utveckla din kompetens. Du ha m\u00e5nga m\u00f6jligheter att utveckla din kompetens, men allt bygger p\u00e5 din egen vilja och intresse att l\u00e4ra dig nytt och utvecklas i arbetet. Du utvecklar ditt kunnande ocks\u00e5 p\u00e5 andra h\u00e5ll, inte bara p\u00e5 skolb\u00e4nken och p\u00e5 jobbet. Det \u00e4r viktigt vid all karri\u00e4rplanering och kompetensutveckling<strong> att du kan identifiera ditt kunnande och uttrycka det i ord<\/strong>.&nbsp;Det \u00e4r lika viktigt att du f\u00f6ljer med utvecklingen i ditt yrkesomr\u00e5de och identifierar dina starka sidor och omr\u00e5den d\u00e4r du beh\u00f6ver utvecklas. <\/p>\n\n\n\n<p>Du har m\u00e5nga m\u00f6jligheter att utveckla din kompetens. Inom yrkesutbildningen kan du avl\u00e4gga olika yrkesinriktade grund-, yrkes- och specialyrkesexamina eller delar av dem.&nbsp;<a href=\"https:\/\/okm.fi\/sv\/yrkeshogskolor\">Yrkesh\u00f6gskolorna<\/a>&nbsp;och&nbsp;<a href=\"https:\/\/okm.fi\/sv\/universitet\" target=\"_blank\" rel=\"noreferrer noopener\">universiteten<\/a>&nbsp;erbjuder inte bara examensutbildning, utan ocks\u00e5 \u00f6ppen h\u00f6gskoleundervisning och avgiftsbelagda fortbildningsprogram. Arbetar- och medborgarinstitut, folkh\u00f6gskolor och andra l\u00e4roanstalter inom det fria bildningsarbetet erbjuder ocks\u00e5 ett stort urval utbildning f\u00f6r utveckling i yrket. M\u00e5nga fackf\u00f6rbund ordnar utbildning och karri\u00e4rhandledning f\u00f6r sina medlemmar. Mer information om verksamheten hittar du p\u00e5 webbplatsen f\u00f6r ditt eget f\u00f6rbund.<\/p>\n<\/div>\n\n\n\n<div class=\"wp-block-column is-layout-flow wp-block-column-is-layout-flow\">\n<figure class=\"wp-block-image size-large\"><img decoding=\"async\" src=\"https:\/\/tyoelamaan.fi\/wp-content\/uploads\/2021\/03\/kahvilatyo-rajattu-713x1024.jpg\" alt=\"kahvilassa t\u00f6iss\u00e4\" class=\"wp-image-9500\"\/><\/figure>\n<\/div>\n<\/div>\n\n\n\n<h2 class=\"wp-block-heading\">Studier vid sidan av arbetet<\/h2>\n\n\n\n<p>Varannan ung har studerat vid h\u00f6gskola redan innan de b\u00f6rjar i arbetslivet, och n\u00e4stan varannan har f\u00e5tt yrkesinriktad utbildning i andra stadiet.&nbsp;Studierna slutar dock inte n\u00e4r man blir f\u00e4rdig. Utveckling av sitt eget kunnande \u00e4r en viktig del av arbetslivet. Det g\u00f6r arbetet mer meningsfullt och ger m\u00f6jlighet att byta arbetsuppgifter eller yrke. Utbildning \u00e4r s\u00e5ledes ett utm\u00e4rkt s\u00e4tt att s\u00e4kerst\u00e4lla sin karri\u00e4rutveckling och sina m\u00f6jligheter att f\u00e5 b\u00e4ttre l\u00f6n.<\/p>\n\n\n\n<blockquote class=\"wp-block-quote is-layout-flow wp-block-quote-is-layout-flow\"><p>Allt fler arbeten f\u00f6ruts\u00e4tter minst yrkesinriktad utbildning i andra stadiet.<\/p><\/blockquote>\n\n\n\n<p>Personalutbildning som arbetsgivaren ordnar \u00e4r en bra utg\u00e5ngspunkt f\u00f6r utveckling av sitt eget kunnande. Prata ocks\u00e5 om dina egna \u00f6nskem\u00e5l om utbildning till exempel vid utvecklingssamtal. Ditt eget intresse att l\u00e4ra dig kan ocks\u00e5 ge arbetsgivaren en positiv signal med tanke p\u00e5 din karri\u00e4rutveckling. Arbetsgivaren \u00e4r dessutom skyldig att se till att arbetstagarna har tillr\u00e4cklig kompetens f\u00f6r sina arbetsuppgifter. Arbetsgivaren ska ocks\u00e5 g\u00f6ra upp en plan f\u00f6r utbildning av personalen.<\/p>\n\n\n\n<p>Ofta \u00e4r det m\u00f6jligt att delta i korta utbildningar utanf\u00f6r arbetsplatsen vid sidan av arbetet. Om deltagande till exempel i n\u00e4rundervisning kr\u00e4ver att du \u00e4r fr\u00e5nvarande fr\u00e5n jobbet, \u00e4r det viktigt att du pratar med din chef om m\u00f6jligheten att studera p\u00e5 arbetstid. Det \u00e4r ocks\u00e5 m\u00f6jligt att det finns \u00f6verenskommelse om studier under arbetstid i&nbsp;<a href=\"https:\/\/tyoelamaan.fi\/sv\/blog\/2022\/07\/11\/vad-ar-ett-kollektivavtal\/\" target=\"_blank\" rel=\"noreferrer noopener\">kollektivavtalen<\/a> eller p\u00e5 arbetsplatsen.<\/p>\n\n\n\n<h2 class=\"wp-block-heading\">Ny utbildning<\/h2>\n\n\n\n<p>I framtiden har arbetslivet en alltmer periodisk karakt\u00e4r \u2013 allt fler byter bransch minst en g\u00e5ng under sin <a href=\"https:\/\/tyoelamaan.fi\/arbetskarriaren\/\" target=\"_blank\" rel=\"noreferrer noopener\">karri\u00e4r<\/a>. N\u00e4r du g\u00e5r i skolan, beh\u00f6ver du s\u00e5ledes inte hitta ett yrke f\u00f6r \u00e5terstoden av ditt liv. I dag fr\u00e5gar vi inte l\u00e4ngre &#8221;vad ska jag bli n\u00e4r jag blir stor&#8221;, utan &#8221;vad ska jag g\u00f6ra h\u00e4rn\u00e4st&#8221;.<\/p>\n\n\n<div class=\"editor-bg pink\">\n<h2>N\u00e4r du \u00f6verv\u00e4ger att byta karri\u00e4r, t\u00e4nk p\u00e5 de f\u00f6ljande fr\u00e5gorna:<img loading=\"lazy\" decoding=\"async\" class=\" wp-image-1909 alignright\" src=\"https:\/\/tyoelamaan.fi\/wp-content\/uploads\/2020\/03\/sttk_tyoelamaan_ikonit_tyohakemus_2_sin_rgb-249x300.png\" alt=\"\" width=\"139\" height=\"167\" srcset=\"https:\/\/tyoelamaan.fi\/wp-content\/uploads\/2020\/03\/sttk_tyoelamaan_ikonit_tyohakemus_2_sin_rgb-249x300.png 249w, https:\/\/tyoelamaan.fi\/wp-content\/uploads\/2020\/03\/sttk_tyoelamaan_ikonit_tyohakemus_2_sin_rgb-768x923.png 768w, https:\/\/tyoelamaan.fi\/wp-content\/uploads\/2020\/03\/sttk_tyoelamaan_ikonit_tyohakemus_2_sin_rgb.png 825w\" sizes=\"auto, (max-width: 139px) 100vw, 139px\" \/><\/h2>\n<ul>\n<li>Vad \u00e4r du intresserad av, och vilka styrkor har du?<\/li>\n<li>Vilket jobb l\u00e4mpar sig f\u00f6r din livssituation?<\/li>\n<li>S\u00f6ker du efter en ordinarie anst\u00e4llning eller str\u00f6jobb?<\/li>\n<li>Vilka arbetstider vill du ha?<\/li>\n<li>F\u00e5r l\u00f6nen variera till exempel beroende p\u00e5 antalet arbetsturer och de till\u00e4gg som betalas f\u00f6r dem?<\/li>\n<li>Vilka karri\u00e4ralternativ finns det mellan ditt nuvarande jobb och ditt dr\u00f6mjobb?<\/li>\n<li>Vilket kunnande har du utvecklat hittills? Vilka kunskaper och f\u00e4rdigheter beh\u00f6ver du \u00e4nnu finslipa?<\/li>\n<li>F\u00f6ruts\u00e4tter dr\u00f6mjobbet fortbildning eller helt ny utbildning?<\/li>\n<\/ul>\n<\/div>","protected":false},"excerpt":{"rendered":"<p>N\u00e4r du f\u00e5r din f\u00f6rsta examen har du tagit det f\u00f6rsta viktiga steget p\u00e5 v\u00e4gen mot kunnande. Nu g\u00e4ller det att kontinuerligt forts\u00e4tta att utveckla din kompetens. Du ha m\u00e5nga m\u00f6jligheter att utveckla din kompetens, men allt bygger p\u00e5 din egen vilja och intresse att l\u00e4ra dig nytt och utvecklas i arbetet. Du utvecklar ditt [&hellip;]<\/p>\n","protected":false},"author":3,"featured_media":0,"parent":0,"menu_order":0,"comment_status":"closed","ping_status":"closed","template":"","meta":{"_acf_changed":false,"footnotes":""},"asiasana":[],"omistaja":[],"class_list":["post-6061","page","type-page","status-publish","hentry"],"acf":[],"yoast_head":"<!-- This site is optimized with the Yoast SEO plugin v27.3 - https:\/\/yoast.com\/product\/yoast-seo-wordpress\/ -->\n<title>Kunnande - Ty\u00f6el\u00e4m\u00e4\u00e4n.fi<\/title>\n<meta name=\"description\" content=\"Det \u00e4r viktigt vid all karri\u00e4rplanering och kompetensutveckling att du kan identifiera ditt kunnande och uttrycka det i ord.\" \/>\n<meta name=\"robots\" content=\"index, follow, max-snippet:-1, max-image-preview:large, max-video-preview:-1\" \/>\n<link rel=\"canonical\" href=\"https:\/\/tyoelamaan.fi\/sv\/kunnande\/\" \/>\n<meta property=\"og:locale\" content=\"sv_SE\" \/>\n<meta property=\"og:type\" content=\"article\" \/>\n<meta property=\"og:title\" content=\"Kunnande - Ty\u00f6el\u00e4m\u00e4\u00e4n.fi\" \/>\n<meta property=\"og:description\" content=\"Det \u00e4r viktigt vid all karri\u00e4rplanering och kompetensutveckling att du kan identifiera ditt kunnande och uttrycka det i ord.\" \/>\n<meta property=\"og:url\" content=\"https:\/\/tyoelamaan.fi\/sv\/kunnande\/\" \/>\n<meta property=\"og:site_name\" content=\"Ty\u00f6el\u00e4m\u00e4\u00e4n.fi\" \/>\n<meta property=\"article:modified_time\" content=\"2024-12-17T04:19:42+00:00\" \/>\n<meta name=\"twitter:card\" content=\"summary_large_image\" \/>\n<meta name=\"twitter:label1\" content=\"Est. reading time\" \/>\n\t<meta name=\"twitter:data1\" content=\"3 minuter\" \/>\n<script type=\"application\/ld+json\" class=\"yoast-schema-graph\">{\"@context\":\"https:\\\/\\\/schema.org\",\"@graph\":[{\"@type\":\"WebPage\",\"@id\":\"https:\\\/\\\/tyoelamaan.fi\\\/sv\\\/kunnande\\\/\",\"url\":\"https:\\\/\\\/tyoelamaan.fi\\\/sv\\\/kunnande\\\/\",\"name\":\"Kunnande - Ty\u00f6el\u00e4m\u00e4\u00e4n.fi\",\"isPartOf\":{\"@id\":\"https:\\\/\\\/tyoelamaan.fi\\\/#website\"},\"primaryImageOfPage\":{\"@id\":\"https:\\\/\\\/tyoelamaan.fi\\\/sv\\\/kunnande\\\/#primaryimage\"},\"image\":{\"@id\":\"https:\\\/\\\/tyoelamaan.fi\\\/sv\\\/kunnande\\\/#primaryimage\"},\"thumbnailUrl\":\"https:\\\/\\\/tyoelamaan.fi\\\/wp-content\\\/uploads\\\/2021\\\/03\\\/kahvilatyo-rajattu-713x1024.jpg\",\"datePublished\":\"2022-07-05T10:02:48+00:00\",\"dateModified\":\"2024-12-17T04:19:42+00:00\",\"description\":\"Det \u00e4r viktigt vid all karri\u00e4rplanering och kompetensutveckling att du kan identifiera ditt kunnande och uttrycka det i ord.\",\"breadcrumb\":{\"@id\":\"https:\\\/\\\/tyoelamaan.fi\\\/sv\\\/kunnande\\\/#breadcrumb\"},\"inLanguage\":\"sv-SE\",\"potentialAction\":[{\"@type\":\"ReadAction\",\"target\":[\"https:\\\/\\\/tyoelamaan.fi\\\/sv\\\/kunnande\\\/\"]}]},{\"@type\":\"ImageObject\",\"inLanguage\":\"sv-SE\",\"@id\":\"https:\\\/\\\/tyoelamaan.fi\\\/sv\\\/kunnande\\\/#primaryimage\",\"url\":\"https:\\\/\\\/tyoelamaan.fi\\\/wp-content\\\/uploads\\\/2021\\\/03\\\/kahvilatyo-rajattu-713x1024.jpg\",\"contentUrl\":\"https:\\\/\\\/tyoelamaan.fi\\\/wp-content\\\/uploads\\\/2021\\\/03\\\/kahvilatyo-rajattu-713x1024.jpg\"},{\"@type\":\"BreadcrumbList\",\"@id\":\"https:\\\/\\\/tyoelamaan.fi\\\/sv\\\/kunnande\\\/#breadcrumb\",\"itemListElement\":[{\"@type\":\"ListItem\",\"position\":1,\"name\":\"Home\",\"item\":\"https:\\\/\\\/tyoelamaan.fi\\\/sv\\\/\"},{\"@type\":\"ListItem\",\"position\":2,\"name\":\"Kunnande\"}]},{\"@type\":\"WebSite\",\"@id\":\"https:\\\/\\\/tyoelamaan.fi\\\/#website\",\"url\":\"https:\\\/\\\/tyoelamaan.fi\\\/\",\"name\":\"Ty\u00f6el\u00e4m\u00e4\u00e4n.fi\",\"description\":\"\",\"publisher\":{\"@id\":\"https:\\\/\\\/tyoelamaan.fi\\\/#organization\"},\"potentialAction\":[{\"@type\":\"SearchAction\",\"target\":{\"@type\":\"EntryPoint\",\"urlTemplate\":\"https:\\\/\\\/tyoelamaan.fi\\\/?s={search_term_string}\"},\"query-input\":{\"@type\":\"PropertyValueSpecification\",\"valueRequired\":true,\"valueName\":\"search_term_string\"}}],\"inLanguage\":\"sv-SE\"},{\"@type\":\"Organization\",\"@id\":\"https:\\\/\\\/tyoelamaan.fi\\\/#organization\",\"name\":\"Ty\u00f6el\u00e4m\u00e4\u00e4n.fi\",\"url\":\"https:\\\/\\\/tyoelamaan.fi\\\/\",\"logo\":{\"@type\":\"ImageObject\",\"inLanguage\":\"sv-SE\",\"@id\":\"https:\\\/\\\/tyoelamaan.fi\\\/#\\\/schema\\\/logo\\\/image\\\/\",\"url\":\"https:\\\/\\\/tyoelamaan.fi\\\/wp-content\\\/uploads\\\/2024\\\/11\\\/tyoelamaan_logo.svg\",\"contentUrl\":\"https:\\\/\\\/tyoelamaan.fi\\\/wp-content\\\/uploads\\\/2024\\\/11\\\/tyoelamaan_logo.svg\",\"width\":131,\"height\":30,\"caption\":\"Ty\u00f6el\u00e4m\u00e4\u00e4n.fi\"},\"image\":{\"@id\":\"https:\\\/\\\/tyoelamaan.fi\\\/#\\\/schema\\\/logo\\\/image\\\/\"}}]}<\/script>\n<!-- \/ Yoast SEO plugin. -->","yoast_head_json":{"title":"Kunnande - Ty\u00f6el\u00e4m\u00e4\u00e4n.fi","description":"Det \u00e4r viktigt vid all karri\u00e4rplanering och kompetensutveckling att du kan identifiera ditt kunnande och uttrycka det i ord.","robots":{"index":"index","follow":"follow","max-snippet":"max-snippet:-1","max-image-preview":"max-image-preview:large","max-video-preview":"max-video-preview:-1"},"canonical":"https:\/\/tyoelamaan.fi\/sv\/kunnande\/","og_locale":"sv_SE","og_type":"article","og_title":"Kunnande - Ty\u00f6el\u00e4m\u00e4\u00e4n.fi","og_description":"Det \u00e4r viktigt vid all karri\u00e4rplanering och kompetensutveckling att du kan identifiera ditt kunnande och uttrycka det i ord.","og_url":"https:\/\/tyoelamaan.fi\/sv\/kunnande\/","og_site_name":"Ty\u00f6el\u00e4m\u00e4\u00e4n.fi","article_modified_time":"2024-12-17T04:19:42+00:00","twitter_card":"summary_large_image","twitter_misc":{"Est. reading time":"3 minuter"},"schema":{"@context":"https:\/\/schema.org","@graph":[{"@type":"WebPage","@id":"https:\/\/tyoelamaan.fi\/sv\/kunnande\/","url":"https:\/\/tyoelamaan.fi\/sv\/kunnande\/","name":"Kunnande - Ty\u00f6el\u00e4m\u00e4\u00e4n.fi","isPartOf":{"@id":"https:\/\/tyoelamaan.fi\/#website"},"primaryImageOfPage":{"@id":"https:\/\/tyoelamaan.fi\/sv\/kunnande\/#primaryimage"},"image":{"@id":"https:\/\/tyoelamaan.fi\/sv\/kunnande\/#primaryimage"},"thumbnailUrl":"https:\/\/tyoelamaan.fi\/wp-content\/uploads\/2021\/03\/kahvilatyo-rajattu-713x1024.jpg","datePublished":"2022-07-05T10:02:48+00:00","dateModified":"2024-12-17T04:19:42+00:00","description":"Det \u00e4r viktigt vid all karri\u00e4rplanering och kompetensutveckling att du kan identifiera ditt kunnande och uttrycka det i ord.","breadcrumb":{"@id":"https:\/\/tyoelamaan.fi\/sv\/kunnande\/#breadcrumb"},"inLanguage":"sv-SE","potentialAction":[{"@type":"ReadAction","target":["https:\/\/tyoelamaan.fi\/sv\/kunnande\/"]}]},{"@type":"ImageObject","inLanguage":"sv-SE","@id":"https:\/\/tyoelamaan.fi\/sv\/kunnande\/#primaryimage","url":"https:\/\/tyoelamaan.fi\/wp-content\/uploads\/2021\/03\/kahvilatyo-rajattu-713x1024.jpg","contentUrl":"https:\/\/tyoelamaan.fi\/wp-content\/uploads\/2021\/03\/kahvilatyo-rajattu-713x1024.jpg"},{"@type":"BreadcrumbList","@id":"https:\/\/tyoelamaan.fi\/sv\/kunnande\/#breadcrumb","itemListElement":[{"@type":"ListItem","position":1,"name":"Home","item":"https:\/\/tyoelamaan.fi\/sv\/"},{"@type":"ListItem","position":2,"name":"Kunnande"}]},{"@type":"WebSite","@id":"https:\/\/tyoelamaan.fi\/#website","url":"https:\/\/tyoelamaan.fi\/","name":"Ty\u00f6el\u00e4m\u00e4\u00e4n.fi","description":"","publisher":{"@id":"https:\/\/tyoelamaan.fi\/#organization"},"potentialAction":[{"@type":"SearchAction","target":{"@type":"EntryPoint","urlTemplate":"https:\/\/tyoelamaan.fi\/?s={search_term_string}"},"query-input":{"@type":"PropertyValueSpecification","valueRequired":true,"valueName":"search_term_string"}}],"inLanguage":"sv-SE"},{"@type":"Organization","@id":"https:\/\/tyoelamaan.fi\/#organization","name":"Ty\u00f6el\u00e4m\u00e4\u00e4n.fi","url":"https:\/\/tyoelamaan.fi\/","logo":{"@type":"ImageObject","inLanguage":"sv-SE","@id":"https:\/\/tyoelamaan.fi\/#\/schema\/logo\/image\/","url":"https:\/\/tyoelamaan.fi\/wp-content\/uploads\/2024\/11\/tyoelamaan_logo.svg","contentUrl":"https:\/\/tyoelamaan.fi\/wp-content\/uploads\/2024\/11\/tyoelamaan_logo.svg","width":131,"height":30,"caption":"Ty\u00f6el\u00e4m\u00e4\u00e4n.fi"},"image":{"@id":"https:\/\/tyoelamaan.fi\/#\/schema\/logo\/image\/"}}]}},"_links":{"self":[{"href":"https:\/\/tyoelamaan.fi\/sv\/wp-json\/wp\/v2\/pages\/6061","targetHints":{"allow":["GET"]}}],"collection":[{"href":"https:\/\/tyoelamaan.fi\/sv\/wp-json\/wp\/v2\/pages"}],"about":[{"href":"https:\/\/tyoelamaan.fi\/sv\/wp-json\/wp\/v2\/types\/page"}],"author":[{"embeddable":true,"href":"https:\/\/tyoelamaan.fi\/sv\/wp-json\/wp\/v2\/users\/3"}],"replies":[{"embeddable":true,"href":"https:\/\/tyoelamaan.fi\/sv\/wp-json\/wp\/v2\/comments?post=6061"}],"version-history":[{"count":9,"href":"https:\/\/tyoelamaan.fi\/sv\/wp-json\/wp\/v2\/pages\/6061\/revisions"}],"predecessor-version":[{"id":12516,"href":"https:\/\/tyoelamaan.fi\/sv\/wp-json\/wp\/v2\/pages\/6061\/revisions\/12516"}],"wp:attachment":[{"href":"https:\/\/tyoelamaan.fi\/sv\/wp-json\/wp\/v2\/media?parent=6061"}],"wp:term":[{"taxonomy":"asiasana","embeddable":true,"href":"https:\/\/tyoelamaan.fi\/sv\/wp-json\/wp\/v2\/asiasana?post=6061"},{"taxonomy":"omistaja","embeddable":true,"href":"https:\/\/tyoelamaan.fi\/sv\/wp-json\/wp\/v2\/omistaja?post=6061"}],"curies":[{"name":"wp","href":"https:\/\/api.w.org\/{rel}","templated":true}]}}