{"id":6065,"date":"2022-07-05T13:23:18","date_gmt":"2022-07-05T10:23:18","guid":{"rendered":"https:\/\/tyoelamaan.fi\/?page_id=6065"},"modified":"2024-12-17T06:19:43","modified_gmt":"2024-12-17T04:19:43","slug":"arbete-och-fritid","status":"publish","type":"page","link":"https:\/\/tyoelamaan.fi\/sv\/jag-i-arbetslivet\/arbete-och-fritid\/","title":{"rendered":"Arbete och fritid"},"content":{"rendered":"\n<div class=\"wp-block-columns is-layout-flex wp-container-core-columns-is-layout-28f84493 wp-block-columns-is-layout-flex\">\n<div class=\"wp-block-column is-layout-flow wp-block-column-is-layout-flow\">\n<p>Det \u00e4r viktigt att se till att h\u00e5lla arbetet och fritiden i balans. Var och en av oss har r\u00e4tt att njuta b\u00e5de av jobbet och av privatlivet, av fritiden och familjen.<\/p>\n\n\n\n<p>Det \u00e4r viktigt att arbetsgivaren och personalen tillsammans pratar om konkreta \u00e5tg\u00e4rder som l\u00e4mpar sig f\u00f6r arbetsplatsen och som arbetstagarna kan anv\u00e4nda f\u00f6r att passa samman arbetet och det \u00f6vriga livet. Sammanpassningen av dem bidrar till att skapa en <a href=\"https:\/\/tyoelamaan.fi\/sv\/arbetsplatsen\/sa-har-kanner-du-igen-en-valmaende-arbetsgemenskap\/\" target=\"_blank\" rel=\"noreferrer noopener\">v\u00e4lm\u00e5ende arbetsgemenskap<\/a> d\u00e4r det \u00e4r meningsfullt att jobba.<\/p>\n<\/div>\n\n\n\n<div class=\"wp-block-column is-layout-flow wp-block-column-is-layout-flow\">\n<figure class=\"wp-block-image size-large\"><img decoding=\"async\" src=\"https:\/\/tyoelamaan.fi\/wp-content\/uploads\/2020\/03\/miehet_hengaamassa-1024x683.jpg\" alt=\"Arbete och fritid i balans\" class=\"wp-image-9491\"\/><\/figure>\n<\/div>\n<\/div>\n\n\n\n<h2 class=\"wp-block-heading\"><strong>Sk\u00f6t om din arbetsf\u00f6rm\u00e5ga<\/strong><\/h2>\n\n\n\n<p>Det \u00e4r viktigt att du sk\u00f6ter om ditt eget v\u00e4lbefinnande under hela din arbetskarri\u00e4r. De som har ett informationsintensivt jobb uts\u00e4tts f\u00f6r <a href=\"https:\/\/www.ttl.fi\/tyontekija\/aivot-tyossa\/\" target=\"_blank\" rel=\"noreferrer noopener\">ett \u00f6verfl\u00f6d av information<\/a>, st\u00f6rningar, avbrott och tidspress, som orsakar extra belastning n\u00e4r det g\u00e4ller att klara jobbet. De som har fysiskt anstr\u00e4ngande jobb kan f\u00e5r problem med hanteringen av&nbsp;<a href=\"https:\/\/www.ttl.fi\/sv\/teman\/arbetshalsa\/stod-och-rorelseorganens-halsa-och-arbetsformaga\" target=\"_blank\" rel=\"noreferrer noopener\">tunga b\u00f6rdor<\/a>, till exempel n\u00e4r de m\u00e5ste lyfta eller b\u00e4ra tunga f\u00f6rem\u00e5l. &nbsp;<\/p>\n\n\n\n<p>En m\u00e4nniska som st\u00e4lls inf\u00f6r f\u00f6rv\u00e4ntningar och m\u00e5l som hen inte klarar av uts\u00e4tts f\u00f6r stress. L\u00e5ngvarig stress kan orsaka utbr\u00e4ndhet, och d\u00e4rf\u00f6r \u00e4r det viktigt att genast ta upp saken till samtal med chefen. P\u00e5 arbetsh\u00e4lsoinstitutets webbplats hittar du <a href=\"https:\/\/www.ttl.fi\/sv\/teman\/arbetshalsa-och-arbetsformaga\/stress-och-utbrandhet\" target=\"_blank\" rel=\"noreferrer noopener\">bra anvisningar f\u00f6r f\u00f6rebyggande av stress och utbr\u00e4ndhet<\/a>.<\/p>\n\n\n\n<p>Det \u00e4r viktigt med <a href=\"https:\/\/www.ttl.fi\/sv\/teman\/arbetshalsa-och-arbetsformaga\/elintavat\/somn-och-aterhamtning\" target=\"_blank\" rel=\"noreferrer noopener\">s\u00f6mn och \u00e5terh\u00e4mtning<\/a>\u00a0f\u00f6r att uppr\u00e4tth\u00e5lla sin arbetsf\u00f6rm\u00e5ga. S\u00f6mnbrist kan medf\u00f6ra problem bl.a. f\u00f6r uppm\u00e4rksamheten, minnet, l\u00e4randet och sinnesst\u00e4mningen. Kom ih\u00e5g att ge din hj\u00e4rna tid att \u00e5terh\u00e4mta sig och vila ut. Till exempel tv:n, datorn och de sociala medierna belastar hj\u00e4rnan p\u00e5 fritiden. Du kan f\u00f6rb\u00e4ttra kvaliteten p\u00e5 s\u00f6mnen till exempel genom att koppla av och lugna ner dig cirka tv\u00e5 timmar innan du l\u00e4gger dig.<\/p>\n\n\n\n<p>Du ska ocks\u00e5 sk\u00f6ta om kroppens h\u00e4lsa. Alltf\u00f6r stor och ensidig belastning, till exempel d\u00e5liga arbetsst\u00e4llningar, kan orsaka sjukdomar i st\u00f6d- och r\u00f6relseorganen. Alltf\u00f6r liten belastning g\u00f6r i sin tur att muskelkonditionen blir s\u00e4mre. Du kan sk\u00f6ta om din kondition genom att motionera, undvika r\u00f6kning och \u00f6vervikt samt genom att sova tillr\u00e4ckligt. Om din arbetsgivare erbjuder motionssedlar eller andra rekreationsf\u00f6rm\u00e5ner som anst\u00e4llningsf\u00f6rm\u00e5ner, \u00e4r det en god id\u00e9 att utnyttja dem.<\/p>\n\n\n\n<p>Gl\u00f6m inte att sk\u00f6ta om en regelbunden m\u00e5ltidsrytm \u00e4ven under br\u00e5da arbetsdagar. Sund kost och en regelbunden m\u00e5ltidsrytm fr\u00e4mjar ditt v\u00e4lbefinnande och h\u00e5ller dig pigg.<\/p>\n\n\n\n<h2 class=\"wp-block-heading\"><strong>Fritiden och dina n\u00e4rmaste<\/strong><\/h2>\n\n\n\n<div class=\"wp-block-columns is-layout-flex wp-container-core-columns-is-layout-28f84493 wp-block-columns-is-layout-flex\">\n<div class=\"wp-block-column is-layout-flow wp-block-column-is-layout-flow\">\n<p>Det \u00e4r viktigt att arbetsplatsen tar h\u00e4nsyn till olika livssituationer som en del av arbetet och f\u00f6rfarandena p\u00e5 arbetsplatsen. Kulturen p\u00e5 arbetsplatsen ska flexa efter olika familjemodeller och livssituationer, s\u00e5 att alla bem\u00f6ts p\u00e5 ett likv\u00e4rdigt och j\u00e4mlikt s\u00e4tt.<\/p>\n\n\n\n<p>Arbetsplatserna kan st\u00f6dja sammanpassningen av arbetet och familjen p\u00e5 m\u00e5nga olika s\u00e4tt. Arbetsplatsen kan erbjuda dig till exempel m\u00f6jlighet att:<\/p>\n<ul>\n<li>p\u00e5verka din egen arbetstid och dess f\u00f6rl\u00e4ggning<\/li>\n<li>\u00f6verg\u00e5 till frivilligt deltidsarbete n\u00e4r barnen \u00e4r sm\u00e5<\/li>\n<li>anv\u00e4nda modern teknik f\u00f6r att minska behovet av resor i tj\u00e4nsten<\/li>\n<li>distansarbeta.<\/li>\n<\/ul>\n<\/div>\n\n\n\n<div class=\"wp-block-column is-layout-flow wp-block-column-is-layout-flow\">\n<figure class=\"wp-block-image size-large\"><img decoding=\"async\" src=\"https:\/\/tyoelamaan.fi\/wp-content\/uploads\/2020\/03\/vapaaaika.jpg\" alt=\"tjejen har fritid\" class=\"wp-image-9490\"\/><\/figure>\n<\/div>\n<\/div>\n\n\n\n<p>Mer information om hur det \u00e4r m\u00f6jligt att sammanpassa familjen och jobbet finns till exempel p\u00e5\u00a0<a href=\"https:\/\/www.vaestoliitto.fi\/sv\/organisation\/familjevanlig-arbetsplats-programmet\/fordelar-med-familjevanlighet\/\" target=\"_blank\" rel=\"noreferrer noopener\">Befolkningsf\u00f6rbundets webbplats<\/a>.<\/p>\n\n\n\n<h2 class=\"wp-block-heading\"><strong>Tid f\u00f6r v\u00e4nner<\/strong><\/h2>\n\n\n\n<p>N\u00e4r man \u00e4r ung och i b\u00f6rjan av sin karri\u00e4r kan det h\u00e4nda att arbetet sveper en med sig helt och p\u00e5verkar ocks\u00e5 fritiden. Det \u00e4r \u00e4nda viktigt att h\u00e5lla arbetet och fritiden i balans hela livet. S\u00e4rskilt n\u00e4r man b\u00f6rjar p\u00e5 ett nytt jobb \u00e4r det bra att ocks\u00e5 sk\u00f6ta om de sociala relationerna utanf\u00f6r arbetsplatsen. \u00c4ven om det nya jobbet k\u00e4nns r\u00e4tt och man njuter av det, kan jobbet \u00e4nd\u00e5 medf\u00f6ra belastning. Boka d\u00e4rf\u00f6r tid f\u00f6r v\u00e4nner och andra n\u00e4rst\u00e5ende i din kalender!<\/p>\n","protected":false},"excerpt":{"rendered":"<p>Det \u00e4r viktigt att se till att h\u00e5lla arbetet och fritiden i balans. Var och en av oss har r\u00e4tt att njuta b\u00e5de av jobbet och av privatlivet, av fritiden och familjen. Det \u00e4r viktigt att arbetsgivaren och personalen tillsammans pratar om konkreta \u00e5tg\u00e4rder som l\u00e4mpar sig f\u00f6r arbetsplatsen och som arbetstagarna kan anv\u00e4nda f\u00f6r [&hellip;]<\/p>\n","protected":false},"author":3,"featured_media":0,"parent":6059,"menu_order":0,"comment_status":"closed","ping_status":"closed","template":"","meta":{"_acf_changed":false,"footnotes":""},"asiasana":[],"omistaja":[],"class_list":["post-6065","page","type-page","status-publish","hentry"],"acf":[],"yoast_head":"<!-- This site is optimized with the Yoast SEO plugin v27.4 - https:\/\/yoast.com\/product\/yoast-seo-wordpress\/ -->\n<title>Arbete och fritid - Ty\u00f6el\u00e4m\u00e4\u00e4n.fi<\/title>\n<meta name=\"description\" content=\"Hur kan man h\u00e5lla arbete och fritid i balans? Och varf\u00f6r \u00e4r det viktigt? H\u00e4r f\u00f6r du tips!\" \/>\n<meta name=\"robots\" content=\"index, follow, max-snippet:-1, max-image-preview:large, max-video-preview:-1\" \/>\n<link rel=\"canonical\" href=\"https:\/\/tyoelamaan.fi\/?page_id=739\" \/>\n<meta property=\"og:locale\" content=\"sv_SE\" \/>\n<meta property=\"og:type\" content=\"article\" \/>\n<meta property=\"og:title\" content=\"Arbete och fritid - Ty\u00f6el\u00e4m\u00e4\u00e4n.fi\" \/>\n<meta property=\"og:description\" content=\"Hur kan man h\u00e5lla arbete och fritid i balans? Och varf\u00f6r \u00e4r det viktigt? H\u00e4r f\u00f6r du tips!\" \/>\n<meta property=\"og:url\" content=\"https:\/\/tyoelamaan.fi\/?page_id=739\" \/>\n<meta property=\"og:site_name\" content=\"Ty\u00f6el\u00e4m\u00e4\u00e4n.fi\" \/>\n<meta property=\"article:modified_time\" content=\"2024-12-17T04:19:43+00:00\" \/>\n<meta name=\"twitter:card\" content=\"summary_large_image\" \/>\n<meta name=\"twitter:label1\" content=\"Est. reading time\" \/>\n\t<meta name=\"twitter:data1\" content=\"3 minuter\" \/>\n<script type=\"application\/ld+json\" class=\"yoast-schema-graph\">{\"@context\":\"https:\\\/\\\/schema.org\",\"@graph\":[{\"@type\":\"WebPage\",\"@id\":\"https:\\\/\\\/tyoelamaan.fi\\\/?page_id=739\",\"url\":\"https:\\\/\\\/tyoelamaan.fi\\\/?page_id=739\",\"name\":\"Arbete och fritid - Ty\u00f6el\u00e4m\u00e4\u00e4n.fi\",\"isPartOf\":{\"@id\":\"https:\\\/\\\/tyoelamaan.fi\\\/#website\"},\"primaryImageOfPage\":{\"@id\":\"https:\\\/\\\/tyoelamaan.fi\\\/?page_id=739#primaryimage\"},\"image\":{\"@id\":\"https:\\\/\\\/tyoelamaan.fi\\\/?page_id=739#primaryimage\"},\"thumbnailUrl\":\"https:\\\/\\\/tyoelamaan.fi\\\/wp-content\\\/uploads\\\/2020\\\/03\\\/miehet_hengaamassa-1024x683.jpg\",\"datePublished\":\"2022-07-05T10:23:18+00:00\",\"dateModified\":\"2024-12-17T04:19:43+00:00\",\"description\":\"Hur kan man h\u00e5lla arbete och fritid i balans? Och varf\u00f6r \u00e4r det viktigt? H\u00e4r f\u00f6r du tips!\",\"breadcrumb\":{\"@id\":\"https:\\\/\\\/tyoelamaan.fi\\\/?page_id=739#breadcrumb\"},\"inLanguage\":\"sv-SE\",\"potentialAction\":[{\"@type\":\"ReadAction\",\"target\":[\"https:\\\/\\\/tyoelamaan.fi\\\/?page_id=739\"]}]},{\"@type\":\"ImageObject\",\"inLanguage\":\"sv-SE\",\"@id\":\"https:\\\/\\\/tyoelamaan.fi\\\/?page_id=739#primaryimage\",\"url\":\"https:\\\/\\\/tyoelamaan.fi\\\/wp-content\\\/uploads\\\/2020\\\/03\\\/miehet_hengaamassa-1024x683.jpg\",\"contentUrl\":\"https:\\\/\\\/tyoelamaan.fi\\\/wp-content\\\/uploads\\\/2020\\\/03\\\/miehet_hengaamassa-1024x683.jpg\"},{\"@type\":\"BreadcrumbList\",\"@id\":\"https:\\\/\\\/tyoelamaan.fi\\\/?page_id=739#breadcrumb\",\"itemListElement\":[{\"@type\":\"ListItem\",\"position\":1,\"name\":\"Home\",\"item\":\"https:\\\/\\\/tyoelamaan.fi\\\/sv\\\/\"},{\"@type\":\"ListItem\",\"position\":2,\"name\":\"Jag i arbetslivet\",\"item\":\"https:\\\/\\\/tyoelamaan.fi\\\/mina-tyoelamassa\\\/\"},{\"@type\":\"ListItem\",\"position\":3,\"name\":\"Arbete och fritid\"}]},{\"@type\":\"WebSite\",\"@id\":\"https:\\\/\\\/tyoelamaan.fi\\\/#website\",\"url\":\"https:\\\/\\\/tyoelamaan.fi\\\/\",\"name\":\"Ty\u00f6el\u00e4m\u00e4\u00e4n.fi\",\"description\":\"\",\"publisher\":{\"@id\":\"https:\\\/\\\/tyoelamaan.fi\\\/#organization\"},\"potentialAction\":[{\"@type\":\"SearchAction\",\"target\":{\"@type\":\"EntryPoint\",\"urlTemplate\":\"https:\\\/\\\/tyoelamaan.fi\\\/?s={search_term_string}\"},\"query-input\":{\"@type\":\"PropertyValueSpecification\",\"valueRequired\":true,\"valueName\":\"search_term_string\"}}],\"inLanguage\":\"sv-SE\"},{\"@type\":\"Organization\",\"@id\":\"https:\\\/\\\/tyoelamaan.fi\\\/#organization\",\"name\":\"Ty\u00f6el\u00e4m\u00e4\u00e4n.fi\",\"url\":\"https:\\\/\\\/tyoelamaan.fi\\\/\",\"logo\":{\"@type\":\"ImageObject\",\"inLanguage\":\"sv-SE\",\"@id\":\"https:\\\/\\\/tyoelamaan.fi\\\/#\\\/schema\\\/logo\\\/image\\\/\",\"url\":\"https:\\\/\\\/tyoelamaan.fi\\\/wp-content\\\/uploads\\\/2024\\\/11\\\/tyoelamaan_logo.svg\",\"contentUrl\":\"https:\\\/\\\/tyoelamaan.fi\\\/wp-content\\\/uploads\\\/2024\\\/11\\\/tyoelamaan_logo.svg\",\"width\":131,\"height\":30,\"caption\":\"Ty\u00f6el\u00e4m\u00e4\u00e4n.fi\"},\"image\":{\"@id\":\"https:\\\/\\\/tyoelamaan.fi\\\/#\\\/schema\\\/logo\\\/image\\\/\"}}]}<\/script>\n<!-- \/ Yoast SEO plugin. -->","yoast_head_json":{"title":"Arbete och fritid - Ty\u00f6el\u00e4m\u00e4\u00e4n.fi","description":"Hur kan man h\u00e5lla arbete och fritid i balans? Och varf\u00f6r \u00e4r det viktigt? H\u00e4r f\u00f6r du tips!","robots":{"index":"index","follow":"follow","max-snippet":"max-snippet:-1","max-image-preview":"max-image-preview:large","max-video-preview":"max-video-preview:-1"},"canonical":"https:\/\/tyoelamaan.fi\/?page_id=739","og_locale":"sv_SE","og_type":"article","og_title":"Arbete och fritid - Ty\u00f6el\u00e4m\u00e4\u00e4n.fi","og_description":"Hur kan man h\u00e5lla arbete och fritid i balans? Och varf\u00f6r \u00e4r det viktigt? H\u00e4r f\u00f6r du tips!","og_url":"https:\/\/tyoelamaan.fi\/?page_id=739","og_site_name":"Ty\u00f6el\u00e4m\u00e4\u00e4n.fi","article_modified_time":"2024-12-17T04:19:43+00:00","twitter_card":"summary_large_image","twitter_misc":{"Est. reading time":"3 minuter"},"schema":{"@context":"https:\/\/schema.org","@graph":[{"@type":"WebPage","@id":"https:\/\/tyoelamaan.fi\/?page_id=739","url":"https:\/\/tyoelamaan.fi\/?page_id=739","name":"Arbete och fritid - Ty\u00f6el\u00e4m\u00e4\u00e4n.fi","isPartOf":{"@id":"https:\/\/tyoelamaan.fi\/#website"},"primaryImageOfPage":{"@id":"https:\/\/tyoelamaan.fi\/?page_id=739#primaryimage"},"image":{"@id":"https:\/\/tyoelamaan.fi\/?page_id=739#primaryimage"},"thumbnailUrl":"https:\/\/tyoelamaan.fi\/wp-content\/uploads\/2020\/03\/miehet_hengaamassa-1024x683.jpg","datePublished":"2022-07-05T10:23:18+00:00","dateModified":"2024-12-17T04:19:43+00:00","description":"Hur kan man h\u00e5lla arbete och fritid i balans? Och varf\u00f6r \u00e4r det viktigt? H\u00e4r f\u00f6r du tips!","breadcrumb":{"@id":"https:\/\/tyoelamaan.fi\/?page_id=739#breadcrumb"},"inLanguage":"sv-SE","potentialAction":[{"@type":"ReadAction","target":["https:\/\/tyoelamaan.fi\/?page_id=739"]}]},{"@type":"ImageObject","inLanguage":"sv-SE","@id":"https:\/\/tyoelamaan.fi\/?page_id=739#primaryimage","url":"https:\/\/tyoelamaan.fi\/wp-content\/uploads\/2020\/03\/miehet_hengaamassa-1024x683.jpg","contentUrl":"https:\/\/tyoelamaan.fi\/wp-content\/uploads\/2020\/03\/miehet_hengaamassa-1024x683.jpg"},{"@type":"BreadcrumbList","@id":"https:\/\/tyoelamaan.fi\/?page_id=739#breadcrumb","itemListElement":[{"@type":"ListItem","position":1,"name":"Home","item":"https:\/\/tyoelamaan.fi\/sv\/"},{"@type":"ListItem","position":2,"name":"Jag i arbetslivet","item":"https:\/\/tyoelamaan.fi\/mina-tyoelamassa\/"},{"@type":"ListItem","position":3,"name":"Arbete och fritid"}]},{"@type":"WebSite","@id":"https:\/\/tyoelamaan.fi\/#website","url":"https:\/\/tyoelamaan.fi\/","name":"Ty\u00f6el\u00e4m\u00e4\u00e4n.fi","description":"","publisher":{"@id":"https:\/\/tyoelamaan.fi\/#organization"},"potentialAction":[{"@type":"SearchAction","target":{"@type":"EntryPoint","urlTemplate":"https:\/\/tyoelamaan.fi\/?s={search_term_string}"},"query-input":{"@type":"PropertyValueSpecification","valueRequired":true,"valueName":"search_term_string"}}],"inLanguage":"sv-SE"},{"@type":"Organization","@id":"https:\/\/tyoelamaan.fi\/#organization","name":"Ty\u00f6el\u00e4m\u00e4\u00e4n.fi","url":"https:\/\/tyoelamaan.fi\/","logo":{"@type":"ImageObject","inLanguage":"sv-SE","@id":"https:\/\/tyoelamaan.fi\/#\/schema\/logo\/image\/","url":"https:\/\/tyoelamaan.fi\/wp-content\/uploads\/2024\/11\/tyoelamaan_logo.svg","contentUrl":"https:\/\/tyoelamaan.fi\/wp-content\/uploads\/2024\/11\/tyoelamaan_logo.svg","width":131,"height":30,"caption":"Ty\u00f6el\u00e4m\u00e4\u00e4n.fi"},"image":{"@id":"https:\/\/tyoelamaan.fi\/#\/schema\/logo\/image\/"}}]}},"_links":{"self":[{"href":"https:\/\/tyoelamaan.fi\/sv\/wp-json\/wp\/v2\/pages\/6065","targetHints":{"allow":["GET"]}}],"collection":[{"href":"https:\/\/tyoelamaan.fi\/sv\/wp-json\/wp\/v2\/pages"}],"about":[{"href":"https:\/\/tyoelamaan.fi\/sv\/wp-json\/wp\/v2\/types\/page"}],"author":[{"embeddable":true,"href":"https:\/\/tyoelamaan.fi\/sv\/wp-json\/wp\/v2\/users\/3"}],"replies":[{"embeddable":true,"href":"https:\/\/tyoelamaan.fi\/sv\/wp-json\/wp\/v2\/comments?post=6065"}],"version-history":[{"count":6,"href":"https:\/\/tyoelamaan.fi\/sv\/wp-json\/wp\/v2\/pages\/6065\/revisions"}],"predecessor-version":[{"id":12518,"href":"https:\/\/tyoelamaan.fi\/sv\/wp-json\/wp\/v2\/pages\/6065\/revisions\/12518"}],"up":[{"embeddable":true,"href":"https:\/\/tyoelamaan.fi\/sv\/wp-json\/wp\/v2\/pages\/6059"}],"wp:attachment":[{"href":"https:\/\/tyoelamaan.fi\/sv\/wp-json\/wp\/v2\/media?parent=6065"}],"wp:term":[{"taxonomy":"asiasana","embeddable":true,"href":"https:\/\/tyoelamaan.fi\/sv\/wp-json\/wp\/v2\/asiasana?post=6065"},{"taxonomy":"omistaja","embeddable":true,"href":"https:\/\/tyoelamaan.fi\/sv\/wp-json\/wp\/v2\/omistaja?post=6065"}],"curies":[{"name":"wp","href":"https:\/\/api.w.org\/{rel}","templated":true}]}}