{"id":6077,"date":"2022-07-05T14:55:35","date_gmt":"2022-07-05T11:55:35","guid":{"rendered":"https:\/\/tyoelamaan.fi\/?page_id=6077"},"modified":"2024-12-17T06:19:45","modified_gmt":"2024-12-17T04:19:45","slug":"arbetslivet","status":"publish","type":"page","link":"https:\/\/tyoelamaan.fi\/sv\/arbetslivet\/","title":{"rendered":"Arbetslivet"},"content":{"rendered":"\n<div class=\"wp-block-columns is-layout-flex wp-container-core-columns-is-layout-28f84493 wp-block-columns-is-layout-flex\">\n<div class=\"wp-block-column is-layout-flow wp-block-column-is-layout-flow\">\n<p>I dag finns det m\u00e5nga olika s\u00e4tt att arbeta, och det \u00e4r viktigt att du inte bara funderar p\u00e5 vilken bransch som skulle l\u00e4mpa sig f\u00f6r dig, utan ocks\u00e5 p\u00e5 vilket s\u00e4tt du vill jobba. \u00c4r det b\u00e4st med str\u00f6jobb, som ger dig frihet att jobba n\u00e4r du vill? <\/p>\n\n\n\n<p>N\u00e4r du best\u00e4mt dig f\u00f6r en bransch, g\u00e4ller det att leta reda p\u00e5 de r\u00e4tta kanalerna f\u00f6r att hitta arbetsplatser och att planera din egen jobbs\u00f6kning.<\/p>\n<\/div>\n\n\n\n<div class=\"wp-block-column is-layout-flow wp-block-column-is-layout-flow\">\n<div class=\"wp-block-group has-primary-background-color has-background has-global-padding is-layout-constrained wp-block-group-is-layout-constrained\">\n<p><a href=\"https:\/\/tyoelamaan.fi\/https:\/\/tyoelamaan.fi\/sv\/arbetslivet\/olika-satt-att-arbeta\/\">Olika s\u00e4tt att arbeta<\/a><\/p>\n\n\n\n<p><a href=\"https:\/\/tyoelamaan.fi\/sv\/arbetslivet\/arbetarskyddet-och-sakerheten-pa-arbetsplatsen\/\">Arbetarskyddet och s\u00e4kerheten p\u00e5 arbetsplatsen<\/a><\/p>\n\n\n\n<p><a href=\"https:\/\/tyoelamaan.fi\/sv\/arbetslivet\/jamstalldhet-och-jamlikhet\/\">J\u00e4mst\u00e4lldhet och j\u00e4mlikhet<\/a><\/p>\n\n\n\n<p><a href=\"https:\/\/tyoelamaan.fi\/sv\/arbetslivet\/integritetsskydd\/\">Integritetsskydd<\/a><\/p>\n<\/div>\n<\/div>\n<\/div>\n\n\n\n<p><\/p>\n","protected":false},"excerpt":{"rendered":"<p>I dag finns det m\u00e5nga olika s\u00e4tt att arbeta, och det \u00e4r viktigt att du inte bara funderar p\u00e5 vilken bransch som skulle l\u00e4mpa sig f\u00f6r dig, utan ocks\u00e5 p\u00e5 vilket s\u00e4tt du vill jobba. \u00c4r det b\u00e4st med str\u00f6jobb, som ger dig frihet att jobba n\u00e4r du vill? N\u00e4r du best\u00e4mt dig f\u00f6r en [&hellip;]<\/p>\n","protected":false},"author":3,"featured_media":0,"parent":0,"menu_order":0,"comment_status":"closed","ping_status":"closed","template":"","meta":{"_acf_changed":false,"footnotes":""},"asiasana":[],"omistaja":[],"class_list":["post-6077","page","type-page","status-publish","hentry"],"acf":[],"yoast_head":"<!-- This site is optimized with the Yoast SEO plugin v27.3 - https:\/\/yoast.com\/product\/yoast-seo-wordpress\/ -->\n<title>Arbetslivet - Ty\u00f6el\u00e4m\u00e4\u00e4n.fi<\/title>\n<meta name=\"description\" content=\"T\u00e4nk p\u00e5 att du kommer att tillbringa ungef\u00e4r en tredjedel av dygnet p\u00e5 jobbet under den tid som du \u00e4r i arbetsf\u00f6r \u00e5lder.\" \/>\n<meta name=\"robots\" content=\"index, follow, max-snippet:-1, max-image-preview:large, max-video-preview:-1\" \/>\n<link rel=\"canonical\" href=\"https:\/\/tyoelamaan.fi\/tyoelama\/\" \/>\n<meta property=\"og:locale\" content=\"sv_SE\" \/>\n<meta property=\"og:type\" content=\"article\" \/>\n<meta property=\"og:title\" content=\"Arbetslivet - Ty\u00f6el\u00e4m\u00e4\u00e4n.fi\" \/>\n<meta property=\"og:description\" content=\"T\u00e4nk p\u00e5 att du kommer att tillbringa ungef\u00e4r en tredjedel av dygnet p\u00e5 jobbet under den tid som du \u00e4r i arbetsf\u00f6r \u00e5lder.\" \/>\n<meta property=\"og:url\" content=\"https:\/\/tyoelamaan.fi\/tyoelama\/\" \/>\n<meta property=\"og:site_name\" content=\"Ty\u00f6el\u00e4m\u00e4\u00e4n.fi\" \/>\n<meta property=\"article:modified_time\" content=\"2024-12-17T04:19:45+00:00\" \/>\n<meta name=\"twitter:card\" content=\"summary_large_image\" \/>\n<meta name=\"twitter:label1\" content=\"Est. reading time\" \/>\n\t<meta name=\"twitter:data1\" content=\"1 minut\" \/>\n<script type=\"application\/ld+json\" class=\"yoast-schema-graph\">{\"@context\":\"https:\\\/\\\/schema.org\",\"@graph\":[{\"@type\":\"WebPage\",\"@id\":\"https:\\\/\\\/tyoelamaan.fi\\\/tyoelama\\\/\",\"url\":\"https:\\\/\\\/tyoelamaan.fi\\\/tyoelama\\\/\",\"name\":\"Arbetslivet - Ty\u00f6el\u00e4m\u00e4\u00e4n.fi\",\"isPartOf\":{\"@id\":\"https:\\\/\\\/tyoelamaan.fi\\\/#website\"},\"datePublished\":\"2022-07-05T11:55:35+00:00\",\"dateModified\":\"2024-12-17T04:19:45+00:00\",\"description\":\"T\u00e4nk p\u00e5 att du kommer att tillbringa ungef\u00e4r en tredjedel av dygnet p\u00e5 jobbet under den tid som du \u00e4r i arbetsf\u00f6r \u00e5lder.\",\"breadcrumb\":{\"@id\":\"https:\\\/\\\/tyoelamaan.fi\\\/tyoelama\\\/#breadcrumb\"},\"inLanguage\":\"sv-SE\",\"potentialAction\":[{\"@type\":\"ReadAction\",\"target\":[\"https:\\\/\\\/tyoelamaan.fi\\\/tyoelama\\\/\"]}]},{\"@type\":\"BreadcrumbList\",\"@id\":\"https:\\\/\\\/tyoelamaan.fi\\\/tyoelama\\\/#breadcrumb\",\"itemListElement\":[{\"@type\":\"ListItem\",\"position\":1,\"name\":\"Home\",\"item\":\"https:\\\/\\\/tyoelamaan.fi\\\/sv\\\/\"},{\"@type\":\"ListItem\",\"position\":2,\"name\":\"Arbetslivet\"}]},{\"@type\":\"WebSite\",\"@id\":\"https:\\\/\\\/tyoelamaan.fi\\\/#website\",\"url\":\"https:\\\/\\\/tyoelamaan.fi\\\/\",\"name\":\"Ty\u00f6el\u00e4m\u00e4\u00e4n.fi\",\"description\":\"\",\"publisher\":{\"@id\":\"https:\\\/\\\/tyoelamaan.fi\\\/#organization\"},\"potentialAction\":[{\"@type\":\"SearchAction\",\"target\":{\"@type\":\"EntryPoint\",\"urlTemplate\":\"https:\\\/\\\/tyoelamaan.fi\\\/?s={search_term_string}\"},\"query-input\":{\"@type\":\"PropertyValueSpecification\",\"valueRequired\":true,\"valueName\":\"search_term_string\"}}],\"inLanguage\":\"sv-SE\"},{\"@type\":\"Organization\",\"@id\":\"https:\\\/\\\/tyoelamaan.fi\\\/#organization\",\"name\":\"Ty\u00f6el\u00e4m\u00e4\u00e4n.fi\",\"url\":\"https:\\\/\\\/tyoelamaan.fi\\\/\",\"logo\":{\"@type\":\"ImageObject\",\"inLanguage\":\"sv-SE\",\"@id\":\"https:\\\/\\\/tyoelamaan.fi\\\/#\\\/schema\\\/logo\\\/image\\\/\",\"url\":\"https:\\\/\\\/tyoelamaan.fi\\\/wp-content\\\/uploads\\\/2024\\\/11\\\/tyoelamaan_logo.svg\",\"contentUrl\":\"https:\\\/\\\/tyoelamaan.fi\\\/wp-content\\\/uploads\\\/2024\\\/11\\\/tyoelamaan_logo.svg\",\"width\":131,\"height\":30,\"caption\":\"Ty\u00f6el\u00e4m\u00e4\u00e4n.fi\"},\"image\":{\"@id\":\"https:\\\/\\\/tyoelamaan.fi\\\/#\\\/schema\\\/logo\\\/image\\\/\"}}]}<\/script>\n<!-- \/ Yoast SEO plugin. -->","yoast_head_json":{"title":"Arbetslivet - Ty\u00f6el\u00e4m\u00e4\u00e4n.fi","description":"T\u00e4nk p\u00e5 att du kommer att tillbringa ungef\u00e4r en tredjedel av dygnet p\u00e5 jobbet under den tid som du \u00e4r i arbetsf\u00f6r \u00e5lder.","robots":{"index":"index","follow":"follow","max-snippet":"max-snippet:-1","max-image-preview":"max-image-preview:large","max-video-preview":"max-video-preview:-1"},"canonical":"https:\/\/tyoelamaan.fi\/tyoelama\/","og_locale":"sv_SE","og_type":"article","og_title":"Arbetslivet - Ty\u00f6el\u00e4m\u00e4\u00e4n.fi","og_description":"T\u00e4nk p\u00e5 att du kommer att tillbringa ungef\u00e4r en tredjedel av dygnet p\u00e5 jobbet under den tid som du \u00e4r i arbetsf\u00f6r \u00e5lder.","og_url":"https:\/\/tyoelamaan.fi\/tyoelama\/","og_site_name":"Ty\u00f6el\u00e4m\u00e4\u00e4n.fi","article_modified_time":"2024-12-17T04:19:45+00:00","twitter_card":"summary_large_image","twitter_misc":{"Est. reading time":"1 minut"},"schema":{"@context":"https:\/\/schema.org","@graph":[{"@type":"WebPage","@id":"https:\/\/tyoelamaan.fi\/tyoelama\/","url":"https:\/\/tyoelamaan.fi\/tyoelama\/","name":"Arbetslivet - Ty\u00f6el\u00e4m\u00e4\u00e4n.fi","isPartOf":{"@id":"https:\/\/tyoelamaan.fi\/#website"},"datePublished":"2022-07-05T11:55:35+00:00","dateModified":"2024-12-17T04:19:45+00:00","description":"T\u00e4nk p\u00e5 att du kommer att tillbringa ungef\u00e4r en tredjedel av dygnet p\u00e5 jobbet under den tid som du \u00e4r i arbetsf\u00f6r \u00e5lder.","breadcrumb":{"@id":"https:\/\/tyoelamaan.fi\/tyoelama\/#breadcrumb"},"inLanguage":"sv-SE","potentialAction":[{"@type":"ReadAction","target":["https:\/\/tyoelamaan.fi\/tyoelama\/"]}]},{"@type":"BreadcrumbList","@id":"https:\/\/tyoelamaan.fi\/tyoelama\/#breadcrumb","itemListElement":[{"@type":"ListItem","position":1,"name":"Home","item":"https:\/\/tyoelamaan.fi\/sv\/"},{"@type":"ListItem","position":2,"name":"Arbetslivet"}]},{"@type":"WebSite","@id":"https:\/\/tyoelamaan.fi\/#website","url":"https:\/\/tyoelamaan.fi\/","name":"Ty\u00f6el\u00e4m\u00e4\u00e4n.fi","description":"","publisher":{"@id":"https:\/\/tyoelamaan.fi\/#organization"},"potentialAction":[{"@type":"SearchAction","target":{"@type":"EntryPoint","urlTemplate":"https:\/\/tyoelamaan.fi\/?s={search_term_string}"},"query-input":{"@type":"PropertyValueSpecification","valueRequired":true,"valueName":"search_term_string"}}],"inLanguage":"sv-SE"},{"@type":"Organization","@id":"https:\/\/tyoelamaan.fi\/#organization","name":"Ty\u00f6el\u00e4m\u00e4\u00e4n.fi","url":"https:\/\/tyoelamaan.fi\/","logo":{"@type":"ImageObject","inLanguage":"sv-SE","@id":"https:\/\/tyoelamaan.fi\/#\/schema\/logo\/image\/","url":"https:\/\/tyoelamaan.fi\/wp-content\/uploads\/2024\/11\/tyoelamaan_logo.svg","contentUrl":"https:\/\/tyoelamaan.fi\/wp-content\/uploads\/2024\/11\/tyoelamaan_logo.svg","width":131,"height":30,"caption":"Ty\u00f6el\u00e4m\u00e4\u00e4n.fi"},"image":{"@id":"https:\/\/tyoelamaan.fi\/#\/schema\/logo\/image\/"}}]}},"_links":{"self":[{"href":"https:\/\/tyoelamaan.fi\/sv\/wp-json\/wp\/v2\/pages\/6077","targetHints":{"allow":["GET"]}}],"collection":[{"href":"https:\/\/tyoelamaan.fi\/sv\/wp-json\/wp\/v2\/pages"}],"about":[{"href":"https:\/\/tyoelamaan.fi\/sv\/wp-json\/wp\/v2\/types\/page"}],"author":[{"embeddable":true,"href":"https:\/\/tyoelamaan.fi\/sv\/wp-json\/wp\/v2\/users\/3"}],"replies":[{"embeddable":true,"href":"https:\/\/tyoelamaan.fi\/sv\/wp-json\/wp\/v2\/comments?post=6077"}],"version-history":[{"count":5,"href":"https:\/\/tyoelamaan.fi\/sv\/wp-json\/wp\/v2\/pages\/6077\/revisions"}],"predecessor-version":[{"id":12522,"href":"https:\/\/tyoelamaan.fi\/sv\/wp-json\/wp\/v2\/pages\/6077\/revisions\/12522"}],"wp:attachment":[{"href":"https:\/\/tyoelamaan.fi\/sv\/wp-json\/wp\/v2\/media?parent=6077"}],"wp:term":[{"taxonomy":"asiasana","embeddable":true,"href":"https:\/\/tyoelamaan.fi\/sv\/wp-json\/wp\/v2\/asiasana?post=6077"},{"taxonomy":"omistaja","embeddable":true,"href":"https:\/\/tyoelamaan.fi\/sv\/wp-json\/wp\/v2\/omistaja?post=6077"}],"curies":[{"name":"wp","href":"https:\/\/api.w.org\/{rel}","templated":true}]}}