{"id":6092,"date":"2022-07-06T11:10:22","date_gmt":"2022-07-06T08:10:22","guid":{"rendered":"https:\/\/tyoelamaan.fi\/?page_id=6092"},"modified":"2024-12-17T06:19:46","modified_gmt":"2024-12-17T04:19:46","slug":"jobbsokning","status":"publish","type":"page","link":"https:\/\/tyoelamaan.fi\/sv\/borjan-av-arbetet\/jobbsokning\/","title":{"rendered":"Jobbs\u00f6kning"},"content":{"rendered":"\n<p>Var och en av oss m\u00e5ste s\u00f6ka jobb \u00e5tminstone en g\u00e5ng i livet.&nbsp;Genom att det blivit allt vanligare med <a href=\"https:\/\/tyoelamaan.fi\/sv\/anstallningsforhallande\/anstallningsforhallanden-av-olika-slag\/\" target=\"_blank\" rel=\"noreferrer noopener\">avtal f\u00f6r viss tid<\/a>, kan det bli aktuellt med att s\u00f6ka jobb till och med flera g\u00e5nger om \u00e5ret. Till exempel i de kreativa branscherna g\u00e5r karri\u00e4ren ofta fram\u00e5t ett projekt i taget.<\/p>\n\n\n\n<p>L\u00e4s allts\u00e5 informationen om jobbs\u00f6kning p\u00e5 den h\u00e4r webbplatsen och anv\u00e4nd tipsen f\u00f6r att hitta dr\u00f6mmarnas arbetsplats!<\/p>\n\n\n\n<h2 class=\"wp-block-heading\">Vilka dokument beh\u00f6ver jag f\u00f6r jobbs\u00f6kning?<\/h2>\n\n\n\n<h3 class=\"wp-block-heading\">Arbetsans\u00f6kan<\/h3>\n\n\n\n<p>Med din arbetsans\u00f6kan visar du att du har de egenskaper som f\u00f6rv\u00e4ntas i jobbannonsen eller att du har vilja att utveckla dig sj\u00e4lv. Lyft fram dina styrkor som g\u00f6r att du l\u00e4mpar dig f\u00f6r uppgiften. Om du inte har alla de egenskaper som v\u00e4ntas, kan du ocks\u00e5 uttrycka det \u00f6ppet och uppriktigt. Unga jobbs\u00f6kande som inte hunnit skaffa n\u00e5gon bred arbetserfarenhet kan ofta kompensera f\u00f6r det med r\u00e4tt attityd och entusiasm f\u00f6r att l\u00e4ra sig nytt.<\/p>\n\n\n\n<p>Du ska skriva en separat arbetsans\u00f6kan f\u00f6r varje jobb som du s\u00f6ker. D\u00e5 kan du framh\u00e4va just de kunskaper och f\u00e4rdigheter som beh\u00f6vs i det aktuella jobbet. Skicka inte samma ans\u00f6kan till flera platser.<\/p>\n\n\n\n<p>I din ans\u00f6kan ska du motivera varf\u00f6r du vill bli vald till uppgiften i fr\u00e5ga. Ber\u00e4tta i ans\u00f6kan om din arbetserfarenhet och utbildning, vilka uppgifter du trivs i och hur du \u00e4r som anst\u00e4lld. Om du inte har tidigare arbetserfarenhet kan du i din ans\u00f6kan ber\u00e4tta om fritidsaktiviteter, f\u00f6rtroendeuppdrag och andra ansvarsfulla uppgifter som du haft. <\/p>\n\n\n\n<p>Du beh\u00f6ver inte vara alltf\u00f6r anspr\u00e5ksl\u00f6s i din ans\u00f6kan, men du ska \u00e4nd\u00e5 h\u00e5lla dig till sanningen. Den rekommenderade l\u00e4ngden f\u00f6r ans\u00f6kan \u00e4r en sida (A4).<\/p>\n\n\n\n<h3 class=\"wp-block-heading\">Videoans\u00f6kan<\/h3>\n\n\n\n<p>Ett videoklipp \u00e4r ett bra s\u00e4tt att f\u00f6ra fram din personlighet, eftersom videon visar utm\u00e4rkt f\u00f6r arbetsgivaren vilken attityd du har. Videoans\u00f6kningar har blivit allt vanligare och det h\u00e4nder att arbetsgivare ber om att f\u00e5 videoans\u00f6kningar i st\u00e4llet f\u00f6r skriftliga. Du kan ocks\u00e5 g\u00f6ra en video som bilaga till en skriftlig ans\u00f6kan. Med en video kan du skilja dig fr\u00e5n andra s\u00f6kande.<\/p>\n\n\n\n<p>En bra videoans\u00f6kan \u00e4r kort och k\u00e4rnfull. N\u00e4r du g\u00f6r videon, \u00e4r det viktigt att du t\u00e4nker p\u00e5 och lyfter fram samma saker som n\u00e4r du g\u00f6r en vanlig ans\u00f6kan. Det \u00e4r b\u00e4st att g\u00f6ra en separat video f\u00f6r varje jobb, s\u00e5 att du kan effektivt motivera varf\u00f6r du vill ha det aktuella jobbet.<\/p>\n\n\n\n<p>T\u00e4nk p\u00e5 belysningen och ljudkvaliteten n\u00e4r du g\u00f6r videon. Du beh\u00f6ver ingen s\u00e4rskild utrustning f\u00f6r att spela in videon eftersom det \u00e4r m\u00f6jligt att \u00e5stadkomma god kvalitet \u00e4ven med en smarttelefon. Det \u00e4r viktigt att videon spelas in i en s\u00e5 ljus, lugn och tyst lokal som m\u00f6jligt.<\/p>\n\n\n\n<p>Om du inte vet hur man spelar in och redigerar en video sj\u00e4lv, be om hj\u00e4lp. Det finns s\u00e4kert n\u00e5gon bland dina v\u00e4nner och n\u00e4rmaste som \u00e4r intresserad av att g\u00f6ra videoklipp.<\/p>\n\n\n<div data-accordion-title=\"Meritf\u00f6rteckningen\" data-block-id=\"block-6562a9df-c76d-490e-bb21-c6590745664a\" class=\"wp-block-as-blocks-accordion-block\"><div class=\"accordion\"><div class=\"accordion-item\"><h4 class=\"accordion-header\" id=\"block-6562a9df-c76d-490e-bb21-c6590745664aheading\"><button class=\"accordion-button collapsed\" type=\"button\" data-bs-toggle=\"collapse\" data-bs-target=\"#block-6562a9df-c76d-490e-bb21-c6590745664a\" aria-expanded=\"false\" aria-controls=\"block-6562a9df-c76d-490e-bb21-c6590745664a\">Meritf\u00f6rteckningen<\/button><\/h4><div id=\"block-6562a9df-c76d-490e-bb21-c6590745664a\" class=\"accordion-collapse collapse\" aria-labelledby=\"block-6562a9df-c76d-490e-bb21-c6590745664aheading\"><div class=\"accordion-body\">\n<p>Meritf\u00f6rteckningen, dvs. CV (Curriculum Vitae) kompletterar jobbans\u00f6kningen. Av den framg\u00e5r ditt kunnande, din utbildning och din arbetserfarenhet. Uppgifterna i meritf\u00f6rteckningen presenteras fr\u00e5n den senaste till den \u00e4ldsta, dvs. den nyaste informationen kommer f\u00f6rst.<\/p>\n\n\n\n<p>En bra meritf\u00f6rteckning \u00e4r felfri, klar, tydlig och k\u00e4rnfull.&nbsp; Den lyfter fram information som \u00e4r relevant f\u00f6r den uppgift som du s\u00f6ker. Den rekommenderade l\u00e4ngden p\u00e5 en meritf\u00f6rteckning \u00e4r h\u00f6gst tv\u00e5 sidor (A4). Om du inte har hunnit skaffa l\u00e5ng arbetserfarenhet ska du n\u00e4mna all m\u00f6jlig arbetserfarenhet som du har i meritf\u00f6rteckningen. Du kan ocks\u00e5 ber\u00e4tta om annat som du gjort, till exempel om verksamhet i elev- eller studerandek\u00e5ren, eller om deltagande i frivilligarbete och spr\u00e5kkurser.<\/p>\n<\/div><\/div><\/div><\/div><\/div>\n\n<div data-accordion-title=\"Visuell meritf\u00f6rteckning\" data-block-id=\"block-0a8db475-6d5d-4da7-8fd7-4cd432cb6e06\" class=\"wp-block-as-blocks-accordion-block\"><div class=\"accordion\"><div class=\"accordion-item\"><h4 class=\"accordion-header\" id=\"block-0a8db475-6d5d-4da7-8fd7-4cd432cb6e06heading\"><button class=\"accordion-button collapsed\" type=\"button\" data-bs-toggle=\"collapse\" data-bs-target=\"#block-0a8db475-6d5d-4da7-8fd7-4cd432cb6e06\" aria-expanded=\"false\" aria-controls=\"block-0a8db475-6d5d-4da7-8fd7-4cd432cb6e06\">Visuell meritf\u00f6rteckning<\/button><\/h4><div id=\"block-0a8db475-6d5d-4da7-8fd7-4cd432cb6e06\" class=\"accordion-collapse collapse\" aria-labelledby=\"block-0a8db475-6d5d-4da7-8fd7-4cd432cb6e06heading\"><div class=\"accordion-body\">\n<p>Om det finns m\u00e5nga s\u00f6kande, kan en traditionell meritf\u00f6rteckning l\u00e4tt f\u00f6rsvinna i massan. Du kan g\u00f6ra en visuellt tilltalande meritf\u00f6rteckning till exempel med\u00a0<a href=\"http:\/\/www.canva.com\/\">Canva<\/a>, som finns att f\u00e5 gratis p\u00e5 webben, eller med dokumentmallar som finns i Word\/Pages. Du ska t\u00e4nka p\u00e5 jobbet som du s\u00f6ker ocks\u00e5 n\u00e4r du g\u00f6r meritf\u00f6rteckningen: vilken stil p\u00e5 meritf\u00f6rteckningen l\u00e4mpar sig f\u00f6r jobbet i fr\u00e5ga?<\/p>\n<\/div><\/div><\/div><\/div><\/div>\n\n<div data-accordion-title=\"Portf\u00f6lj\" data-block-id=\"block-3662d9ff-d1a3-4c40-a1ff-347e3035456a\" class=\"wp-block-as-blocks-accordion-block\"><div class=\"accordion\"><div class=\"accordion-item\"><h4 class=\"accordion-header\" id=\"block-3662d9ff-d1a3-4c40-a1ff-347e3035456aheading\"><button class=\"accordion-button collapsed\" type=\"button\" data-bs-toggle=\"collapse\" data-bs-target=\"#block-3662d9ff-d1a3-4c40-a1ff-347e3035456a\" aria-expanded=\"false\" aria-controls=\"block-3662d9ff-d1a3-4c40-a1ff-347e3035456a\">Portf\u00f6lj<\/button><\/h4><div id=\"block-3662d9ff-d1a3-4c40-a1ff-347e3035456a\" class=\"accordion-collapse collapse\" aria-labelledby=\"block-3662d9ff-d1a3-4c40-a1ff-347e3035456aheading\"><div class=\"accordion-body\">\n<p>H\u00e5ll din\u00a0<a href=\"https:\/\/www.tyoelamaan.fi\/mina-tyoelamassa\/tyoura\/\">portf\u00f6lj<\/a>\u00a0uppdaterad, s\u00e4rskilt om du siktar p\u00e5 de kreativa branscherna. Samla hela tiden arbetsprover och v\u00e4lj ut de b\u00e4sta till din portf\u00f6lj. Portf\u00f6ljen \u00e4r ett bra s\u00e4tt att \u00f6vertyga arbetsgivaren om ditt kunnande redan innan du hunnit skaffa arbetserfarenhet. Med portf\u00f6ljen kan du presentera ditt kunnande, dina kunskaper och f\u00e4rdigheter under friare former.<\/p>\n<\/div><\/div><\/div><\/div><\/div>\n\n<div data-accordion-title=\"Recommendationer\" data-block-id=\"block-5282fb8a-cd45-48d4-adc3-23580b005e2a\" class=\"wp-block-as-blocks-accordion-block\"><div class=\"accordion\"><div class=\"accordion-item\"><h4 class=\"accordion-header\" id=\"block-5282fb8a-cd45-48d4-adc3-23580b005e2aheading\"><button class=\"accordion-button collapsed\" type=\"button\" data-bs-toggle=\"collapse\" data-bs-target=\"#block-5282fb8a-cd45-48d4-adc3-23580b005e2a\" aria-expanded=\"false\" aria-controls=\"block-5282fb8a-cd45-48d4-adc3-23580b005e2a\">Recommendationer<\/button><\/h4><div id=\"block-5282fb8a-cd45-48d4-adc3-23580b005e2a\" class=\"accordion-collapse collapse\" aria-labelledby=\"block-5282fb8a-cd45-48d4-adc3-23580b005e2aheading\"><div class=\"accordion-body\">\n<p>Under jobbs\u00f6kningsprocessen fr\u00e5gar arbetsgivaren ofta jobbs\u00f6kande om personer som kan ge rekommendationer. Du kan f\u00e5 rekommendationer till exempel din chef eller l\u00e4rare. De som rekommenderar dig borde ha erfarenhet av att jobba med dig. N\u00e4mn s\u00e5ledes inte en person om hen endast varit din chef p\u00e5 papper och inte har aktivt f\u00f6ljt med ditt arbete! Kom alltid ih\u00e5g att fr\u00e5ga personen om lov innan du antecknar hen som kontaktperson f\u00f6r rekommendationer i din ans\u00f6kan.<\/p>\n<\/div><\/div><\/div><\/div><\/div>","protected":false},"excerpt":{"rendered":"<p>Var och en av oss m\u00e5ste s\u00f6ka jobb \u00e5tminstone en g\u00e5ng i livet.&nbsp;Genom att det blivit allt vanligare med avtal f\u00f6r viss tid, kan det bli aktuellt med att s\u00f6ka jobb till och med flera g\u00e5nger om \u00e5ret. Till exempel i de kreativa branscherna g\u00e5r karri\u00e4ren ofta fram\u00e5t ett projekt i taget. L\u00e4s allts\u00e5 informationen [&hellip;]<\/p>\n","protected":false},"author":3,"featured_media":0,"parent":10711,"menu_order":2,"comment_status":"closed","ping_status":"closed","template":"","meta":{"_acf_changed":false,"footnotes":""},"asiasana":[],"omistaja":[],"class_list":["post-6092","page","type-page","status-publish","hentry"],"acf":[],"yoast_head":"<!-- This site is optimized with the Yoast SEO plugin v27.3 - https:\/\/yoast.com\/product\/yoast-seo-wordpress\/ -->\n<title>Jobbs\u00f6kning - Ty\u00f6el\u00e4m\u00e4\u00e4n.fi<\/title>\n<meta name=\"description\" content=\"S\u00f6ker ett jobb? L\u00e4s det h\u00e4r sidan om jobbs\u00f6kning och du \u00e4r ett steg n\u00e4rmare att hitta ditt dr\u00f6mmarnas arbetsplats!\" \/>\n<meta name=\"robots\" content=\"index, follow, max-snippet:-1, max-image-preview:large, max-video-preview:-1\" \/>\n<link rel=\"canonical\" href=\"https:\/\/tyoelamaan.fi\/tyon-aloitus\/tyonhaku\/\" \/>\n<meta property=\"og:locale\" content=\"sv_SE\" \/>\n<meta property=\"og:type\" content=\"article\" \/>\n<meta property=\"og:title\" content=\"Jobbs\u00f6kning - Ty\u00f6el\u00e4m\u00e4\u00e4n.fi\" \/>\n<meta property=\"og:description\" content=\"S\u00f6ker ett jobb? L\u00e4s det h\u00e4r sidan om jobbs\u00f6kning och du \u00e4r ett steg n\u00e4rmare att hitta ditt dr\u00f6mmarnas arbetsplats!\" \/>\n<meta property=\"og:url\" content=\"https:\/\/tyoelamaan.fi\/tyon-aloitus\/tyonhaku\/\" \/>\n<meta property=\"og:site_name\" content=\"Ty\u00f6el\u00e4m\u00e4\u00e4n.fi\" \/>\n<meta property=\"article:modified_time\" content=\"2024-12-17T04:19:46+00:00\" \/>\n<meta name=\"twitter:card\" content=\"summary_large_image\" \/>\n<meta name=\"twitter:label1\" content=\"Est. reading time\" \/>\n\t<meta name=\"twitter:data1\" content=\"7 minuter\" \/>\n<script type=\"application\/ld+json\" class=\"yoast-schema-graph\">{\"@context\":\"https:\\\/\\\/schema.org\",\"@graph\":[{\"@type\":\"WebPage\",\"@id\":\"https:\\\/\\\/tyoelamaan.fi\\\/tyon-aloitus\\\/tyonhaku\\\/\",\"url\":\"https:\\\/\\\/tyoelamaan.fi\\\/tyon-aloitus\\\/tyonhaku\\\/\",\"name\":\"Jobbs\u00f6kning - Ty\u00f6el\u00e4m\u00e4\u00e4n.fi\",\"isPartOf\":{\"@id\":\"https:\\\/\\\/tyoelamaan.fi\\\/#website\"},\"datePublished\":\"2022-07-06T08:10:22+00:00\",\"dateModified\":\"2024-12-17T04:19:46+00:00\",\"description\":\"S\u00f6ker ett jobb? L\u00e4s det h\u00e4r sidan om jobbs\u00f6kning och du \u00e4r ett steg n\u00e4rmare att hitta ditt dr\u00f6mmarnas arbetsplats!\",\"breadcrumb\":{\"@id\":\"https:\\\/\\\/tyoelamaan.fi\\\/tyon-aloitus\\\/tyonhaku\\\/#breadcrumb\"},\"inLanguage\":\"sv-SE\",\"potentialAction\":[{\"@type\":\"ReadAction\",\"target\":[\"https:\\\/\\\/tyoelamaan.fi\\\/tyon-aloitus\\\/tyonhaku\\\/\"]}]},{\"@type\":\"BreadcrumbList\",\"@id\":\"https:\\\/\\\/tyoelamaan.fi\\\/tyon-aloitus\\\/tyonhaku\\\/#breadcrumb\",\"itemListElement\":[{\"@type\":\"ListItem\",\"position\":1,\"name\":\"Home\",\"item\":\"https:\\\/\\\/tyoelamaan.fi\\\/sv\\\/\"},{\"@type\":\"ListItem\",\"position\":2,\"name\":\"B\u00f6rjan av arbetet\",\"item\":\"https:\\\/\\\/tyoelamaan.fi\\\/tyon-aloitus\\\/\"},{\"@type\":\"ListItem\",\"position\":3,\"name\":\"Jobbs\u00f6kning\"}]},{\"@type\":\"WebSite\",\"@id\":\"https:\\\/\\\/tyoelamaan.fi\\\/#website\",\"url\":\"https:\\\/\\\/tyoelamaan.fi\\\/\",\"name\":\"Ty\u00f6el\u00e4m\u00e4\u00e4n.fi\",\"description\":\"\",\"publisher\":{\"@id\":\"https:\\\/\\\/tyoelamaan.fi\\\/#organization\"},\"potentialAction\":[{\"@type\":\"SearchAction\",\"target\":{\"@type\":\"EntryPoint\",\"urlTemplate\":\"https:\\\/\\\/tyoelamaan.fi\\\/?s={search_term_string}\"},\"query-input\":{\"@type\":\"PropertyValueSpecification\",\"valueRequired\":true,\"valueName\":\"search_term_string\"}}],\"inLanguage\":\"sv-SE\"},{\"@type\":\"Organization\",\"@id\":\"https:\\\/\\\/tyoelamaan.fi\\\/#organization\",\"name\":\"Ty\u00f6el\u00e4m\u00e4\u00e4n.fi\",\"url\":\"https:\\\/\\\/tyoelamaan.fi\\\/\",\"logo\":{\"@type\":\"ImageObject\",\"inLanguage\":\"sv-SE\",\"@id\":\"https:\\\/\\\/tyoelamaan.fi\\\/#\\\/schema\\\/logo\\\/image\\\/\",\"url\":\"https:\\\/\\\/tyoelamaan.fi\\\/wp-content\\\/uploads\\\/2024\\\/11\\\/tyoelamaan_logo.svg\",\"contentUrl\":\"https:\\\/\\\/tyoelamaan.fi\\\/wp-content\\\/uploads\\\/2024\\\/11\\\/tyoelamaan_logo.svg\",\"width\":131,\"height\":30,\"caption\":\"Ty\u00f6el\u00e4m\u00e4\u00e4n.fi\"},\"image\":{\"@id\":\"https:\\\/\\\/tyoelamaan.fi\\\/#\\\/schema\\\/logo\\\/image\\\/\"}}]}<\/script>\n<!-- \/ Yoast SEO plugin. -->","yoast_head_json":{"title":"Jobbs\u00f6kning - Ty\u00f6el\u00e4m\u00e4\u00e4n.fi","description":"S\u00f6ker ett jobb? L\u00e4s det h\u00e4r sidan om jobbs\u00f6kning och du \u00e4r ett steg n\u00e4rmare att hitta ditt dr\u00f6mmarnas arbetsplats!","robots":{"index":"index","follow":"follow","max-snippet":"max-snippet:-1","max-image-preview":"max-image-preview:large","max-video-preview":"max-video-preview:-1"},"canonical":"https:\/\/tyoelamaan.fi\/tyon-aloitus\/tyonhaku\/","og_locale":"sv_SE","og_type":"article","og_title":"Jobbs\u00f6kning - Ty\u00f6el\u00e4m\u00e4\u00e4n.fi","og_description":"S\u00f6ker ett jobb? L\u00e4s det h\u00e4r sidan om jobbs\u00f6kning och du \u00e4r ett steg n\u00e4rmare att hitta ditt dr\u00f6mmarnas arbetsplats!","og_url":"https:\/\/tyoelamaan.fi\/tyon-aloitus\/tyonhaku\/","og_site_name":"Ty\u00f6el\u00e4m\u00e4\u00e4n.fi","article_modified_time":"2024-12-17T04:19:46+00:00","twitter_card":"summary_large_image","twitter_misc":{"Est. reading time":"7 minuter"},"schema":{"@context":"https:\/\/schema.org","@graph":[{"@type":"WebPage","@id":"https:\/\/tyoelamaan.fi\/tyon-aloitus\/tyonhaku\/","url":"https:\/\/tyoelamaan.fi\/tyon-aloitus\/tyonhaku\/","name":"Jobbs\u00f6kning - Ty\u00f6el\u00e4m\u00e4\u00e4n.fi","isPartOf":{"@id":"https:\/\/tyoelamaan.fi\/#website"},"datePublished":"2022-07-06T08:10:22+00:00","dateModified":"2024-12-17T04:19:46+00:00","description":"S\u00f6ker ett jobb? L\u00e4s det h\u00e4r sidan om jobbs\u00f6kning och du \u00e4r ett steg n\u00e4rmare att hitta ditt dr\u00f6mmarnas arbetsplats!","breadcrumb":{"@id":"https:\/\/tyoelamaan.fi\/tyon-aloitus\/tyonhaku\/#breadcrumb"},"inLanguage":"sv-SE","potentialAction":[{"@type":"ReadAction","target":["https:\/\/tyoelamaan.fi\/tyon-aloitus\/tyonhaku\/"]}]},{"@type":"BreadcrumbList","@id":"https:\/\/tyoelamaan.fi\/tyon-aloitus\/tyonhaku\/#breadcrumb","itemListElement":[{"@type":"ListItem","position":1,"name":"Home","item":"https:\/\/tyoelamaan.fi\/sv\/"},{"@type":"ListItem","position":2,"name":"B\u00f6rjan av arbetet","item":"https:\/\/tyoelamaan.fi\/tyon-aloitus\/"},{"@type":"ListItem","position":3,"name":"Jobbs\u00f6kning"}]},{"@type":"WebSite","@id":"https:\/\/tyoelamaan.fi\/#website","url":"https:\/\/tyoelamaan.fi\/","name":"Ty\u00f6el\u00e4m\u00e4\u00e4n.fi","description":"","publisher":{"@id":"https:\/\/tyoelamaan.fi\/#organization"},"potentialAction":[{"@type":"SearchAction","target":{"@type":"EntryPoint","urlTemplate":"https:\/\/tyoelamaan.fi\/?s={search_term_string}"},"query-input":{"@type":"PropertyValueSpecification","valueRequired":true,"valueName":"search_term_string"}}],"inLanguage":"sv-SE"},{"@type":"Organization","@id":"https:\/\/tyoelamaan.fi\/#organization","name":"Ty\u00f6el\u00e4m\u00e4\u00e4n.fi","url":"https:\/\/tyoelamaan.fi\/","logo":{"@type":"ImageObject","inLanguage":"sv-SE","@id":"https:\/\/tyoelamaan.fi\/#\/schema\/logo\/image\/","url":"https:\/\/tyoelamaan.fi\/wp-content\/uploads\/2024\/11\/tyoelamaan_logo.svg","contentUrl":"https:\/\/tyoelamaan.fi\/wp-content\/uploads\/2024\/11\/tyoelamaan_logo.svg","width":131,"height":30,"caption":"Ty\u00f6el\u00e4m\u00e4\u00e4n.fi"},"image":{"@id":"https:\/\/tyoelamaan.fi\/#\/schema\/logo\/image\/"}}]}},"_links":{"self":[{"href":"https:\/\/tyoelamaan.fi\/sv\/wp-json\/wp\/v2\/pages\/6092","targetHints":{"allow":["GET"]}}],"collection":[{"href":"https:\/\/tyoelamaan.fi\/sv\/wp-json\/wp\/v2\/pages"}],"about":[{"href":"https:\/\/tyoelamaan.fi\/sv\/wp-json\/wp\/v2\/types\/page"}],"author":[{"embeddable":true,"href":"https:\/\/tyoelamaan.fi\/sv\/wp-json\/wp\/v2\/users\/3"}],"replies":[{"embeddable":true,"href":"https:\/\/tyoelamaan.fi\/sv\/wp-json\/wp\/v2\/comments?post=6092"}],"version-history":[{"count":8,"href":"https:\/\/tyoelamaan.fi\/sv\/wp-json\/wp\/v2\/pages\/6092\/revisions"}],"predecessor-version":[{"id":12523,"href":"https:\/\/tyoelamaan.fi\/sv\/wp-json\/wp\/v2\/pages\/6092\/revisions\/12523"}],"up":[{"embeddable":true,"href":"https:\/\/tyoelamaan.fi\/sv\/wp-json\/wp\/v2\/pages\/10711"}],"wp:attachment":[{"href":"https:\/\/tyoelamaan.fi\/sv\/wp-json\/wp\/v2\/media?parent=6092"}],"wp:term":[{"taxonomy":"asiasana","embeddable":true,"href":"https:\/\/tyoelamaan.fi\/sv\/wp-json\/wp\/v2\/asiasana?post=6092"},{"taxonomy":"omistaja","embeddable":true,"href":"https:\/\/tyoelamaan.fi\/sv\/wp-json\/wp\/v2\/omistaja?post=6092"}],"curies":[{"name":"wp","href":"https:\/\/api.w.org\/{rel}","templated":true}]}}