{"id":9790,"date":"2022-08-03T11:14:36","date_gmt":"2022-08-03T08:14:36","guid":{"rendered":"https:\/\/tyoelamaan.fi\/?page_id=9790"},"modified":"2024-12-18T07:36:03","modified_gmt":"2024-12-18T05:36:03","slug":"etusivu","status":"publish","type":"page","link":"https:\/\/tyoelamaan.fi\/sv\/","title":{"rendered":"F\u00f6rstasidan"},"content":{"rendered":"\n<div style=\"height:15px\" aria-hidden=\"true\" class=\"wp-block-spacer\"><\/div>\n\n\n<div data-block-id=\"8a2e7d2f-c2cc-4af7-bf27-4e3a9e349b76\" data-number-slides=\"1\" data-autoplay-speed=\"10\" data-pagination=\"false\" data-loop=\"true\" data-align=\"wide\" data-class-name=\"frontpage-slider\" data-color=\"#000000\" data-number-slides-mobile=\"1\" data-autoplay=\"true\" data-navigation=\"true\" data-navigation-below-content=\"false\" data-centered-slides=\"true\" class=\"wp-block-as-blocks-slider alignwide swiper frontpage-slider\"><style>\n\t\t\t\t\t.swiper-button-prev:after, .swiper-button-next:after {\n\t\t\t\t\t\tcolor: #000000;\n\t\t\t\t\t}\n\t\t\t\t\t.swiper-pagination-bullet-active {\n\t\t\t\t\t\tbackground-color: #000000;\n\t\t\t\t\t}\n\t\t\t\t<\/style><div class=\"swiper-wrapper\"><div  class=\"wp-block-as-blocks-slide swiper-slide\">\n<div class=\"wp-block-cover alignfull is-light\"><span aria-hidden=\"true\" class=\"wp-block-cover__background has-background-background-color has-background-dim-30 has-background-dim\"><\/span><div class=\"wp-block-cover__inner-container has-global-padding is-layout-constrained wp-block-cover-is-layout-constrained\">\n<div class=\"wp-block-columns alignwide are-vertically-aligned-center is-style-reverse-on-mobile is-layout-flex wp-container-core-columns-is-layout-28f84493 wp-block-columns-is-layout-flex\">\n<div class=\"wp-block-column is-vertically-aligned-center is-layout-flow wp-block-column-is-layout-flow\" style=\"flex-basis:50%\">\n<h1 class=\"wp-block-heading\">vad betyder <br>arbetsintyg?<\/h1>\n\n\n\n<p>N\u00e4r anst\u00e4llningen slutar har du r\u00e4tt att f\u00e5&nbsp;ett skriftligt arbetsintyg&nbsp;av arbetsgivaren. Av arbetsintyget framg\u00e5r&nbsp;hur l\u00e5ng anst\u00e4llningen var&nbsp;och vilka&nbsp;arbetsuppgifter&nbsp;du hade.<\/p>\n\n\n\n<div class=\"wp-block-buttons is-layout-flex wp-block-buttons-is-layout-flex\">\n<div class=\"wp-block-button is-style-fill\"><a class=\"wp-block-button__link has-foreground-color has-secondary-background-color has-text-color has-background has-link-color wp-element-button\" href=\"https:\/\/tyoelamaan.fi\/sv\/i-slutet-av-arbetet\/arbetsintyg\/\" style=\"border-radius:100px;padding-right:var(--wp--preset--spacing--80);padding-left:var(--wp--preset--spacing--80)\">L\u00e4s mer<\/a><\/div>\n<\/div>\n<\/div>\n\n\n\n<div class=\"wp-block-column is-vertically-aligned-center is-layout-flow wp-block-column-is-layout-flow\" style=\"padding-right:var(--wp--preset--spacing--50);padding-left:var(--wp--preset--spacing--50)\">\n<figure class=\"wp-block-image aligncenter size-large is-resized is-style-rounded\"><img loading=\"lazy\" decoding=\"async\" width=\"1024\" height=\"683\" src=\"https:\/\/tyoelamaan.fi\/wp-content\/uploads\/2024\/03\/nuoret-poydan-korjaus-1024x683.jpg\" alt=\"\" class=\"wp-image-11978\" style=\"aspect-ratio:1;object-fit:cover;width:500px\" srcset=\"https:\/\/tyoelamaan.fi\/wp-content\/uploads\/2024\/03\/nuoret-poydan-korjaus-1024x683.jpg 1024w, https:\/\/tyoelamaan.fi\/wp-content\/uploads\/2024\/03\/nuoret-poydan-korjaus-300x200.jpg 300w, https:\/\/tyoelamaan.fi\/wp-content\/uploads\/2024\/03\/nuoret-poydan-korjaus-768x512.jpg 768w, https:\/\/tyoelamaan.fi\/wp-content\/uploads\/2024\/03\/nuoret-poydan-korjaus-992x661.jpg 992w, https:\/\/tyoelamaan.fi\/wp-content\/uploads\/2024\/03\/nuoret-poydan-korjaus-14x8.jpg 14w, https:\/\/tyoelamaan.fi\/wp-content\/uploads\/2024\/03\/nuoret-poydan-korjaus.jpg 1200w\" sizes=\"auto, (max-width: 1024px) 100vw, 1024px\" \/><\/figure>\n<\/div>\n<\/div>\n<\/div><\/div>\n<\/div>\n\n<div  class=\"wp-block-as-blocks-slide swiper-slide\">\n<div class=\"wp-block-cover alignfull is-light\"><span aria-hidden=\"true\" class=\"wp-block-cover__background has-background-background-color has-background-dim-30 has-background-dim\"><\/span><div class=\"wp-block-cover__inner-container has-global-padding is-layout-constrained wp-block-cover-is-layout-constrained\">\n<div class=\"wp-block-columns alignwide are-vertically-aligned-center is-style-reverse-on-mobile is-layout-flex wp-container-core-columns-is-layout-28f84493 wp-block-columns-is-layout-flex\">\n<div class=\"wp-block-column is-vertically-aligned-center is-layout-flow wp-block-column-is-layout-flow\" style=\"flex-basis:50%\">\n<h1 class=\"wp-block-heading\">hur mycket l\u00f6n f\u00f6r jobbet?<\/h1>\n\n\n\n<p>L\u00f6n betalas f\u00f6r utf\u00f6rt arbete. L\u00f6nebetalningen kan bygga p\u00e5 tid (tim- eller m\u00e5nadsl\u00f6n) eller p\u00e5 arbetets utf\u00f6rande och resultat.&nbsp;<\/p>\n\n\n\n<div class=\"wp-block-buttons is-layout-flex wp-block-buttons-is-layout-flex\">\n<div class=\"wp-block-button is-style-fill\"><a class=\"wp-block-button__link has-foreground-color has-secondary-background-color has-text-color has-background has-link-color wp-element-button\" href=\"https:\/\/tyoelamaan.fi\/sv\/anstallningsforhallande\/lon\/\" style=\"border-radius:100px;padding-right:var(--wp--preset--spacing--80);padding-left:var(--wp--preset--spacing--80)\">L\u00e4s mer<\/a><\/div>\n<\/div>\n<\/div>\n\n\n\n<div class=\"wp-block-column is-vertically-aligned-center is-layout-flow wp-block-column-is-layout-flow\" style=\"padding-right:var(--wp--preset--spacing--50);padding-left:var(--wp--preset--spacing--50)\">\n<figure class=\"wp-block-image aligncenter size-large is-resized is-style-rounded\"><img decoding=\"async\" src=\"https:\/\/tyoelamaan.fi\/wp-content\/uploads\/2024\/12\/Nuoret-ulkona3.jpg\" alt=\"\" class=\"wp-image-13343\" style=\"aspect-ratio:1;object-fit:cover;width:500px\"\/><\/figure>\n<\/div>\n<\/div>\n<\/div><\/div>\n<\/div><\/div><div class=\"swiper-pagination \"><\/div><div class=\"swiper-button-prev\"><\/div><div class=\"swiper-button-next\"><\/div><\/div>\n\n\n<div style=\"height:50px\" aria-hidden=\"true\" class=\"wp-block-spacer\"><\/div>\n\n\n\n<div class=\"wp-block-group alignwide link-box is-layout-flow wp-block-group-is-layout-flow\">\n<div class=\"wp-block-columns is-layout-flex wp-container-core-columns-is-layout-28f84493 wp-block-columns-is-layout-flex\">\n<div class=\"wp-block-column has-foreground-background-color has-background is-layout-flow wp-block-column-is-layout-flow\" style=\"padding-top:var(--wp--preset--spacing--50);padding-right:0;padding-bottom:var(--wp--preset--spacing--50);padding-left:0\">\n<p class=\"has-text-align-center tyon-aloitus has-background-color has-text-color has-link-color wp-elements-06cf712da815dd7720df73d93a4756a7\"><a href=\"https:\/\/tyoelamaan.fi\/sv\/borjan-av-arbetet\/\">B\u00f6rjan av arbetet<\/a><\/p>\n<\/div>\n\n\n\n<div class=\"wp-block-column has-foreground-background-color has-background is-layout-flow wp-block-column-is-layout-flow\" style=\"padding-top:var(--wp--preset--spacing--50);padding-right:0;padding-bottom:var(--wp--preset--spacing--50);padding-left:0\">\n<p class=\"has-text-align-center tyosuhde has-background-color has-text-color has-link-color wp-elements-99a99dac728fef9cd43359080a973f11\"><a href=\"https:\/\/tyoelamaan.fi\/sv\/anstallningsforhallande\/\">Anst\u00e4llningsf\u00f6rh\u00e5llande<\/a><\/p>\n<\/div>\n\n\n\n<div class=\"wp-block-column has-foreground-background-color has-background is-layout-flow wp-block-column-is-layout-flow\" style=\"padding-top:var(--wp--preset--spacing--50);padding-right:0;padding-bottom:var(--wp--preset--spacing--50);padding-left:0\">\n<p class=\"has-text-align-center tyoelama has-background-color has-text-color has-link-color wp-elements-124ca65c6bb000f1a8ce35e1db82139a\"><a href=\"https:\/\/tyoelamaan.fi\/sv\/arbetslivet\/\">Arbetslivet<\/a><\/p>\n<\/div>\n<\/div>\n\n\n\n<div class=\"wp-block-columns alignwide is-layout-flex wp-container-core-columns-is-layout-28f84493 wp-block-columns-is-layout-flex\">\n<div class=\"wp-block-column has-foreground-background-color has-background is-layout-flow wp-block-column-is-layout-flow\" style=\"padding-top:var(--wp--preset--spacing--50);padding-right:0;padding-bottom:var(--wp--preset--spacing--50);padding-left:0\">\n<p class=\"has-text-align-center tyon-paattyessa has-background-color has-text-color has-link-color wp-elements-b674e75c63eda415893e7c1a0c840da0\"><a href=\"https:\/\/tyoelamaan.fi\/sv\/i-slutet-av-arbetet\/\">I slutet av arbetet<\/a><\/p>\n<\/div>\n\n\n\n<div class=\"wp-block-column has-foreground-background-color has-background is-layout-flow wp-block-column-is-layout-flow\" style=\"padding-top:var(--wp--preset--spacing--50);padding-right:0;padding-bottom:var(--wp--preset--spacing--50);padding-left:0\">\n<p class=\"has-text-align-center ammattiliitot has-background-color has-text-color has-link-color wp-elements-03c33a3e31db4ffecf46f901d8ab409d\"><a href=\"https:\/\/tyoelamaan.fi\/sv\/fackforening\/\">Fackf\u00f6rbund<\/a><\/p>\n<\/div>\n<\/div>\n<\/div>\n\n\n\n<div style=\"height:152px\" aria-hidden=\"true\" class=\"wp-block-spacer\"><\/div>\n\n\n\n<div class=\"wp-block-cover alignwide is-light info-box\"><span aria-hidden=\"true\" class=\"wp-block-cover__background has-primary-background-color has-background-dim-100 has-background-dim\"><\/span><div class=\"wp-block-cover__inner-container has-global-padding is-layout-constrained wp-block-cover-is-layout-constrained\">\n<h2 class=\"wp-block-heading has-text-align-center has-h-2-font-size\">Hj\u00e4lp <strong>i arbetslivet<\/strong><\/h2>\n\n\n\n<p class=\"has-text-align-center has-ingress-font-size\">Ty\u00f6el\u00e4m\u00e4\u00e4n.fi erbjuder information om anst\u00e4lldas r\u00e4ttigheter och skyldigheter. STTK:s experter har svarat p\u00e5 arbetslivets vanligaste fr\u00e5gor p\u00e5 sajten. Vi vill p\u00e5minna om att du inte beh\u00f6ver klara dig ensam i arbetslivet. Hittar du inte svaren h\u00e4r erbjuder fackliga organisationer st\u00f6d i olika situationer i arbetslivet.<\/p>\n\n\n\n<div class=\"wp-block-buttons is-content-justification-center is-layout-flex wp-container-core-buttons-is-layout-a89b3969 wp-block-buttons-is-layout-flex\">\n<div class=\"wp-block-button\"><a class=\"wp-block-button__link wp-element-button\" href=\"https:\/\/tyoelamaan.fi\/sv\/fackforening\/medlem-i-ett-fackforbund\/\">l\u00e4s mer om facket<\/a><\/div>\n<\/div>\n<\/div><\/div>\n\n\n\n<div style=\"height:159px\" aria-hidden=\"true\" class=\"wp-block-spacer\"><\/div>\n\n\n\n<div class=\"wp-block-group alignwide has-light-gray-background-color has-background is-layout-flow wp-block-group-is-layout-flow\" style=\"padding-top:0;padding-right:0;padding-bottom:0;padding-left:0\"><div class=\"as-sticker-wrapper\">\n<div class=\"wp-block-group has-global-padding is-layout-constrained wp-block-group-is-layout-constrained\" style=\"padding-top:var(--wp--preset--spacing--80);padding-bottom:var(--wp--preset--spacing--80)\">\n<h2 class=\"wp-block-heading\">Ty\u00f6el\u00e4m\u00e4\u00e4n.fi p\u00e5 tiktok<\/h2>\n\n\n\n<div style=\"height:50px\" aria-hidden=\"true\" class=\"wp-block-spacer\"><\/div>\n\n\n\n    <div class=\"wp-block-create-block-as-tiktok-feed\">\n            <div class=\"tiktok-container\">\n                            <div class=\"as-tiktok-feed-video\">\n                    <a href=\"https:\/\/www.tiktok.com\/@tyoelamaan\/video\/7629337174642560278?utm_campaign=tt4d_open_api&#038;utm_source=sbaw6jhtxff9q1w3t6\" target=\"_blank\">\n                        <img decoding=\"async\" src=\"https:\/\/p16-common-sign.tiktokcdn-eu.com\/tos-no1a-p-0037-no\/o8jDNLLQFJ9ezgwUcTuIAeIgRHQIQfmxGb2lIA~tplv-tiktokx-cropcenter-q:300:400:q72.jpeg?dr=9232&#038;refresh_token=fad7372b&#038;x-expires=1776434400&#038;x-signature=U2Uaig75lhrkU1wN%2BBQDG4E6FXs%3D&#038;t=bacd0480&#038;ps=933b5bde&#038;shp=d05b14bd&#038;shcp=8aecc5ac&#038;idc=no1a&#038;biz_tag=tt_video&#038;s=TIKTOK_FOR_DEVELOPER&#038;sc=cover\" alt=\"Henkil\u00f6perusteisen irtisanomisen perusteet on muuttunut! \ud83d\udce3 #ty\u00f6el\u00e4m\u00e4 #potkut \">\n                    <\/a>\n                <\/div>\n                            <div class=\"as-tiktok-feed-video\">\n                    <a href=\"https:\/\/www.tiktok.com\/@tyoelamaan\/video\/7621119431283854614?utm_campaign=tt4d_open_api&#038;utm_source=sbaw6jhtxff9q1w3t6\" target=\"_blank\">\n                        <img decoding=\"async\" src=\"https:\/\/p16-common-sign.tiktokcdn-eu.com\/tos-no1a-p-0037-no\/oABeTz7fRpEZDkFlBmDD1SF6k82wgA1INwpQIE~tplv-tiktokx-cropcenter-q:300:400:q72.jpeg?dr=9232&#038;refresh_token=e207014c&#038;x-expires=1776434400&#038;x-signature=4iCjAOKqClDeVjSrgh2IVuCtBwM%3D&#038;t=bacd0480&#038;ps=933b5bde&#038;shp=d05b14bd&#038;shcp=8aecc5ac&#038;idc=no1a&#038;biz_tag=tt_video&#038;s=TIKTOK_FOR_DEVELOPER&#038;sc=cover\" alt=\"Muista aina pyyt\u00e4\u00e4 ty\u00f6todistus t\u00f6iden p\u00e4\u00e4ttyess\u00e4!!  #ty\u00f6el\u00e4m\u00e4 #tiktoksuomi #sinulle \">\n                    <\/a>\n                <\/div>\n                            <div class=\"as-tiktok-feed-video\">\n                    <a href=\"https:\/\/www.tiktok.com\/@tyoelamaan\/video\/7618864173086199062?utm_campaign=tt4d_open_api&#038;utm_source=sbaw6jhtxff9q1w3t6\" target=\"_blank\">\n                        <img decoding=\"async\" src=\"https:\/\/p16-common-sign.tiktokcdn-eu.com\/tos-no1a-p-0037-no\/oAUEFurkwQA6a5wlEdSH3fFfAgEpKBDFpQpR2F~tplv-tiktokx-cropcenter-q:300:400:q72.jpeg?dr=9232&#038;refresh_token=ad7429e9&#038;x-expires=1776434400&#038;x-signature=3bcW%2BHQg8wQd9qqZRB7ma8AThrU%3D&#038;t=bacd0480&#038;ps=933b5bde&#038;shp=d05b14bd&#038;shcp=8aecc5ac&#038;idc=no1a&#038;biz_tag=tt_video&#038;s=TIKTOK_FOR_DEVELOPER&#038;sc=cover\" alt=\"Oothan s\u00e4 saanut aina perehdytyksen sun duunissa? \ud83d\udc40 #ty\u00f6el\u00e4m\u00e4 #tiktoksuomi #sinulle \">\n                    <\/a>\n                <\/div>\n                            <div class=\"as-tiktok-feed-video\">\n                    <a href=\"https:\/\/www.tiktok.com\/@tyoelamaan\/video\/7600764110980091158?utm_campaign=tt4d_open_api&#038;utm_source=sbaw6jhtxff9q1w3t6\" target=\"_blank\">\n                        <img decoding=\"async\" src=\"https:\/\/p16-common-sign.tiktokcdn-eu.com\/tos-no1a-p-0037-no\/oYAA7iHSovHCBVHAKfPBaVB0wSiECBAI50ZWEk~tplv-tiktokx-cropcenter-q:300:400:q72.jpeg?dr=9232&#038;refresh_token=5d377de2&#038;x-expires=1776434400&#038;x-signature=RkqkBZ3V47w4ZRU10oS1vNRzDT0%3D&#038;t=bacd0480&#038;ps=933b5bde&#038;shp=d05b14bd&#038;shcp=8aecc5ac&#038;idc=no1a&#038;biz_tag=tt_video&#038;s=TIKTOK_FOR_DEVELOPER&#038;sc=cover\" alt=\"Nollatuntisoppareissa on hyvi\u00e4 ja huonoja puolia. Tied\u00e4th\u00e4n kaikki riskit? #ty\u00f6el\u00e4m\u00e4 # tiktoksuomi\">\n                    <\/a>\n                <\/div>\n                    <\/div>\n        <\/div>\n\n\n<div style=\"height:50px\" aria-hidden=\"true\" class=\"wp-block-spacer\"><\/div>\n\n\n\n<div class=\"wp-block-buttons is-content-justification-center is-layout-flex wp-container-core-buttons-is-layout-a89b3969 wp-block-buttons-is-layout-flex\">\n<div class=\"wp-block-button\"><a class=\"wp-block-button__link has-foreground-color has-secondary-background-color has-text-color has-background has-link-color wp-element-button\" href=\"https:\/\/tiktok.com\/@tyoelamaan\">visa mer<\/a><\/div>\n<\/div>\n<\/div>\n<img decoding=\"async\" class=\"as-sticker close-to-right-border close-to-top-border\" style=\"left:96%;top:12%; width:400px; height:400px;\" src=\"https:\/\/tyoelamaan.fi\/wp-content\/uploads\/2024\/11\/victory.svg\" \/><\/div><\/div>\n\n\n\n<div style=\"height:100px\" aria-hidden=\"true\" class=\"wp-block-spacer\"><\/div>\n\n\n\n<div class=\"wp-block-media-text alignwide has-media-on-the-right is-stacked-on-mobile\"><div class=\"wp-block-media-text__content\">\n<h2 class=\"wp-block-heading\">leka och <strong>l\u00e4ra!<\/strong><\/h2>\n\n\n\n<p class=\"has-librecasloncondensed-font-family has-paragraph-font-size\"><br>Ung \u00e5lder och liten erfarenhet \u00e4r inte sk\u00e4l f\u00f6r att smutskasta sommarjobbare eller trampa p\u00e5 deras r\u00e4ttigheter. Arbetsgivaren spelar en viktig roll f\u00f6r att skapa en meningsfull sommarjobb.<\/p>\n\n\n\n<div class=\"wp-block-buttons is-layout-flex wp-block-buttons-is-layout-flex\">\n<div class=\"wp-block-button\"><a class=\"wp-block-button__link wp-element-button\" href=\"https:\/\/peli.tyoelamaan.fi\/\">testa dina f\u00e4rdigheter<\/a><\/div>\n<\/div>\n<\/div><figure class=\"wp-block-media-text__media\"><img decoding=\"async\" src=\"https:\/\/tyoelamaan.fi\/wp-content\/uploads\/2024\/11\/pelimainos3@2x.png\" alt=\"\" class=\"wp-image-12452 size-full\"\/><\/figure><\/div>\n\n\n\n<div style=\"height:100px\" aria-hidden=\"true\" class=\"wp-block-spacer\"><\/div>\n","protected":false},"excerpt":{"rendered":"<p>B\u00f6rjan av arbetet Anst\u00e4llningsf\u00f6rh\u00e5llande Arbetslivet I slutet av arbetet Fackf\u00f6rbund Ty\u00f6el\u00e4m\u00e4\u00e4n.fi p\u00e5 tiktok<\/p>\n","protected":false},"author":1,"featured_media":0,"parent":0,"menu_order":0,"comment_status":"closed","ping_status":"closed","template":"page-no-title","meta":{"_acf_changed":false,"footnotes":""},"asiasana":[],"omistaja":[],"class_list":["post-9790","page","type-page","status-publish","hentry"],"acf":[],"yoast_head":"<!-- This site is optimized with the Yoast SEO plugin v27.4 - https:\/\/yoast.com\/product\/yoast-seo-wordpress\/ -->\n<title>F\u00f6rstasidan - Ty\u00f6el\u00e4m\u00e4\u00e4n.fi<\/title>\n<meta name=\"robots\" content=\"index, follow, max-snippet:-1, max-image-preview:large, max-video-preview:-1\" \/>\n<link rel=\"canonical\" href=\"https:\/\/tyoelamaan.fi\/sv\/\" \/>\n<meta property=\"og:locale\" content=\"sv_SE\" \/>\n<meta property=\"og:type\" content=\"article\" \/>\n<meta property=\"og:title\" content=\"F\u00f6rstasidan - Ty\u00f6el\u00e4m\u00e4\u00e4n.fi\" \/>\n<meta property=\"og:description\" content=\"B\u00f6rjan av arbetet Anst\u00e4llningsf\u00f6rh\u00e5llande Arbetslivet I slutet av arbetet Fackf\u00f6rbund Ty\u00f6el\u00e4m\u00e4\u00e4n.fi p\u00e5 tiktok\" \/>\n<meta property=\"og:url\" content=\"https:\/\/tyoelamaan.fi\/sv\/\" \/>\n<meta property=\"og:site_name\" content=\"Ty\u00f6el\u00e4m\u00e4\u00e4n.fi\" \/>\n<meta property=\"article:modified_time\" content=\"2024-12-18T05:36:03+00:00\" \/>\n<meta property=\"og:image\" content=\"https:\/\/tyoelamaan.fi\/wp-content\/uploads\/2024\/03\/nuoret-poydan-korjaus.jpg\" \/>\n\t<meta property=\"og:image:width\" content=\"1200\" \/>\n\t<meta property=\"og:image:height\" content=\"800\" \/>\n\t<meta property=\"og:image:type\" content=\"image\/jpeg\" \/>\n<meta name=\"twitter:card\" content=\"summary_large_image\" \/>\n<meta name=\"twitter:label1\" content=\"Est. reading time\" \/>\n\t<meta name=\"twitter:data1\" content=\"2 minuter\" \/>\n<script type=\"application\/ld+json\" class=\"yoast-schema-graph\">{\"@context\":\"https:\\\/\\\/schema.org\",\"@graph\":[{\"@type\":\"WebPage\",\"@id\":\"https:\\\/\\\/tyoelamaan.fi\\\/sv\\\/\",\"url\":\"https:\\\/\\\/tyoelamaan.fi\\\/sv\\\/\",\"name\":\"F\u00f6rstasidan - Ty\u00f6el\u00e4m\u00e4\u00e4n.fi\",\"isPartOf\":{\"@id\":\"https:\\\/\\\/tyoelamaan.fi\\\/#website\"},\"primaryImageOfPage\":{\"@id\":\"https:\\\/\\\/tyoelamaan.fi\\\/sv\\\/#primaryimage\"},\"image\":{\"@id\":\"https:\\\/\\\/tyoelamaan.fi\\\/sv\\\/#primaryimage\"},\"thumbnailUrl\":\"https:\\\/\\\/tyoelamaan.fi\\\/wp-content\\\/uploads\\\/2024\\\/03\\\/nuoret-poydan-korjaus-1024x683.jpg\",\"datePublished\":\"2022-08-03T08:14:36+00:00\",\"dateModified\":\"2024-12-18T05:36:03+00:00\",\"breadcrumb\":{\"@id\":\"https:\\\/\\\/tyoelamaan.fi\\\/sv\\\/#breadcrumb\"},\"inLanguage\":\"sv-SE\",\"potentialAction\":[{\"@type\":\"ReadAction\",\"target\":[\"https:\\\/\\\/tyoelamaan.fi\\\/sv\\\/\"]}]},{\"@type\":\"ImageObject\",\"inLanguage\":\"sv-SE\",\"@id\":\"https:\\\/\\\/tyoelamaan.fi\\\/sv\\\/#primaryimage\",\"url\":\"https:\\\/\\\/tyoelamaan.fi\\\/wp-content\\\/uploads\\\/2024\\\/03\\\/nuoret-poydan-korjaus-1024x683.jpg\",\"contentUrl\":\"https:\\\/\\\/tyoelamaan.fi\\\/wp-content\\\/uploads\\\/2024\\\/03\\\/nuoret-poydan-korjaus-1024x683.jpg\"},{\"@type\":\"BreadcrumbList\",\"@id\":\"https:\\\/\\\/tyoelamaan.fi\\\/sv\\\/#breadcrumb\",\"itemListElement\":[{\"@type\":\"ListItem\",\"position\":1,\"name\":\"Home\",\"item\":\"https:\\\/\\\/tyoelamaan.fi\\\/sv\\\/\"},{\"@type\":\"ListItem\",\"position\":2,\"name\":\"F\u00f6rstasidan\"}]},{\"@type\":\"WebSite\",\"@id\":\"https:\\\/\\\/tyoelamaan.fi\\\/#website\",\"url\":\"https:\\\/\\\/tyoelamaan.fi\\\/\",\"name\":\"Ty\u00f6el\u00e4m\u00e4\u00e4n.fi\",\"description\":\"\",\"publisher\":{\"@id\":\"https:\\\/\\\/tyoelamaan.fi\\\/#organization\"},\"potentialAction\":[{\"@type\":\"SearchAction\",\"target\":{\"@type\":\"EntryPoint\",\"urlTemplate\":\"https:\\\/\\\/tyoelamaan.fi\\\/?s={search_term_string}\"},\"query-input\":{\"@type\":\"PropertyValueSpecification\",\"valueRequired\":true,\"valueName\":\"search_term_string\"}}],\"inLanguage\":\"sv-SE\"},{\"@type\":\"Organization\",\"@id\":\"https:\\\/\\\/tyoelamaan.fi\\\/#organization\",\"name\":\"Ty\u00f6el\u00e4m\u00e4\u00e4n.fi\",\"url\":\"https:\\\/\\\/tyoelamaan.fi\\\/\",\"logo\":{\"@type\":\"ImageObject\",\"inLanguage\":\"sv-SE\",\"@id\":\"https:\\\/\\\/tyoelamaan.fi\\\/#\\\/schema\\\/logo\\\/image\\\/\",\"url\":\"https:\\\/\\\/tyoelamaan.fi\\\/wp-content\\\/uploads\\\/2024\\\/11\\\/tyoelamaan_logo.svg\",\"contentUrl\":\"https:\\\/\\\/tyoelamaan.fi\\\/wp-content\\\/uploads\\\/2024\\\/11\\\/tyoelamaan_logo.svg\",\"width\":131,\"height\":30,\"caption\":\"Ty\u00f6el\u00e4m\u00e4\u00e4n.fi\"},\"image\":{\"@id\":\"https:\\\/\\\/tyoelamaan.fi\\\/#\\\/schema\\\/logo\\\/image\\\/\"}}]}<\/script>\n<!-- \/ Yoast SEO plugin. -->","yoast_head_json":{"title":"F\u00f6rstasidan - Ty\u00f6el\u00e4m\u00e4\u00e4n.fi","robots":{"index":"index","follow":"follow","max-snippet":"max-snippet:-1","max-image-preview":"max-image-preview:large","max-video-preview":"max-video-preview:-1"},"canonical":"https:\/\/tyoelamaan.fi\/sv\/","og_locale":"sv_SE","og_type":"article","og_title":"F\u00f6rstasidan - Ty\u00f6el\u00e4m\u00e4\u00e4n.fi","og_description":"B\u00f6rjan av arbetet Anst\u00e4llningsf\u00f6rh\u00e5llande Arbetslivet I slutet av arbetet Fackf\u00f6rbund Ty\u00f6el\u00e4m\u00e4\u00e4n.fi p\u00e5 tiktok","og_url":"https:\/\/tyoelamaan.fi\/sv\/","og_site_name":"Ty\u00f6el\u00e4m\u00e4\u00e4n.fi","article_modified_time":"2024-12-18T05:36:03+00:00","og_image":[{"width":1200,"height":800,"url":"https:\/\/tyoelamaan.fi\/wp-content\/uploads\/2024\/03\/nuoret-poydan-korjaus.jpg","type":"image\/jpeg"}],"twitter_card":"summary_large_image","twitter_misc":{"Est. reading time":"2 minuter"},"schema":{"@context":"https:\/\/schema.org","@graph":[{"@type":"WebPage","@id":"https:\/\/tyoelamaan.fi\/sv\/","url":"https:\/\/tyoelamaan.fi\/sv\/","name":"F\u00f6rstasidan - Ty\u00f6el\u00e4m\u00e4\u00e4n.fi","isPartOf":{"@id":"https:\/\/tyoelamaan.fi\/#website"},"primaryImageOfPage":{"@id":"https:\/\/tyoelamaan.fi\/sv\/#primaryimage"},"image":{"@id":"https:\/\/tyoelamaan.fi\/sv\/#primaryimage"},"thumbnailUrl":"https:\/\/tyoelamaan.fi\/wp-content\/uploads\/2024\/03\/nuoret-poydan-korjaus-1024x683.jpg","datePublished":"2022-08-03T08:14:36+00:00","dateModified":"2024-12-18T05:36:03+00:00","breadcrumb":{"@id":"https:\/\/tyoelamaan.fi\/sv\/#breadcrumb"},"inLanguage":"sv-SE","potentialAction":[{"@type":"ReadAction","target":["https:\/\/tyoelamaan.fi\/sv\/"]}]},{"@type":"ImageObject","inLanguage":"sv-SE","@id":"https:\/\/tyoelamaan.fi\/sv\/#primaryimage","url":"https:\/\/tyoelamaan.fi\/wp-content\/uploads\/2024\/03\/nuoret-poydan-korjaus-1024x683.jpg","contentUrl":"https:\/\/tyoelamaan.fi\/wp-content\/uploads\/2024\/03\/nuoret-poydan-korjaus-1024x683.jpg"},{"@type":"BreadcrumbList","@id":"https:\/\/tyoelamaan.fi\/sv\/#breadcrumb","itemListElement":[{"@type":"ListItem","position":1,"name":"Home","item":"https:\/\/tyoelamaan.fi\/sv\/"},{"@type":"ListItem","position":2,"name":"F\u00f6rstasidan"}]},{"@type":"WebSite","@id":"https:\/\/tyoelamaan.fi\/#website","url":"https:\/\/tyoelamaan.fi\/","name":"Ty\u00f6el\u00e4m\u00e4\u00e4n.fi","description":"","publisher":{"@id":"https:\/\/tyoelamaan.fi\/#organization"},"potentialAction":[{"@type":"SearchAction","target":{"@type":"EntryPoint","urlTemplate":"https:\/\/tyoelamaan.fi\/?s={search_term_string}"},"query-input":{"@type":"PropertyValueSpecification","valueRequired":true,"valueName":"search_term_string"}}],"inLanguage":"sv-SE"},{"@type":"Organization","@id":"https:\/\/tyoelamaan.fi\/#organization","name":"Ty\u00f6el\u00e4m\u00e4\u00e4n.fi","url":"https:\/\/tyoelamaan.fi\/","logo":{"@type":"ImageObject","inLanguage":"sv-SE","@id":"https:\/\/tyoelamaan.fi\/#\/schema\/logo\/image\/","url":"https:\/\/tyoelamaan.fi\/wp-content\/uploads\/2024\/11\/tyoelamaan_logo.svg","contentUrl":"https:\/\/tyoelamaan.fi\/wp-content\/uploads\/2024\/11\/tyoelamaan_logo.svg","width":131,"height":30,"caption":"Ty\u00f6el\u00e4m\u00e4\u00e4n.fi"},"image":{"@id":"https:\/\/tyoelamaan.fi\/#\/schema\/logo\/image\/"}}]}},"_links":{"self":[{"href":"https:\/\/tyoelamaan.fi\/sv\/wp-json\/wp\/v2\/pages\/9790","targetHints":{"allow":["GET"]}}],"collection":[{"href":"https:\/\/tyoelamaan.fi\/sv\/wp-json\/wp\/v2\/pages"}],"about":[{"href":"https:\/\/tyoelamaan.fi\/sv\/wp-json\/wp\/v2\/types\/page"}],"author":[{"embeddable":true,"href":"https:\/\/tyoelamaan.fi\/sv\/wp-json\/wp\/v2\/users\/1"}],"replies":[{"embeddable":true,"href":"https:\/\/tyoelamaan.fi\/sv\/wp-json\/wp\/v2\/comments?post=9790"}],"version-history":[{"count":10,"href":"https:\/\/tyoelamaan.fi\/sv\/wp-json\/wp\/v2\/pages\/9790\/revisions"}],"predecessor-version":[{"id":13287,"href":"https:\/\/tyoelamaan.fi\/sv\/wp-json\/wp\/v2\/pages\/9790\/revisions\/13287"}],"wp:attachment":[{"href":"https:\/\/tyoelamaan.fi\/sv\/wp-json\/wp\/v2\/media?parent=9790"}],"wp:term":[{"taxonomy":"asiasana","embeddable":true,"href":"https:\/\/tyoelamaan.fi\/sv\/wp-json\/wp\/v2\/asiasana?post=9790"},{"taxonomy":"omistaja","embeddable":true,"href":"https:\/\/tyoelamaan.fi\/sv\/wp-json\/wp\/v2\/omistaja?post=9790"}],"curies":[{"name":"wp","href":"https:\/\/api.w.org\/{rel}","templated":true}]}}